{"id":53495,"date":"2026-01-05T10:36:59","date_gmt":"2026-01-05T02:36:59","guid":{"rendered":"https:\/\/ulpmat.com\/product\/oxido-de-hierro-5\/"},"modified":"2026-01-05T10:36:59","modified_gmt":"2026-01-05T02:36:59","slug":"oxido-de-hierro-5","status":"publish","type":"product","link":"https:\/\/ulpmat.com\/es\/producto\/oxido-de-hierro-5\/","title":{"rendered":"\u00d3xido de hierro"},"content":{"rendered":"<h2><span style=\"font-size: 14pt;\">Descripci\u00f3n general del \u00f3xido de hierro en polvo<\/span><\/h2>\n<p><span style=\"font-size: 12pt;\"><span style=\"color: #0000ff;\"><a style=\"color: #0000ff;\" href=\"https:\/\/ulpmat.com\/es\/buscar\/?type=name&#038;keyword=Iron+Oxid\">El <span style=\"color: #0000ff;\">\u00f3xido<\/span><\/a><\/span> <span style=\"color: #0000ff;\"><a style=\"color: #0000ff;\" href=\"https:\/\/ulpmat.com\/es\/buscar\/?type=name&#038;keyword=Iron+Oxid\">de hierro<\/a><\/span> en polvo es una clase de materiales de \u00f3xido inorg\u00e1nico altamente estables y qu\u00edmicamente maduros, ampliamente utilizados en materiales magn\u00e9ticos, pigmentos, materiales funcionales electr\u00f3nicos y rellenos industriales.<\/span><\/p>\n<p>Podemos proporcionar soluciones de \u00f3xido de hierro en polvo con m\u00faltiples especificaciones para satisfacer las necesidades de diferentes industrias. P\u00f3ngase <span style=\"color: #0000ff;\"><a style=\"color: #0000ff;\" href=\"https:\/\/ulpmat.com\/es\/contacto\/\">en contacto con nosotros<\/a><\/span><br \/>\npara conocer los par\u00e1metros de aplicaci\u00f3n espec\u00edficos y los requisitos de suministro.<\/p>\n<h2><span style=\"font-size: 14pt;\">Caracter\u00edsticas destacadas del producto<\/span><\/h2>\n<p>Alta pureza<br \/>\nForma cristalina opcional<br \/>\nEspecificaciones personalizables<br \/>\nEnvase flexible<br \/>\nBuena consistencia del producto<\/p>\n<h2><span style=\"font-size: 14pt;\">Aplicaciones del \u00f3xido de hierro en polvo<\/span><\/h2>\n<p>Materiales magn\u00e9ticos: el \u00f3xido de hierro en polvo se utiliza com\u00fanmente en imanes blandos, imanes permanentes y materiales compuestos magn\u00e9ticos relacionados, y presenta un excelente rendimiento en t\u00e9rminos de consistencia de las propiedades magn\u00e9ticas y estabilidad a largo plazo.<br \/>\nPigmentos y recubrimientos industriales: en recubrimientos, tintas y pigmentos para materiales de construcci\u00f3n, este tipo de material se utiliza ampliamente debido a su estabilidad de color y su gran resistencia a la intemperie.<br \/>\nMateriales electr\u00f3nicos y funcionales: en algunas cer\u00e1micas electr\u00f3nicas, blindajes electromagn\u00e9ticos y materiales de relleno funcionales, se puede utilizar como relleno inorg\u00e1nico para ajustar el rendimiento. Catalizadores y materiales medioambientales: algunas formas de \u00f3xido de hierro se pueden utilizar como soportes catal\u00edticos o en la investigaci\u00f3n de materiales medioambientales, ya que presentan una buena compatibilidad qu\u00edmica.<\/p>\n<h2><span style=\"color: #0000ff;\"><a style=\"color: #0000ff;\" href=\"https:\/\/ulpmat.com\/es\/empresa\/preguntas-frecuentes\/\"><span style=\"font-size: 14pt;\">Preguntas frecuentes<\/span><\/a><\/span><\/h2>\n<p>P1: \u00bfCu\u00e1les son las formas cristalinas m\u00e1s comunes del \u00f3xido de hierro en polvo?<br \/>\nR1: Las formas cristalinas comunes incluyen las formas \u03b1 y \u03b3. Las diferentes formas cristalinas difieren en sus propiedades magn\u00e9ticas, color y aplicaciones.<\/p>\n<p>P2: \u00bfQu\u00e9 precauciones se deben tomar al almacenar el polvo de \u00f3xido de hierro?<br \/>\nR2: Se recomienda almacenarlo en un entorno seco y sellado, evitando la humedad o el contacto prolongado con \u00e1cidos fuertes o agentes reductores fuertes.<\/p>\n<p>P3: \u00bfSe puede ajustar el tama\u00f1o de las part\u00edculas seg\u00fan los requisitos de la aplicaci\u00f3n?<br \/>\nR3: S\u00ed, hay disponibles diferentes rangos de tama\u00f1o de part\u00edculas o grados personalizados en funci\u00f3n del escenario de aplicaci\u00f3n espec\u00edfico.<\/p>\n<p>P4: \u00bfEs el polvo de \u00f3xido de hierro adecuado para un uso industrial a largo plazo?<br \/>\nR4: Tiene una alta estabilidad qu\u00edmica y es adecuado para aplicaciones industriales continuas a gran escala.<\/p>\n<h2><span style=\"font-size: 14pt;\">Informes<\/span><\/h2>\n<p>Cada lote se suministra con:<br \/>\n<span style=\"color: #0000ff;\"><a style=\"color: #0000ff;\" href=\"https:\/\/ulpmat.com\/es\/documentos\/certificado-de-analisis\/\">Certificado de an\u00e1lisis (COA)<\/a><\/span><\/p>\n<p><span style=\"color: #0000ff;\"><a style=\"color: #0000ff;\" href=\"https:\/\/ulpmat.com\/es\/documentos\/ficha-tecnica\/\">Ficha t\u00e9cnica (TDS)<\/a><\/span><\/p>\n<p><span style=\"color: #0000ff;\"><a style=\"color: #0000ff;\" href=\"https:\/\/ulpmat.com\/es\/documentos\/ficha-de-datos-de-seguridad\/\">Ficha de datos de seguridad (MSDS)<\/a><\/span><br \/>\nInformes de pruebas de terceros disponibles bajo petici\u00f3n<\/p>\n<h2><span style=\"font-size: 14pt;\">\u00bfPor qu\u00e9 elegirnos?<\/span><\/h2>\n<p>Nos centramos en el suministro estable y el soporte de aplicaciones de materiales en polvo funcionales inorg\u00e1nicos, haciendo hincapi\u00e9 en la consistencia del producto, la comunicaci\u00f3n t\u00e9cnica eficiente y la cooperaci\u00f3n fiable a largo plazo. Podemos proporcionar soluciones de materiales altamente compatibles para clientes en diferentes etapas de <span style=\"color: #0000ff;\"><a style=\"color: #0000ff;\" href=\"https:\/\/ulpmat.com\/es\/empresa\/id\/\">I+D<\/a><\/span><br \/>\ny producci\u00f3n en masa.<\/p>\n","protected":false},"excerpt":{"rendered":"<p>Descripci\u00f3n general del \u00f3xido de hierro en polvo El \u00f3xido de hierro en polvo es una clase de materiales de \u00f3xido inorg\u00e1nico altamente estables y qu\u00edmicamente maduros, ampliamente utilizados en materiales magn\u00e9ticos, pigmentos, materiales funcionales electr\u00f3nicos y rellenos industriales. Podemos proporcionar soluciones de \u00f3xido de hierro en polvo con m\u00faltiples especificaciones para satisfacer las necesidades [&hellip;]<\/p>\n","protected":false},"featured_media":53496,"template":"","meta":{"_acf_changed":false},"product_brand":[132],"product_cat":[438],"product_tag":[8154],"class_list":{"0":"post-53495","1":"product","2":"type-product","3":"status-publish","4":"has-post-thumbnail","6":"product_brand-ulpmat","7":"product_cat-oxidos","8":"product_tag-oxido-de-hierro-en-polvo","10":"first","11":"instock","12":"shipping-taxable","13":"product-type-variable"},"acf":[],"_links":{"self":[{"href":"https:\/\/ulpmat.com\/es\/wp-json\/wp\/v2\/product\/53495","targetHints":{"allow":["GET"]}}],"collection":[{"href":"https:\/\/ulpmat.com\/es\/wp-json\/wp\/v2\/product"}],"about":[{"href":"https:\/\/ulpmat.com\/es\/wp-json\/wp\/v2\/types\/product"}],"wp:featuredmedia":[{"embeddable":true,"href":"https:\/\/ulpmat.com\/es\/wp-json\/wp\/v2\/media\/53496"}],"wp:attachment":[{"href":"https:\/\/ulpmat.com\/es\/wp-json\/wp\/v2\/media?parent=53495"}],"wp:term":[{"taxonomy":"product_brand","embeddable":true,"href":"https:\/\/ulpmat.com\/es\/wp-json\/wp\/v2\/product_brand?post=53495"},{"taxonomy":"product_cat","embeddable":true,"href":"https:\/\/ulpmat.com\/es\/wp-json\/wp\/v2\/product_cat?post=53495"},{"taxonomy":"product_tag","embeddable":true,"href":"https:\/\/ulpmat.com\/es\/wp-json\/wp\/v2\/product_tag?post=53495"}],"curies":[{"name":"wp","href":"https:\/\/api.w.org\/{rel}","templated":true}]}}