{"id":53456,"date":"2026-01-05T10:36:59","date_gmt":"2026-01-05T02:36:59","guid":{"rendered":"https:\/\/ulpmat.com\/product\/oxido-de-hierro-4\/"},"modified":"2026-01-05T10:36:59","modified_gmt":"2026-01-05T02:36:59","slug":"oxido-de-hierro-4","status":"publish","type":"product","link":"https:\/\/ulpmat.com\/es\/producto\/oxido-de-hierro-4\/","title":{"rendered":"\u00d3xido de hierro"},"content":{"rendered":"<h2><span style=\"font-size: 14pt;\">Descripci\u00f3n general de los blancos de pulverizaci\u00f3n de \u00f3xido de hierro<\/span><\/h2>\n<p>Los blancos de pulverizaci\u00f3n<br \/>\n<span style=\"color: #0000ff;\"><a style=\"color: #0000ff;\" href=\"https:\/\/ulpmat.com\/es\/buscar\/?type=name&#038;keyword=Iron+Oxide\">de \u00f3xido de hierro<\/a><\/span><br \/>\nson materiales de origen s\u00f3lido fabricados con cer\u00e1mica de \u00f3xido de hierro de alta pureza, utilizados principalmente en procesos de deposici\u00f3n f\u00edsica en fase vapor (PVD). Depositan pel\u00edculas delgadas de \u00f3xido de hierro con funciones optoelectr\u00f3nicas, magn\u00e9ticas o catal\u00edticas espec\u00edficas sobre sustratos utilizando m\u00e9todos como la pulverizaci\u00f3n cat\u00f3dica con magnetr\u00f3n. Este material se utiliza ampliamente en recubrimientos <span style=\"color: #0000ff;\"><a style=\"color: #0000ff;\" href=\"https:\/\/ulpmat.com\/es\/solicitud\/materiales-opticos\/\">\u00f3pticos<\/a><\/span><br \/>\n, dispositivos magn\u00e9ticos, sensores e investigaci\u00f3n de vanguardia en fotoelectrocatalisis.<\/p>\n<p>Nuestros blancos de Fe2O3 se pueden personalizar en diversas formas y tama\u00f1os, incluidos circulares y rectangulares, para satisfacer sus necesidades, lo que garantiza una microestructura densa y un rendimiento estable. P\u00f3ngase <span style=\"color: #0000ff;\"><a style=\"color: #0000ff;\" href=\"https:\/\/ulpmat.com\/es\/contacto\/\">en contacto con nosotros<\/a><\/span><br \/>\npara obtener una lista detallada de especificaciones.<\/p>\n<h2><span style=\"font-size: 14pt;\">Caracter\u00edsticas destacadas del producto<\/span><\/h2>\n<p>Pureza ultraalta.<br \/>\nFormas cristalinas seleccionables.<br \/>\nAlta densidad y baja porosidad.<br \/>\nEspecificaciones flexibles y <span style=\"color: #0000ff;\"><a style=\"color: #0000ff;\" href=\"https:\/\/ulpmat.com\/es\/servicio\/personalizacion\/\">personalizables.<\/a><\/span><\/p>\n<h2><span style=\"font-size: 14pt;\">Aplicaciones de los blancos de pulverizaci\u00f3n de \u00f3xido de hierro<\/span><\/h2>\n<p>Pel\u00edculas y recubrimientos<br \/>\n<span style=\"color: #0000ff;\"><a style=\"color: #0000ff;\" href=\"https:\/\/ulpmat.com\/es\/solicitud\/materiales-opticos\/\">\u00f3pticos<\/a><\/span><br \/>\ndelgados: se utilizan para preparar pel\u00edculas antirreflectantes, filtros de interferencia y diversos recubrimientos \u00f3pticos. El \u00edndice de refracci\u00f3n, la dureza y otras propiedades de la pel\u00edcula delgada est\u00e1n estrechamente relacionadas con la pureza del material del blanco.<br \/>\nDispositivos funcionales magn\u00e9ticos: Sirve como material objetivo principal para la preparaci\u00f3n de pel\u00edculas delgadas magn\u00e9ticas clave en soportes de grabaci\u00f3n magn\u00e9tica, sensores magn\u00e9ticos y dispositivos magnetoelectr\u00f3nicos. Sensores de gases y qu\u00edmicos: Se utiliza para depositar pel\u00edculas delgadas sensibles, cuya pureza y microestructura afectan directamente a la sensibilidad, selectividad y velocidad de respuesta del sensor.<br \/>\nInvestigaci\u00f3n fotovoltaica y catal\u00edtica: Se utiliza en la conversi\u00f3n de energ\u00eda solar y la cat\u00e1lisis como material para la preparaci\u00f3n de foto\u00e1nodos o pel\u00edculas delgadas catal\u00edticas. Su alta pureza y buena cristalinidad ayudan a mejorar la eficiencia y la estabilidad de la conversi\u00f3n.<\/p>\n<h2><span style=\"color: #0000ff;\"><a style=\"color: #0000ff;\" href=\"https:\/\/ulpmat.com\/es\/empresa\/preguntas-frecuentes\/\"><span style=\"font-size: 14pt;\">Preguntas frecuentes<\/span><\/a><\/span><\/h2>\n<p>P1: \u00bfCu\u00e1les son las diferencias entre los materiales objetivo \u03b1-Fe\u2082O\u2083 y \u03b3-Fe\u2082O\u2083? \u00bfC\u00f3mo se debe elegir?<br \/>\nR1: Los dos difieren en su estructura cristalina y sus propiedades f\u00edsicas. El \u03b1-Fe\u2082O\u2083 (hematita) es el m\u00e1s estable termodin\u00e1micamente y el m\u00e1s utilizado; el \u03b3-Fe\u2082O\u2083 (magnesita) tiene un magnetismo m\u00e1s fuerte. La elecci\u00f3n depende de los objetivos de rendimiento de la pel\u00edcula delgada: si se desea una alta estabilidad qu\u00edmica y un intervalo de banda \u00f3ptico espec\u00edfico, se puede seleccionar la fase \u03b1; si se requiere una pel\u00edcula delgada fuertemente magn\u00e9tica, la fase \u03b3 es m\u00e1s adecuada. Nuestro equipo t\u00e9cnico puede ayudarle a elegir en funci\u00f3n de la aplicaci\u00f3n final.<\/p>\n<p>P2: \u00bfPor qu\u00e9 es necesario unir el material objetivo a una placa de soporte?<br \/>\nR2: Es fundamental unir el material a una placa de soporte met\u00e1lica con alta conductividad t\u00e9rmica. Esta disipa r\u00e1pidamente el enorme calor generado en la superficie del objetivo durante la pulverizaci\u00f3n, lo que evita que el objetivo se agriete o se degrade su rendimiento debido al sobrecalentamiento localizado, garantizando as\u00ed una pulverizaci\u00f3n estable y prolongando la vida \u00fatil del objetivo.<\/p>\n<p>P3: \u00bfC\u00f3mo se deben almacenar los objetivos de pulverizaci\u00f3n de \u00f3xido de hierro (III)?<br \/>\nR3: Deben almacenarse en un entorno seco y bien ventilado, en posici\u00f3n horizontal para evitar impactos, oxidaci\u00f3n, contaminaci\u00f3n y da\u00f1os f\u00edsicos.<\/p>\n<p>P4: \u00bfLos productos son personalizados?<br \/>\nR4: Podemos personalizar diversos productos seg\u00fan las necesidades del cliente.<\/p>\n<h2><span style=\"font-size: 14pt;\">Informes<\/span><\/h2>\n<p>Cada lote se suministra con:<br \/>\n<span style=\"color: #0000ff;\"><a style=\"color: #0000ff;\" href=\"https:\/\/ulpmat.com\/es\/documentos\/certificado-de-analisis\/\">Certificado de an\u00e1lisis (COA)<\/a><\/span><\/p>\n<p><span style=\"color: #0000ff;\"><a style=\"color: #0000ff;\" href=\"https:\/\/ulpmat.com\/es\/documentos\/ficha-tecnica\/\">Ficha t\u00e9cnica (TDS)<\/a><\/span><\/p>\n<p><span style=\"color: #0000ff;\"><a style=\"color: #0000ff;\" href=\"https:\/\/ulpmat.com\/es\/documentos\/ficha-de-datos-de-seguridad\/\">Ficha de datos de seguridad (MSDS)<\/a><\/span><br \/>\nInforme de inspecci\u00f3n de tama\u00f1o<br \/>\nInformes de pruebas de terceros disponibles bajo petici\u00f3n<\/p>\n<h2><span style=\"font-size: 14pt;\">. \u00bfPor qu\u00e9 elegirnos?<\/span><\/h2>\n<p>Nos centramos en la investigaci\u00f3n, el desarrollo y la producci\u00f3n de blancos de pulverizaci\u00f3n cer\u00e1micos de alto rendimiento, y comprendemos profundamente la influencia decisiva de la pureza del material, la forma cristalina y la microestructura en el rendimiento final de la pel\u00edcula delgada. Desde la s\u00edntesis de polvo de alta pureza hasta la sinterizaci\u00f3n de precisi\u00f3n, aplicamos un estricto control de calidad durante todo el proceso para garantizar que cada material objetivo tenga una calidad excelente.<\/p>\n","protected":false},"excerpt":{"rendered":"<p>Descripci\u00f3n general de los blancos de pulverizaci\u00f3n de \u00f3xido de hierro Los blancos de pulverizaci\u00f3n de \u00f3xido de hierro son materiales de origen s\u00f3lido fabricados con cer\u00e1mica de \u00f3xido de hierro de alta pureza, utilizados principalmente en procesos de deposici\u00f3n f\u00edsica en fase vapor (PVD). Depositan pel\u00edculas delgadas de \u00f3xido de hierro con funciones optoelectr\u00f3nicas, [&hellip;]<\/p>\n","protected":false},"featured_media":53457,"template":"","meta":{"_acf_changed":false},"product_brand":[132],"product_cat":[457],"product_tag":[392,8148],"class_list":{"0":"post-53456","1":"product","2":"type-product","3":"status-publish","4":"has-post-thumbnail","6":"product_brand-ulpmat","7":"product_cat-blanco-ceramico-para-sputtering","8":"product_tag-blanco-para-sputtering","9":"product_tag-catodos-para-sputtering-de-oxido-de-hierro","11":"first","12":"instock","13":"shipping-taxable","14":"product-type-variable"},"acf":[],"_links":{"self":[{"href":"https:\/\/ulpmat.com\/es\/wp-json\/wp\/v2\/product\/53456","targetHints":{"allow":["GET"]}}],"collection":[{"href":"https:\/\/ulpmat.com\/es\/wp-json\/wp\/v2\/product"}],"about":[{"href":"https:\/\/ulpmat.com\/es\/wp-json\/wp\/v2\/types\/product"}],"wp:featuredmedia":[{"embeddable":true,"href":"https:\/\/ulpmat.com\/es\/wp-json\/wp\/v2\/media\/53457"}],"wp:attachment":[{"href":"https:\/\/ulpmat.com\/es\/wp-json\/wp\/v2\/media?parent=53456"}],"wp:term":[{"taxonomy":"product_brand","embeddable":true,"href":"https:\/\/ulpmat.com\/es\/wp-json\/wp\/v2\/product_brand?post=53456"},{"taxonomy":"product_cat","embeddable":true,"href":"https:\/\/ulpmat.com\/es\/wp-json\/wp\/v2\/product_cat?post=53456"},{"taxonomy":"product_tag","embeddable":true,"href":"https:\/\/ulpmat.com\/es\/wp-json\/wp\/v2\/product_tag?post=53456"}],"curies":[{"name":"wp","href":"https:\/\/api.w.org\/{rel}","templated":true}]}}