{"id":53408,"date":"2026-01-05T10:37:00","date_gmt":"2026-01-05T02:37:00","guid":{"rendered":"https:\/\/ulpmat.com\/product\/titanato-de-hierro\/"},"modified":"2026-01-05T10:37:00","modified_gmt":"2026-01-05T02:37:00","slug":"titanato-de-hierro","status":"publish","type":"product","link":"https:\/\/ulpmat.com\/es\/producto\/titanato-de-hierro\/","title":{"rendered":"Titanato de hierro"},"content":{"rendered":"<h2><span style=\"font-size: 14pt;\">Descripci\u00f3n general del polvo de titanato de hierro<\/span><\/h2>\n<p>El polvo<br \/>\n<span style=\"color: #0000ff;\"><a style=\"color: #0000ff;\" href=\"https:\/\/ulpmat.com\/es\/buscar\/?type=name&#038;keyword=Iron+Titanate\">de titanato de hierro<\/a><\/span><br \/>\nes un material de \u00f3xido inorg\u00e1nico que se caracteriza por una estructura compuesta de hierro y titanio, com\u00fanmente utilizado en cer\u00e1micas funcionales, materiales optoelectr\u00f3nicos e investigaciones industriales relacionadas.<\/p>\n<p>Podemos proporcionar polvos de \u00f3xido compuesto de hierro y titanio en diferentes especificaciones seg\u00fan las aplicaciones espec\u00edficas. P\u00f3ngase <span style=\"color: #0000ff;\"><a style=\"color: #0000ff;\" href=\"https:\/\/ulpmat.com\/es\/contacto\/\">en contacto con nosotros<\/a><\/span><br \/>\npara confirmar sus requisitos t\u00e9cnicos y soluciones de suministro.<\/p>\n<h2><span style=\"font-size: 14pt;\">Caracter\u00edsticas destacadas del producto<\/span><\/h2>\n<p>Composici\u00f3n compuesta de hierro y titanio, estructura estable<br \/>\nPureza y consistencia del polvo controlables<br \/>\nAdecuado para diversos sistemas de materiales inorg\u00e1nicos<br \/>\nBuena adaptabilidad al proceso<br \/>\nAdmite el suministro desde la producci\u00f3n a peque\u00f1a escala hasta la producci\u00f3n en masa<br \/>\nComunicaci\u00f3n t\u00e9cnica clara y respuesta <span style=\"color: #0000ff;\"><a style=\"color: #0000ff;\" href=\"https:\/\/ulpmat.com\/es\/servicio\/servicio-posventa\/\">posventa<\/a><\/span><\/p>\n<h2><span style=\"font-size: 14pt;\">Aplicaciones del polvo de titanato de hierro<\/span><\/h2>\n<p>Materiales cer\u00e1micos funcionales: Los \u00f3xidos de hierro y titanio se utilizan habitualmente en sistemas cer\u00e1micos estructurales o funcionales para ayudar a regular las propiedades el\u00e9ctricas o t\u00e9rmicas de los materiales. Materiales<br \/>\n<span style=\"color: #0000ff;\"><a style=\"color: #0000ff;\" href=\"https:\/\/ulpmat.com\/es\/solicitud\/materiales-opticos\/\">optoelectr\u00f3nicos<\/a><\/span><br \/>\ny de investigaci\u00f3n relacionados: En algunos estudios optoelectr\u00f3nicos, de conversi\u00f3n de energ\u00eda y experimentales, este tipo de polvo se puede utilizar como material funcional inorg\u00e1nico b\u00e1sico.<br \/>\nCatalisis y materiales relacionados: su composici\u00f3n qu\u00edmica le confiere cierto potencial de aplicaci\u00f3n en la investigaci\u00f3n de sistemas catal\u00edticos o de reacci\u00f3n espec\u00edficos.<br \/>\nRellenos inorg\u00e1nicos industriales y materiales compuestos: se puede utilizar como material de relleno funcional en sistemas compuestos inorg\u00e1nicos para mejorar la estabilidad y consistencia generales del material.<\/p>\n<h2><span style=\"color: #0000ff;\"><a style=\"color: #0000ff;\" href=\"https:\/\/ulpmat.com\/es\/empresa\/preguntas-frecuentes\/\"><span style=\"font-size: 14pt;\">Preguntas frecuentes<\/span><\/a><\/span><\/h2>\n<p>P1: \u00bfEl polvo de \u00f3xido de hierro y titanio se utiliza principalmente para la investigaci\u00f3n o la industria?<br \/>\nR1: Este material es adecuado tanto para aplicaciones de investigaci\u00f3n como industriales, y se pueden proporcionar especificaciones para satisfacer necesidades espec\u00edficas.<\/p>\n<p>P2: \u00bfEl polvo de titanato de hierro es estable a altas temperaturas?<br \/>\nR2: Presenta una buena estabilidad t\u00e9rmica dentro de un rango de procesamiento razonable, lo que lo hace adecuado para diversos procesos de sinterizaci\u00f3n o tratamiento t\u00e9rmico.<\/p>\n<p>P3: \u00bfHay disponibles diferentes tama\u00f1os de part\u00edculas o morfolog\u00edas?<br \/>\nR3: Se pueden proporcionar diferentes rangos de tama\u00f1o de part\u00edculas o soluciones personalizadas seg\u00fan los requisitos de la aplicaci\u00f3n.<\/p>\n<p>P4: \u00bfEl polvo de titanato de hierro se combina f\u00e1cilmente con otros \u00f3xidos?<br \/>\nR4: Tiene una buena compatibilidad qu\u00edmica y es adecuado para su uso en diversos sistemas compuestos de materiales inorg\u00e1nicos.<\/p>\n<h2><span style=\"font-size: 14pt;\">Informes<\/span><\/h2>\n<p>Cada lote se suministra con:<br \/>\n<span style=\"color: #0000ff;\"><a style=\"color: #0000ff;\" href=\"https:\/\/ulpmat.com\/es\/documentos\/certificado-de-analisis\/\">Certificado de an\u00e1lisis (COA)<\/a><\/span><\/p>\n<p><span style=\"color: #0000ff;\"><a style=\"color: #0000ff;\" href=\"https:\/\/ulpmat.com\/es\/documentos\/ficha-tecnica\/\">Ficha t\u00e9cnica (TDS)<\/a><\/span><\/p>\n<p><span style=\"color: #0000ff;\"><a style=\"color: #0000ff;\" href=\"https:\/\/ulpmat.com\/es\/documentos\/ficha-de-datos-de-seguridad\/\">Ficha de datos de seguridad (MSDS)<\/a><\/span><br \/>\nInformes de pruebas de terceros disponibles bajo petici\u00f3n<\/p>\n<h2><span style=\"font-size: 14pt;\">\u00bfPor qu\u00e9 elegirnos?<\/span><\/h2>\n<p>Llevamos mucho tiempo centrados en el suministro estable y el soporte de aplicaciones de materiales en polvo de \u00f3xidos inorg\u00e1nicos, haciendo hincapi\u00e9 en la consistencia del producto, la eficiencia de la comunicaci\u00f3n t\u00e9cnica y la fiabilidad de la cooperaci\u00f3n a largo plazo, y somos capaces de proporcionar a los clientes soluciones de materiales altamente compatibles y sostenibles.<\/p>\n","protected":false},"excerpt":{"rendered":"<p>Descripci\u00f3n general del polvo de titanato de hierro El polvo de titanato de hierro es un material de \u00f3xido inorg\u00e1nico que se caracteriza por una estructura compuesta de hierro y titanio, com\u00fanmente utilizado en cer\u00e1micas funcionales, materiales optoelectr\u00f3nicos e investigaciones industriales relacionadas. Podemos proporcionar polvos de \u00f3xido compuesto de hierro y titanio en diferentes especificaciones [&hellip;]<\/p>\n","protected":false},"featured_media":53409,"template":"","meta":{"_acf_changed":false},"product_brand":[132],"product_cat":[1189],"product_tag":[8166],"class_list":{"0":"post-53408","1":"product","2":"type-product","3":"status-publish","4":"has-post-thumbnail","6":"product_brand-ulpmat","7":"product_cat-otros-acidos","8":"product_tag-titanato-de-hierro-en-polvo","10":"first","11":"instock","12":"shipping-taxable","13":"product-type-variable"},"acf":[],"_links":{"self":[{"href":"https:\/\/ulpmat.com\/es\/wp-json\/wp\/v2\/product\/53408","targetHints":{"allow":["GET"]}}],"collection":[{"href":"https:\/\/ulpmat.com\/es\/wp-json\/wp\/v2\/product"}],"about":[{"href":"https:\/\/ulpmat.com\/es\/wp-json\/wp\/v2\/types\/product"}],"wp:featuredmedia":[{"embeddable":true,"href":"https:\/\/ulpmat.com\/es\/wp-json\/wp\/v2\/media\/53409"}],"wp:attachment":[{"href":"https:\/\/ulpmat.com\/es\/wp-json\/wp\/v2\/media?parent=53408"}],"wp:term":[{"taxonomy":"product_brand","embeddable":true,"href":"https:\/\/ulpmat.com\/es\/wp-json\/wp\/v2\/product_brand?post=53408"},{"taxonomy":"product_cat","embeddable":true,"href":"https:\/\/ulpmat.com\/es\/wp-json\/wp\/v2\/product_cat?post=53408"},{"taxonomy":"product_tag","embeddable":true,"href":"https:\/\/ulpmat.com\/es\/wp-json\/wp\/v2\/product_tag?post=53408"}],"curies":[{"name":"wp","href":"https:\/\/api.w.org\/{rel}","templated":true}]}}