{"id":53390,"date":"2026-01-05T10:37:00","date_gmt":"2026-01-05T02:37:00","guid":{"rendered":"https:\/\/ulpmat.com\/product\/oxido-de-hierro-3\/"},"modified":"2026-01-05T10:37:00","modified_gmt":"2026-01-05T02:37:00","slug":"oxido-de-hierro-3","status":"publish","type":"product","link":"https:\/\/ulpmat.com\/es\/producto\/oxido-de-hierro-3\/","title":{"rendered":"\u00d3xido de hierro"},"content":{"rendered":"<h2><span style=\"font-size: 14pt;\">Descripci\u00f3n general de los gr\u00e1nulos de \u00f3xido de hierro<\/span><\/h2>\n<p>Los gr\u00e1nulos<br \/>\n<span style=\"color: #0000ff;\"><a style=\"color: #0000ff;\" href=\"https:\/\/ulpmat.com\/es\/buscar\/?type=name&#038;keyword=Iron+oxide\">de \u00f3xido de hierro<\/a><\/span><br \/>\nson materiales particulados magn\u00e9ticos de \u00f3xido de hierro que se utilizan habitualmente en materiales magn\u00e9ticos, rellenos funcionales y campos de investigaci\u00f3n industrial y cient\u00edfica relacionados.<\/p>\n<p>Ofrecemos soluciones de gr\u00e1nulos magn\u00e9ticos de \u00f3xido de hierro con diversos rangos de tama\u00f1o de part\u00edculas y aplicaciones. P\u00f3ngase <span style=\"color: #0000ff;\"><a style=\"color: #0000ff;\" href=\"https:\/\/ulpmat.com\/es\/contacto\/\">en contacto con nosotros<\/a><\/span><br \/>\npara obtener especificaciones concretas y detalles sobre el suministro.<\/p>\n<h2><span style=\"font-size: 14pt;\">Caracter\u00edsticas destacadas del producto<\/span><\/h2>\n<p>Alta pureza.<br \/>\nTama\u00f1o de part\u00edcula regular.<br \/>\nQu\u00edmicamente estable.<br \/>\nAdecuado para diversos sistemas industriales y experimentales.<br \/>\nTama\u00f1os y envases personalizados disponibles.<br \/>\nSuministro estable y <span style=\"color: #0000ff;\"><a style=\"color: #0000ff;\" href=\"https:\/\/ulpmat.com\/es\/servicio\/asistencia-tecnica\/\">asistencia t\u00e9cnica<\/a><\/span><br \/>\nclara<\/p>\n<h2><span style=\"font-size: 14pt;\">. Aplicaciones de los gr\u00e1nulos de \u00f3xido de hierro<\/span><\/h2>\n<p>Materiales magn\u00e9ticos: los gr\u00e1nulos de \u00f3xido de hierro se utilizan habitualmente como materia prima magn\u00e9tica b\u00e1sica en el desarrollo y la producci\u00f3n de materiales compuestos magn\u00e9ticos y productos relacionados.<br \/>\nRellenos funcionales industriales: en algunos sistemas industriales, pueden utilizarse como rellenos inorg\u00e1nicos funcionales, lo que ayuda a mejorar la estabilidad estructural de los materiales.<br \/>\nProtecci\u00f3n medioambiental e investigaci\u00f3n de materiales de separaci\u00f3n: sus propiedades magn\u00e9ticas los hacen valiosos para aplicaciones en la separaci\u00f3n magn\u00e9tica y la investigaci\u00f3n de materiales relacionados con la protecci\u00f3n medioambiental.<br \/>\nInvestigaci\u00f3n cient\u00edfica y usos experimentales: adecuados para la investigaci\u00f3n b\u00e1sica en universidades e instituciones de investigaci\u00f3n sobre propiedades magn\u00e9ticas, estructura de materiales y condiciones de proceso.<\/p>\n<h2><span style=\"font-size: 14pt;\">Preguntas frecuentes<\/span><\/h2>\n<p>P1: \u00bfSon los gr\u00e1nulos de \u00f3xido de hierro adecuados para aplicaciones de separaci\u00f3n magn\u00e9tica?<br \/>\nR1: Poseen importantes caracter\u00edsticas de respuesta magn\u00e9tica, lo que los hace adecuados para la investigaci\u00f3n relacionada y la exploraci\u00f3n de aplicaciones.<\/p>\n<p>P2: \u00bfSe pueden almacenar a largo plazo?<br \/>\nR2: Sus propiedades f\u00edsicas y qu\u00edmicas se mantienen estables cuando se almacenan en un entorno sellado y seco.<\/p>\n<p>P3: \u00bfOfrecen personalizaci\u00f3n de productos?<br \/>\nR3: S\u00ed, ofrecemos personalizaci\u00f3n de productos y proporcionamos asistencia t\u00e9cnica completa.<\/p>\n<p>P4: \u00bfCu\u00e1l es el proceso de personalizaci\u00f3n?<br \/>\nR4: P\u00f3ngase en contacto con nosotros e inf\u00f3rmenos de sus requisitos de uso y aplicaciones. Un especialista se pondr\u00e1 en contacto con usted.<\/p>\n<h2><span style=\"font-size: 14pt;\">Informes<\/span><\/h2>\n<p>Cada lote se suministra con:<br \/>\n<span style=\"color: #0000ff;\"><a style=\"color: #0000ff;\" href=\"https:\/\/ulpmat.com\/es\/documentos\/certificado-de-analisis\/\">Certificado de an\u00e1lisis (COA)<\/a><\/span><\/p>\n<p><span style=\"color: #0000ff;\"><a style=\"color: #0000ff;\" href=\"https:\/\/ulpmat.com\/es\/documentos\/ficha-tecnica\/\">Ficha t\u00e9cnica (TDS)<\/a><\/span><\/p>\n<p><span style=\"color: #0000ff;\"><a style=\"color: #0000ff;\" href=\"https:\/\/ulpmat.com\/es\/documentos\/ficha-de-datos-de-seguridad\/\">Ficha de datos de seguridad (MSDS)<\/a><\/span><br \/>\nInforme de inspecci\u00f3n de tama\u00f1o<br \/>\nInformes de pruebas de terceros disponibles bajo petici\u00f3n.<\/p>\n<h2><span style=\"font-size: 14pt;\">\u00bfPor qu\u00e9 elegirnos?<\/span><\/h2>\n<p>Llevamos mucho tiempo centrados en el suministro estable de \u00f3xidos inorg\u00e1nicos y part\u00edculas de material magn\u00e9tico, haciendo hincapi\u00e9 en la consistencia del producto, la adecuaci\u00f3n de las especificaciones y unos procesos de comunicaci\u00f3n t\u00e9cnica claros, lo que nos permite proporcionar un soporte de materiales fiable y sostenible a nuestros clientes en las fases de I+D y aplicaci\u00f3n.<\/p>\n","protected":false},"excerpt":{"rendered":"<p>Descripci\u00f3n general de los gr\u00e1nulos de \u00f3xido de hierro Los gr\u00e1nulos de \u00f3xido de hierro son materiales particulados magn\u00e9ticos de \u00f3xido de hierro que se utilizan habitualmente en materiales magn\u00e9ticos, rellenos funcionales y campos de investigaci\u00f3n industrial y cient\u00edfica relacionados. Ofrecemos soluciones de gr\u00e1nulos magn\u00e9ticos de \u00f3xido de hierro con diversos rangos de tama\u00f1o de [&hellip;]<\/p>\n","protected":false},"featured_media":53391,"template":"","meta":{"_acf_changed":false},"product_brand":[132],"product_cat":[340],"product_tag":[8160],"class_list":{"0":"post-53390","1":"product","2":"type-product","3":"status-publish","4":"has-post-thumbnail","6":"product_brand-ulpmat","7":"product_cat-materiales-de-evaporacion","8":"product_tag-oxido-de-hierro-en-granulos","10":"first","11":"instock","12":"shipping-taxable","13":"product-type-variable"},"acf":[],"_links":{"self":[{"href":"https:\/\/ulpmat.com\/es\/wp-json\/wp\/v2\/product\/53390","targetHints":{"allow":["GET"]}}],"collection":[{"href":"https:\/\/ulpmat.com\/es\/wp-json\/wp\/v2\/product"}],"about":[{"href":"https:\/\/ulpmat.com\/es\/wp-json\/wp\/v2\/types\/product"}],"wp:featuredmedia":[{"embeddable":true,"href":"https:\/\/ulpmat.com\/es\/wp-json\/wp\/v2\/media\/53391"}],"wp:attachment":[{"href":"https:\/\/ulpmat.com\/es\/wp-json\/wp\/v2\/media?parent=53390"}],"wp:term":[{"taxonomy":"product_brand","embeddable":true,"href":"https:\/\/ulpmat.com\/es\/wp-json\/wp\/v2\/product_brand?post=53390"},{"taxonomy":"product_cat","embeddable":true,"href":"https:\/\/ulpmat.com\/es\/wp-json\/wp\/v2\/product_cat?post=53390"},{"taxonomy":"product_tag","embeddable":true,"href":"https:\/\/ulpmat.com\/es\/wp-json\/wp\/v2\/product_tag?post=53390"}],"curies":[{"name":"wp","href":"https:\/\/api.w.org\/{rel}","templated":true}]}}