{"id":53372,"date":"2026-01-05T10:37:01","date_gmt":"2026-01-05T02:37:01","guid":{"rendered":"https:\/\/ulpmat.com\/product\/oxido-de-hierro-2\/"},"modified":"2026-01-05T10:37:01","modified_gmt":"2026-01-05T02:37:01","slug":"oxido-de-hierro-2","status":"publish","type":"product","link":"https:\/\/ulpmat.com\/es\/producto\/oxido-de-hierro-2\/","title":{"rendered":"\u00d3xido de hierro"},"content":{"rendered":"<h2><span style=\"font-size: 14pt;\">Descripci\u00f3n general del polvo de \u00f3xido de hierro<\/span><\/h2>\n<p>El polvo<br \/>\n<span style=\"color: #0000ff;\"><a style=\"color: #0000ff;\" href=\"https:\/\/ulpmat.com\/es\/buscar\/?type=name&#038;keyword=Iron+Oxide\">de \u00f3xido de hierro<\/a><\/span><br \/>\nposee una alta estabilidad magn\u00e9tica y qu\u00edmica, lo que lo hace muy utilizado en cat\u00e1lisis, remediaci\u00f3n ambiental y materiales magn\u00e9ticos.<\/p>\n<p>Ofrecemos polvo de Fe3O4 de alta pureza, personalizable para satisfacer diversas aplicaciones industriales. <span style=\"color: #0000ff;\"><a style=\"color: #0000ff;\" href=\"https:\/\/ulpmat.com\/es\/contacto\/\">Cont\u00e1ctenos<\/a><\/span><br \/>\npara obtener m\u00e1s informaci\u00f3n sobre el producto.<\/p>\n<h2><span style=\"font-size: 14pt;\">Caracter\u00edsticas destacadas del producto<\/span><\/h2>\n<p>Alta pureza<br \/>\nFuerte fuerza magn\u00e9tica<br \/>\nExcelente estabilidad qu\u00edmica<br \/>\nProceso de producci\u00f3n de alta calidad Servicio<br \/>\n<span style=\"color: #0000ff;\"><a style=\"color: #0000ff;\" href=\"https:\/\/ulpmat.com\/es\/servicio\/personalizacion\/\">personalizado<\/a><\/span><\/p>\n<p><span style=\"color: #0000ff;\"><a style=\"color: #0000ff;\" href=\"https:\/\/ulpmat.com\/es\/servicio\/servicio-posventa\/\">Asistencia posventa<\/a><\/span><br \/>\nprofesional<\/p>\n<h2><span style=\"font-size: 14pt;\">Aplicaciones del \u00f3xido de hierro en polvo<\/span><\/h2>\n<p>Catalizadores: ampliamente utilizado como catalizador o soporte de catalizador en petroqu\u00edmica, remediaci\u00f3n ambiental y otros campos para mejorar la eficiencia de la reacci\u00f3n.<br \/>\nRemediaci\u00f3n ambiental: el polvo de Fe3O4 elimina eficazmente las sustancias nocivas en el tratamiento del agua y la purificaci\u00f3n de gases residuales, lo que lo convierte en un material ideal para la remediaci\u00f3n ambiental.<br \/>\nMateriales magn\u00e9ticos: debido a sus excelentes propiedades magn\u00e9ticas, se utiliza ampliamente en sensores magn\u00e9ticos y dispositivos de grabaci\u00f3n magn\u00e9tica, lo que le confiere un alto valor tecnol\u00f3gico.<br \/>\nIndustria farmac\u00e9utica: se puede utilizar en portadores de f\u00e1rmacos, administraci\u00f3n dirigida de f\u00e1rmacos y otros campos, impulsando el desarrollo de la tecnolog\u00eda m\u00e9dica.<\/p>\n<h2><span style=\"font-size: 14pt;\">Preguntas frecuentes<\/span><\/h2>\n<p>P1: \u00bfCu\u00e1les son las principales caracter\u00edsticas del polvo de \u00f3xido de hierro?<br \/>\nR1: Con altas propiedades magn\u00e9ticas, estabilidad qu\u00edmica y buena dispersabilidad, es una opci\u00f3n ideal para muchas aplicaciones de alta gama.<\/p>\n<p>P2: \u00bfCu\u00e1les son las aplicaciones del polvo de \u00f3xido de hierro en la protecci\u00f3n del medio ambiente?<br \/>\nR2: El polvo de \u00f3xido de hierro puede adsorber eficazmente los contaminantes del agua y se utiliza ampliamente en el tratamiento de aguas residuales y la purificaci\u00f3n de gases de escape.<\/p>\n<p>P3: \u00bfCu\u00e1les son las condiciones de almacenamiento del \u00f3xido de hierro?<br \/>\nR3: Debe almacenarse en un lugar seco y fresco, evitando la alta humedad y la exposici\u00f3n a la luz intensa.<\/p>\n<p>P4: \u00bfC\u00f3mo mejorar el efecto de aplicaci\u00f3n del polvo de Fe3O4?<br \/>\nR4: En aplicaciones pr\u00e1cticas, su rendimiento puede mejorarse ajustando el tama\u00f1o de las part\u00edculas y el tratamiento de la superficie.<\/p>\n<h2><span style=\"font-size: 14pt;\">Informes<\/span><\/h2>\n<p>Cada lote se suministra con:<br \/>\n<span style=\"color: #0000ff;\"><a style=\"color: #0000ff;\" href=\"https:\/\/ulpmat.com\/es\/documentos\/certificado-de-analisis\/\">Certificado de an\u00e1lisis (COA)<\/a><\/span><\/p>\n<p><span style=\"color: #0000ff;\"><a style=\"color: #0000ff;\" href=\"https:\/\/ulpmat.com\/es\/documentos\/ficha-tecnica\/\">Ficha t\u00e9cnica (TDS)<\/a><\/span><\/p>\n<p><span style=\"color: #0000ff;\"><a style=\"color: #0000ff;\" href=\"https:\/\/ulpmat.com\/es\/documentos\/ficha-de-datos-de-seguridad\/\">Ficha de datos de seguridad (MSDS)<\/a><\/span><br \/>\nInformes de pruebas de terceros disponibles bajo petici\u00f3n<\/p>\n<h2><span style=\"font-size: 14pt;\">\u00bfPor qu\u00e9 elegirnos?<\/span><\/h2>\n<p>Nos especializamos en la producci\u00f3n de polvos de alta pureza, contamos con tecnolog\u00eda y equipos avanzados, y podemos proporcionar servicios personalizados para satisfacer las diversas necesidades de nuestros clientes. Nuestros productos son de calidad estable y nuestro <span style=\"color: #0000ff;\"><a style=\"color: #0000ff;\" href=\"https:\/\/ulpmat.com\/es\/servicio\/servicio-posventa\/\">servicio posventa<\/a><\/span><br \/>\nes excelente, lo que nos ha ganado la confianza de nuestros clientes.<\/p>\n","protected":false},"excerpt":{"rendered":"<p>Descripci\u00f3n general del polvo de \u00f3xido de hierro El polvo de \u00f3xido de hierro posee una alta estabilidad magn\u00e9tica y qu\u00edmica, lo que lo hace muy utilizado en cat\u00e1lisis, remediaci\u00f3n ambiental y materiales magn\u00e9ticos. Ofrecemos polvo de Fe3O4 de alta pureza, personalizable para satisfacer diversas aplicaciones industriales. Cont\u00e1ctenos para obtener m\u00e1s informaci\u00f3n sobre el producto. [&hellip;]<\/p>\n","protected":false},"featured_media":53373,"template":"","meta":{"_acf_changed":false},"product_brand":[132],"product_cat":[438],"product_tag":[8154],"class_list":{"0":"post-53372","1":"product","2":"type-product","3":"status-publish","4":"has-post-thumbnail","6":"product_brand-ulpmat","7":"product_cat-oxidos","8":"product_tag-oxido-de-hierro-en-polvo","10":"first","11":"instock","12":"shipping-taxable","13":"product-type-variable"},"acf":[],"_links":{"self":[{"href":"https:\/\/ulpmat.com\/es\/wp-json\/wp\/v2\/product\/53372","targetHints":{"allow":["GET"]}}],"collection":[{"href":"https:\/\/ulpmat.com\/es\/wp-json\/wp\/v2\/product"}],"about":[{"href":"https:\/\/ulpmat.com\/es\/wp-json\/wp\/v2\/types\/product"}],"wp:featuredmedia":[{"embeddable":true,"href":"https:\/\/ulpmat.com\/es\/wp-json\/wp\/v2\/media\/53373"}],"wp:attachment":[{"href":"https:\/\/ulpmat.com\/es\/wp-json\/wp\/v2\/media?parent=53372"}],"wp:term":[{"taxonomy":"product_brand","embeddable":true,"href":"https:\/\/ulpmat.com\/es\/wp-json\/wp\/v2\/product_brand?post=53372"},{"taxonomy":"product_cat","embeddable":true,"href":"https:\/\/ulpmat.com\/es\/wp-json\/wp\/v2\/product_cat?post=53372"},{"taxonomy":"product_tag","embeddable":true,"href":"https:\/\/ulpmat.com\/es\/wp-json\/wp\/v2\/product_tag?post=53372"}],"curies":[{"name":"wp","href":"https:\/\/api.w.org\/{rel}","templated":true}]}}