{"id":53352,"date":"2026-01-05T10:37:01","date_gmt":"2026-01-05T02:37:01","guid":{"rendered":"https:\/\/ulpmat.com\/product\/oxido-de-hierro\/"},"modified":"2026-01-05T10:37:01","modified_gmt":"2026-01-05T02:37:01","slug":"oxido-de-hierro","status":"publish","type":"product","link":"https:\/\/ulpmat.com\/es\/producto\/oxido-de-hierro\/","title":{"rendered":"\u00d3xido de hierro"},"content":{"rendered":"<h2><span style=\"font-size: 14pt;\">Descripci\u00f3n general de los blancos de pulverizaci\u00f3n de \u00f3xido de hierro<\/span><\/h2>\n<p>Los blancos de pulverizaci\u00f3n<br \/>\n<span style=\"color: #0000ff;\"><a style=\"color: #0000ff;\" href=\"https:\/\/ulpmat.com\/es\/buscar\/?type=name&#038;keyword=Iron+Oxide\">de \u00f3xido de hierro<\/a><\/span><br \/>\nposeen una excelente estabilidad magn\u00e9tica y qu\u00edmica, lo que los hace muy utilizados en la deposici\u00f3n de pel\u00edculas delgadas, dispositivos electr\u00f3nicos y materiales magn\u00e9ticos.<\/p>\n<p>Ofrecemos blancos de pulverizaci\u00f3n de Fe3O4 de alta calidad, personalizables seg\u00fan las especificaciones del cliente, adecuados para diversas aplicaciones de deposici\u00f3n de pel\u00edculas delgadas y que cumplen con requisitos de alto rendimiento. <span style=\"color: #0000ff;\"><a style=\"color: #0000ff;\" href=\"https:\/\/ulpmat.com\/es\/servicio\/asistencia-tecnica\/\">P\u00f3ngase en contacto con nosotros<\/a><\/span><br \/>\npara obtener m\u00e1s informaci\u00f3n sobre el producto.<\/p>\n<h2><span style=\"font-size: 14pt;\">Caracter\u00edsticas destacadas del producto<\/span><\/h2>\n<p>Alta pureza<br \/>\nExcelentes propiedades magn\u00e9ticas<br \/>\nAlta estabilidad qu\u00edmica<br \/>\nAdecuados para la deposici\u00f3n de pel\u00edculas finas de alta precisi\u00f3n<br \/>\nTama\u00f1os personalizables<br \/>\n<span style=\"color: #0000ff;\"><a style=\"color: #0000ff;\" href=\"https:\/\/ulpmat.com\/es\/servicio\/asistencia-tecnica\/\">Asistencia t\u00e9cnica<\/a><\/span><br \/>\nprofesional Backplanes y uniones personalizables<\/p>\n<h2><span style=\"font-size: 14pt;\">Aplicaciones de los blancos de pulverizaci\u00f3n de \u00f3xido de hierro<\/span><\/h2>\n<p>Deposici\u00f3n de pel\u00edculas finas: los blancos de pulverizaci\u00f3n de Fe3O4 se utilizan habitualmente en procesos de deposici\u00f3n f\u00edsica de vapor (PVD), ampliamente aplicados en la preparaci\u00f3n de pel\u00edculas finas para semiconductores, dispositivos optoelectr\u00f3nicos y componentes electr\u00f3nicos, mejorando la calidad de la pel\u00edcula.<br \/>\nMateriales magn\u00e9ticos: debido a sus excelentes propiedades magn\u00e9ticas, se utilizan ampliamente en la producci\u00f3n de grabaciones magn\u00e9ticas, sensores y materiales de almacenamiento magn\u00e9tico.<br \/>\nDispositivos electr\u00f3nicos: desempe\u00f1an un papel crucial en la fabricaci\u00f3n de componentes electr\u00f3nicos magn\u00e9ticos, ampliamente utilizados en la producci\u00f3n de pel\u00edculas delgadas magn\u00e9ticas en la industria electr\u00f3nica. Recubrimiento<br \/>\n<span style=\"color: #0000ff;\"><a style=\"color: #0000ff;\" href=\"https:\/\/ulpmat.com\/es\/solicitud\/materiales-opticos\/\">\u00f3ptico<\/a><\/span><br \/>\n: en la producci\u00f3n de recubrimientos \u00f3pticos, ayuda a mejorar el rendimiento \u00f3ptico del recubrimiento y se utiliza ampliamente en la producci\u00f3n de lentes, pantallas y otros productos.<\/p>\n<h2><span style=\"font-size: 14pt;\">Preguntas frecuentes<\/span><\/h2>\n<p>P1: \u00bfCu\u00e1les son los principales usos de los blancos de pulverizaci\u00f3n Fe3O4?<br \/>\nR1: Se utilizan ampliamente en la deposici\u00f3n de pel\u00edculas delgadas, la producci\u00f3n de materiales magn\u00e9ticos y el recubrimiento \u00f3ptico, y son especialmente adecuados para materiales altamente magn\u00e9ticos y aplicaciones de pel\u00edculas delgadas de alta precisi\u00f3n.<\/p>\n<p>P2: \u00bfCu\u00e1les son los requisitos de pureza para los blancos de pulverizaci\u00f3n Fe3O4?<br \/>\nR2: Ofrecemos blancos de pulverizaci\u00f3n de Fe3O4 con una pureza de hasta el 99,95 %, lo que garantiza resultados \u00f3ptimos en diversas aplicaciones de alta precisi\u00f3n.<\/p>\n<p>P3: \u00bfC\u00f3mo se puede mejorar la eficiencia de pulverizaci\u00f3n de los blancos de pulverizaci\u00f3n de Fe3O4?<br \/>\nR3: Optimizando el espesor del blanco y los par\u00e1metros de deposici\u00f3n, se puede mejorar eficazmente la eficiencia de pulverizaci\u00f3n de los blancos de pulverizaci\u00f3n de Fe\u2083O\u2084, logrando una mayor calidad de la pel\u00edcula delgada.<\/p>\n<p>P4: \u00bfCu\u00e1les son las condiciones de almacenamiento de los blancos de pulverizaci\u00f3n de \u00f3xido de hierro?<br \/>\nR4: Deben almacenarse en un entorno seco y fresco, evitando la alta humedad y la luz solar directa para mantener el rendimiento del blanco.<\/p>\n<h2><span style=\"font-size: 14pt;\">Informes<\/span><\/h2>\n<p>Cada lote se suministra con:<br \/>\n<span style=\"color: #0000ff;\"><a style=\"color: #0000ff;\" href=\"https:\/\/ulpmat.com\/es\/documentos\/certificado-de-analisis\/\">Certificado de an\u00e1lisis (COA)<\/a><\/span><\/p>\n<p><span style=\"color: #0000ff;\"><a style=\"color: #0000ff;\" href=\"https:\/\/ulpmat.com\/es\/documentos\/ficha-tecnica\/\">Ficha t\u00e9cnica (TDS)<\/a><\/span><\/p>\n<p><span style=\"color: #0000ff;\"><a style=\"color: #0000ff;\" href=\"https:\/\/ulpmat.com\/es\/documentos\/ficha-de-datos-de-seguridad\/\">Ficha de datos de seguridad (MSDS)<\/a><\/span><br \/>\nInforme de inspecci\u00f3n de tama\u00f1o<br \/>\nInformes de pruebas de terceros disponibles bajo petici\u00f3n<\/p>\n<h2><span style=\"font-size: 14pt;\">\u00bfPor qu\u00e9 elegirnos?<\/span><\/h2>\n<p>Contamos con muchos a\u00f1os de experiencia profesional en la fabricaci\u00f3n y nos comprometemos a proporcionar blancos de pulverizaci\u00f3n de Fe3O4 de alta calidad y alto rendimiento. Ofrecemos servicios personalizados para satisfacer las diferentes necesidades de los clientes y proporcionamos <span style=\"color: #0000ff;\"><a style=\"color: #0000ff;\" href=\"https:\/\/ulpmat.com\/es\/servicio\/asistencia-tecnica\/\">un soporte t\u00e9cnico<\/a><\/span><br \/>\ncompleto para garantizar el \u00e9xito de cada proyecto.<\/p>\n","protected":false},"excerpt":{"rendered":"<p>Descripci\u00f3n general de los blancos de pulverizaci\u00f3n de \u00f3xido de hierro Los blancos de pulverizaci\u00f3n de \u00f3xido de hierro poseen una excelente estabilidad magn\u00e9tica y qu\u00edmica, lo que los hace muy utilizados en la deposici\u00f3n de pel\u00edculas delgadas, dispositivos electr\u00f3nicos y materiales magn\u00e9ticos. Ofrecemos blancos de pulverizaci\u00f3n de Fe3O4 de alta calidad, personalizables seg\u00fan las [&hellip;]<\/p>\n","protected":false},"featured_media":53353,"template":"","meta":{"_acf_changed":false},"product_brand":[132],"product_cat":[457],"product_tag":[8148],"class_list":{"0":"post-53352","1":"product","2":"type-product","3":"status-publish","4":"has-post-thumbnail","6":"product_brand-ulpmat","7":"product_cat-blanco-ceramico-para-sputtering","8":"product_tag-catodos-para-sputtering-de-oxido-de-hierro","10":"first","11":"instock","12":"shipping-taxable","13":"product-type-variable"},"acf":[],"_links":{"self":[{"href":"https:\/\/ulpmat.com\/es\/wp-json\/wp\/v2\/product\/53352","targetHints":{"allow":["GET"]}}],"collection":[{"href":"https:\/\/ulpmat.com\/es\/wp-json\/wp\/v2\/product"}],"about":[{"href":"https:\/\/ulpmat.com\/es\/wp-json\/wp\/v2\/types\/product"}],"wp:featuredmedia":[{"embeddable":true,"href":"https:\/\/ulpmat.com\/es\/wp-json\/wp\/v2\/media\/53353"}],"wp:attachment":[{"href":"https:\/\/ulpmat.com\/es\/wp-json\/wp\/v2\/media?parent=53352"}],"wp:term":[{"taxonomy":"product_brand","embeddable":true,"href":"https:\/\/ulpmat.com\/es\/wp-json\/wp\/v2\/product_brand?post=53352"},{"taxonomy":"product_cat","embeddable":true,"href":"https:\/\/ulpmat.com\/es\/wp-json\/wp\/v2\/product_cat?post=53352"},{"taxonomy":"product_tag","embeddable":true,"href":"https:\/\/ulpmat.com\/es\/wp-json\/wp\/v2\/product_tag?post=53352"}],"curies":[{"name":"wp","href":"https:\/\/api.w.org\/{rel}","templated":true}]}}