{"id":53324,"date":"2026-01-05T10:37:02","date_gmt":"2026-01-05T02:37:02","guid":{"rendered":"https:\/\/ulpmat.com\/product\/fosfuro-de-hierro\/"},"modified":"2026-01-05T10:37:02","modified_gmt":"2026-01-05T02:37:02","slug":"fosfuro-de-hierro","status":"publish","type":"product","link":"https:\/\/ulpmat.com\/es\/producto\/fosfuro-de-hierro\/","title":{"rendered":"Fosfuro de hierro"},"content":{"rendered":"<h2><span style=\"font-size: 14pt;\">Descripci\u00f3n general del polvo de fosfuro de hierro<\/span><\/h2>\n<p>El polvo<br \/>\n<span style=\"color: #0000ff;\"><a style=\"color: #0000ff;\" href=\"https:\/\/ulpmat.com\/es\/buscar\/?type=name&#038;keyword=Iron+phosphate\">de fosfato de hierro<\/a><\/span><br \/>\nes un material de aleaci\u00f3n de alto rendimiento ampliamente utilizado en bater\u00edas, catalizadores y materiales electr\u00f3nicos y magn\u00e9ticos.<\/p>\n<p>Ofrecemos polvo de Fe3P de alta pureza para satisfacer las necesidades de diversos sectores industriales, especialmente adecuado para la fabricaci\u00f3n de bater\u00edas y reacciones catal\u00edticas. <span style=\"color: #0000ff;\"><a style=\"color: #0000ff;\" href=\"https:\/\/ulpmat.com\/es\/contacto\/\">P\u00f3ngase en contacto con nosotros<\/a><\/span><br \/>\npara obtener m\u00e1s detalles sobre el producto y servicios de personalizaci\u00f3n.<\/p>\n<h2><span style=\"font-size: 14pt;\">Caracter\u00edsticas destacadas del producto<\/span><\/h2>\n<p>Alta pureza<br \/>\nBuena conductividad el\u00e9ctrica<br \/>\nExcelente actividad catal\u00edtica<br \/>\nFuertes propiedades magn\u00e9ticas Tama\u00f1o de part\u00edcula<br \/>\n<span style=\"color: #0000ff;\"><a style=\"color: #0000ff;\" href=\"https:\/\/ulpmat.com\/es\/servicio\/personalizacion\/\">personalizable<\/a><\/span><\/p>\n<p>Asistencia t\u00e9cnica profesional y servicio posventa<\/p>\n<h2><span style=\"font-size: 14pt;\">Aplicaciones del polvo de fosfuro de hierro<\/span><\/h2>\n<p>Fabricaci\u00f3n<br \/>\n<span style=\"color: #0000ff;\"><a style=\"color: #0000ff;\" href=\"https:\/\/ulpmat.com\/es\/solicitud\/materiales-para-baterias\/\">de bater\u00edas<\/a><\/span><br \/>\n: el polvo de fosfato de hierro posee excelentes propiedades electroqu\u00edmicas y se utiliza ampliamente como material de electrodo negativo en bater\u00edas de ionen litio y ionen sodio para mejorar la eficiencia de carga y descarga.<br \/>\nReacciones catal\u00edticas: en la industria qu\u00edmica, se utiliza como catalizador en diversas reacciones org\u00e1nicas, como las reacciones de hidrogenaci\u00f3n y deshidrogenaci\u00f3n, para mejorar la eficiencia de la reacci\u00f3n.<br \/>\nMateriales magn\u00e9ticos: Las propiedades magn\u00e9ticas del polvo de fosfato de hierro lo hacen importante en la fabricaci\u00f3n de materiales magn\u00e9ticos, ampliamente utilizados en el almacenamiento magn\u00e9tico y los sensores.<br \/>\nComponentes electr\u00f3nicos: En la fabricaci\u00f3n de semiconductores y componentes electr\u00f3nicos, se puede utilizar para mejorar la conductividad y la estabilidad de los materiales.<\/p>\n<h2><span style=\"color: #0000ff;\"><a style=\"color: #0000ff;\" href=\"https:\/\/ulpmat.com\/es\/empresa\/preguntas-frecuentes\/\"><span style=\"font-size: 14pt;\">Preguntas frecuentes<\/span><\/a><\/span><\/h2>\n<p>P1: \u00bfCu\u00e1les son los principales usos del polvo de fosfuro de hierro?<br \/>\nR1: Se utiliza principalmente en la fabricaci\u00f3n de bater\u00edas, catalizadores, materiales magn\u00e9ticos y componentes electr\u00f3nicos, destacando especialmente en bater\u00edas y reacciones catal\u00edticas.<\/p>\n<p>P2: \u00bfC\u00f3mo afecta el polvo de Fe3P al rendimiento de las bater\u00edas?<br \/>\nR2: Debido a sus excelentes propiedades electroqu\u00edmicas, el polvo de fosfuro de hierro puede mejorar la capacidad de las bater\u00edas y la eficiencia de carga\/descarga, lo que lo convierte en un componente importante de los materiales de \u00e1nodo de las bater\u00edas de alto rendimiento.<\/p>\n<p>P3: \u00bfCu\u00e1les son las condiciones de almacenamiento?<br \/>\nR3: Para mantener su rendimiento, debe almacenarse en un entorno seco y fresco, evitando la humedad y la exposici\u00f3n a la luz intensa.<\/p>\n<h2><span style=\"font-size: 14pt;\">Informes<\/span><\/h2>\n<p>Cada lote se suministra con:<br \/>\n<span style=\"color: #0000ff;\"><a style=\"color: #0000ff;\" href=\"https:\/\/ulpmat.com\/es\/documentos\/certificado-de-analisis\/\">Certificado de an\u00e1lisis (COA)<\/a><\/span><\/p>\n<p><span style=\"color: #0000ff;\"><a style=\"color: #0000ff;\" href=\"https:\/\/ulpmat.com\/es\/documentos\/ficha-tecnica\/\">Ficha t\u00e9cnica (TDS)<\/a><\/span><\/p>\n<p><span style=\"color: #0000ff;\"><a style=\"color: #0000ff;\" href=\"https:\/\/ulpmat.com\/es\/documentos\/ficha-de-datos-de-seguridad\/\">Ficha de datos de seguridad (MSDS)<\/a><\/span><br \/>\nInformes de pruebas de terceros disponibles bajo petici\u00f3n<\/p>\n<h2><span style=\"font-size: 14pt;\">\u00bfPor qu\u00e9 elegirnos?<\/span><\/h2>\n<p>Nos comprometemos a proporcionar polvo de fosfuro de hierro de alta calidad y alto rendimiento. Con a\u00f1os de experiencia t\u00e9cnica y servicios personalizados, podemos satisfacer las necesidades de diversas industrias. Nuestro equipo profesional le ofrece un completo <span style=\"color: #0000ff;\"><a style=\"color: #0000ff;\" href=\"https:\/\/ulpmat.com\/es\/servicio\/asistencia-tecnica\/\">soporte t\u00e9cnico<\/a><\/span><br \/>\ny servicio posventa para garantizar la aplicaci\u00f3n eficiente de sus productos.<\/p>\n","protected":false},"excerpt":{"rendered":"<p>Descripci\u00f3n general del polvo de fosfuro de hierro El polvo de fosfato de hierro es un material de aleaci\u00f3n de alto rendimiento ampliamente utilizado en bater\u00edas, catalizadores y materiales electr\u00f3nicos y magn\u00e9ticos. Ofrecemos polvo de Fe3P de alta pureza para satisfacer las necesidades de diversos sectores industriales, especialmente adecuado para la fabricaci\u00f3n de bater\u00edas y [&hellip;]<\/p>\n","protected":false},"featured_media":53325,"template":"","meta":{"_acf_changed":false},"product_brand":[132],"product_cat":[1195],"product_tag":[8142],"class_list":{"0":"post-53324","1":"product","2":"type-product","3":"status-publish","4":"has-post-thumbnail","6":"product_brand-ulpmat","7":"product_cat-materiales-fosforados","8":"product_tag-fosfuro-de-hierro-en-polvo","10":"first","11":"instock","12":"shipping-taxable","13":"product-type-variable"},"acf":[],"_links":{"self":[{"href":"https:\/\/ulpmat.com\/es\/wp-json\/wp\/v2\/product\/53324","targetHints":{"allow":["GET"]}}],"collection":[{"href":"https:\/\/ulpmat.com\/es\/wp-json\/wp\/v2\/product"}],"about":[{"href":"https:\/\/ulpmat.com\/es\/wp-json\/wp\/v2\/types\/product"}],"wp:featuredmedia":[{"embeddable":true,"href":"https:\/\/ulpmat.com\/es\/wp-json\/wp\/v2\/media\/53325"}],"wp:attachment":[{"href":"https:\/\/ulpmat.com\/es\/wp-json\/wp\/v2\/media?parent=53324"}],"wp:term":[{"taxonomy":"product_brand","embeddable":true,"href":"https:\/\/ulpmat.com\/es\/wp-json\/wp\/v2\/product_brand?post=53324"},{"taxonomy":"product_cat","embeddable":true,"href":"https:\/\/ulpmat.com\/es\/wp-json\/wp\/v2\/product_cat?post=53324"},{"taxonomy":"product_tag","embeddable":true,"href":"https:\/\/ulpmat.com\/es\/wp-json\/wp\/v2\/product_tag?post=53324"}],"curies":[{"name":"wp","href":"https:\/\/api.w.org\/{rel}","templated":true}]}}