{"id":53281,"date":"2026-01-05T10:37:03","date_gmt":"2026-01-05T02:37:03","guid":{"rendered":"https:\/\/ulpmat.com\/product\/boruro-de-hierro\/"},"modified":"2026-01-05T10:37:03","modified_gmt":"2026-01-05T02:37:03","slug":"boruro-de-hierro","status":"publish","type":"product","link":"https:\/\/ulpmat.com\/es\/producto\/boruro-de-hierro\/","title":{"rendered":"Boruro de hierro"},"content":{"rendered":"<h2><span style=\"font-size: 14pt;\">Descripci\u00f3n general de los blancos de pulverizaci\u00f3n de boruro de hierro<\/span><\/h2>\n<p>Los blancos de pulverizaci\u00f3n<br \/>\n<span style=\"color: #0000ff;\"><a style=\"color: #0000ff;\" href=\"https:\/\/ulpmat.com\/es\/buscar\/?type=name&#038;keyword=Iron+Boride\">de boruro de hierro<\/a><\/span><br \/>\nson blancos cer\u00e1micos de boruro de hierro de alta pureza, un material b\u00e1sico para la preparaci\u00f3n de pel\u00edculas delgadas y recubrimientos funcionales de alto rendimiento, duros y resistentes al desgaste, utilizando la tecnolog\u00eda de deposici\u00f3n f\u00edsica de vapor (PVD).<\/p>\n<p>Ofrecemos una variedad de blancos de boruro de hierro de alta pureza, que se adaptan a los requisitos de su equipo y proceso. Tambi\u00e9n proporcionamos servicios profesionales de uni\u00f3n de placas traseras para blancos cer\u00e1micos fr\u00e1giles. <span style=\"color: #0000ff;\"><a style=\"color: #0000ff;\" href=\"https:\/\/ulpmat.com\/es\/contacto\/\">P\u00f3ngase en contacto con nosotros<\/a><\/span><br \/>\nahora para obtener soluciones.<\/p>\n<h2><span style=\"font-size: 14pt;\">Caracter\u00edsticas destacadas del producto<\/span><\/h2>\n<p>Pureza extremadamente alta, composici\u00f3n precisa.<br \/>\nEstructura densa, granos uniformes.<br \/>\nBaja permeabilidad magn\u00e9tica, alta eficiencia de pulverizaci\u00f3n.<br \/>\nExcelente dureza, resistencia al desgaste y a la corrosi\u00f3n.<br \/>\nGama completa de especificaciones, personalizaci\u00f3n disponible<\/p>\n<h2><span style=\"font-size: 14pt;\">. Aplicaciones de los blancos de pulverizaci\u00f3n de boruro de hierro<\/span><\/h2>\n<p>Recubrimientos superduros y resistentes al desgaste: se utilizan para el recubrimiento superficial de herramientas de corte, moldes y componentes de precisi\u00f3n, mejorando significativamente su dureza, resistencia al desgaste y vida \u00fatil, y resistiendo condiciones de trabajo adversas.<br \/>\nProtecci\u00f3n y modificaci\u00f3n de superficies: deposici\u00f3n de pel\u00edculas protectoras en componentes cr\u00edticos de la industria aeroespacial y automovil\u00edstica, lo que proporciona una excelente resistencia a la corrosi\u00f3n y barreras contra la oxidaci\u00f3n, mejorando la estabilidad del material.<br \/>\nPreparaci\u00f3n de pel\u00edculas delgadas funcionales: al servicio de la investigaci\u00f3n cient\u00edfica y las industrias de vanguardia, esta aplicaci\u00f3n prepara pel\u00edculas delgadas funcionales con propiedades electromagn\u00e9ticas especiales o actividades catal\u00edticas para satisfacer las necesidades de exploraci\u00f3n de campos como las nuevas energ\u00edas y los semiconductores.<br \/>\nRecubrimiento decorativo y para herramientas: aplicado al tratamiento superficial de piezas decorativas de alta gama y herramientas resistentes al desgaste, confiere un aspecto lujoso al tiempo que garantiza una durabilidad superficial y una resistencia a los ara\u00f1azos extremadamente altas.<\/p>\n<h2><span style=\"font-size: 14pt;\">Preguntas frecuentes<\/span><\/h2>\n<p>P1: El boruro de hierro es un material cer\u00e1mico para blancos. \u00bfQu\u00e9 precauciones especiales se deben tomar al utilizarlo?<br \/>\nR1: S\u00ed. Los blancos cer\u00e1micos suelen tener una conductividad t\u00e9rmica deficiente y son fr\u00e1giles. Por lo tanto, recomendamos encarecidamente utilizarlo junto con una placa de soporte de cobre sin ox\u00edgeno para optimizar la disipaci\u00f3n del calor, evitar grietas y controlar estrictamente la potencia de pulverizaci\u00f3n para evitar grietas o fallos en el objetivo debido al sobrecalentamiento localizado.<\/p>\n<p>P2: \u00bfPor qu\u00e9 se hace hincapi\u00e9 en que este material objetivo tiene \u00abbaja permeabilidad magn\u00e9tica\u00bb?<br \/>\nR2: La baja permeabilidad magn\u00e9tica es clave para garantizar el funcionamiento eficiente y estable de los procesos de pulverizaci\u00f3n cat\u00f3dica con magnetr\u00f3n.<\/p>\n<p>P3: \u00bfQu\u00e9 significa exactamente \u00abmaterial del blanco junto con una placa de respaldo\u00bb?<br \/>\nR3: La uni\u00f3n de la placa de respaldo se refiere al uso de soldadura de alta pureza (como el indio) para unir firmemente el blanco cer\u00e1mico fr\u00e1gil a una placa de respaldo met\u00e1lica de alta conductividad t\u00e9rmica (normalmente cobre sin ox\u00edgeno) en una sola unidad.<\/p>\n<p>P4: \u00bfC\u00f3mo se almacenan y mantienen los blancos sin usar?<br \/>\nR4: Se recomienda almacenar los blancos en un entorno seco y limpio con gas inerte o en una bolsa de vac\u00edo para evitar la oxidaci\u00f3n de la superficie o la absorci\u00f3n de humedad.<\/p>\n<h2><span style=\"font-size: 14pt;\">Informes<\/span><\/h2>\n<p>Cada lote se suministra con:<br \/>\n<span style=\"color: #0000ff;\"><a style=\"color: #0000ff;\" href=\"https:\/\/ulpmat.com\/es\/documentos\/certificado-de-analisis\/\">Certificado de an\u00e1lisis (COA)<\/a><\/span><\/p>\n<p><span style=\"color: #0000ff;\"><a style=\"color: #0000ff;\" href=\"https:\/\/ulpmat.com\/es\/documentos\/ficha-tecnica\/\">Ficha t\u00e9cnica (TDS)<\/a><\/span><\/p>\n<p><span style=\"color: #0000ff;\"><a style=\"color: #0000ff;\" href=\"https:\/\/ulpmat.com\/es\/documentos\/ficha-de-datos-de-seguridad\/\">Ficha de datos de seguridad (MSDS)<\/a><\/span><br \/>\nInforme de inspecci\u00f3n de tama\u00f1o<br \/>\nInformes de pruebas de terceros disponibles bajo petici\u00f3n<\/p>\n<h2><span style=\"font-size: 14pt;\">. \u00bfPor qu\u00e9 elegirnos?<\/span><\/h2>\n<p>Nos centramos en la investigaci\u00f3n, el desarrollo y la producci\u00f3n de blancos de pulverizaci\u00f3n cer\u00e1micos de alto rendimiento, y comprendemos profundamente los requisitos b\u00e1sicos de materiales avanzados como el boruro de hierro en aplicaciones exigentes. Desde proporciones precisas de los componentes y procesos avanzados de moldeo y sinterizaci\u00f3n hasta la rigurosa uni\u00f3n de la placa de soporte y la inspecci\u00f3n de calidad de todo el proceso, nos aseguramos de que cada blanco posea una excelente fiabilidad y consistencia.<\/p>\n","protected":false},"excerpt":{"rendered":"<p>Descripci\u00f3n general de los blancos de pulverizaci\u00f3n de boruro de hierro Los blancos de pulverizaci\u00f3n de boruro de hierro son blancos cer\u00e1micos de boruro de hierro de alta pureza, un material b\u00e1sico para la preparaci\u00f3n de pel\u00edculas delgadas y recubrimientos funcionales de alto rendimiento, duros y resistentes al desgaste, utilizando la tecnolog\u00eda de deposici\u00f3n f\u00edsica [&hellip;]<\/p>\n","protected":false},"featured_media":53282,"template":"","meta":{"_acf_changed":false},"product_brand":[132],"product_cat":[457],"product_tag":[392,8130],"class_list":{"0":"post-53281","1":"product","2":"type-product","3":"status-publish","4":"has-post-thumbnail","6":"product_brand-ulpmat","7":"product_cat-blanco-ceramico-para-sputtering","8":"product_tag-blanco-para-sputtering","9":"product_tag-blanco-para-sputtering-de-boruro-de-hierro","11":"first","12":"instock","13":"shipping-taxable","14":"product-type-variable"},"acf":[],"_links":{"self":[{"href":"https:\/\/ulpmat.com\/es\/wp-json\/wp\/v2\/product\/53281","targetHints":{"allow":["GET"]}}],"collection":[{"href":"https:\/\/ulpmat.com\/es\/wp-json\/wp\/v2\/product"}],"about":[{"href":"https:\/\/ulpmat.com\/es\/wp-json\/wp\/v2\/types\/product"}],"wp:featuredmedia":[{"embeddable":true,"href":"https:\/\/ulpmat.com\/es\/wp-json\/wp\/v2\/media\/53282"}],"wp:attachment":[{"href":"https:\/\/ulpmat.com\/es\/wp-json\/wp\/v2\/media?parent=53281"}],"wp:term":[{"taxonomy":"product_brand","embeddable":true,"href":"https:\/\/ulpmat.com\/es\/wp-json\/wp\/v2\/product_brand?post=53281"},{"taxonomy":"product_cat","embeddable":true,"href":"https:\/\/ulpmat.com\/es\/wp-json\/wp\/v2\/product_cat?post=53281"},{"taxonomy":"product_tag","embeddable":true,"href":"https:\/\/ulpmat.com\/es\/wp-json\/wp\/v2\/product_tag?post=53281"}],"curies":[{"name":"wp","href":"https:\/\/api.w.org\/{rel}","templated":true}]}}