{"id":53258,"date":"2026-01-05T10:37:03","date_gmt":"2026-01-05T02:37:03","guid":{"rendered":"https:\/\/ulpmat.com\/product\/bromuro-de-hierro\/"},"modified":"2026-01-05T10:37:03","modified_gmt":"2026-01-05T02:37:03","slug":"bromuro-de-hierro","status":"publish","type":"product","link":"https:\/\/ulpmat.com\/es\/producto\/bromuro-de-hierro\/","title":{"rendered":"Bromuro de hierro"},"content":{"rendered":"<h2><span style=\"font-size: 14pt;\">Descripci\u00f3n general del bromuro de hierro en polvo<\/span><\/h2>\n<p><span style=\"color: #0000ff;\"><a style=\"color: #0000ff;\" href=\"https:\/\/ulpmat.com\/es\/buscar\/?type=name&#038;keyword=iron+bromide\">El bromuro de hierro<\/a><\/span><br \/>\nen polvo de alta pureza se utiliza principalmente como agente bromante altamente eficaz y catalizador de \u00e1cido de Lewis en la s\u00edntesis qu\u00edmica y farmac\u00e9utica fina.<\/p>\n<p>Ofrecemos bromuro de hierro en polvo en diversas especificaciones y grados de pureza, y podemos proporcionar servicios personalizados seg\u00fan sus necesidades <span style=\"color: #0000ff;\"><a style=\"color: #0000ff;\" href=\"https:\/\/ulpmat.com\/es\/empresa\/id\/\">de I+D<\/a><\/span><br \/>\no producci\u00f3n. <span style=\"color: #0000ff;\"><a style=\"color: #0000ff;\" href=\"https:\/\/ulpmat.com\/es\/contacto\/\">Cons\u00faltenos<\/a><\/span><br \/>\npara requisitos espec\u00edficos.<\/p>\n<h2><span style=\"font-size: 14pt;\">Caracter\u00edsticas destacadas del producto<\/span><\/h2>\n<p>Alta pureza<br \/>\nExcelente reactividad<br \/>\nRendimiento estable y fiable<br \/>\nEspecificaciones flexibles<\/p>\n<h2><span style=\"font-size: 14pt;\">Aplicaciones del bromuro de hierro en polvo<\/span><\/h2>\n<p>S\u00edntesis org\u00e1nica: sirve como fuente clave de bromo y catalizador en las reacciones de bromaci\u00f3n de diversos compuestos arom\u00e1ticos y mol\u00e9culas org\u00e1nicas, lo que permite introducir \u00e1tomos de bromo con precisi\u00f3n.<br \/>\nPreparaci\u00f3n de intermedios farmac\u00e9uticos: se utiliza para sintetizar mol\u00e9culas farmac\u00e9uticas activas o intermedios clave que contienen bromo, y sirve como materia prima importante en los procesos farmac\u00e9uticos.<br \/>\nInvestigaci\u00f3n qu\u00edmica: se utiliza en el laboratorio como un catalizador cl\u00e1sico de \u00e1cido de Lewis para impulsar diversas reacciones de alquilaci\u00f3n y acilaci\u00f3n de Friedel-Crafts, lo que ayuda en la exploraci\u00f3n de nuevos materiales.<br \/>\nOtras aplicaciones especializadas: tambi\u00e9n se puede utilizar como materia prima para la preparaci\u00f3n de otros bromuros o materiales funcionales, satisfaciendo las necesidades de procesamiento qu\u00edmico de industrias espec\u00edficas.<\/p>\n<h2><span style=\"color: #0000ff;\"><a style=\"color: #0000ff;\" href=\"https:\/\/ulpmat.com\/es\/empresa\/preguntas-frecuentes\/\"><span style=\"font-size: 14pt;\">Preguntas frecuentes<\/span><\/a><\/span><\/h2>\n<p>P1: \u00bfC\u00f3mo se almacena de forma segura el bromuro de hierro en polvo?<br \/>\nR1: Debe sellarse herm\u00e9ticamente y almacenarse en un lugar fresco, seco y bien ventilado, lejos del fuego y de oxidantes fuertes.<\/p>\n<p>P2: \u00bfC\u00f3mo se garantiza la pureza del bromuro f\u00e9rrico en polvo?<br \/>\nR2: Controlamos el contenido de los componentes principales y las impurezas clave mediante procesos precisos y pruebas rigurosas, y proporcionamos informes de an\u00e1lisis.<\/p>\n<p>P3: \u00bfC\u00f3mo se debe manipular el bromuro f\u00e9rrico en polvo despu\u00e9s de la reacci\u00f3n?<br \/>\nR3: Se recomienda enfriarlo r\u00e1pidamente y procesarlo posteriormente bajo supervisi\u00f3n profesional, lo que suele implicar verter lentamente agua helada y neutralizarlo.<\/p>\n<p>P4: \u00bfAceptan compras de lotes peque\u00f1os?<br \/>\nR4: S\u00ed, las aceptamos. Ofrecemos soluciones de adquisici\u00f3n flexibles para I+D y producci\u00f3n piloto.<\/p>\n<h2><span style=\"font-size: 14pt;\">Informes<\/span><\/h2>\n<p>Cada lote se suministra con:<br \/>\n<span style=\"color: #0000ff;\"><a style=\"color: #0000ff;\" href=\"https:\/\/ulpmat.com\/es\/documentos\/certificado-de-analisis\/\">Certificado de an\u00e1lisis (COA)<\/a><\/span><\/p>\n<p><span style=\"color: #0000ff;\"><a style=\"color: #0000ff;\" href=\"https:\/\/ulpmat.com\/es\/documentos\/ficha-tecnica\/\">Ficha t\u00e9cnica (TDS)<\/a><\/span><\/p>\n<p><span style=\"color: #0000ff;\"><a style=\"color: #0000ff;\" href=\"https:\/\/ulpmat.com\/es\/documentos\/ficha-de-datos-de-seguridad\/\">Ficha de datos de seguridad (MSDS)<\/a><\/span><br \/>\nInformes de pruebas de terceros disponibles bajo petici\u00f3n<\/p>\n<h2><span style=\"font-size: 14pt;\">\u00bfPor qu\u00e9 elegirnos?<\/span><\/h2>\n<p>Nos centramos en la I+D y la producci\u00f3n de productos qu\u00edmicos especiales de alta pureza y tenemos un profundo conocimiento de la aplicaci\u00f3n de catalizadores como el bromuro f\u00e9rrico. No solo garantizamos la alta pureza y la estabilidad de los lotes de nuestros productos, sino que tambi\u00e9n nos centramos en proporcionarle asistencia t\u00e9cnica profesional y garant\u00edas fiables en la cadena de suministro, lo que nos convierte en un socio de confianza.<\/p>\n","protected":false},"excerpt":{"rendered":"<p>Descripci\u00f3n general del bromuro de hierro en polvo El bromuro de hierro en polvo de alta pureza se utiliza principalmente como agente bromante altamente eficaz y catalizador de \u00e1cido de Lewis en la s\u00edntesis qu\u00edmica y farmac\u00e9utica fina. Ofrecemos bromuro de hierro en polvo en diversas especificaciones y grados de pureza, y podemos proporcionar servicios [&hellip;]<\/p>\n","protected":false},"featured_media":53259,"template":"","meta":{"_acf_changed":false},"product_brand":[132],"product_cat":[330],"product_tag":[8124],"class_list":{"0":"post-53258","1":"product","2":"type-product","3":"status-publish","4":"has-post-thumbnail","6":"product_brand-ulpmat","7":"product_cat-materiales-halogenados","8":"product_tag-bromuro-de-hierro-en-polvo","10":"first","11":"instock","12":"shipping-taxable","13":"product-type-variable"},"acf":[],"_links":{"self":[{"href":"https:\/\/ulpmat.com\/es\/wp-json\/wp\/v2\/product\/53258","targetHints":{"allow":["GET"]}}],"collection":[{"href":"https:\/\/ulpmat.com\/es\/wp-json\/wp\/v2\/product"}],"about":[{"href":"https:\/\/ulpmat.com\/es\/wp-json\/wp\/v2\/types\/product"}],"wp:featuredmedia":[{"embeddable":true,"href":"https:\/\/ulpmat.com\/es\/wp-json\/wp\/v2\/media\/53259"}],"wp:attachment":[{"href":"https:\/\/ulpmat.com\/es\/wp-json\/wp\/v2\/media?parent=53258"}],"wp:term":[{"taxonomy":"product_brand","embeddable":true,"href":"https:\/\/ulpmat.com\/es\/wp-json\/wp\/v2\/product_brand?post=53258"},{"taxonomy":"product_cat","embeddable":true,"href":"https:\/\/ulpmat.com\/es\/wp-json\/wp\/v2\/product_cat?post=53258"},{"taxonomy":"product_tag","embeddable":true,"href":"https:\/\/ulpmat.com\/es\/wp-json\/wp\/v2\/product_tag?post=53258"}],"curies":[{"name":"wp","href":"https:\/\/api.w.org\/{rel}","templated":true}]}}