{"id":53216,"date":"2026-01-05T10:37:04","date_gmt":"2026-01-05T02:37:04","guid":{"rendered":"https:\/\/ulpmat.com\/product\/cloruro-de-hierro-dihidratado\/"},"modified":"2026-01-05T10:37:04","modified_gmt":"2026-01-05T02:37:04","slug":"cloruro-de-hierro-dihidratado","status":"publish","type":"product","link":"https:\/\/ulpmat.com\/es\/producto\/cloruro-de-hierro-dihidratado\/","title":{"rendered":"Cloruro de hierro dihidratado"},"content":{"rendered":"<h2><span style=\"font-size: 14pt;\">Descripci\u00f3n general del cloruro de hierro dihidratado en polvo<\/span><\/h2>\n<p><span style=\"color: #0000ff;\"><a style=\"color: #0000ff;\" href=\"https:\/\/ulpmat.com\/es\/buscar\/?type=name&#038;keyword=Iron+chloride\">El cloruro de hierro<\/a><\/span><br \/>\ndihidratado en polvo es una materia prima qu\u00edmica que se utiliza habitualmente en el tratamiento de aguas, la s\u00edntesis qu\u00edmica y el tratamiento de superficies met\u00e1licas, y que presenta una excelente solubilidad y estabilidad.<\/p>\n<p>Suministramos cloruro de hierro dihidratado en polvo de alta pureza y podemos proporcionar productos con tama\u00f1os de part\u00edculas espec\u00edficos bajo pedido. P\u00f3ngase <span style=\"color: #0000ff;\"><a style=\"color: #0000ff;\" href=\"https:\/\/ulpmat.com\/es\/contacto\/\">en contacto con nosotros<\/a><\/span><br \/>\npara obtener m\u00e1s informaci\u00f3n.<\/p>\n<h2><span style=\"font-size: 14pt;\">Caracter\u00edsticas destacadas del producto<\/span><\/h2>\n<p>Morfolog\u00eda cristalina estable<br \/>\nExcelente solubilidad<br \/>\nContenido preciso y fiable<br \/>\nF\u00e1cil de almacenar y utilizar<br \/>\nEnvase flexible<br \/>\nCantidad m\u00ednima de pedido baja<br \/>\nTransporte seguro del producto<\/p>\n<h2><span style=\"font-size: 14pt;\">Aplicaciones del cloruro de hierro dihidratado en polvo<\/span><\/h2>\n<p>Tratamiento de aguas Floculaci\u00f3n: como coagulante, el cloruro de hierro dihidratado elimina eficazmente los s\u00f3lidos en suspensi\u00f3n y los fosfatos del agua, por lo que se utiliza ampliamente en la purificaci\u00f3n del agua potable y el tratamiento de aguas residuales.<br \/>\nTratamiento de superficies met\u00e1licas: se utiliza para el grabado y la limpieza de superficies de metales como el cobre y el acero inoxidable, por lo que es un material qu\u00edmico clave en la industria manufacturera.<br \/>\nMateria prima para s\u00edntesis qu\u00edmica: como fuente b\u00e1sica de hierro y catalizador, participa en los procesos de s\u00edntesis de diversos tintes, pigmentos y compuestos inorg\u00e1nicos.<br \/>\nAn\u00e1lisis de laboratorio: se utiliza como reactivo est\u00e1ndar o agente de prueba en la investigaci\u00f3n cient\u00edfica y la inspecci\u00f3n de calidad, para el an\u00e1lisis de la calidad del agua, experimentos did\u00e1cticos y otros escenarios.<\/p>\n<h2><span style=\"color: #0000ff;\"><a style=\"color: #0000ff;\" href=\"https:\/\/ulpmat.com\/es\/empresa\/preguntas-frecuentes\/\"><span style=\"font-size: 14pt;\">Preguntas frecuentes<\/span><\/a><\/span><\/h2>\n<p>P1: \u00bfCu\u00e1l es la principal diferencia entre el cloruro f\u00e9rrico dihidratado y el anhidro?<br \/>\nR1: La diferencia fundamental radica en el agua de cristalizaci\u00f3n. El dihidrato contiene una proporci\u00f3n fija de agua de cristalizaci\u00f3n, lo que lo hace m\u00e1s estable, menos higrosc\u00f3pico y, en general, m\u00e1s f\u00e1cil de usar y almacenar.<\/p>\n<p>P2: \u00bfSe aglutinar\u00e1 el producto durante el almacenamiento? \u00bfC\u00f3mo se puede evitar?<br \/>\nR2: Es posible que se produzca una ligera absorci\u00f3n de humedad en entornos h\u00famedos. La clave es almacenarlo sellado en un lugar seco y fresco y utilizarlo lo antes posible despu\u00e9s de abrirlo.<\/p>\n<p>P3: \u00bfCu\u00e1l es su contenido en hierro? \u00bfC\u00f3mo se calcula la dosis?<br \/>\nR3: El contenido te\u00f3rico de hierro (como Fe) del cloruro f\u00e9rrico dihidratado es de aproximadamente el 34 %. El contenido real est\u00e1 sujeto al informe de control de calidad, y la dosis debe calcularse en consecuencia.<\/p>\n<p>P4: \u00bfSe puede utilizar en los campos alimentario o farmac\u00e9utico?<br \/>\nR4: No es adecuado para productos industriales convencionales. Si se trata de campos especiales, como el alimentario o el farmac\u00e9utico, especif\u00edquelo y podremos evaluar y proporcionar un producto de mayor especificaci\u00f3n.<\/p>\n<h2><span style=\"font-size: 14pt;\">Informes<\/span><\/h2>\n<p>Cada lote se suministra con:<br \/>\n<span style=\"color: #0000ff;\"><a style=\"color: #0000ff;\" href=\"https:\/\/ulpmat.com\/es\/documentos\/certificado-de-analisis\/\">Certificado de an\u00e1lisis (COA)<\/a><\/span><\/p>\n<p><span style=\"color: #0000ff;\"><a style=\"color: #0000ff;\" href=\"https:\/\/ulpmat.com\/es\/documentos\/ficha-tecnica\/\">Ficha t\u00e9cnica (TDS)<\/a><\/span><\/p>\n<p><span style=\"color: #0000ff;\"><a style=\"color: #0000ff;\" href=\"https:\/\/ulpmat.com\/es\/documentos\/ficha-de-datos-de-seguridad\/\">Ficha de datos de seguridad (MSDS)<\/a><\/span><br \/>\nInformes de pruebas de terceros disponibles bajo petici\u00f3n<\/p>\n<h2><span style=\"font-size: 14pt;\">\u00bfPor qu\u00e9 elegirnos?<\/span><\/h2>\n<p>Nos especializamos en productos de sales inorg\u00e1nicas finas y tenemos un profundo conocimiento de la producci\u00f3n y las propiedades del cloruro f\u00e9rrico hidratado. Mediante un control preciso del proceso, garantizamos una cristalizaci\u00f3n estable, un contenido preciso y una consistencia entre lotes.<\/p>\n","protected":false},"excerpt":{"rendered":"<p>Descripci\u00f3n general del cloruro de hierro dihidratado en polvo El cloruro de hierro dihidratado en polvo es una materia prima qu\u00edmica que se utiliza habitualmente en el tratamiento de aguas, la s\u00edntesis qu\u00edmica y el tratamiento de superficies met\u00e1licas, y que presenta una excelente solubilidad y estabilidad. Suministramos cloruro de hierro dihidratado en polvo de [&hellip;]<\/p>\n","protected":false},"featured_media":53217,"template":"","meta":{"_acf_changed":false},"product_brand":[132],"product_cat":[330],"product_tag":[8118],"class_list":{"0":"post-53216","1":"product","2":"type-product","3":"status-publish","4":"has-post-thumbnail","6":"product_brand-ulpmat","7":"product_cat-materiales-halogenados","8":"product_tag-cloruro-de-hierro-dihidratado-en-polvo","10":"first","11":"instock","12":"shipping-taxable","13":"product-type-variable"},"acf":[],"_links":{"self":[{"href":"https:\/\/ulpmat.com\/es\/wp-json\/wp\/v2\/product\/53216","targetHints":{"allow":["GET"]}}],"collection":[{"href":"https:\/\/ulpmat.com\/es\/wp-json\/wp\/v2\/product"}],"about":[{"href":"https:\/\/ulpmat.com\/es\/wp-json\/wp\/v2\/types\/product"}],"wp:featuredmedia":[{"embeddable":true,"href":"https:\/\/ulpmat.com\/es\/wp-json\/wp\/v2\/media\/53217"}],"wp:attachment":[{"href":"https:\/\/ulpmat.com\/es\/wp-json\/wp\/v2\/media?parent=53216"}],"wp:term":[{"taxonomy":"product_brand","embeddable":true,"href":"https:\/\/ulpmat.com\/es\/wp-json\/wp\/v2\/product_brand?post=53216"},{"taxonomy":"product_cat","embeddable":true,"href":"https:\/\/ulpmat.com\/es\/wp-json\/wp\/v2\/product_cat?post=53216"},{"taxonomy":"product_tag","embeddable":true,"href":"https:\/\/ulpmat.com\/es\/wp-json\/wp\/v2\/product_tag?post=53216"}],"curies":[{"name":"wp","href":"https:\/\/api.w.org\/{rel}","templated":true}]}}