{"id":53198,"date":"2026-01-05T10:37:04","date_gmt":"2026-01-05T02:37:04","guid":{"rendered":"https:\/\/ulpmat.com\/product\/cloruro-de-hierro\/"},"modified":"2026-01-05T10:37:04","modified_gmt":"2026-01-05T02:37:04","slug":"cloruro-de-hierro","status":"publish","type":"product","link":"https:\/\/ulpmat.com\/es\/producto\/cloruro-de-hierro\/","title":{"rendered":"Cloruro de hierro"},"content":{"rendered":"<h2><span style=\"font-size: 14pt;\">Descripci\u00f3n general del cloruro de hierro en polvo<\/span><\/h2>\n<p><span style=\"color: #0000ff;\"><a style=\"color: #0000ff;\" href=\"https:\/\/ulpmat.com\/es\/buscar\/?type=name&#038;keyword=Iron+chloride\">El cloruro de hierro<\/a><\/span><br \/>\nen polvo es un reactivo qu\u00edmico importante que se utiliza ampliamente en el tratamiento del agua, las reacciones catal\u00edticas y el tratamiento de superficies met\u00e1licas.<\/p>\n<p>Suministramos cloruro f\u00e9rrico en polvo de alta pureza y podemos proporcionar productos personalizados con diferentes tama\u00f1os de part\u00edculas seg\u00fan los requisitos del cliente. P\u00f3ngase <span style=\"color: #0000ff;\"><a style=\"color: #0000ff;\" href=\"https:\/\/ulpmat.com\/es\/contacto\/\">en contacto con nosotros<\/a><\/span><br \/>\npara necesidades espec\u00edficas.<\/p>\n<h2><span style=\"font-size: 14pt;\">Caracter\u00edsticas destacadas del producto<\/span><\/h2>\n<p>Alta pureza.<br \/>\nAnhidro y f\u00e1cil de almacenar.<br \/>\nAlta reactividad.<br \/>\nBajos costes de transporte.<br \/>\nLotes uniformes y estables.<br \/>\nEnvases flexibles<\/p>\n<h2><span style=\"font-size: 14pt;\">Aplicaciones del cloruro f\u00e9rrico en polvo<\/span><\/h2>\n<p>Grabado electr\u00f3nico de precisi\u00f3n: se utiliza para grabar l\u00edneas de cobre en placas de circuito impreso (PCB) y en la fabricaci\u00f3n de circuitos integrados. Su forma s\u00f3lida permite un control preciso de la concentraci\u00f3n y la proporci\u00f3n de la soluci\u00f3n de grabado.<br \/>\nCat\u00e1lisis de s\u00edntesis qu\u00edmica: se utiliza ampliamente como catalizador de \u00e1cido de Lewis en reacciones de s\u00edntesis org\u00e1nica, como las reacciones de Friedel-Crafts. Su naturaleza anhidra es crucial para ciertas reacciones sensibles.<br \/>\nTratamiento industrial de aguas: se utiliza como coagulante altamente eficaz en la purificaci\u00f3n del agua potable y el tratamiento de aguas residuales, formando r\u00e1pidamente fl\u00f3culos para eliminar los s\u00f3lidos en suspensi\u00f3n y el f\u00f3sforo.<br \/>\nNuevas energ\u00edas y materiales: se utiliza como fuente de hierro en la preparaci\u00f3n de materiales cat\u00f3dicos para bater\u00edas de fosfato de hierro y litio, o como precursor de reacci\u00f3n para la preparaci\u00f3n de otros materiales funcionales.<\/p>\n<h2><span style=\"color: #0000ff;\"><a style=\"color: #0000ff;\" href=\"https:\/\/ulpmat.com\/es\/empresa\/preguntas-frecuentes\/\"><span style=\"font-size: 14pt;\">Preguntas frecuentes<\/span><\/a><\/span><\/h2>\n<p>P1: \u00bfCu\u00e1les son las ventajas del cloruro de hierro en polvo en comparaci\u00f3n con los productos l\u00edquidos?<br \/>\nR1: La forma en polvo tiene una mayor concentraci\u00f3n de ingrediente activo por unidad de volumen, es m\u00e1s f\u00e1cil de almacenar durante largos periodos y transportar a largas distancias, y se puede formular de manera flexible en soluciones de cualquier concentraci\u00f3n deseada.<\/p>\n<p>P2: \u00bfExisten requisitos especiales para almacenar el cloruro de hierro en polvo?<br \/>\nR2: Este producto es muy higrosc\u00f3pico y debe sellarse estrictamente y almacenarse en un entorno fresco, seco y bien ventilado para evitar la absorci\u00f3n de humedad y la formaci\u00f3n de grumos.<\/p>\n<p>P3: \u00bfC\u00f3mo se formula el polvo para obtener una soluci\u00f3n de grabado o un agente de tratamiento de agua?<br \/>\nR3: A\u00f1ada lentamente el polvo al agua mientras remueve hasta que se disuelva por completo. Se recomienda utilizar equipo de protecci\u00f3n y seguir los requisitos de concentraci\u00f3n espec\u00edficos del proceso.<\/p>\n<p>P4: \u00bfSe puede utilizar para investigaci\u00f3n en laboratorio?<br \/>\nR4: S\u00ed. Ofrecemos envases de peque\u00f1o tama\u00f1o adecuados para la s\u00edntesis qu\u00edmica a escala de laboratorio, la investigaci\u00f3n de cat\u00e1lisis y el desarrollo de nuevos materiales.<\/p>\n<h2><span style=\"font-size: 14pt;\">Informes<\/span><\/h2>\n<p>Podemos proporcionar un informe de an\u00e1lisis de la composici\u00f3n qu\u00edmica (especificando claramente el contenido principal y el control de impurezas como los metales pesados), una descripci\u00f3n de las propiedades f\u00edsicas y un informe de pruebas de contenido de humedad crucial.<\/p>\n<h2><span style=\"font-size: 14pt;\">\u00bfPor qu\u00e9 elegirnos?<\/span><\/h2>\n<p>Nos especializamos en la producci\u00f3n y purificaci\u00f3n de cloruro de hierro en polvo, y poseemos un profundo conocimiento de sus requisitos de aplicaci\u00f3n en la fabricaci\u00f3n de precisi\u00f3n y los productos qu\u00edmicos de alta gama. Mediante un riguroso control de los procesos, garantizamos que nuestros productos presenten una alta pureza, un bajo contenido de humedad y una excelente consistencia entre lotes.<\/p>\n","protected":false},"excerpt":{"rendered":"<p>Descripci\u00f3n general del cloruro de hierro en polvo El cloruro de hierro en polvo es un reactivo qu\u00edmico importante que se utiliza ampliamente en el tratamiento del agua, las reacciones catal\u00edticas y el tratamiento de superficies met\u00e1licas. Suministramos cloruro f\u00e9rrico en polvo de alta pureza y podemos proporcionar productos personalizados con diferentes tama\u00f1os de part\u00edculas [&hellip;]<\/p>\n","protected":false},"featured_media":53199,"template":"","meta":{"_acf_changed":false},"product_brand":[132],"product_cat":[330],"product_tag":[8112],"class_list":{"0":"post-53198","1":"product","2":"type-product","3":"status-publish","4":"has-post-thumbnail","6":"product_brand-ulpmat","7":"product_cat-materiales-halogenados","8":"product_tag-cloruro-de-hierro-en-polvo","10":"first","11":"instock","12":"shipping-taxable","13":"product-type-variable"},"acf":[],"_links":{"self":[{"href":"https:\/\/ulpmat.com\/es\/wp-json\/wp\/v2\/product\/53198","targetHints":{"allow":["GET"]}}],"collection":[{"href":"https:\/\/ulpmat.com\/es\/wp-json\/wp\/v2\/product"}],"about":[{"href":"https:\/\/ulpmat.com\/es\/wp-json\/wp\/v2\/types\/product"}],"wp:featuredmedia":[{"embeddable":true,"href":"https:\/\/ulpmat.com\/es\/wp-json\/wp\/v2\/media\/53199"}],"wp:attachment":[{"href":"https:\/\/ulpmat.com\/es\/wp-json\/wp\/v2\/media?parent=53198"}],"wp:term":[{"taxonomy":"product_brand","embeddable":true,"href":"https:\/\/ulpmat.com\/es\/wp-json\/wp\/v2\/product_brand?post=53198"},{"taxonomy":"product_cat","embeddable":true,"href":"https:\/\/ulpmat.com\/es\/wp-json\/wp\/v2\/product_cat?post=53198"},{"taxonomy":"product_tag","embeddable":true,"href":"https:\/\/ulpmat.com\/es\/wp-json\/wp\/v2\/product_tag?post=53198"}],"curies":[{"name":"wp","href":"https:\/\/api.w.org\/{rel}","templated":true}]}}