{"id":53148,"date":"2026-01-05T10:37:05","date_gmt":"2026-01-05T02:37:05","guid":{"rendered":"https:\/\/ulpmat.com\/product\/17-7ph-acero-inoxidable\/"},"modified":"2026-01-05T10:37:05","modified_gmt":"2026-01-05T02:37:05","slug":"17-7ph-acero-inoxidable","status":"publish","type":"product","link":"https:\/\/ulpmat.com\/es\/producto\/17-7ph-acero-inoxidable\/","title":{"rendered":"17-7PH Acero inoxidable"},"content":{"rendered":"<h2><span style=\"font-size: 14pt;\">Polvo esf\u00e9rico de acero inoxidable 17-7PH Descripci\u00f3n general<\/span><\/h2>\n<p><span style=\"color: #0000ff;\"><a style=\"color: #0000ff;\" href=\"https:\/\/ulpmat.com\/es\/buscar\/?type=name&#038;keyword=17-7PH\">El 17-7PH<\/a><\/span><br \/>\nes un polvo de acero inoxidable semiausten\u00edtico endurecido por precipitaci\u00f3n. Mediante un tratamiento t\u00e9rmico preciso, alcanza una resistencia extremadamente alta y una excelente resistencia a la corrosi\u00f3n, lo que lo hace ideal para la fabricaci\u00f3n de componentes de alta gama con requisitos de rendimiento estrictos.<\/p>\n<p>Producimos polvo esf\u00e9rico 17-7PH de alta esfericidad y bajo contenido de ox\u00edgeno mediante un proceso de atomizaci\u00f3n por gas y ofrecemos diversas especificaciones de tama\u00f1o de part\u00edcula y servicios de envasado personalizados. P\u00f3ngase <span style=\"color: #0000ff;\"><a style=\"color: #0000ff;\" href=\"https:\/\/ulpmat.com\/es\/contacto\/\">en contacto con nosotros<\/a><\/span><br \/>\npara obtener muestras y soluciones t\u00e9cnicas detalladas.<\/p>\n<h2><span style=\"font-size: 14pt;\">Caracter\u00edsticas destacadas del producto<\/span><\/h2>\n<p>Alta resistencia y dureza<br \/>\nExcelente resistencia a la corrosi\u00f3n<br \/>\nPolvo de alta esfericidad<br \/>\nRendimiento estable y controlable Procesos<br \/>\n<span style=\"color: #0000ff;\"><a style=\"color: #0000ff;\" href=\"https:\/\/ulpmat.com\/es\/servicio\/personalizacion\/\">personalizados<\/a><\/span><br \/>\ncompatibles<\/p>\n<h2><span style=\"font-size: 14pt;\">Aplicaciones del polvo esf\u00e9rico de acero inoxidable 17-7PH<\/span><\/h2>\n<p>Componentes de precisi\u00f3n para la industria aeroespacial: se utiliza en la fabricaci\u00f3n de instrumentos de control de aeronaves, estructuras de fuselaje y piezas de motores. Su alta resistencia y resistencia a la fatiga cumplen los requisitos extremos de los materiales para la seguridad de los vuelos.<br \/>\nDispositivos m\u00e9dicos de alta gama: adecuado para la fabricaci\u00f3n aditiva de instrumentos quir\u00fargicos, implantes y otros productos. El material combina una buena biocompatibilidad, resistencia a la corrosi\u00f3n y las propiedades mec\u00e1nicas necesarias.<br \/>\nResortes y sujetadores industriales: se utiliza en la fabricaci\u00f3n de resortes de precisi\u00f3n, pernos de alta resistencia y otros elementos el\u00e1sticos que funcionan en entornos corrosivos, lo que garantiza la estabilidad dimensional y la fiabilidad a largo plazo. Moldes y piezas de precisi\u00f3n: los moldes complejos, engranajes, etc., se fabrican utilizando metalurgia de polvos o tecnolog\u00eda de impresi\u00f3n 3D. Su rendimiento general superior mejora significativamente la durabilidad y la precisi\u00f3n de las piezas.<\/p>\n<h2><span style=\"color: #0000ff;\"><a style=\"color: #0000ff;\" href=\"https:\/\/ulpmat.com\/es\/empresa\/preguntas-frecuentes\/\"><span style=\"font-size: 14pt;\">Preguntas frecuentes<\/span><\/a><\/span><\/h2>\n<p>P1: \u00bfC\u00f3mo elijo el tama\u00f1o de las part\u00edculas de polvo para mi equipo?<br \/>\nR1: Los equipos comunes de impresi\u00f3n 3D de metal suelen utilizar tama\u00f1os de part\u00edculas de 15-53 micr\u00f3metros o 20-63 micr\u00f3metros. Indique el modelo de su equipo y los objetivos del proceso, y le recomendaremos la distribuci\u00f3n de tama\u00f1os de part\u00edculas m\u00e1s adecuada.<\/p>\n<p>P2: \u00bfLas piezas fabricadas con polvo esf\u00e9rico de acero inoxidable 17-7PH requieren necesariamente un tratamiento t\u00e9rmico?<br \/>\nR2: S\u00ed. Para alcanzar la alta resistencia dise\u00f1ada para el material, las piezas moldeadas deben someterse a un tratamiento de soluci\u00f3n espec\u00edfico, acondicionamiento y tratamientos t\u00e9rmicos de envejecimiento para completar la transformaci\u00f3n de la microestructura y el endurecimiento por precipitaci\u00f3n.<\/p>\n<p>P3: \u00bfC\u00f3mo evita la oxidaci\u00f3n el embalaje del polvo?<br \/>\nR3: Utilizamos un envasado al vac\u00edo de doble capa, con una bolsa exterior de aluminio a prueba de humedad para garantizar la estabilidad del polvo durante el almacenamiento y el transporte.<\/p>\n<p>P4: \u00bfCu\u00e1les son las principales diferencias en comparaci\u00f3n con el polvo esf\u00e9rico de acero inoxidable 17-4PH?<br \/>\nR4: El 17-7PH es un polvo semiausten\u00edtico que presenta una mayor tenacidad en estado tratado con soluci\u00f3n y facilidad de conformado y procesamiento. Posteriormente, se consigue una alta resistencia mediante un complejo tratamiento t\u00e9rmico. El polvo esf\u00e9rico de acero inoxidable 17-4PH es martens\u00edtico, con un m\u00e9todo de procesamiento relativamente m\u00e1s sencillo. Ambos son adecuados para diferentes requisitos de rendimiento y proceso.<\/p>\n<h2><span style=\"font-size: 14pt;\">Informes<\/span><\/h2>\n<p>Cada lote se suministra con:<br \/>\n<span style=\"color: #0000ff;\"><a style=\"color: #0000ff;\" href=\"https:\/\/ulpmat.com\/es\/documentos\/certificado-de-analisis\/\">Certificado de an\u00e1lisis (COA)<\/a><\/span><\/p>\n<p><span style=\"color: #0000ff;\"><a style=\"color: #0000ff;\" href=\"https:\/\/ulpmat.com\/es\/documentos\/ficha-tecnica\/\">Ficha t\u00e9cnica (TDS)<\/a><\/span><\/p>\n<p><span style=\"color: #0000ff;\"><a style=\"color: #0000ff;\" href=\"https:\/\/ulpmat.com\/es\/documentos\/ficha-de-datos-de-seguridad\/\">Ficha de datos de seguridad (MSDS)<\/a><\/span><br \/>\nInformes de pruebas de terceros disponibles bajo petici\u00f3n<\/p>\n<h2><span style=\"font-size: 14pt;\">\u00bfPor qu\u00e9 elegirnos?<\/span><\/h2>\n<p>Nos especializamos en la investigaci\u00f3n y producci\u00f3n de polvos de acero inoxidable de alto rendimiento endurecidos por precipitaci\u00f3n. Bas\u00e1ndonos en un profundo conocimiento de los mecanismos de transformaci\u00f3n de fase de los materiales y los procesos de tratamiento t\u00e9rmico, no solo proporcionamos polvos de alta esfericidad, bajas impurezas y alta calidad, sino que tambi\u00e9n ofrecemos un soporte t\u00e9cnico integral desde la selecci\u00f3n de materiales y los par\u00e1metros de proceso hasta el tratamiento t\u00e9rmico posterior, lo que garantiza un rendimiento \u00f3ptimo de las piezas fabricadas. Somos su socio de confianza en soluciones de materiales.<\/p>\n","protected":false},"excerpt":{"rendered":"<p>Polvo esf\u00e9rico de acero inoxidable 17-7PH Descripci\u00f3n general El 17-7PH es un polvo de acero inoxidable semiausten\u00edtico endurecido por precipitaci\u00f3n. Mediante un tratamiento t\u00e9rmico preciso, alcanza una resistencia extremadamente alta y una excelente resistencia a la corrosi\u00f3n, lo que lo hace ideal para la fabricaci\u00f3n de componentes de alta gama con requisitos de rendimiento estrictos. [&hellip;]<\/p>\n","protected":false},"featured_media":53149,"template":"","meta":{"_acf_changed":false},"product_brand":[132],"product_cat":[1151],"product_tag":[8100],"class_list":{"0":"post-53148","1":"product","2":"type-product","3":"status-publish","4":"has-post-thumbnail","6":"product_brand-ulpmat","7":"product_cat-polvo-esferico-para-impresion-3d","8":"product_tag-polvo-esferico-de-acero-inoxidable-17-7ph","10":"first","11":"instock","12":"shipping-taxable","13":"product-type-variable"},"acf":[],"_links":{"self":[{"href":"https:\/\/ulpmat.com\/es\/wp-json\/wp\/v2\/product\/53148","targetHints":{"allow":["GET"]}}],"collection":[{"href":"https:\/\/ulpmat.com\/es\/wp-json\/wp\/v2\/product"}],"about":[{"href":"https:\/\/ulpmat.com\/es\/wp-json\/wp\/v2\/types\/product"}],"wp:featuredmedia":[{"embeddable":true,"href":"https:\/\/ulpmat.com\/es\/wp-json\/wp\/v2\/media\/53149"}],"wp:attachment":[{"href":"https:\/\/ulpmat.com\/es\/wp-json\/wp\/v2\/media?parent=53148"}],"wp:term":[{"taxonomy":"product_brand","embeddable":true,"href":"https:\/\/ulpmat.com\/es\/wp-json\/wp\/v2\/product_brand?post=53148"},{"taxonomy":"product_cat","embeddable":true,"href":"https:\/\/ulpmat.com\/es\/wp-json\/wp\/v2\/product_cat?post=53148"},{"taxonomy":"product_tag","embeddable":true,"href":"https:\/\/ulpmat.com\/es\/wp-json\/wp\/v2\/product_tag?post=53148"}],"curies":[{"name":"wp","href":"https:\/\/api.w.org\/{rel}","templated":true}]}}