{"id":53118,"date":"2026-01-05T10:37:07","date_gmt":"2026-01-05T02:37:07","guid":{"rendered":"https:\/\/ulpmat.com\/product\/acero-inoxidable-304l\/"},"modified":"2026-01-05T10:37:07","modified_gmt":"2026-01-05T02:37:07","slug":"acero-inoxidable-304l","status":"publish","type":"product","link":"https:\/\/ulpmat.com\/es\/producto\/acero-inoxidable-304l\/","title":{"rendered":"Acero inoxidable 304L"},"content":{"rendered":"<h2><span style=\"font-size: 14pt;\">Descripci\u00f3n general del polvo de acero inoxidable 304L<\/span><\/h2>\n<p>El polvo de acero inoxidable<br \/>\n<span style=\"color: #0000ff;\"><a style=\"color: #0000ff;\" href=\"https:\/\/ulpmat.com\/es\/buscar\/?type=name&#038;keyword=304L\">304L<\/a><\/span><br \/>\nes un polvo de acero inoxidable austen\u00edtico con bajo contenido en carbono, dise\u00f1ado espec\u00edficamente para aplicaciones de fabricaci\u00f3n aditiva y metalurgia de polvos que requieren una excelente resistencia a la corrosi\u00f3n y soldabilidad.<\/p>\n<p>Utilizamos tecnolog\u00eda de atomizaci\u00f3n avanzada para producir polvo de acero inoxidable 304L de alta esfericidad y ofrecemos diversas especificaciones de tama\u00f1o de part\u00edcula. P\u00f3ngase <span style=\"color: #0000ff;\"><a style=\"color: #0000ff;\" href=\"https:\/\/ulpmat.com\/es\/contacto\/\">en contacto con nosotros<\/a><\/span><br \/>\npara obtener muestras e informaci\u00f3n t\u00e9cnica detallada.<\/p>\n<h2><span style=\"font-size: 14pt;\">Caracter\u00edsticas destacadas del producto<\/span><\/h2>\n<p>Bajo contenido en carbono, resistente a la corrosi\u00f3n intergranular.<br \/>\nAlta esfericidad, buena fluidez.<br \/>\nTama\u00f1o de part\u00edcula controlable, bajo contenido en ox\u00edgeno.<br \/>\nComposici\u00f3n qu\u00edmica estable y uniforme<\/p>\n<h2><span style=\"font-size: 14pt;\">. Aplicaciones del polvo de acero inoxidable 304L<\/span><\/h2>\n<p>Electr\u00f3nica de consumo y piezas de precisi\u00f3n: ampliamente utilizado en la fabricaci\u00f3n de componentes estructurales para productos 3C, dispositivos inteligentes port\u00e1tiles y cajas de relojes. Su excelente conformabilidad y brillo superficial satisfacen los requisitos de apariencia y precisi\u00f3n.<\/p>\n<p>Dispositivos m\u00e9dicos y equipos alimentarios: con una excelente biocompatibilidad y resistencia a la corrosi\u00f3n, es adecuado para la fabricaci\u00f3n de componentes complejos para instrumentos quir\u00fargicos, sustratos de implantes y equipos de procesamiento de alimentos.<\/p>\n<p>Piezas automovil\u00edsticas y qu\u00edmicas: se utiliza para producir componentes automovil\u00edsticos resistentes a la corrosi\u00f3n por combustible y aceite lubricante, as\u00ed como componentes porosos o densos, como bombas, v\u00e1lvulas y filtros en entornos qu\u00edmicos.<\/p>\n<p>Moldeo por inyecci\u00f3n de metal: materia prima ideal para procesos de moldeo por inyecci\u00f3n de metal, adecuada para la producci\u00f3n en masa de piezas de precisi\u00f3n peque\u00f1as, complejas y tridimensionales con forma casi definitiva.<\/p>\n<h2><span style=\"font-size: 14pt;\">Preguntas frecuentes<\/span><\/h2>\n<p>P1: \u00bfCu\u00e1l es la principal diferencia entre el polvo de acero inoxidable 304L y el polvo de acero inoxidable 304 normal?<br \/>\nR1: La diferencia fundamental radica en el contenido de carbono. El polvo de acero inoxidable 304L es de bajo contenido en carbono, lo que minimiza la precipitaci\u00f3n de carburo despu\u00e9s de la soldadura o el tratamiento t\u00e9rmico, mejorando as\u00ed significativamente la resistencia a la corrosi\u00f3n intergranular, lo que lo hace especialmente adecuado para piezas que requieren soldadura posterior.<\/p>\n<p>P2: \u00bfC\u00f3mo garantiza el embalaje del polvo de acero inoxidable 304L que no se oxide?<br \/>\nR2: Utilizamos un embalaje profesional antioxidante est\u00e1ndar en la industria para garantizar que el polvo mantenga un bajo contenido de ox\u00edgeno y un buen rendimiento durante el almacenamiento y el transporte.<\/p>\n<p>P3: \u00bfC\u00f3mo elijo el tama\u00f1o de part\u00edcula de polvo adecuado para mi proceso de moldeo por inyecci\u00f3n de metal?<br \/>\nR3: El moldeo por inyecci\u00f3n de metal suele requerir un polvo m\u00e1s fino para lograr una buena actividad de llenado y sinterizaci\u00f3n. Los rangos de tama\u00f1o de part\u00edcula com\u00fanmente aplicables son 0-22 \u03bcm o 0-27 \u03bcm. Podemos ofrecerle asesoramiento sobre la selecci\u00f3n en funci\u00f3n de los requisitos espec\u00edficos de su producto y del sistema aglutinante.<\/p>\n<p>P4: \u00bfCu\u00e1les son las propiedades mec\u00e1nicas de las piezas impresas o moldeadas con este polvo?<br \/>\nR4: Con los par\u00e1metros de proceso adecuados, las piezas moldeadas pueden alcanzar las propiedades mec\u00e1nicas b\u00e1sicas de sus normas de material, como una resistencia a la tracci\u00f3n no inferior a 485 MPa y un l\u00edmite el\u00e1stico no inferior a 170 MPa. El rendimiento real se optimizar\u00e1 gracias a la densidad de moldeo, el proceso y el tratamiento t\u00e9rmico posterior.<\/p>\n<h2><span style=\"font-size: 14pt;\">Informes<\/span><\/h2>\n<p>Cada lote se suministra con:<br \/>\n<span style=\"color: #0000ff;\"><a style=\"color: #0000ff;\" href=\"https:\/\/ulpmat.com\/es\/documentos\/certificado-de-analisis\/\">Certificado de an\u00e1lisis (COA)<\/a><\/span><\/p>\n<p><span style=\"color: #0000ff;\"><a style=\"color: #0000ff;\" href=\"https:\/\/ulpmat.com\/es\/documentos\/ficha-tecnica\/\">Ficha t\u00e9cnica (TDS)<\/a><\/span><\/p>\n<p><span style=\"color: #0000ff;\"><a style=\"color: #0000ff;\" href=\"https:\/\/ulpmat.com\/es\/documentos\/ficha-de-datos-de-seguridad\/\">Ficha de datos de seguridad (MSDS)<\/a><\/span><br \/>\nInformes de pruebas de terceros disponibles bajo petici\u00f3n<\/p>\n<h2><span style=\"font-size: 14pt;\">\u00bfPor qu\u00e9 elegirnos?<\/span><\/h2>\n<p>Nos centramos en la investigaci\u00f3n, el desarrollo y la producci\u00f3n de polvos met\u00e1licos de acero inoxidable de alta calidad, y comprendemos profundamente el rendimiento b\u00e1sico del material de polvo inoxidable 304L en diferentes escenarios de aplicaci\u00f3n. Mediante un control preciso de las materias primas y procesos optimizados de atomizaci\u00f3n y pulverizaci\u00f3n, garantizamos que el polvo tenga una alta esfericidad, un bajo contenido de impurezas y una excelente estabilidad de los lotes. Al elegirnos, obtendr\u00e1 productos fiables, asistencia t\u00e9cnica profesional y servicios de personalizaci\u00f3n flexibles, lo que garantizar\u00e1 conjuntamente el \u00e9xito de sus productos finales.<\/p>\n","protected":false},"excerpt":{"rendered":"<p>Descripci\u00f3n general del polvo de acero inoxidable 304L El polvo de acero inoxidable 304L es un polvo de acero inoxidable austen\u00edtico con bajo contenido en carbono, dise\u00f1ado espec\u00edficamente para aplicaciones de fabricaci\u00f3n aditiva y metalurgia de polvos que requieren una excelente resistencia a la corrosi\u00f3n y soldabilidad. Utilizamos tecnolog\u00eda de atomizaci\u00f3n avanzada para producir polvo [&hellip;]<\/p>\n","protected":false},"featured_media":53119,"template":"","meta":{"_acf_changed":false},"product_brand":[132],"product_cat":[1151],"product_tag":[8094],"class_list":{"0":"post-53118","1":"product","2":"type-product","3":"status-publish","4":"has-post-thumbnail","6":"product_brand-ulpmat","7":"product_cat-polvo-esferico-para-impresion-3d","8":"product_tag-polvo-esferico-de-acero-inoxidable-304l","10":"first","11":"instock","12":"shipping-taxable","13":"product-type-variable"},"acf":[],"_links":{"self":[{"href":"https:\/\/ulpmat.com\/es\/wp-json\/wp\/v2\/product\/53118","targetHints":{"allow":["GET"]}}],"collection":[{"href":"https:\/\/ulpmat.com\/es\/wp-json\/wp\/v2\/product"}],"about":[{"href":"https:\/\/ulpmat.com\/es\/wp-json\/wp\/v2\/types\/product"}],"wp:featuredmedia":[{"embeddable":true,"href":"https:\/\/ulpmat.com\/es\/wp-json\/wp\/v2\/media\/53119"}],"wp:attachment":[{"href":"https:\/\/ulpmat.com\/es\/wp-json\/wp\/v2\/media?parent=53118"}],"wp:term":[{"taxonomy":"product_brand","embeddable":true,"href":"https:\/\/ulpmat.com\/es\/wp-json\/wp\/v2\/product_brand?post=53118"},{"taxonomy":"product_cat","embeddable":true,"href":"https:\/\/ulpmat.com\/es\/wp-json\/wp\/v2\/product_cat?post=53118"},{"taxonomy":"product_tag","embeddable":true,"href":"https:\/\/ulpmat.com\/es\/wp-json\/wp\/v2\/product_tag?post=53118"}],"curies":[{"name":"wp","href":"https:\/\/api.w.org\/{rel}","templated":true}]}}