{"id":53030,"date":"2026-01-05T10:37:09","date_gmt":"2026-01-05T02:37:09","guid":{"rendered":"https:\/\/ulpmat.com\/product\/aleacion-de-hierro-cromo-y-aluminio\/"},"modified":"2026-01-05T10:37:09","modified_gmt":"2026-01-05T02:37:09","slug":"aleacion-de-hierro-cromo-y-aluminio","status":"publish","type":"product","link":"https:\/\/ulpmat.com\/es\/producto\/aleacion-de-hierro-cromo-y-aluminio\/","title":{"rendered":"Aleaci\u00f3n de hierro, cromo y aluminio"},"content":{"rendered":"<h2><span style=\"font-size: 14pt;\">Objetivos de pulverizaci\u00f3n de aleaci\u00f3n de hierro, cromo y aluminio <\/span><span style=\"font-size: 14pt;\">Descripci\u00f3n general<\/span><\/h2>\n<p>Los objetivos de pulverizaci\u00f3n de aleaci\u00f3n<br \/>\n<span style=\"color: #0000ff;\"><a style=\"color: #0000ff;\" href=\"https:\/\/ulpmat.com\/es\/buscar\/?type=name&#038;keyword=Iron+chromium+aluminum\">de hierro,<\/a><\/span><\/p>\n<p><span style=\"color: #0000ff;\"><a style=\"color: #0000ff;\" href=\"https:\/\/ulpmat.com\/es\/buscar\/?type=name&#038;keyword=Iron+chromium+aluminum\">cromo y aluminio<\/a><\/span><br \/>\nest\u00e1n fabricados con una aleaci\u00f3n ternaria de hierro, cromo y aluminio, dise\u00f1ada espec\u00edficamente para depositar pel\u00edculas delgadas funcionales con una excelente resistencia a la oxidaci\u00f3n y a la corrosi\u00f3n a altas temperaturas.<\/p>\n<p>Ofrecemos objetivos de aleaci\u00f3n de hierro, cromo y aluminio en diversas proporciones de composici\u00f3n y tama\u00f1os, y admitimos <span style=\"color: #0000ff;\"><a style=\"color: #0000ff;\" href=\"https:\/\/ulpmat.com\/es\/servicio\/vinculacion-de-objetivos\/\">la uni\u00f3n<\/a><\/span><br \/>\nde placas posteriores y el procesamiento personalizado. Aceptamos <span style=\"color: #0000ff;\"><a style=\"color: #0000ff;\" href=\"https:\/\/ulpmat.com\/es\/contacto\/\">consultas<\/a><\/span><br \/>\nsobre soluciones personalizadas.<\/p>\n<h2><span style=\"font-size: 14pt;\">Caracter\u00edsticas destacadas del producto<\/span><\/h2>\n<p>Excelente rendimiento a altas temperaturas.<br \/>\nFuerte resistencia a la oxidaci\u00f3n.<br \/>\nComposici\u00f3n flexible y ajustable.<br \/>\nEstructura densa y uniforme.<br \/>\nLarga vida \u00fatil<\/p>\n<h2><span style=\"font-size: 14pt;\">. Aplicaciones de los blancos de pulverizaci\u00f3n de aleaci\u00f3n de hierro, cromo y aluminio<\/span><\/h2>\n<p>Recubrimientos protectores para altas temperaturas: se utilizan para componentes cr\u00edticos de alta temperatura, como \u00e1labes de motores aeron\u00e1uticos y rodillos de hornos industriales. La pel\u00edcula depositada bloquea eficazmente el ox\u00edgeno, lo que prolonga significativamente la vida \u00fatil del sustrato en entornos de temperaturas extremadamente altas.<\/p>\n<p>Pel\u00edculas finas funcionales resistentes a la corrosi\u00f3n: en el tratamiento de superficies de equipos qu\u00edmicos y marinos, la pulverizaci\u00f3n forma pel\u00edculas finas densas que proporcionan una fuerte protecci\u00f3n contra la corrosi\u00f3n por \u00e1cidos, \u00e1lcalis y salpicaduras de sal para el sustrato.<\/p>\n<p>Pel\u00edculas finas electrotermales y resistivas: debido a la excelente estabilidad resistiva de la aleaci\u00f3n, se utiliza para preparar capas resistivas de pel\u00edcula fina para elementos electrotermales de alto rendimiento, resistencias de precisi\u00f3n y dispositivos semiconductores.<\/p>\n<p>Recubrimiento reforzado y resistente al desgaste: aplicada a las superficies de trabajo de herramientas de corte y moldes, la pel\u00edcula de aleaci\u00f3n resultante mejora significativamente la dureza de la superficie, la resistencia al desgaste y las propiedades antiadherentes.<\/p>\n<h2><span style=\"color: #0000ff;\"><a style=\"color: #0000ff;\" href=\"https:\/\/ulpmat.com\/es\/empresa\/preguntas-frecuentes\/\"><span style=\"font-size: 14pt;\">Preguntas frecuentes<\/span><\/a><\/span><\/h2>\n<p>P1: \u00bfCu\u00e1les son las ventajas de los blancos de pulverizaci\u00f3n de hierro, cromo y aluminio en comparaci\u00f3n con los blancos de metal puro?<br \/>\nR1: Los blancos de aleaci\u00f3n pueden depositar una pel\u00edcula compuesta de composici\u00f3n uniforme en una sola operaci\u00f3n de pulverizaci\u00f3n, lo que elimina la necesidad de complejos procesos de recubrimiento multicapa. El rendimiento general de la pel\u00edcula (como la resistencia a la oxidaci\u00f3n a altas temperaturas) tambi\u00e9n es superior al de las pel\u00edculas de un solo metal.<\/p>\n<p>P2: \u00bfC\u00f3mo selecciono el tama\u00f1o de objetivo adecuado para mi equipo?<br \/>\nR2: Podemos proporcionar varias formas est\u00e1ndar, como redondas y rectangulares, y tambi\u00e9n admitimos personalizaciones no est\u00e1ndar. Proporcione el modelo de su equipo de pulverizaci\u00f3n o el dibujo del soporte del objetivo y le recomendaremos las especificaciones m\u00e1s adecuadas.<\/p>\n<p>P3: \u00bfC\u00f3mo se eval\u00faa normalmente la \u00abvida \u00fatil\u00bb de un objetivo?<br \/>\nR3: La vida \u00fatil se ve afectada principalmente por la potencia del proceso de pulverizaci\u00f3n, la tasa de utilizaci\u00f3n y la densidad inicial del objetivo. Garantizamos una alta densidad del objetivo mediante procesos como el prensado isost\u00e1tico en caliente, lo que prolonga su vida \u00fatil.<\/p>\n<p>P4: \u00bfQu\u00e9 efecto tienen los diferentes contenidos de cromo y aluminio en el rendimiento de la pel\u00edcula?<br \/>\nR4: El contenido de cromo mejora principalmente la resistencia a la corrosi\u00f3n, mientras que el contenido de aluminio domina la resistencia a la oxidaci\u00f3n a altas temperaturas. Podemos ajustar y proporcionar la proporci\u00f3n \u00f3ptima de aleaci\u00f3n en funci\u00f3n de sus prioridades de rendimiento.<\/p>\n<h2><span style=\"font-size: 14pt;\">Informes<\/span><\/h2>\n<p>Cada lote se suministra con:<br \/>\n<span style=\"color: #0000ff;\"><a style=\"color: #0000ff;\" href=\"https:\/\/ulpmat.com\/es\/documentos\/certificado-de-analisis\/\">Certificado de an\u00e1lisis (COA)<\/a><\/span><\/p>\n<p><span style=\"color: #0000ff;\"><a style=\"color: #0000ff;\" href=\"https:\/\/ulpmat.com\/es\/documentos\/ficha-tecnica\/\">Ficha t\u00e9cnica (TDS)<\/a><\/span><\/p>\n<p><span style=\"color: #0000ff;\"><a style=\"color: #0000ff;\" href=\"https:\/\/ulpmat.com\/es\/documentos\/ficha-de-datos-de-seguridad\/\">Ficha de datos de seguridad (MSDS)<\/a><\/span><br \/>\nInforme de inspecci\u00f3n de tama\u00f1o<br \/>\nInformes de pruebas de terceros disponibles bajo petici\u00f3n<\/p>\n<h2><span style=\"font-size: 14pt;\">. \u00bfPor qu\u00e9 elegirnos?<\/span><\/h2>\n<p>Nos especializamos en blancos de pulverizaci\u00f3n de aleaci\u00f3n FeCrAl de alto rendimiento, no solo controlando con precisi\u00f3n la composici\u00f3n del material para satisfacer los diversos requisitos de rendimiento de las pel\u00edculas delgadas, sino tambi\u00e9n garantizando una alta densidad y uniformidad mediante tecnolog\u00edas avanzadas de conformado y procesamiento. Nos comprometemos a proporcionar un apoyo t\u00e9cnico profesional en la selecci\u00f3n y servicios personalizados fiables, lo que nos convierte en su socio de confianza para soluciones de materiales.<\/p>\n","protected":false},"excerpt":{"rendered":"<p>Objetivos de pulverizaci\u00f3n de aleaci\u00f3n de hierro, cromo y aluminio Descripci\u00f3n general Los objetivos de pulverizaci\u00f3n de aleaci\u00f3n de hierro, cromo y aluminio est\u00e1n fabricados con una aleaci\u00f3n ternaria de hierro, cromo y aluminio, dise\u00f1ada espec\u00edficamente para depositar pel\u00edculas delgadas funcionales con una excelente resistencia a la oxidaci\u00f3n y a la corrosi\u00f3n a altas temperaturas. [&hellip;]<\/p>\n","protected":false},"featured_media":53031,"template":"","meta":{"_acf_changed":false},"product_brand":[132],"product_cat":[570],"product_tag":[392,8070],"class_list":{"0":"post-53030","1":"product","2":"type-product","3":"status-publish","4":"has-post-thumbnail","6":"product_brand-ulpmat","7":"product_cat-catodos-para-sputtering-de-aleaciones","8":"product_tag-blanco-para-sputtering","9":"product_tag-catodos-para-sputtering-de-aleacion-de-hierro-cromo-y-aluminio","11":"first","12":"instock","13":"shipping-taxable","14":"product-type-variable"},"acf":[],"_links":{"self":[{"href":"https:\/\/ulpmat.com\/es\/wp-json\/wp\/v2\/product\/53030","targetHints":{"allow":["GET"]}}],"collection":[{"href":"https:\/\/ulpmat.com\/es\/wp-json\/wp\/v2\/product"}],"about":[{"href":"https:\/\/ulpmat.com\/es\/wp-json\/wp\/v2\/types\/product"}],"wp:featuredmedia":[{"embeddable":true,"href":"https:\/\/ulpmat.com\/es\/wp-json\/wp\/v2\/media\/53031"}],"wp:attachment":[{"href":"https:\/\/ulpmat.com\/es\/wp-json\/wp\/v2\/media?parent=53030"}],"wp:term":[{"taxonomy":"product_brand","embeddable":true,"href":"https:\/\/ulpmat.com\/es\/wp-json\/wp\/v2\/product_brand?post=53030"},{"taxonomy":"product_cat","embeddable":true,"href":"https:\/\/ulpmat.com\/es\/wp-json\/wp\/v2\/product_cat?post=53030"},{"taxonomy":"product_tag","embeddable":true,"href":"https:\/\/ulpmat.com\/es\/wp-json\/wp\/v2\/product_tag?post=53030"}],"curies":[{"name":"wp","href":"https:\/\/api.w.org\/{rel}","templated":true}]}}