{"id":52994,"date":"2026-01-05T10:37:09","date_gmt":"2026-01-05T02:37:09","guid":{"rendered":"https:\/\/ulpmat.com\/product\/aleacion-de-hierro-y-galio-2\/"},"modified":"2026-01-05T10:37:09","modified_gmt":"2026-01-05T02:37:09","slug":"aleacion-de-hierro-y-galio-2","status":"publish","type":"product","link":"https:\/\/ulpmat.com\/es\/producto\/aleacion-de-hierro-y-galio-2\/","title":{"rendered":"Aleaci\u00f3n de hierro y galio"},"content":{"rendered":"<h2><span style=\"font-size: 14pt;\">Descripci\u00f3n general de los gr\u00e1nulos de aleaci\u00f3n <\/span><span style=\"font-size: 14pt;\">de hierro <\/span><span style=\"font-size: 14pt;\">y galio<\/span><\/h2>\n<p>Los gr\u00e1nulos<br \/>\n<span style=\"color: #0000ff;\"><a style=\"color: #0000ff;\" href=\"https:\/\/ulpmat.com\/es\/buscar\/?type=name&#038;keyword=Iron+gallium+alloy\">de aleaci\u00f3n de hierro y galio<\/a><\/span><br \/>\nson materiales funcionales con excelentes propiedades magnetostrictivas, utilizados principalmente en la fabricaci\u00f3n de sensores, actuadores y transductores de alto rendimiento.<\/p>\n<p>Suministramos gr\u00e1nulos de aleaci\u00f3n de galio y hierro de alta pureza y ofrecemos tama\u00f1os de part\u00edculas y proporciones de composici\u00f3n <span style=\"color: #0000ff;\"><a style=\"color: #0000ff;\" href=\"https:\/\/ulpmat.com\/es\/servicio\/personalizacion\/\">personalizados<\/a><\/span><br \/>\n. P\u00f3ngase <span style=\"color: #0000ff;\"><a style=\"color: #0000ff;\" href=\"https:\/\/ulpmat.com\/es\/contacto\/\">en contacto con nosotros<\/a><\/span><br \/>\npara obtener muestras y par\u00e1metros espec\u00edficos.<\/p>\n<h2><span style=\"font-size: 14pt;\">Caracter\u00edsticas destacadas del producto<\/span><\/h2>\n<p>Fuertes propiedades magnetoestrictivas<br \/>\nAlta eficiencia de conversi\u00f3n de energ\u00eda<br \/>\nVelocidad de respuesta r\u00e1pida<br \/>\nRendimiento estable y fiable<\/p>\n<h2><span style=\"font-size: 14pt;\">Aplicaciones de los gr\u00e1nulos de aleaci\u00f3n de galio y hierro<\/span><\/h2>\n<p>Detecci\u00f3n y control de precisi\u00f3n: se utilizan en la fabricaci\u00f3n de sensores de par de alta precisi\u00f3n, elementos de detecci\u00f3n de tensi\u00f3n y controladores de microdesplazamiento. Su efecto magnetoestrictivo permite una medici\u00f3n y un control precisos y sin contacto.<\/p>\n<p>Equipos ultras\u00f3nicos y de vibraci\u00f3n: como material impulsor principal, se aplica en sonares, limpieza ultras\u00f3nica, im\u00e1genes m\u00e9dicas por ultrasonidos y dispositivos de recolecci\u00f3n de energ\u00eda de vibraci\u00f3n, logrando una conversi\u00f3n electromec\u00e1nica de energ\u00eda eficiente.<\/p>\n<p>Amortiguaci\u00f3n activa de vibraciones y reducci\u00f3n de ruido: se utiliza en estructuras inteligentes de m\u00e1quinas herramienta de precisi\u00f3n y veh\u00edculos aeroespaciales, suprimiendo eficazmente las vibraciones y el ruido del sistema mediante la generaci\u00f3n de vibraciones inversas en tiempo real.<\/p>\n<p>Dispositivos inteligentes avanzados: uno de los materiales clave para las unidades de accionamiento centrales en el desarrollo de nuevos sistemas microelectromec\u00e1nicos, memorias magn\u00e9ticas y dispositivos \u00f3pticos adaptativos.<\/p>\n<h2><span style=\"color: #0000ff;\"><a style=\"color: #0000ff;\" href=\"https:\/\/ulpmat.com\/es\/empresa\/preguntas-frecuentes\/\"><span style=\"font-size: 14pt;\">Preguntas frecuentes<\/span><\/a><\/span><\/h2>\n<p>P1: \u00bfQu\u00e9 es el \u00abcoeficiente de magnetostricci\u00f3n\u00bb?<br \/>\nR1: Mide el grado en que un material cambia de longitud en un campo magn\u00e9tico. Nuestras part\u00edculas de aleaci\u00f3n de FeGa tienen un coeficiente de magnetostricci\u00f3n de saturaci\u00f3n muy alto, lo que significa que incluso un cambio d\u00e9bil en el campo magn\u00e9tico puede producir una deformaci\u00f3n o una fuerza de salida significativas.<\/p>\n<p>P2: \u00bfLa temperatura afecta significativamente a las propiedades del material?<br \/>\nR2: Tiene cierto efecto. Las propiedades magnetostrictivas cambian con la temperatura. Podemos proporcionar aleaciones con composiciones optimizadas para equilibrar el rendimiento y la estabilidad t\u00e9rmica, en funci\u00f3n del rango de temperatura de su aplicaci\u00f3n.<\/p>\n<p>P3: \u00bfQu\u00e9 formas y tama\u00f1os de part\u00edculas hay disponibles?<br \/>\nR3: Principalmente proporcionamos part\u00edculas de forma irregular, pero tambi\u00e9n podemos ofrecer productos personalizados de tama\u00f1os espec\u00edficos en funci\u00f3n de los requisitos de fusi\u00f3n o procesamiento posteriores.<\/p>\n<p>P4: \u00bfC\u00f3mo se puede evitar la oxidaci\u00f3n durante el uso?<br \/>\nR4: Los gr\u00e1nulos de aleaci\u00f3n de galio y hierro son relativamente estables en el aire, pero se recomienda almacenarlos en un entorno seco. La fusi\u00f3n o el procesamiento a alta temperatura deben realizarse en un entorno de gas inerte o al vac\u00edo para evitar una oxidaci\u00f3n excesiva de la superficie.<\/p>\n<h2><span style=\"font-size: 14pt;\">Informes<\/span><\/h2>\n<p>Cada lote se suministra con:<br \/>\n<span style=\"color: #0000ff;\"><a style=\"color: #0000ff;\" href=\"https:\/\/ulpmat.com\/es\/documentos\/certificado-de-analisis\/\">Certificado de an\u00e1lisis (COA)<\/a><\/span><\/p>\n<p><span style=\"color: #0000ff;\"><a style=\"color: #0000ff;\" href=\"https:\/\/ulpmat.com\/es\/documentos\/ficha-tecnica\/\">Ficha t\u00e9cnica (TDS)<\/a><\/span><\/p>\n<p><span style=\"color: #0000ff;\"><a style=\"color: #0000ff;\" href=\"https:\/\/ulpmat.com\/es\/documentos\/ficha-de-datos-de-seguridad\/\">Ficha de datos de seguridad (MSDS)<\/a><\/span><br \/>\nInforme de inspecci\u00f3n de tama\u00f1o<br \/>\nInformes de pruebas de terceros disponibles bajo petici\u00f3n<\/p>\n<h2><span style=\"font-size: 14pt;\">. \u00bfPor qu\u00e9 elegirnos?<\/span><\/h2>\n<p>Nos centramos en la investigaci\u00f3n, el desarrollo y la producci\u00f3n de materiales funcionales magn\u00e9ticos de alto rendimiento, y comprendemos profundamente el papel fundamental que desempe\u00f1an las aleaciones de FeGa en los dispositivos inteligentes. Mediante un control metal\u00fargico preciso, garantizamos una composici\u00f3n uniforme del material y un rendimiento constante. Si nos elige, le proporcionaremos asistencia t\u00e9cnica profesional y soluciones de materiales fiables para ayudarle en el desarrollo de productos avanzados.<\/p>\n","protected":false},"excerpt":{"rendered":"<p>Descripci\u00f3n general de los gr\u00e1nulos de aleaci\u00f3n de hierro y galio Los gr\u00e1nulos de aleaci\u00f3n de hierro y galio son materiales funcionales con excelentes propiedades magnetostrictivas, utilizados principalmente en la fabricaci\u00f3n de sensores, actuadores y transductores de alto rendimiento. Suministramos gr\u00e1nulos de aleaci\u00f3n de galio y hierro de alta pureza y ofrecemos tama\u00f1os de part\u00edculas [&hellip;]<\/p>\n","protected":false},"featured_media":52995,"template":"","meta":{"_acf_changed":false},"product_brand":[132],"product_cat":[340],"product_tag":[8058],"class_list":{"0":"post-52994","1":"product","2":"type-product","3":"status-publish","4":"has-post-thumbnail","6":"product_brand-ulpmat","7":"product_cat-materiales-de-evaporacion","8":"product_tag-granulos-de-aleacion-de-hierro-y-galio","10":"first","11":"instock","12":"shipping-taxable","13":"product-type-variable"},"acf":[],"_links":{"self":[{"href":"https:\/\/ulpmat.com\/es\/wp-json\/wp\/v2\/product\/52994","targetHints":{"allow":["GET"]}}],"collection":[{"href":"https:\/\/ulpmat.com\/es\/wp-json\/wp\/v2\/product"}],"about":[{"href":"https:\/\/ulpmat.com\/es\/wp-json\/wp\/v2\/types\/product"}],"wp:featuredmedia":[{"embeddable":true,"href":"https:\/\/ulpmat.com\/es\/wp-json\/wp\/v2\/media\/52995"}],"wp:attachment":[{"href":"https:\/\/ulpmat.com\/es\/wp-json\/wp\/v2\/media?parent=52994"}],"wp:term":[{"taxonomy":"product_brand","embeddable":true,"href":"https:\/\/ulpmat.com\/es\/wp-json\/wp\/v2\/product_brand?post=52994"},{"taxonomy":"product_cat","embeddable":true,"href":"https:\/\/ulpmat.com\/es\/wp-json\/wp\/v2\/product_cat?post=52994"},{"taxonomy":"product_tag","embeddable":true,"href":"https:\/\/ulpmat.com\/es\/wp-json\/wp\/v2\/product_tag?post=52994"}],"curies":[{"name":"wp","href":"https:\/\/api.w.org\/{rel}","templated":true}]}}