{"id":52976,"date":"2026-01-05T10:37:10","date_gmt":"2026-01-05T02:37:10","guid":{"rendered":"https:\/\/ulpmat.com\/product\/aleacion-de-hierro-y-galio\/"},"modified":"2026-01-05T10:37:10","modified_gmt":"2026-01-05T02:37:10","slug":"aleacion-de-hierro-y-galio","status":"publish","type":"product","link":"https:\/\/ulpmat.com\/es\/producto\/aleacion-de-hierro-y-galio\/","title":{"rendered":"Aleaci\u00f3n de hierro y galio"},"content":{"rendered":"<h2><span style=\"font-size: 14pt;\">Objetivos de pulverizaci\u00f3n de aleaci\u00f3n de hierro y galio <\/span><span style=\"font-size: 14pt;\">Descripci\u00f3n general<\/span><\/h2>\n<p>Los objetivos de pulverizaci\u00f3n de aleaci\u00f3n<br \/>\n<span style=\"color: #0000ff;\"><a style=\"color: #0000ff;\" href=\"https:\/\/ulpmat.com\/es\/buscar\/?type=name&#038;keyword=Iron+gallium\">de hierro y galio<\/a><\/span><br \/>\nest\u00e1n dise\u00f1ados espec\u00edficamente para preparar pel\u00edculas delgadas funcionales con propiedades magnetostrictivas de alto rendimiento mediante deposici\u00f3n f\u00edsica de vapor (PVD).<\/p>\n<p>Ofrecemos objetivos de aleaci\u00f3n FeGa en diversas proporciones de composici\u00f3n y especificaciones, y ofrecemos servicios personalizados, como <span style=\"color: #0000ff;\"><a style=\"color: #0000ff;\" href=\"https:\/\/ulpmat.com\/es\/servicio\/vinculacion-de-objetivos\/\">la uni\u00f3n<\/a><\/span><br \/>\nde placas base. <span style=\"color: #0000ff;\"><a style=\"color: #0000ff;\" href=\"https:\/\/ulpmat.com\/es\/contacto\/\">Consulte<\/a><\/span><br \/>\nsus requisitos espec\u00edficos.<\/p>\n<h2><span style=\"font-size: 14pt;\">Caracter\u00edsticas destacadas del producto<\/span><\/h2>\n<p>Fuertes propiedades magnetoestrictivas<br \/>\nComposici\u00f3n de la pel\u00edcula delgada controlable con precisi\u00f3n<br \/>\nBaja coercitividad y buen magnetismo blando<br \/>\nEstructura del objetivo densa y uniforme<br \/>\nComposici\u00f3n de aleaci\u00f3n personalizada compatible<\/p>\n<h2><span style=\"font-size: 14pt;\">Aplicaciones de los objetivos de pulverizaci\u00f3n de aleaci\u00f3n de FeGa<\/span><\/h2>\n<p>Sensores de alto rendimiento: se utilizan para depositar pel\u00edculas delgadas magnetoestrictivas con el fin de fabricar sensores de corriente, campo magn\u00e9tico o tensi\u00f3n altamente sensibles para mediciones precisas.<br \/>\nDispositivos de acoplamiento magnetoel\u00e9ctrico: como capa magnetostrictiva clave, combinada con materiales piezoel\u00e9ctricos, se utiliza para fabricar dispositivos de microondas y celdas de memoria de baja potencia y alta sensibilidad de \u00faltima generaci\u00f3n.<br \/>\nDispositivos microelectr\u00f3nicos de alta frecuencia: las pel\u00edculas delgadas fabricadas se pueden utilizar como capas funcionales centrales en componentes electr\u00f3nicos avanzados, como microantenas integradas y filtros de alta frecuencia.<br \/>\nDispositivos biom\u00e9dicos: los dispositivos desarrollados a partir de sus pel\u00edculas delgadas funcionales tienen potencial de aplicaci\u00f3n en medicina de precisi\u00f3n, tecnolog\u00edas de tratamiento novedosas y otros campos.<\/p>\n<h2><span style=\"color: #0000ff;\"><a style=\"color: #0000ff;\" href=\"https:\/\/ulpmat.com\/es\/empresa\/preguntas-frecuentes\/\"><span style=\"font-size: 14pt;\">Preguntas frecuentes<\/span><\/a><\/span><\/h2>\n<p>P1: \u00bfC\u00f3mo puedo asegurarme de que la composici\u00f3n de la pel\u00edcula pulverizada sea coherente con la del objetivo?<br \/>\nR1: Empleamos procesos avanzados de fundici\u00f3n y conformado para garantizar una composici\u00f3n uniforme del objetivo. Para requisitos de precisi\u00f3n extremadamente altos, podemos proporcionar orientaci\u00f3n sobre el proceso, lo que permite ajustar con precisi\u00f3n la composici\u00f3n de la pel\u00edcula durante la pulverizaci\u00f3n mediante m\u00e9todos como parches precolocados.<\/p>\n<p>P2: \u00bfQu\u00e9 proceso de pulverizaci\u00f3n se recomienda para los objetivos de hierro y galio?<br \/>\nR2: La pulverizaci\u00f3n por magnetr\u00f3n de radiofrecuencia (RF) es un m\u00e9todo maduro y de uso com\u00fan que deposita eficazmente pel\u00edculas delgadas de aleaci\u00f3n. Podemos proporcionar referencias b\u00e1sicas sobre los par\u00e1metros del proceso en funci\u00f3n de su equipo.<\/p>\n<p>P3: \u00bfCu\u00e1les son las ventajas de rendimiento de las pel\u00edculas delgadas de hierro y galio?<br \/>\nR3: Su principal ventaja radica en la combinaci\u00f3n de un alto coeficiente de magnetostricci\u00f3n y buenas propiedades magn\u00e9ticas blandas (baja coercitividad), lo que permite que los dispositivos posean una alta sensibilidad y un bajo consumo de energ\u00eda de accionamiento.<\/p>\n<p>P4: \u00bfCu\u00e1les son las precauciones para el almacenamiento y uso de los blancos?<br \/>\nR4: Se recomienda almacenarlos en un entorno seco y limpio. Durante su uso, aseg\u00farese de que el blanco est\u00e9 instalado correctamente, evite los cortocircuitos y siga los procedimientos de limpieza e inspecci\u00f3n previos a la pulverizaci\u00f3n especificados por el equipo.<\/p>\n<h2><span style=\"font-size: 14pt;\">Informes<\/span><\/h2>\n<p>Cada lote se suministra con:<br \/>\n<span style=\"color: #0000ff;\"><a style=\"color: #0000ff;\" href=\"https:\/\/ulpmat.com\/es\/documentos\/certificado-de-analisis\/\">Certificado de an\u00e1lisis (COA)<\/a><\/span><\/p>\n<p><span style=\"color: #0000ff;\"><a style=\"color: #0000ff;\" href=\"https:\/\/ulpmat.com\/es\/documentos\/ficha-tecnica\/\">Ficha t\u00e9cnica (TDS)<\/a><\/span><\/p>\n<p><span style=\"color: #0000ff;\"><a style=\"color: #0000ff;\" href=\"https:\/\/ulpmat.com\/es\/documentos\/ficha-de-datos-de-seguridad\/\">Ficha de datos de seguridad (MSDS)<\/a><\/span><br \/>\nInforme de inspecci\u00f3n de tama\u00f1o<br \/>\nInformes de pruebas de terceros disponibles bajo petici\u00f3n<\/p>\n<h2><span style=\"font-size: 14pt;\">. \u00bfPor qu\u00e9 elegirnos?<\/span><\/h2>\n<p>Nos especializamos en la investigaci\u00f3n, el desarrollo y la preparaci\u00f3n de blancos de pulverizaci\u00f3n de aleaciones de alto rendimiento, y poseemos un profundo conocimiento de las aplicaciones principales de materiales funcionales como la aleaci\u00f3n de hierro y galio en dispositivos de vanguardia. Mediante un control preciso de todo el proceso de fundici\u00f3n y procesamiento, garantizamos una composici\u00f3n precisa del blanco, una estructura densa y un rendimiento estable.<\/p>\n","protected":false},"excerpt":{"rendered":"<p>Objetivos de pulverizaci\u00f3n de aleaci\u00f3n de hierro y galio Descripci\u00f3n general Los objetivos de pulverizaci\u00f3n de aleaci\u00f3n de hierro y galio est\u00e1n dise\u00f1ados espec\u00edficamente para preparar pel\u00edculas delgadas funcionales con propiedades magnetostrictivas de alto rendimiento mediante deposici\u00f3n f\u00edsica de vapor (PVD). Ofrecemos objetivos de aleaci\u00f3n FeGa en diversas proporciones de composici\u00f3n y especificaciones, y ofrecemos [&hellip;]<\/p>\n","protected":false},"featured_media":52977,"template":"","meta":{"_acf_changed":false},"product_brand":[132],"product_cat":[570],"product_tag":[392,8052],"class_list":{"0":"post-52976","1":"product","2":"type-product","3":"status-publish","4":"has-post-thumbnail","6":"product_brand-ulpmat","7":"product_cat-catodos-para-sputtering-de-aleaciones","8":"product_tag-blanco-para-sputtering","9":"product_tag-catodos-para-sputtering-de-aleaciones-de-hierro-y-galio","11":"first","12":"instock","13":"shipping-taxable","14":"product-type-variable"},"acf":[],"_links":{"self":[{"href":"https:\/\/ulpmat.com\/es\/wp-json\/wp\/v2\/product\/52976","targetHints":{"allow":["GET"]}}],"collection":[{"href":"https:\/\/ulpmat.com\/es\/wp-json\/wp\/v2\/product"}],"about":[{"href":"https:\/\/ulpmat.com\/es\/wp-json\/wp\/v2\/types\/product"}],"wp:featuredmedia":[{"embeddable":true,"href":"https:\/\/ulpmat.com\/es\/wp-json\/wp\/v2\/media\/52977"}],"wp:attachment":[{"href":"https:\/\/ulpmat.com\/es\/wp-json\/wp\/v2\/media?parent=52976"}],"wp:term":[{"taxonomy":"product_brand","embeddable":true,"href":"https:\/\/ulpmat.com\/es\/wp-json\/wp\/v2\/product_brand?post=52976"},{"taxonomy":"product_cat","embeddable":true,"href":"https:\/\/ulpmat.com\/es\/wp-json\/wp\/v2\/product_cat?post=52976"},{"taxonomy":"product_tag","embeddable":true,"href":"https:\/\/ulpmat.com\/es\/wp-json\/wp\/v2\/product_tag?post=52976"}],"curies":[{"name":"wp","href":"https:\/\/api.w.org\/{rel}","templated":true}]}}