{"id":52958,"date":"2026-01-05T10:37:10","date_gmt":"2026-01-05T02:37:10","guid":{"rendered":"https:\/\/ulpmat.com\/product\/hierro-galio-boro\/"},"modified":"2026-01-05T10:37:10","modified_gmt":"2026-01-05T02:37:10","slug":"hierro-galio-boro","status":"publish","type":"product","link":"https:\/\/ulpmat.com\/es\/producto\/hierro-galio-boro\/","title":{"rendered":"Hierro Galio Boro"},"content":{"rendered":"<h2><span style=\"font-size: 14pt;\">Objetivos de pulverizaci\u00f3n de aleaci\u00f3n de hierro, galio y boro Descripci\u00f3n general<\/span><\/h2>\n<p>Los objetivos de pulverizaci\u00f3n<br \/>\n<span style=\"color: #0000ff;\"><a style=\"color: #0000ff;\" href=\"https:\/\/ulpmat.com\/es\/buscar\/?type=name&#038;keyword=Iron+Gallium+Boron\">de hierro, galio y boro<\/a><\/span><br \/>\nson objetivos de pulverizaci\u00f3n de aleaci\u00f3n ternaria, dise\u00f1ados espec\u00edficamente como materiales de fuente de pulverizaci\u00f3n central para preparar pel\u00edculas delgadas magn\u00e9ticas blandas de alto rendimiento y recubrimientos funcionales magnetoel\u00e9ctricos.<\/p>\n<p>Ofrecemos objetivos de aleaci\u00f3n de hierro, galio y boro con una composici\u00f3n precisa y diversas especificaciones, y admitimos <span style=\"color: #0000ff;\"><a style=\"color: #0000ff;\" href=\"https:\/\/ulpmat.com\/es\/servicio\/vinculacion-de-objetivos\/\">la uni\u00f3n<\/a><\/span><br \/>\nde placas base personalizadas. P\u00f3ngase <span style=\"color: #0000ff;\"><a style=\"color: #0000ff;\" href=\"https:\/\/ulpmat.com\/es\/contacto\/\">en contacto con nosotros<\/a><\/span><br \/>\npara obtener soluciones t\u00e9cnicas detalladas.<\/p>\n<h2><span style=\"font-size: 14pt;\">Caracter\u00edsticas destacadas del producto<\/span><\/h2>\n<p>Composici\u00f3n precisa de la aleaci\u00f3n.<br \/>\nEstructura densa y uniforme.<br \/>\nExcelentes propiedades magn\u00e9ticas.<br \/>\nAlta estabilidad de pulverizaci\u00f3n. Placa base y uni\u00f3n<br \/>\n<span style=\"color: #0000ff;\"><a style=\"color: #0000ff;\" href=\"https:\/\/ulpmat.com\/es\/servicio\/personalizacion\/\">personalizables.<\/a><\/span><\/p>\n<h2><span style=\"font-size: 14pt;\">Aplicaciones de los blancos de pulverizaci\u00f3n de hierro-galio-boro<\/span><\/h2>\n<p>Dispositivos de comunicaci\u00f3n por microondas: se utilizan para preparar pel\u00edculas delgadas magn\u00e9ticas blandas en dispositivos como inductores de alta frecuencia y aisladores de microondas, satisfaciendo las demandas de miniaturizaci\u00f3n y alto rendimiento de las comunicaciones modernas.<\/p>\n<p>Sensores magn\u00e9ticos de precisi\u00f3n: como fuente principal de pulverizaci\u00f3n, depositan pel\u00edculas delgadas magnetorresistivas o magnetostrictivas de alta sensibilidad, ampliamente utilizadas en la detecci\u00f3n de corriente, la detecci\u00f3n biomagn\u00e9tica y otros campos.<\/p>\n<p>Almacenamiento avanzado de datos: se utilizan para fabricar capas funcionales magn\u00e9ticas clave en cabezales de escritura o memorias magn\u00e9ticas de acceso aleatorio (MRAM), lo que ayuda a mejorar la densidad y la velocidad de almacenamiento.<\/p>\n<p>Ingenier\u00eda de superficies inteligente: esta tecnolog\u00eda utiliza la pulverizaci\u00f3n para crear recubrimientos compuestos en componentes de precisi\u00f3n, combinando la resistencia al desgaste con propiedades magn\u00e9ticas espec\u00edficas para mejorar el rendimiento general del producto.<\/p>\n<h2><span style=\"color: #0000ff;\"><a style=\"color: #0000ff;\" href=\"https:\/\/ulpmat.com\/es\/empresa\/preguntas-frecuentes\/\"><span style=\"font-size: 14pt;\">Preguntas frecuentes<\/span><\/a><\/span><\/h2>\n<p>P1: \u00bfEs alta la permeabilidad de los blancos de hierro, galio y boro (FeGaB)? \u00bfAfecta a la pulverizaci\u00f3n magnetr\u00f3nica?<br \/>\nR1: Esta aleaci\u00f3n tiene una alta permeabilidad. En la pulverizaci\u00f3n magnetr\u00f3nica, esto puede blindar el campo magn\u00e9tico en cierta medida. Garantizamos un funcionamiento estable en sistemas de pulverizaci\u00f3n cat\u00f3dica por magnetr\u00f3n de alto rendimiento optimizando el espesor del objetivo y el dise\u00f1o del circuito magn\u00e9tico.<\/p>\n<p>P2: \u00bfC\u00f3mo se garantiza que las propiedades magn\u00e9ticas de la pel\u00edcula pulverizada cumplan con las expectativas?<br \/>\nR2: Las propiedades magn\u00e9ticas de la pel\u00edcula dependen de la composici\u00f3n del objetivo, la pureza y el proceso de pulverizaci\u00f3n. Proporcionamos objetivos de alta pureza con una composici\u00f3n precisa y podemos ofrecer orientaci\u00f3n sobre los par\u00e1metros clave del proceso (como la potencia y la presi\u00f3n del gas) para garantizar el rendimiento de la pel\u00edcula.<\/p>\n<p>P3: \u00bfQu\u00e9 consideraciones especiales hay que tener en cuenta durante la instalaci\u00f3n del objetivo?<br \/>\nR3: La clave de la instalaci\u00f3n es garantizar una buena conductividad t\u00e9rmica y un contacto firme entre el objetivo y la placa de refrigeraci\u00f3n. Una instalaci\u00f3n incorrecta puede provocar una mala disipaci\u00f3n del calor, lo que podr\u00eda causar grietas en el objetivo o una degradaci\u00f3n del rendimiento.<\/p>\n<p>P4: \u00bfSon los objetivos de pulverizaci\u00f3n de aleaci\u00f3n de hierro, galio y boro adecuados para la pulverizaci\u00f3n reactiva?<br \/>\nR4: S\u00ed. La pulverizaci\u00f3n reactiva en una atm\u00f3sfera mixta de arg\u00f3n y nitr\u00f3geno u ox\u00edgeno puede producir pel\u00edculas delgadas compuestas, como nitruro de hierro, galio y boro u \u00f3xido de hierro, galio y boro, para ampliar sus aplicaciones funcionales.<\/p>\n<h2><span style=\"font-size: 14pt;\">Informes<\/span><\/h2>\n<p>Cada lote se suministra con:<br \/>\n<span style=\"color: #0000ff;\"><a style=\"color: #0000ff;\" href=\"https:\/\/ulpmat.com\/es\/documentos\/certificado-de-analisis\/\">Certificado de an\u00e1lisis (COA)<\/a><\/span><\/p>\n<p><span style=\"color: #0000ff;\"><a style=\"color: #0000ff;\" href=\"https:\/\/ulpmat.com\/es\/documentos\/ficha-tecnica\/\">Ficha t\u00e9cnica (TDS)<\/a><\/span><\/p>\n<p><span style=\"color: #0000ff;\"><a style=\"color: #0000ff;\" href=\"https:\/\/ulpmat.com\/es\/documentos\/ficha-de-datos-de-seguridad\/\">Ficha de datos de seguridad (MSDS)<\/a><\/span><br \/>\nInforme de inspecci\u00f3n de tama\u00f1o<br \/>\nInformes de pruebas de terceros disponibles bajo petici\u00f3n<\/p>\n<h2><span style=\"font-size: 14pt;\">. \u00bfPor qu\u00e9 elegirnos?<\/span><\/h2>\n<p>Nos especializamos en la investigaci\u00f3n y la fabricaci\u00f3n de precisi\u00f3n de blancos de pulverizaci\u00f3n de aleaciones de alto rendimiento. Para materiales funcionales como el hierro-galio-boro, no solo garantizamos una precisi\u00f3n absoluta y una pureza extremadamente alta de su composici\u00f3n, sino que tambi\u00e9n garantizamos una microestructura altamente uniforme y densa del material del blanco mediante tecnolog\u00eda metal\u00fargica avanzada.<\/p>\n","protected":false},"excerpt":{"rendered":"<p>Objetivos de pulverizaci\u00f3n de aleaci\u00f3n de hierro, galio y boro Descripci\u00f3n general Los objetivos de pulverizaci\u00f3n de hierro, galio y boro son objetivos de pulverizaci\u00f3n de aleaci\u00f3n ternaria, dise\u00f1ados espec\u00edficamente como materiales de fuente de pulverizaci\u00f3n central para preparar pel\u00edculas delgadas magn\u00e9ticas blandas de alto rendimiento y recubrimientos funcionales magnetoel\u00e9ctricos. Ofrecemos objetivos de aleaci\u00f3n de [&hellip;]<\/p>\n","protected":false},"featured_media":52959,"template":"","meta":{"_acf_changed":false},"product_brand":[132],"product_cat":[570],"product_tag":[392,8046],"class_list":{"0":"post-52958","1":"product","2":"type-product","3":"status-publish","4":"has-post-thumbnail","6":"product_brand-ulpmat","7":"product_cat-catodos-para-sputtering-de-aleaciones","8":"product_tag-blanco-para-sputtering","9":"product_tag-catodos-para-sputtering-de-hierro-galio-y-boro","11":"first","12":"instock","13":"shipping-taxable","14":"product-type-variable"},"acf":[],"_links":{"self":[{"href":"https:\/\/ulpmat.com\/es\/wp-json\/wp\/v2\/product\/52958","targetHints":{"allow":["GET"]}}],"collection":[{"href":"https:\/\/ulpmat.com\/es\/wp-json\/wp\/v2\/product"}],"about":[{"href":"https:\/\/ulpmat.com\/es\/wp-json\/wp\/v2\/types\/product"}],"wp:featuredmedia":[{"embeddable":true,"href":"https:\/\/ulpmat.com\/es\/wp-json\/wp\/v2\/media\/52959"}],"wp:attachment":[{"href":"https:\/\/ulpmat.com\/es\/wp-json\/wp\/v2\/media?parent=52958"}],"wp:term":[{"taxonomy":"product_brand","embeddable":true,"href":"https:\/\/ulpmat.com\/es\/wp-json\/wp\/v2\/product_brand?post=52958"},{"taxonomy":"product_cat","embeddable":true,"href":"https:\/\/ulpmat.com\/es\/wp-json\/wp\/v2\/product_cat?post=52958"},{"taxonomy":"product_tag","embeddable":true,"href":"https:\/\/ulpmat.com\/es\/wp-json\/wp\/v2\/product_tag?post=52958"}],"curies":[{"name":"wp","href":"https:\/\/api.w.org\/{rel}","templated":true}]}}