{"id":52925,"date":"2026-01-05T10:37:11","date_gmt":"2026-01-05T02:37:11","guid":{"rendered":"https:\/\/ulpmat.com\/product\/aleacion-de-hierro-y-magnesio\/"},"modified":"2026-01-05T10:37:11","modified_gmt":"2026-01-05T02:37:11","slug":"aleacion-de-hierro-y-magnesio","status":"publish","type":"product","link":"https:\/\/ulpmat.com\/es\/producto\/aleacion-de-hierro-y-magnesio\/","title":{"rendered":"Aleaci\u00f3n de hierro y magnesio"},"content":{"rendered":"<h2><span style=\"font-size: 14pt;\">Objetivos de pulverizaci\u00f3n de aleaci\u00f3n de hierro y magnesio <\/span><span style=\"font-size: 14pt;\">Descripci\u00f3n general<\/span><\/h2>\n<p>Los objetivos de pulverizaci\u00f3n de aleaci\u00f3n<br \/>\n<span style=\"color: #0000ff;\"><a style=\"color: #0000ff;\" href=\"https:\/\/ulpmat.com\/es\/buscar\/?type=name&#038;keyword=Iron+magnesium\">de hierro y magnesio<\/a><\/span><br \/>\nson objetivos de aleaci\u00f3n met\u00e1lica ligeros que se utilizan principalmente para la preparaci\u00f3n de pel\u00edculas delgadas funcionales, la modificaci\u00f3n de materiales y aplicaciones industriales y de investigaci\u00f3n relacionadas.<\/p>\n<p>Podemos proporcionar objetivos de aleaci\u00f3n de hierro y magnesio con diversas proporciones de composici\u00f3n y especificaciones para satisfacer los diferentes requisitos de equipos y procesos. P\u00f3ngase <span style=\"color: #0000ff;\"><a style=\"color: #0000ff;\" href=\"https:\/\/ulpmat.com\/es\/contacto\/\">en contacto con nosotros<\/a><\/span><br \/>\npara obtener una soluci\u00f3n adecuada.<\/p>\n<h2><span style=\"font-size: 14pt;\">Caracter\u00edsticas destacadas del producto<\/span><\/h2>\n<p>Composici\u00f3n controlable<br \/>\nProceso de pulverizaci\u00f3n estable<br \/>\nCompatible con m\u00faltiples procesos de deposici\u00f3n PVD<br \/>\nAdmite tama\u00f1os y proporciones de composici\u00f3n personalizados<br \/>\nCiclo de entrega estable<\/p>\n<h2><span style=\"font-size: 14pt;\">Aplicaciones de los blancos de pulverizaci\u00f3n de aleaci\u00f3n de hierro y magnesio<\/span><\/h2>\n<p>Deposici\u00f3n de pel\u00edculas delgadas funcionales: los blancos de pulverizaci\u00f3n de aleaci\u00f3n de hierro y magnesio se pueden utilizar para preparar pel\u00edculas delgadas de metal y aleaci\u00f3n con propiedades mec\u00e1nicas o funcionales espec\u00edficas, adecuadas para la investigaci\u00f3n y algunas aplicaciones industriales.<\/p>\n<p>Modificaci\u00f3n de la superficie del material: la deposici\u00f3n de pel\u00edculas delgadas de aleaci\u00f3n de hierro y magnesio sobre superficies met\u00e1licas o sustratos ayuda a ajustar las propiedades de la superficie, como la estabilidad estructural o las caracter\u00edsticas de respuesta funcional.<\/p>\n<p>Investigaci\u00f3n sobre metales ligeros: las aleaciones de hierro y magnesio se utilizan com\u00fanmente en la investigaci\u00f3n experimental sobre materiales met\u00e1licos ligeros y pueden servir como materiales de pulverizaci\u00f3n para explorar nuevos sistemas de aleaciones.<\/p>\n<p>Investigaci\u00f3n cient\u00edfica y aplicaciones de laboratorio: adecuadas para la investigaci\u00f3n fundamental en universidades e instituciones de investigaci\u00f3n sobre pel\u00edculas delgadas de aleaciones, mecanismos de crecimiento y par\u00e1metros de proceso.<\/p>\n<h2><span style=\"color: #0000ff;\"><a style=\"color: #0000ff;\" href=\"https:\/\/ulpmat.com\/es\/empresa\/preguntas-frecuentes\/\"><span style=\"font-size: 14pt;\">Preguntas frecuentes<\/span><\/a><\/span><\/h2>\n<p>P1: \u00bfQu\u00e9 m\u00e9todo de pulverizaci\u00f3n es adecuado para los blancos de pulverizaci\u00f3n de aleaci\u00f3n de hierro y magnesio?<br \/>\nR1: Se pueden utilizar para pulverizaci\u00f3n DC o RF, dependiendo de la configuraci\u00f3n del equipo y los requisitos del proceso.<\/p>\n<p>P2: \u00bfSe puede ajustar la proporci\u00f3n de la composici\u00f3n de la aleaci\u00f3n?<br \/>\nR2: S\u00ed, admitimos la personalizaci\u00f3n de diferentes proporciones de hierro y magnesio en funci\u00f3n de los objetivos espec\u00edficos de la aplicaci\u00f3n.<\/p>\n<p>P3: \u00bfEste objetivo es propenso a la inestabilidad durante la pulverizaci\u00f3n?<br \/>\nR3: Con par\u00e1metros de proceso razonables, el proceso de pulverizaci\u00f3n del objetivo es estable y produce pel\u00edculas delgadas uniformes.<\/p>\n<p>P4: \u00bfEste objetivo se utiliza principalmente para la investigaci\u00f3n o la industria?<br \/>\nR4: Es adecuado tanto para experimentos de investigaci\u00f3n como para algunas aplicaciones a escala piloto e industriales.<\/p>\n<h2><span style=\"font-size: 14pt;\">Informes<\/span><\/h2>\n<p>Cada lote se suministra con:<br \/>\n<span style=\"color: #0000ff;\"><a style=\"color: #0000ff;\" href=\"https:\/\/ulpmat.com\/es\/documentos\/certificado-de-analisis\/\">Certificado de an\u00e1lisis (COA)<\/a><\/span><\/p>\n<p><span style=\"color: #0000ff;\"><a style=\"color: #0000ff;\" href=\"https:\/\/ulpmat.com\/es\/documentos\/ficha-tecnica\/\">Ficha t\u00e9cnica (TDS)<\/a><\/span><\/p>\n<p><span style=\"color: #0000ff;\"><a style=\"color: #0000ff;\" href=\"https:\/\/ulpmat.com\/es\/documentos\/ficha-de-datos-de-seguridad\/\">Ficha de datos de seguridad (MSDS)<\/a><\/span><br \/>\nInforme de inspecci\u00f3n de tama\u00f1o<br \/>\nInformes de pruebas de terceros disponibles bajo petici\u00f3n<\/p>\n<h2><span style=\"font-size: 14pt;\">\u00bfPor qu\u00e9 elegirnos?<\/span><\/h2>\n<p>Nos centramos en el suministro estable de blancos de pulverizaci\u00f3n de metales y aleaciones, haciendo hincapi\u00e9 en el control de la composici\u00f3n, la consistencia del procesamiento y la eficiencia de la comunicaci\u00f3n t\u00e9cnica, lo que nos permite proporcionar un soporte de materiales fiable y sostenible para proyectos de pel\u00edculas delgadas en diferentes etapas.<\/p>\n","protected":false},"excerpt":{"rendered":"<p>Objetivos de pulverizaci\u00f3n de aleaci\u00f3n de hierro y magnesio Descripci\u00f3n general Los objetivos de pulverizaci\u00f3n de aleaci\u00f3n de hierro y magnesio son objetivos de aleaci\u00f3n met\u00e1lica ligeros que se utilizan principalmente para la preparaci\u00f3n de pel\u00edculas delgadas funcionales, la modificaci\u00f3n de materiales y aplicaciones industriales y de investigaci\u00f3n relacionadas. Podemos proporcionar objetivos de aleaci\u00f3n de [&hellip;]<\/p>\n","protected":false},"featured_media":52926,"template":"","meta":{"_acf_changed":false},"product_brand":[132],"product_cat":[570],"product_tag":[8035],"class_list":{"0":"post-52925","1":"product","2":"type-product","3":"status-publish","4":"has-post-thumbnail","6":"product_brand-ulpmat","7":"product_cat-catodos-para-sputtering-de-aleaciones","8":"product_tag-catodos-para-sputtering-de-aleaciones-de-hierro-y-magnesio","10":"first","11":"instock","12":"shipping-taxable","13":"product-type-variable"},"acf":[],"_links":{"self":[{"href":"https:\/\/ulpmat.com\/es\/wp-json\/wp\/v2\/product\/52925","targetHints":{"allow":["GET"]}}],"collection":[{"href":"https:\/\/ulpmat.com\/es\/wp-json\/wp\/v2\/product"}],"about":[{"href":"https:\/\/ulpmat.com\/es\/wp-json\/wp\/v2\/types\/product"}],"wp:featuredmedia":[{"embeddable":true,"href":"https:\/\/ulpmat.com\/es\/wp-json\/wp\/v2\/media\/52926"}],"wp:attachment":[{"href":"https:\/\/ulpmat.com\/es\/wp-json\/wp\/v2\/media?parent=52925"}],"wp:term":[{"taxonomy":"product_brand","embeddable":true,"href":"https:\/\/ulpmat.com\/es\/wp-json\/wp\/v2\/product_brand?post=52925"},{"taxonomy":"product_cat","embeddable":true,"href":"https:\/\/ulpmat.com\/es\/wp-json\/wp\/v2\/product_cat?post=52925"},{"taxonomy":"product_tag","embeddable":true,"href":"https:\/\/ulpmat.com\/es\/wp-json\/wp\/v2\/product_tag?post=52925"}],"curies":[{"name":"wp","href":"https:\/\/api.w.org\/{rel}","templated":true}]}}