{"id":52907,"date":"2026-01-05T10:37:11","date_gmt":"2026-01-05T02:37:11","guid":{"rendered":"https:\/\/ulpmat.com\/product\/aleacion-de-hierro-y-niquel-4\/"},"modified":"2026-01-05T10:37:11","modified_gmt":"2026-01-05T02:37:11","slug":"aleacion-de-hierro-y-niquel-4","status":"publish","type":"product","link":"https:\/\/ulpmat.com\/es\/producto\/aleacion-de-hierro-y-niquel-4\/","title":{"rendered":"Aleaci\u00f3n de hierro y n\u00edquel"},"content":{"rendered":"<h2><span style=\"font-size: 14pt;\">\u00a0Objetivos de pulverizaci\u00f3n de aleaci\u00f3n de hierro y n\u00edquel <\/span><span style=\"font-size: 14pt;\">Descripci\u00f3n general<\/span><\/h2>\n<p>Los objetivos de pulverizaci\u00f3n de aleaci\u00f3n<br \/>\n<span style=\"color: #0000ff;\"><a style=\"color: #0000ff;\" href=\"https:\/\/ulpmat.com\/es\/buscar\/?type=name&#038;keyword=Iron+Nickel\">de hierro y n\u00edquel<\/a><\/span><br \/>\nson objetivos funcionales basados en un sistema de aleaci\u00f3n de hierro y n\u00edquel, utilizados principalmente para la preparaci\u00f3n de pel\u00edculas delgadas magn\u00e9ticas, materiales electr\u00f3nicos y recubrimientos funcionales relacionados.<\/p>\n<p>Ofrecemos objetivos de pulverizaci\u00f3n de aleaci\u00f3n de hierro y n\u00edquel en diversas proporciones de composici\u00f3n y tama\u00f1os para satisfacer los diversos requisitos del proceso de deposici\u00f3n. P\u00f3ngase <span style=\"color: #0000ff;\"><a style=\"color: #0000ff;\" href=\"https:\/\/ulpmat.com\/es\/contacto\/\">en contacto con nosotros<\/a><\/span><br \/>\npara confirmar los par\u00e1metros t\u00e9cnicos.<\/p>\n<h2><span style=\"font-size: 14pt;\">Caracter\u00edsticas destacadas del producto<\/span><\/h2>\n<p>Proporci\u00f3n de composici\u00f3n controlable.<br \/>\nPropiedades magn\u00e9ticas estables.<br \/>\nEstructura uniforme.<br \/>\nCompatible con m\u00faltiples procesos de deposici\u00f3n PVD.<br \/>\nTama\u00f1os y proporciones de aleaci\u00f3n personalizados.<br \/>\nSuministro estable<\/p>\n<h2><span style=\"font-size: 14pt;\">. Aplicaciones de los blancos de pulverizaci\u00f3n de aleaci\u00f3n de hierro y n\u00edquel<\/span><\/h2>\n<p>Materiales de pel\u00edcula delgada magn\u00e9tica: las aleaciones de hierro y n\u00edquel se utilizan com\u00fanmente para preparar pel\u00edculas delgadas magn\u00e9ticas blandas o funcionales, adecuadas para la investigaci\u00f3n y fabricaci\u00f3n de sensores, grabaci\u00f3n magn\u00e9tica y dispositivos relacionados.<\/p>\n<p>Materiales electr\u00f3nicos y <span style=\"color: #0000ff;\"><a style=\"color: #0000ff;\" href=\"https:\/\/ulpmat.com\/es\/solicitud\/materiales-semiconductores\/\">semiconductores<\/a><\/span><br \/>\n: en componentes electr\u00f3nicos y procesos de semiconductores, estos blancos de aleaci\u00f3n se pueden utilizar para la deposici\u00f3n de capas met\u00e1licas o funcionales, mejorando la consistencia del rendimiento de la pel\u00edcula delgada.<\/p>\n<p>Recubrimientos funcionales e ingenier\u00eda de superficies: la deposici\u00f3n de pel\u00edculas delgadas de aleaci\u00f3n de hierro y n\u00edquel mediante pulverizaci\u00f3n cat\u00f3dica puede mejorar la estructura de la superficie del material o lograr propiedades funcionales espec\u00edficas.<\/p>\n<p>Investigaci\u00f3n cient\u00edfica y aplicaciones de laboratorio: Adecuadas para la investigaci\u00f3n fundamental en universidades e instituciones de investigaci\u00f3n sobre pel\u00edculas delgadas de aleaci\u00f3n, mecanismos de crecimiento y optimizaci\u00f3n de procesos.<\/p>\n<h2><span style=\"font-size: 14pt;\">Preguntas frecuentes<\/span><\/h2>\n<p>P1: \u00bfEs adecuado el pulverizado por CC o RF para los blancos de pulverizaci\u00f3n de aleaci\u00f3n de hierro-n\u00edquel?<br \/>\nR1: Se puede seleccionar el pulverizado por CC o RF en funci\u00f3n de la composici\u00f3n espec\u00edfica de la aleaci\u00f3n y las condiciones del equipo.<\/p>\n<p>P2: \u00bfSe puede ajustar la proporci\u00f3n de hierro y n\u00edquel en la aleaci\u00f3n?<br \/>\nR2: S\u00ed, se admite la producci\u00f3n personalizada con diferentes proporciones de hierro y n\u00edquel seg\u00fan los requisitos de la aplicaci\u00f3n.<\/p>\n<p>P3: \u00bfEl objetivo de pulverizaci\u00f3n de aleaci\u00f3n de hierro y n\u00edquel es estable durante la pulverizaci\u00f3n a largo plazo?<br \/>\nR3: Con par\u00e1metros de proceso razonables, el proceso de pulverizaci\u00f3n del objetivo es estable, lo que ayuda a obtener pel\u00edculas delgadas uniformes.<\/p>\n<p>P4: \u00bfEl objetivo de pulverizaci\u00f3n de aleaci\u00f3n de hierro y n\u00edquel es m\u00e1s adecuado para la investigaci\u00f3n cient\u00edfica o para aplicaciones industriales?<br \/>\nR4: Puede satisfacer las necesidades de los experimentos de investigaci\u00f3n cient\u00edfica y tambi\u00e9n es adecuado para algunas aplicaciones a escala piloto e industriales.<\/p>\n<h2><span style=\"font-size: 14pt;\">Informes<\/span><\/h2>\n<p>Cada lote se suministra con:<br \/>\n<span style=\"color: #0000ff;\"><a style=\"color: #0000ff;\" href=\"https:\/\/ulpmat.com\/es\/documentos\/certificado-de-analisis\/\">Certificado de an\u00e1lisis (COA)<\/a><\/span><\/p>\n<p><span style=\"color: #0000ff;\"><a style=\"color: #0000ff;\" href=\"https:\/\/ulpmat.com\/es\/documentos\/ficha-tecnica\/\">Ficha t\u00e9cnica (TDS)<\/a><\/span><\/p>\n<p><span style=\"color: #0000ff;\"><a style=\"color: #0000ff;\" href=\"https:\/\/ulpmat.com\/es\/documentos\/ficha-de-datos-de-seguridad\/\">Ficha de datos de seguridad (MSDS)<\/a><\/span><br \/>\nInforme de inspecci\u00f3n de tama\u00f1o<br \/>\nInformes de pruebas de terceros disponibles bajo petici\u00f3n<\/p>\n<h2><span style=\"font-size: 14pt;\">. \u00bfPor qu\u00e9 elegirnos?<\/span><\/h2>\n<p>Llevamos mucho tiempo centrados en la investigaci\u00f3n y el suministro de blancos de pulverizaci\u00f3n de metales y aleaciones, haciendo hincapi\u00e9 en el control de la composici\u00f3n, la consistencia del procesamiento y la eficiencia de la respuesta t\u00e9cnica. Podemos proporcionar un soporte de materiales fiable y sostenible para proyectos de materiales magn\u00e9ticos y pel\u00edculas finas electr\u00f3nicas.<\/p>\n","protected":false},"excerpt":{"rendered":"<p>\u00a0Objetivos de pulverizaci\u00f3n de aleaci\u00f3n de hierro y n\u00edquel Descripci\u00f3n general Los objetivos de pulverizaci\u00f3n de aleaci\u00f3n de hierro y n\u00edquel son objetivos funcionales basados en un sistema de aleaci\u00f3n de hierro y n\u00edquel, utilizados principalmente para la preparaci\u00f3n de pel\u00edculas delgadas magn\u00e9ticas, materiales electr\u00f3nicos y recubrimientos funcionales relacionados. Ofrecemos objetivos de pulverizaci\u00f3n de aleaci\u00f3n [&hellip;]<\/p>\n","protected":false},"featured_media":52908,"template":"","meta":{"_acf_changed":false},"product_brand":[132],"product_cat":[570],"product_tag":[392,8029],"class_list":{"0":"post-52907","1":"product","2":"type-product","3":"status-publish","4":"has-post-thumbnail","6":"product_brand-ulpmat","7":"product_cat-catodos-para-sputtering-de-aleaciones","8":"product_tag-blanco-para-sputtering","9":"product_tag-catodos-para-sputtering-de-aleacion-de-hierro-y-niquel","11":"first","12":"instock","13":"shipping-taxable","14":"product-type-variable"},"acf":[],"_links":{"self":[{"href":"https:\/\/ulpmat.com\/es\/wp-json\/wp\/v2\/product\/52907","targetHints":{"allow":["GET"]}}],"collection":[{"href":"https:\/\/ulpmat.com\/es\/wp-json\/wp\/v2\/product"}],"about":[{"href":"https:\/\/ulpmat.com\/es\/wp-json\/wp\/v2\/types\/product"}],"wp:featuredmedia":[{"embeddable":true,"href":"https:\/\/ulpmat.com\/es\/wp-json\/wp\/v2\/media\/52908"}],"wp:attachment":[{"href":"https:\/\/ulpmat.com\/es\/wp-json\/wp\/v2\/media?parent=52907"}],"wp:term":[{"taxonomy":"product_brand","embeddable":true,"href":"https:\/\/ulpmat.com\/es\/wp-json\/wp\/v2\/product_brand?post=52907"},{"taxonomy":"product_cat","embeddable":true,"href":"https:\/\/ulpmat.com\/es\/wp-json\/wp\/v2\/product_cat?post=52907"},{"taxonomy":"product_tag","embeddable":true,"href":"https:\/\/ulpmat.com\/es\/wp-json\/wp\/v2\/product_tag?post=52907"}],"curies":[{"name":"wp","href":"https:\/\/api.w.org\/{rel}","templated":true}]}}