{"id":52871,"date":"2026-01-05T10:37:12","date_gmt":"2026-01-05T02:37:12","guid":{"rendered":"https:\/\/ulpmat.com\/product\/sulfuro-de-hierro-6\/"},"modified":"2026-01-05T10:37:12","modified_gmt":"2026-01-05T02:37:12","slug":"sulfuro-de-hierro-6","status":"publish","type":"product","link":"https:\/\/ulpmat.com\/es\/producto\/sulfuro-de-hierro-6\/","title":{"rendered":"Sulfuro de hierro"},"content":{"rendered":"<h2><span style=\"font-size: 14pt;\">Descripci\u00f3n general de los gr\u00e1nulos de sulfuro de hierro (II)<\/span><\/h2>\n<p>Los gr\u00e1nulos<br \/>\n<span style=\"color: #0000ff;\"><a style=\"color: #0000ff;\" href=\"https:\/\/ulpmat.com\/es\/buscar\/?type=name&#038;keyword=iron+sulfide\">de sulfuro de hierro (II)<\/a><\/span><br \/>\nson una importante materia prima qu\u00edmica ampliamente utilizada en el procesamiento de minerales, la producci\u00f3n de catalizadores y la industria metal\u00fargica para mejorar la eficiencia y la estabilidad de la reacci\u00f3n de los materiales.<\/p>\n<p>Ofrecemos gr\u00e1nulos de sulfuro de hierro de alta calidad con una excelente distribuci\u00f3n del tama\u00f1o de las part\u00edculas y estabilidad qu\u00edmica, adecuados para una variedad de aplicaciones industriales. No dude en <span style=\"color: #0000ff;\"><a style=\"color: #0000ff;\" href=\"https:\/\/ulpmat.com\/es\/contacto\/\">ponerse en contacto con nosotros<\/a><\/span><br \/>\nsi tiene alguna pregunta o requisito sobre el producto.<\/p>\n<h2><span style=\"font-size: 14pt;\">Caracter\u00edsticas destacadas del producto<\/span><\/h2>\n<p>Alta pureza.<br \/>\nExcelente estabilidad.<br \/>\nTama\u00f1o de part\u00edcula preciso.<br \/>\nDiversas aplicaciones<br \/>\n<span style=\"color: #0000ff;\"><a style=\"color: #0000ff;\" href=\"https:\/\/ulpmat.com\/es\/servicio\/personalizacion\/\">. Servicios de personalizaci\u00f3n<\/a><\/span><\/p>\n<h2><span style=\"font-size: 14pt;\">. Aplicaciones de los gr\u00e1nulos de sulfuro de hierro<\/span><\/h2>\n<p>Procesamiento de minerales: se utiliza en el refinado de minerales y la extracci\u00f3n de metales para mejorar la eficiencia metal\u00fargica.<br \/>\nProducci\u00f3n de catalizadores: se utiliza ampliamente como componente de catalizadores en procesos de reacci\u00f3n qu\u00edmica.<br \/>\nIndustria metal\u00fargica: se utiliza en la fabricaci\u00f3n de aleaciones y en el tratamiento de superficies met\u00e1licas durante los procesos metal\u00fargicos para mejorar la resistencia a la corrosi\u00f3n de los materiales.<br \/>\nTratamiento medioambiental: se utiliza para el tratamiento de gases residuales y la purificaci\u00f3n del agua, y presenta excelentes propiedades de adsorci\u00f3n y reacci\u00f3n qu\u00edmica.<\/p>\n<h2><span style=\"font-size: 14pt;\">Preguntas frecuentes<\/span><\/h2>\n<p>P1: \u00bfCu\u00e1l es el rango de tama\u00f1o de part\u00edcula de los gr\u00e1nulos de sulfuro de hierro?<br \/>\nR1: Ofrecemos una amplia gama de tama\u00f1os de part\u00edcula y podemos personalizarlos seg\u00fan las necesidades del cliente.<\/p>\n<p>P2: \u00bfCu\u00e1les son las principales \u00e1reas de aplicaci\u00f3n de los gr\u00e1nulos de sulfuro de hierro?<br \/>\nR2: Se utilizan principalmente en la metalurgia, la fabricaci\u00f3n de catalizadores, el procesamiento de minerales y las industrias de protecci\u00f3n medioambiental.<\/p>\n<p>P3: \u00bfCu\u00e1les son las condiciones de almacenamiento de los gr\u00e1nulos de sulfuro de hierro?<br \/>\nR3: Deben almacenarse en un entorno seco y fresco, evitando la humedad y las altas temperaturas.<\/p>\n<p>P4: \u00bfC\u00f3mo puedo confirmar la pureza de los gr\u00e1nulos de sulfuro de hierro?<br \/>\nR4: Proporcionamos informes de inspecci\u00f3n de calidad estrictos para garantizar que la pureza de cada lote de productos cumpla con los est\u00e1ndares de la industria.<\/p>\n<h2><span style=\"font-size: 14pt;\">Informes<\/span><\/h2>\n<p>Cada lote se suministra con:<br \/>\n<span style=\"color: #0000ff;\"><a style=\"color: #0000ff;\" href=\"https:\/\/ulpmat.com\/es\/documentos\/certificado-de-analisis\/\">Certificado de an\u00e1lisis (COA)<\/a><\/span><\/p>\n<p><span style=\"color: #0000ff;\"><a style=\"color: #0000ff;\" href=\"https:\/\/ulpmat.com\/es\/documentos\/ficha-tecnica\/\">Ficha t\u00e9cnica (TDS)<\/a><\/span><\/p>\n<p><span style=\"color: #0000ff;\"><a style=\"color: #0000ff;\" href=\"https:\/\/ulpmat.com\/es\/documentos\/ficha-de-datos-de-seguridad\/\">Ficha de datos de seguridad (MSDS)<\/a><\/span><br \/>\nInforme de inspecci\u00f3n de tama\u00f1o<br \/>\nInformes de pruebas de terceros disponibles bajo petici\u00f3n<\/p>\n<h2><span style=\"font-size: 14pt;\">. \u00bfPor qu\u00e9 elegirnos?<\/span><\/h2>\n<p>Contamos con muchos a\u00f1os de experiencia en la producci\u00f3n, proporcionamos gr\u00e1nulos de sulfuro de hierro de alta calidad y nos aseguramos de que todos los pedidos se entreguen a tiempo y cumplan con los est\u00e1ndares de la industria. Nuestro equipo de atenci\u00f3n al cliente est\u00e1 siempre dispuesto a proporcionarle asistencia t\u00e9cnica profesional y servicio posventa para satisfacer sus diversas necesidades. Elegirnos significa elegir calidad y fiabilidad.<\/p>\n","protected":false},"excerpt":{"rendered":"<p>Descripci\u00f3n general de los gr\u00e1nulos de sulfuro de hierro (II) Los gr\u00e1nulos de sulfuro de hierro (II) son una importante materia prima qu\u00edmica ampliamente utilizada en el procesamiento de minerales, la producci\u00f3n de catalizadores y la industria metal\u00fargica para mejorar la eficiencia y la estabilidad de la reacci\u00f3n de los materiales. Ofrecemos gr\u00e1nulos de sulfuro [&hellip;]<\/p>\n","protected":false},"featured_media":52872,"template":"","meta":{"_acf_changed":false},"product_brand":[132],"product_cat":[340],"product_tag":[8017],"class_list":{"0":"post-52871","1":"product","2":"type-product","3":"status-publish","4":"has-post-thumbnail","6":"product_brand-ulpmat","7":"product_cat-materiales-de-evaporacion","8":"product_tag-sulfuro-de-hierro-granulos","10":"first","11":"instock","12":"shipping-taxable","13":"product-type-variable"},"acf":[],"_links":{"self":[{"href":"https:\/\/ulpmat.com\/es\/wp-json\/wp\/v2\/product\/52871","targetHints":{"allow":["GET"]}}],"collection":[{"href":"https:\/\/ulpmat.com\/es\/wp-json\/wp\/v2\/product"}],"about":[{"href":"https:\/\/ulpmat.com\/es\/wp-json\/wp\/v2\/types\/product"}],"wp:featuredmedia":[{"embeddable":true,"href":"https:\/\/ulpmat.com\/es\/wp-json\/wp\/v2\/media\/52872"}],"wp:attachment":[{"href":"https:\/\/ulpmat.com\/es\/wp-json\/wp\/v2\/media?parent=52871"}],"wp:term":[{"taxonomy":"product_brand","embeddable":true,"href":"https:\/\/ulpmat.com\/es\/wp-json\/wp\/v2\/product_brand?post=52871"},{"taxonomy":"product_cat","embeddable":true,"href":"https:\/\/ulpmat.com\/es\/wp-json\/wp\/v2\/product_cat?post=52871"},{"taxonomy":"product_tag","embeddable":true,"href":"https:\/\/ulpmat.com\/es\/wp-json\/wp\/v2\/product_tag?post=52871"}],"curies":[{"name":"wp","href":"https:\/\/api.w.org\/{rel}","templated":true}]}}