{"id":52811,"date":"2026-01-05T10:37:13","date_gmt":"2026-01-05T02:37:13","guid":{"rendered":"https:\/\/ulpmat.com\/product\/sulfuro-de-hierro-3\/"},"modified":"2026-01-05T10:37:13","modified_gmt":"2026-01-05T02:37:13","slug":"sulfuro-de-hierro-3","status":"publish","type":"product","link":"https:\/\/ulpmat.com\/es\/producto\/sulfuro-de-hierro-3\/","title":{"rendered":"Sulfuro de hierro"},"content":{"rendered":"<h2><span style=\"font-size: 14pt;\">Granulado de sulfuro de hierro Descripci\u00f3n general del producto<\/span><\/h2>\n<p>El granulado<br \/>\n<span style=\"color: #0000ff;\"><a style=\"color: #0000ff;\" href=\"https:\/\/ulpmat.com\/es\/buscar\/?type=element&#038;keyword=Fe%2CS\">de sulfuro de hierro<\/a><\/span><br \/>\nes un agente potenciador del azufre muy eficaz en la fundici\u00f3n metal\u00fargica y tambi\u00e9n es una materia prima clave en las bater\u00edas de nueva energ\u00eda y las industrias qu\u00edmicas.<\/p>\n<p>Ofrecemos <strong>granulado de sulfuro de hierro de alta pureza<\/strong><br \/>\ncon diversos contenidos de azufre y tama\u00f1os de part\u00edcula, y admitimos la personalizaci\u00f3n seg\u00fan los requisitos de su proceso de producci\u00f3n. No dude en <span style=\"color: #0000ff;\"><a style=\"color: #0000ff;\" href=\"https:\/\/ulpmat.com\/es\/contacto\/\">ponerse en contacto con nosotros<\/a><\/span><br \/>\npara solicitar muestras y soluciones personalizadas.<\/p>\n<h2><span style=\"font-size: 14pt;\">Caracter\u00edsticas destacadas del producto<\/span><\/h2>\n<p>Composici\u00f3n precisa y estable<br \/>\nTama\u00f1o de part\u00edcula uniforme y controlable<br \/>\nAsistencia profesional para la aplicaci\u00f3n<br \/>\nProducci\u00f3n personalizada flexible<br \/>\nEmbalaje seguro y profesional<br \/>\nInformes de calidad completos<\/p>\n<h2><span style=\"font-size: 14pt;\">Aplicaciones de los gr\u00e1nulos de sulfuro de hierro<\/span><\/h2>\n<p>Fundici\u00f3n Metalurgia Mejora del azufre: como agente potenciador del azufre altamente eficaz, se utiliza en la fundici\u00f3n de hierro gris, lo que aumenta significativamente los n\u00facleos de grafito y refina los granos, mejorando as\u00ed el efecto de inoculaci\u00f3n, las propiedades mec\u00e1nicas y la maquinabilidad del hierro fundido.<\/p>\n<p>Materiales <span style=\"color: #0000ff;\"><a style=\"color: #0000ff;\" href=\"https:\/\/ulpmat.com\/es\/solicitud\/materiales-para-baterias\/\">para bater\u00edas<\/a><\/span><br \/>\nde nueva energ\u00eda: el sulfuro de hierro de alta pureza se puede utilizar como material cat\u00f3dico para bater\u00edas de ionen litio o bater\u00edas t\u00e9rmicas, lo que atrae mucha atenci\u00f3n debido a su alta capacidad te\u00f3rica y sus abundantes reservas.<\/p>\n<p>Preparaci\u00f3n de materias primas qu\u00edmicas: es una materia prima industrial importante para la preparaci\u00f3n tradicional de \u00e1cido sulf\u00farico y di\u00f3xido de azufre, y tambi\u00e9n se puede utilizar como materia prima b\u00e1sica para la s\u00edntesis de otros compuestos que contienen azufre.<\/p>\n<p>Materiales funcionales emergentes: debido a sus propiedades optoelectr\u00f3nicas \u00fanicas, estos materiales se consideran prometedores para la investigaci\u00f3n y el desarrollo en campos de vanguardia como las c\u00e9lulas solares y los fotodetectores.<\/p>\n<h2><span style=\"color: #0000ff;\"><a style=\"color: #0000ff;\" href=\"https:\/\/ulpmat.com\/es\/empresa\/preguntas-frecuentes\/\"><span style=\"font-size: 14pt;\">Preguntas frecuentes<\/span><\/a><\/span><\/h2>\n<p>P1: \u00bfCu\u00e1l es el rango \u00f3ptimo de contenido de azufre cuando se utiliza en fundici\u00f3n?<br \/>\nR1: Seg\u00fan las investigaciones y la pr\u00e1ctica industrial, un contenido de azufre del 0,08 %-0,12 % en el hierro fundido gris es generalmente beneficioso, ya que optimiza la inoculaci\u00f3n y la morfolog\u00eda del grafito. Si el contenido de azufre es demasiado bajo (por ejemplo, &lt;0,05 %), se recomienda un tratamiento de enriquecimiento de azufre.<\/p>\n<p>P2: \u00bfC\u00f3mo puedo almacenar el sulfuro de hierro para garantizar que no se deteriore?<br \/>\nR2: Este producto es qu\u00edmicamente estable a temperatura ambiente. Se recomienda almacenarlo en un almac\u00e9n bien ventilado y seco, evitando la humedad. En condiciones de almacenamiento adecuadas, el producto mantendr\u00e1 un rendimiento estable.<\/p>\n<p>P3: \u00bfC\u00f3mo selecciono el modelo adecuado en funci\u00f3n de la composici\u00f3n al realizar la compra?<br \/>\nR3: Ofrecemos modelos con diferentes contenidos de azufre, como 25-30 % o m\u00e1s. Puede calcular la cantidad necesaria que debe a\u00f1adir en funci\u00f3n de los requisitos finales de contenido de azufre del acero o hierro fundido objetivo.<\/p>\n<p>P4: Adem\u00e1s del enriquecimiento con azufre, \u00bftiene el producto otras funciones en la fundici\u00f3n?<br \/>\nR4: S\u00ed. Adem\u00e1s del enriquecimiento preciso de azufre, tambi\u00e9n puede refinar los c\u00famulos eut\u00e9cticos, acortando la morfolog\u00eda del grafito y rompiendo sus extremos, lo que mejora significativamente la resistencia del hierro fundido y su maquinabilidad.<\/p>\n<h2><span style=\"font-size: 14pt;\">Informes<\/span><\/h2>\n<p>Cada lote se suministra con:<br \/>\n<span style=\"color: #0000ff;\"><a style=\"color: #0000ff;\" href=\"https:\/\/ulpmat.com\/es\/documentos\/certificado-de-analisis\/\">Certificado de an\u00e1lisis (COA)<\/a><\/span><\/p>\n<p><span style=\"color: #0000ff;\"><a style=\"color: #0000ff;\" href=\"https:\/\/ulpmat.com\/es\/documentos\/ficha-tecnica\/\">Ficha t\u00e9cnica (TDS)<\/a><\/span><\/p>\n<p><span style=\"color: #0000ff;\"><a style=\"color: #0000ff;\" href=\"https:\/\/ulpmat.com\/es\/documentos\/ficha-de-datos-de-seguridad\/\">Ficha de datos de seguridad (MSDS)<\/a><\/span><br \/>\nInformes de pruebas de terceros disponibles bajo petici\u00f3n<\/p>\n<h2><span style=\"font-size: 14pt;\">\u00bfPor qu\u00e9 elegirnos?<\/span><\/h2>\n<p>Nos centramos en la producci\u00f3n y <span style=\"color: #0000ff;\"><a style=\"color: #0000ff;\" href=\"https:\/\/ulpmat.com\/es\/empresa\/id\/\">la I+D<\/a><\/span><br \/>\nde sulfuros met\u00e1licos de alta calidad, proporcionando no solo part\u00edculas de FeS2 estandarizadas con una composici\u00f3n precisa y un tama\u00f1o de part\u00edcula uniforme, sino tambi\u00e9n una investigaci\u00f3n en profundidad sobre sus aplicaciones pr\u00e1cticas en metalurgia, nuevas energ\u00edas y otros campos. Podemos ofrecerle asesoramiento profesional sobre la selecci\u00f3n de productos y asistencia t\u00e9cnica basada en los requisitos espec\u00edficos de su proceso, lo que garantiza la estabilidad y la eficiencia de su proceso de producci\u00f3n desde el origen. Elegirnos significa elegir un socio de materiales a largo plazo fiable, profesional y de confianza.<\/p>\n","protected":false},"excerpt":{"rendered":"<p>Granulado de sulfuro de hierro Descripci\u00f3n general del producto El granulado de sulfuro de hierro es un agente potenciador del azufre muy eficaz en la fundici\u00f3n metal\u00fargica y tambi\u00e9n es una materia prima clave en las bater\u00edas de nueva energ\u00eda y las industrias qu\u00edmicas. Ofrecemos granulado de sulfuro de hierro de alta pureza con diversos [&hellip;]<\/p>\n","protected":false},"featured_media":52812,"template":"","meta":{"_acf_changed":false},"product_brand":[132],"product_cat":[340],"product_tag":[8017],"class_list":{"0":"post-52811","1":"product","2":"type-product","3":"status-publish","4":"has-post-thumbnail","6":"product_brand-ulpmat","7":"product_cat-materiales-de-evaporacion","8":"product_tag-sulfuro-de-hierro-granulos","10":"first","11":"instock","12":"shipping-taxable","13":"product-type-variable"},"acf":[],"_links":{"self":[{"href":"https:\/\/ulpmat.com\/es\/wp-json\/wp\/v2\/product\/52811","targetHints":{"allow":["GET"]}}],"collection":[{"href":"https:\/\/ulpmat.com\/es\/wp-json\/wp\/v2\/product"}],"about":[{"href":"https:\/\/ulpmat.com\/es\/wp-json\/wp\/v2\/types\/product"}],"wp:featuredmedia":[{"embeddable":true,"href":"https:\/\/ulpmat.com\/es\/wp-json\/wp\/v2\/media\/52812"}],"wp:attachment":[{"href":"https:\/\/ulpmat.com\/es\/wp-json\/wp\/v2\/media?parent=52811"}],"wp:term":[{"taxonomy":"product_brand","embeddable":true,"href":"https:\/\/ulpmat.com\/es\/wp-json\/wp\/v2\/product_brand?post=52811"},{"taxonomy":"product_cat","embeddable":true,"href":"https:\/\/ulpmat.com\/es\/wp-json\/wp\/v2\/product_cat?post=52811"},{"taxonomy":"product_tag","embeddable":true,"href":"https:\/\/ulpmat.com\/es\/wp-json\/wp\/v2\/product_tag?post=52811"}],"curies":[{"name":"wp","href":"https:\/\/api.w.org\/{rel}","templated":true}]}}