{"id":52774,"date":"2026-01-05T10:37:14","date_gmt":"2026-01-05T02:37:14","guid":{"rendered":"https:\/\/ulpmat.com\/product\/sulfuro-de-hierro\/"},"modified":"2026-01-05T10:37:14","modified_gmt":"2026-01-05T02:37:14","slug":"sulfuro-de-hierro","status":"publish","type":"product","link":"https:\/\/ulpmat.com\/es\/producto\/sulfuro-de-hierro\/","title":{"rendered":"Sulfuro de hierro"},"content":{"rendered":"<h2><span style=\"font-size: 14pt;\">Descripci\u00f3n general de los blancos de pulverizaci\u00f3n de sulfuro de hierro<\/span><\/h2>\n<p>Los blancos de pulverizaci\u00f3n<br \/>\n<span style=\"color: #0000ff;\"><a style=\"color: #0000ff;\" href=\"https:\/\/ulpmat.com\/es\/buscar\/?type=element&#038;keyword=Fe%2CS\">de sulfuro de hierro<\/a><\/span><br \/>\nson un material semiconductor prometedor. Han atra\u00eddo una gran atenci\u00f3n debido a su banda prohibida adecuada, su coeficiente de absorci\u00f3n de luz extremadamente alto y el hecho de que sus elementos constituyentes son abundantes, no t\u00f3xicos y econ\u00f3micos en la corteza terrestre. Mediante la tecnolog\u00eda de pulverizaci\u00f3n cat\u00f3dica con magnetr\u00f3n, los blancos de pulverizaci\u00f3n de FeS\u2082 pueden utilizarse para preparar pel\u00edculas delgadas de FeS\u2082 de alta calidad, gran superficie y uniformes, que son capas funcionales fundamentales para la construcci\u00f3n de diversos dispositivos optoelectr\u00f3nicos y energ\u00e9ticos avanzados.<\/p>\n<p>Nos especializamos en la producci\u00f3n y el suministro de blancos de pulverizaci\u00f3n de sulfuro de hierro de alta calidad para la pulverizaci\u00f3n cat\u00f3dica reactiva con magnetr\u00f3n. Nuestros productos se preparan utilizando materias primas de alta pureza y procesos avanzados, lo que garantiza una estructura cristalina pura, una composici\u00f3n precisa, una alta densidad y una microestructura uniforme, satisfaciendo diversas necesidades, desde la I+D hasta la producci\u00f3n a gran escala. P\u00f3ngase <span style=\"color: #0000ff;\"><a style=\"color: #0000ff;\" href=\"https:\/\/ulpmat.com\/es\/contacto\/\">en contacto con nosotros<\/a>.<\/span><\/p>\n<h2><span style=\"font-size: 14pt;\">Caracter\u00edsticas destacadas del producto<\/span><\/h2>\n<p>Excelentes propiedades optoelectr\u00f3nicas.<br \/>\nReservas abundantes de elementos.<br \/>\nExcelente calidad de la pel\u00edcula.<br \/>\nAlta rentabilidad.<br \/>\nAmplias perspectivas de aplicaci\u00f3n<\/p>\n<h2><span style=\"font-size: 14pt;\">. Aplicaciones de los blancos de pulverizaci\u00f3n de sulfuro de hierro<\/span><\/h2>\n<p>C\u00e9lulas <span style=\"color: #0000ff;\"><a style=\"color: #0000ff;\" href=\"https:\/\/ulpmat.com\/es\/solicitud\/energia-solar-fotovoltaica\/\">solares<\/a><\/span><br \/>\nde pel\u00edcula fina: como material de capa absorbente de luz muy prometedor, las pel\u00edculas finas de FeS\u2082 pueden utilizarse para preparar c\u00e9lulas solares de pr\u00f3xima generaci\u00f3n de bajo coste y alta eficiencia.<br \/>\nFotodetectores y sensores: debido a sus excelentes caracter\u00edsticas de respuesta fotoel\u00e9ctrica, el FeS\u2082 puede utilizarse para fabricar fotodetectores de alto rendimiento y diversos sensores en las bandas visible y del infrarrojo cercano.<\/p>\n<p>Electrodos <span style=\"color: #0000ff;\"><a style=\"color: #0000ff;\" href=\"https:\/\/ulpmat.com\/es\/solicitud\/materiales-para-baterias\/\">de<\/a><\/span><br \/>\n<span style=\"color: #0000ff;\"><a style=\"color: #0000ff;\" href=\"https:\/\/ulpmat.com\/es\/solicitud\/materiales-para-baterias\/\">bater\u00edas<\/a><\/span><br \/>\nde litio\/sodio: las nanoestructuras de sulfuro de hierro, con su alta capacidad te\u00f3rica, son nuevos materiales prometedores para \u00e1nodos de bater\u00edas de almacenamiento de energ\u00eda, lo que contribuye a mejorar la densidad energ\u00e9tica de las bater\u00edas.<\/p>\n<p>Absorci\u00f3n y blindaje de ondas electromagn\u00e9ticas: los micro\/nanomateriales de sulfuro de hierro con morfolog\u00edas espec\u00edficas exhiben un excelente rendimiento de absorci\u00f3n de ondas electromagn\u00e9ticas, lo que los hace valiosos en la compatibilidad electromagn\u00e9tica y los recubrimientos de sigilo.<\/p>\n<p>Fotocat\u00e1lisis y fotoelectroqu\u00edmica: el sulfuro de hierro se puede utilizar en procesos fotocatal\u00edticos, como la divisi\u00f3n del agua para la producci\u00f3n de hidr\u00f3geno o la degradaci\u00f3n de contaminantes, as\u00ed como en la construcci\u00f3n de bater\u00edas fotoelectroqu\u00edmicas.<\/p>\n<h2><span style=\"font-size: 14pt;\">Preguntas frecuentes<\/span><\/h2>\n<p>P1: \u00bfQu\u00e9 tipo de pel\u00edcula delgada se forma principalmente cuando se utiliza sulfuro de hierro como blanco para la pulverizaci\u00f3n cat\u00f3dica?<br \/>\nR1: Las pel\u00edculas delgadas de FeS\u2082 preparadas mediante pulverizaci\u00f3n cat\u00f3dica reactiva con magnetr\u00f3n suelen ser pel\u00edculas semiconductoras policristalinas o nanocristalinas. Su tipo de conductividad (tipo P o tipo N) y sus propiedades el\u00e9ctricas pueden controlarse eficazmente ajustando con precisi\u00f3n par\u00e1metros como la temperatura de deposici\u00f3n, la tensi\u00f3n parcial de H\u2082S y la potencia de pulverizaci\u00f3n.<\/p>\n<p>P2: \u00bfCu\u00e1les son las ventajas de la pulverizaci\u00f3n cat\u00f3dica en comparaci\u00f3n con otros m\u00e9todos de preparaci\u00f3n?<br \/>\nR2: La pulverizaci\u00f3n cat\u00f3dica por magnetr\u00f3n, especialmente la pulverizaci\u00f3n cat\u00f3dica por magnetr\u00f3n pulsado de alta potencia (HIPIMS), permite un control preciso de la composici\u00f3n de la pel\u00edcula, logra una excelente uniformidad y densidad de la pel\u00edcula y ofrece una buena repetibilidad del proceso, lo que facilita la producci\u00f3n industrial continua en grandes superficies.<\/p>\n<p>P3: \u00bfQu\u00e9 par\u00e1metros clave del proceso deben tenerse en cuenta al utilizar blancos de pulverizaci\u00f3n de sulfuro de hierro?<br \/>\nR3: Los par\u00e1metros clave del proceso incluyen: la temperatura del sustrato, la proporci\u00f3n de gases reactivos H\u2082S y Ar, y la presi\u00f3n total de trabajo. Estos par\u00e1metros afectan directamente a la calidad cristalina, la estequiometr\u00eda y las propiedades fotoel\u00e9ctricas finales de la pel\u00edcula.<\/p>\n<h2><span style=\"font-size: 14pt;\">Informes<\/span><\/h2>\n<p>Cada lote se suministra con:<br \/>\n<span style=\"color: #0000ff;\"><a style=\"color: #0000ff;\" href=\"https:\/\/ulpmat.com\/es\/documentos\/certificado-de-analisis\/\">Certificado de an\u00e1lisis (COA)<\/a><\/span><\/p>\n<p><span style=\"color: #0000ff;\"><a style=\"color: #0000ff;\" href=\"https:\/\/ulpmat.com\/es\/documentos\/ficha-tecnica\/\">Ficha t\u00e9cnica (TDS)<\/a><\/span><\/p>\n<p><span style=\"color: #0000ff;\"><a style=\"color: #0000ff;\" href=\"https:\/\/ulpmat.com\/es\/documentos\/ficha-de-datos-de-seguridad\/\">Ficha de datos de seguridad (MSDS)<\/a><\/span><br \/>\nInforme de inspecci\u00f3n de tama\u00f1o<br \/>\nInformes de pruebas de terceros disponibles bajo petici\u00f3n<\/p>\n<h2><span style=\"font-size: 14pt;\">. \u00bfPor qu\u00e9 elegirnos?<\/span><\/h2>\n<p>En el campo de los materiales de pel\u00edcula delgada, no somos solo un proveedor, sino un socio de confianza. Contamos con un equipo t\u00e9cnico y de I+D profesional e internacional con una gran experiencia en la industria de los blancos de pulverizaci\u00f3n, y hemos establecido un sistema de gesti\u00f3n de calidad integral. Nos comprometemos a proporcionar a los clientes asistencia t\u00e9cnica y soluciones personalizadas que van m\u00e1s all\u00e1 de los propios productos, ayudando a que sus proyectos de investigaci\u00f3n y producci\u00f3n tengan \u00e9xito.<\/p>\n","protected":false},"excerpt":{"rendered":"<p>Descripci\u00f3n general de los blancos de pulverizaci\u00f3n de sulfuro de hierro Los blancos de pulverizaci\u00f3n de sulfuro de hierro son un material semiconductor prometedor. Han atra\u00eddo una gran atenci\u00f3n debido a su banda prohibida adecuada, su coeficiente de absorci\u00f3n de luz extremadamente alto y el hecho de que sus elementos constituyentes son abundantes, no t\u00f3xicos [&hellip;]<\/p>\n","protected":false},"featured_media":52775,"template":"","meta":{"_acf_changed":false},"product_brand":[132],"product_cat":[457],"product_tag":[392,7999],"class_list":{"0":"post-52774","1":"product","2":"type-product","3":"status-publish","4":"has-post-thumbnail","6":"product_brand-ulpmat","7":"product_cat-blanco-ceramico-para-sputtering","8":"product_tag-blanco-para-sputtering","9":"product_tag-blanco-para-sputtering-de-sulfuro-de-hierro","11":"first","12":"instock","13":"shipping-taxable","14":"product-type-variable"},"acf":[],"_links":{"self":[{"href":"https:\/\/ulpmat.com\/es\/wp-json\/wp\/v2\/product\/52774","targetHints":{"allow":["GET"]}}],"collection":[{"href":"https:\/\/ulpmat.com\/es\/wp-json\/wp\/v2\/product"}],"about":[{"href":"https:\/\/ulpmat.com\/es\/wp-json\/wp\/v2\/types\/product"}],"wp:featuredmedia":[{"embeddable":true,"href":"https:\/\/ulpmat.com\/es\/wp-json\/wp\/v2\/media\/52775"}],"wp:attachment":[{"href":"https:\/\/ulpmat.com\/es\/wp-json\/wp\/v2\/media?parent=52774"}],"wp:term":[{"taxonomy":"product_brand","embeddable":true,"href":"https:\/\/ulpmat.com\/es\/wp-json\/wp\/v2\/product_brand?post=52774"},{"taxonomy":"product_cat","embeddable":true,"href":"https:\/\/ulpmat.com\/es\/wp-json\/wp\/v2\/product_cat?post=52774"},{"taxonomy":"product_tag","embeddable":true,"href":"https:\/\/ulpmat.com\/es\/wp-json\/wp\/v2\/product_tag?post=52774"}],"curies":[{"name":"wp","href":"https:\/\/api.w.org\/{rel}","templated":true}]}}