{"id":52751,"date":"2026-01-05T10:37:15","date_gmt":"2026-01-05T02:37:15","guid":{"rendered":"https:\/\/ulpmat.com\/product\/seleniuro-de-hierro\/"},"modified":"2026-01-05T10:37:15","modified_gmt":"2026-01-05T02:37:15","slug":"seleniuro-de-hierro","status":"publish","type":"product","link":"https:\/\/ulpmat.com\/es\/producto\/seleniuro-de-hierro\/","title":{"rendered":"Seleniuro de hierro"},"content":{"rendered":"<h2><span style=\"font-size: 14pt;\">Descripci\u00f3n general del polvo de seleniuro de hierro<\/span><\/h2>\n<p>El polvo<br \/>\n<span style=\"color: #0000ff;\"><a style=\"color: #0000ff;\" href=\"https:\/\/ulpmat.com\/es\/buscar\/?type=name&#038;keyword=Iron+selenide\">de seleniuro de hierro<\/a><\/span><br \/>\nes un material funcional de vanguardia muy prometedor. No solo es un sistema cl\u00e1sico de materiales superconductores basados en hierro para explorar el mecanismo de la superconductividad a alta temperatura, sino que sus propiedades semiconductoras y magn\u00e9ticas \u00fanicas tambi\u00e9n le confieren un gran potencial en la conversi\u00f3n y el almacenamiento de energ\u00eda, los dispositivos electr\u00f3nicos novedosos y otros campos. Es uno de los materiales clave que conectan la investigaci\u00f3n b\u00e1sica y las aplicaciones de vanguardia.<\/p>\n<p>Nos especializamos en el suministro de productos de polvo de seleniuro de hierro de alta pureza en m\u00faltiples especificaciones, garantizando estrictamente su composici\u00f3n qu\u00edmica y estructura cristalina. Podemos proporcionar de manera flexible envases y servicios personalizados desde gramos hasta kilogramos, seg\u00fan sus necesidades de investigaci\u00f3n. No dude en <span style=\"color: #0000ff;\"><a style=\"color: #0000ff;\" href=\"https:\/\/ulpmat.com\/es\/contacto\/\">ponerse en contacto con nosotros<\/a><\/span><br \/>\n.<\/p>\n<h2><span style=\"font-size: 14pt;\">Caracter\u00edsticas destacadas del producto<\/span><\/h2>\n<p>Alta pureza.<br \/>\nEstructura cristalina definida.<br \/>\nMorfolog\u00eda controlable.<br \/>\nEnvasado profesional.<br \/>\nEstricto control de calidad.<br \/>\nSuministro flexible<\/p>\n<h2><span style=\"font-size: 14pt;\">. Aplicaciones del polvo de seleniuro de hierro<\/span><\/h2>\n<p>Investigaci\u00f3n en f\u00edsica superconductora: como uno de los materiales superconductores a base de hierro m\u00e1s simples, es un sistema modelo ideal para explorar las transiciones y los mecanismos superconductores. Su temperatura de transici\u00f3n superconductora (Tc) puede alcanzar aproximadamente los 11 K.<\/p>\n<p>Nuevos materiales para<span style=\"color: #0000ff;\"><\/span><br \/>\nelectrodos <span style=\"color: #0000ff;\"><a style=\"color: #0000ff;\" href=\"https:\/\/ulpmat.com\/es\/solicitud\/materiales-para-baterias\/\">de bater\u00edas<\/a><\/span><br \/>\n: su estructura en capas \u00fanica y su actividad electroqu\u00edmica hacen que se estudien ampliamente como materiales para electrodos de alto rendimiento en dispositivos de almacenamiento de energ\u00eda de \u00faltima generaci\u00f3n, como las bater\u00edas de iones de sodio.<\/p>\n<p>Materiales electromagn\u00e9ticos y <span style=\"color: #0000ff;\"><a style=\"color: #0000ff;\" href=\"https:\/\/ulpmat.com\/es\/solicitud\/materiales-opticos\/\">optoelectr\u00f3nicos<\/a><\/span><br \/>\n: como semiconductores ferromagn\u00e9ticos, tienen aplicaciones potenciales en espintr\u00f3nica, detecci\u00f3n fotoel\u00e9ctrica y cat\u00e1lisis.<\/p>\n<p>Nanotecnolog\u00eda de vanguardia: sus nanoestructuras jer\u00e1rquicas (como las microesferas en forma de flor) han atra\u00eddo la atenci\u00f3n en el campo de la detecci\u00f3n y la cat\u00e1lisis debido a sus propiedades \u00fanicas.<\/p>\n<h2><span style=\"color: #0000ff;\"><a style=\"color: #0000ff;\" href=\"https:\/\/ulpmat.com\/es\/empresa\/preguntas-frecuentes\/\"><span style=\"font-size: 14pt;\">Preguntas frecuentes<\/span><\/a><\/span><\/h2>\n<p>P1: \u00bfSe pueden seleccionar las especificaciones de pureza del producto?<br \/>\nR1: Principalmente ofrecemos polvo de seleniuro de hierro de alta pureza. Tambi\u00e9n ofrecemos personalizaci\u00f3n bajo pedido.<\/p>\n<p>P2: \u00bfC\u00f3mo puedo consultar los precios y realizar un pedido? \u00bfCu\u00e1l es el proceso de compra espec\u00edfico?<br \/>\nR2: Puede ponerse en contacto con nosotros por tel\u00e9fono o correo electr\u00f3nico para solicitar un presupuesto. El proceso es el siguiente: Confirmar el producto y el precio \u2192 Pagar la mercanc\u00eda y proporcionar el comprobante de pago \u2192 Organizamos el env\u00edo \u2192 Usted recibe y confirma la recepci\u00f3n.<\/p>\n<p>P3: \u00bfHay existencias disponibles? \u00bfCu\u00e1nto tiempo despu\u00e9s del pago se enviar\u00e1 el pedido?<br \/>\nR3: Para las especificaciones est\u00e1ndar, solemos tener existencias. Normalmente organizamos el env\u00edo lo antes posible tras confirmar la recepci\u00f3n del pago.<\/p>\n<p>P4: \u00bfPueden proporcionar informes de pruebas del producto?<br \/>\nR4: S\u00ed. Podemos proporcionar informes de calidad por lotes con el env\u00edo para garantizar la trazabilidad de los datos.<\/p>\n<h2><span style=\"font-size: 14pt;\">Informes<\/span><\/h2>\n<p>Cada lote se suministra con:<br \/>\n<span style=\"color: #0000ff;\"><a style=\"color: #0000ff;\" href=\"https:\/\/ulpmat.com\/es\/documentos\/certificado-de-analisis\/\">Certificado de an\u00e1lisis (COA)<\/a><\/span><\/p>\n<p><span style=\"color: #0000ff;\"><a style=\"color: #0000ff;\" href=\"https:\/\/ulpmat.com\/es\/documentos\/ficha-tecnica\/\">Ficha t\u00e9cnica (TDS)<\/a><\/span><\/p>\n<p><span style=\"color: #0000ff;\"><a style=\"color: #0000ff;\" href=\"https:\/\/ulpmat.com\/es\/documentos\/ficha-de-datos-de-seguridad\/\">Ficha de datos de seguridad (MSDS)<\/a><\/span><br \/>\nInformes de pruebas de terceros disponibles bajo petici\u00f3n<\/p>\n<h2><span style=\"font-size: 14pt;\">\u00bfPor qu\u00e9 elegirnos?<\/span><\/h2>\n<p>No solo somos un proveedor de polvo de seleniuro de hierro, sino tambi\u00e9n su socio en la exploraci\u00f3n de materiales de vanguardia. Entendemos profundamente que los materiales de alta calidad y consistentes son cruciales para el \u00e9xito de la investigaci\u00f3n cient\u00edfica. Nuestro equipo posee una s\u00f3lida formaci\u00f3n profesional y una eficiente conciencia de servicio, y se dedica a proporcionarle un apoyo integral desde la selecci\u00f3n de materiales hasta el asesoramiento t\u00e9cnico, ayud\u00e1ndole a avanzar de manera eficiente en su trabajo de investigaci\u00f3n y a convertir sus ideas innovadoras en realidad.<\/p>\n","protected":false},"excerpt":{"rendered":"<p>Descripci\u00f3n general del polvo de seleniuro de hierro El polvo de seleniuro de hierro es un material funcional de vanguardia muy prometedor. No solo es un sistema cl\u00e1sico de materiales superconductores basados en hierro para explorar el mecanismo de la superconductividad a alta temperatura, sino que sus propiedades semiconductoras y magn\u00e9ticas \u00fanicas tambi\u00e9n le confieren [&hellip;]<\/p>\n","protected":false},"featured_media":52752,"template":"","meta":{"_acf_changed":false},"product_brand":[132],"product_cat":[678,1102],"product_tag":[1104,7993],"class_list":{"0":"post-52751","1":"product","2":"type-product","3":"status-publish","4":"has-post-thumbnail","6":"product_brand-ulpmat","7":"product_cat-materiales-calcogenuros","8":"product_cat-materiales-calcogenuros-es","9":"product_tag-materiales-calcogenuros","10":"product_tag-seleniuro-de-hierro-en-polvo","12":"first","13":"instock","14":"shipping-taxable","15":"product-type-variable"},"acf":[],"_links":{"self":[{"href":"https:\/\/ulpmat.com\/es\/wp-json\/wp\/v2\/product\/52751","targetHints":{"allow":["GET"]}}],"collection":[{"href":"https:\/\/ulpmat.com\/es\/wp-json\/wp\/v2\/product"}],"about":[{"href":"https:\/\/ulpmat.com\/es\/wp-json\/wp\/v2\/types\/product"}],"wp:featuredmedia":[{"embeddable":true,"href":"https:\/\/ulpmat.com\/es\/wp-json\/wp\/v2\/media\/52752"}],"wp:attachment":[{"href":"https:\/\/ulpmat.com\/es\/wp-json\/wp\/v2\/media?parent=52751"}],"wp:term":[{"taxonomy":"product_brand","embeddable":true,"href":"https:\/\/ulpmat.com\/es\/wp-json\/wp\/v2\/product_brand?post=52751"},{"taxonomy":"product_cat","embeddable":true,"href":"https:\/\/ulpmat.com\/es\/wp-json\/wp\/v2\/product_cat?post=52751"},{"taxonomy":"product_tag","embeddable":true,"href":"https:\/\/ulpmat.com\/es\/wp-json\/wp\/v2\/product_tag?post=52751"}],"curies":[{"name":"wp","href":"https:\/\/api.w.org\/{rel}","templated":true}]}}