{"id":52710,"date":"2026-01-05T10:37:16","date_gmt":"2026-01-05T02:37:16","guid":{"rendered":"https:\/\/ulpmat.com\/product\/siliciuro-de-hierro\/"},"modified":"2026-01-05T10:37:16","modified_gmt":"2026-01-05T02:37:16","slug":"siliciuro-de-hierro","status":"publish","type":"product","link":"https:\/\/ulpmat.com\/es\/producto\/siliciuro-de-hierro\/","title":{"rendered":"Siliciuro de hierro"},"content":{"rendered":"<h2><span style=\"font-size: 14pt;\">Descripci\u00f3n general de los blancos de pulverizaci\u00f3n de siliciuro de hierro<\/span><\/h2>\n<p>Los blancos de pulverizaci\u00f3n<br \/>\n<span style=\"color: #0000ff;\"><a style=\"color: #0000ff;\" href=\"https:\/\/ulpmat.com\/es\/buscar\/?type=name&#038;keyword=Iron+silicide\">de siliciuro de hierro<\/a><\/span><br \/>\nson un material clave para la preparaci\u00f3n de pel\u00edculas delgadas funcionales con excelentes propiedades optoelectr\u00f3nicas. Mediante procesos avanzados como la pulverizaci\u00f3n magnetr\u00f3nica, pueden formar pel\u00edculas delgadas <span style=\"color: #0000ff;\"><a style=\"color: #0000ff;\" href=\"https:\/\/ulpmat.com\/es\/solicitud\/materiales-semiconductores\/\">semiconductoras<\/a><\/span><br \/>\ncomo \u03b2-FeSi\u2082, que se utilizan ampliamente en dispositivos optoelectr\u00f3nicos, c\u00e9lulas solares y nuevos componentes semiconductores. Son una alternativa ecol\u00f3gica ideal a los materiales tradicionales que contienen elementos t\u00f3xicos o raros, como el ars\u00e9nico y el indio.<\/p>\n<p>Ofrecemos blancos de pulverizaci\u00f3n de siliciuro de hierro de alta pureza, alta densidad y grano fino, fabricados mediante procesos avanzados como el prensado isost\u00e1tico en caliente y la sinterizaci\u00f3n por plasma de chispa. Ofrecemos <span style=\"color: #0000ff;\"><a style=\"color: #0000ff;\" href=\"https:\/\/ulpmat.com\/es\/servicio\/personalizacion\/\">personalizaci\u00f3n<\/a><\/span><br \/>\nde tama\u00f1os est\u00e1ndar y especiales para satisfacer los diferentes requisitos de los equipos de recubrimiento y los procesos. Para consultas sobre personalizaci\u00f3n, p\u00f3ngase <span style=\"color: #0000ff;\"><a style=\"color: #0000ff;\" href=\"https:\/\/ulpmat.com\/es\/contacto\/\">en contacto con nosotros<\/a><\/span><br \/>\n.<\/p>\n<h2><span style=\"font-size: 14pt;\">Caracter\u00edsticas destacadas del producto<\/span><\/h2>\n<p>Alta pureza y bajas impurezas.<br \/>\nAlta densidad y grano fino.<br \/>\nExcelentes caracter\u00edsticas de pulverizaci\u00f3n.<br \/>\nExcelente conductividad t\u00e9rmica y propiedades mec\u00e1nicas.<br \/>\nMaterial respetuoso con el medio ambiente.<\/p>\n<h2><span style=\"font-size: 14pt;\">Aplicaciones de los blancos de pulverizaci\u00f3n de siliciuro de hierro<\/span><\/h2>\n<p>Optoelectr\u00f3nica y energ\u00eda <span style=\"color: #0000ff;\"><a style=\"color: #0000ff;\" href=\"https:\/\/ulpmat.com\/es\/solicitud\/energia-solar-fotovoltaica\/\">solar<\/a><\/span><br \/>\n: se utilizan para depositar pel\u00edculas delgadas semiconductoras de \u03b2-FeSi\u2082 con anchos de banda adecuados, lo que los convierte en un material potencialmente ideal para la fabricaci\u00f3n de c\u00e9lulas solares y fotodetectores respetuosos con el medio ambiente.<br \/>\n<span style=\"color: #0000ff;\"><a style=\"color: #0000ff;\" href=\"https:\/\/ulpmat.com\/es\/solicitud\/materiales-semiconductores\/\">Semiconductores<\/a><\/span><br \/>\ny circuitos integrados: en los dispositivos semiconductores, las pel\u00edculas delgadas de siliciuro de hierro pueden servir como recubrimientos funcionales o materiales de uni\u00f3n para cumplir con requisitos espec\u00edficos de rendimiento el\u00e9ctrico y t\u00e9rmico.<br \/>\nDispositivos termoel\u00e9ctricos: gracias a sus propiedades de conversi\u00f3n termoel\u00e9ctrica, se puede utilizar para fabricar dispositivos termoel\u00e9ctricos de pel\u00edcula delgada que convierten directamente la energ\u00eda t\u00e9rmica en energ\u00eda el\u00e9ctrica.<br \/>\nInvestigaci\u00f3n cient\u00edfica de vanguardia: como fuente objetivo para la preparaci\u00f3n de pel\u00edculas delgadas monocristalinas o nanoestructuras de compuestos de hierro y silicio, se utiliza en la exploraci\u00f3n de campos de vanguardia como los dispositivos cu\u00e1nticos y la espintr\u00f3nica.<\/p>\n<h2><span style=\"color: #0000ff;\"><a style=\"color: #0000ff;\" href=\"https:\/\/ulpmat.com\/es\/empresa\/preguntas-frecuentes\/\"><span style=\"font-size: 14pt;\">Preguntas frecuentes<\/span><\/a><\/span><\/h2>\n<p>P1: \u00bfCu\u00e1l es la pureza y las principales especificaciones de sus objetivos de siliciuro de hierro?<br \/>\nR1: Ofrecemos productos de alta pureza y podemos personalizar blancos de diferentes tama\u00f1os, tama\u00f1os de grano y proporciones de composici\u00f3n qu\u00edmica seg\u00fan sus necesidades de investigaci\u00f3n o producci\u00f3n.<\/p>\n<p>P2: Me gustar\u00eda pedir blancos no est\u00e1ndar con tama\u00f1os o composiciones especiales. \u00bfPueden personalizarlos? \u00bfCu\u00e1l es el proceso?<br \/>\nR2: Ofrecemos servicios de personalizaci\u00f3n. Por favor, facil\u00edtenos los requisitos t\u00e9cnicos detallados (como planos, composici\u00f3n e indicadores de rendimiento). Nuestro equipo de ingenier\u00eda evaluar\u00e1 y le proporcionar\u00e1 soluciones, plazos de entrega y presupuestos.<\/p>\n<p>P3: \u00bfC\u00f3mo garantizan la estabilidad del objetivo y la calidad de la pel\u00edcula durante el proceso de pulverizaci\u00f3n?<br \/>\nR3: Garantizamos una alta densidad y una baja porosidad de nuestros objetivos de pulverizaci\u00f3n mediante un proceso de sinterizaci\u00f3n estrictamente controlado. Esto ayuda a reducir las salpicaduras de part\u00edculas y las descargas anormales durante la pulverizaci\u00f3n, lo que da como resultado pel\u00edculas uniformes, densas y de alta calidad.<\/p>\n<p>P4: \u00bfC\u00f3mo se empaquetan y transportan los blancos, y qu\u00e9 precauciones se toman?<br \/>\nR4: Todos los blancos se limpian y luego se empaquetan en envases a prueba de golpes y sellados al vac\u00edo para evitar la humedad, la oxidaci\u00f3n o la contaminaci\u00f3n durante el transporte y el almacenamiento, lo que garantiza que lleguen en condiciones de uso inmediato.<\/p>\n<h2><span style=\"font-size: 14pt;\">Informes<\/span><\/h2>\n<p>Cada lote se suministra con:<br \/>\n<span style=\"color: #0000ff;\"><a style=\"color: #0000ff;\" href=\"https:\/\/ulpmat.com\/es\/documentos\/certificado-de-analisis\/\">Certificado de an\u00e1lisis (COA)<\/a><\/span><\/p>\n<p><span style=\"color: #0000ff;\"><a style=\"color: #0000ff;\" href=\"https:\/\/ulpmat.com\/es\/documentos\/ficha-tecnica\/\">Ficha t\u00e9cnica (TDS)<\/a><\/span><\/p>\n<p><span style=\"color: #0000ff;\"><a style=\"color: #0000ff;\" href=\"https:\/\/ulpmat.com\/es\/documentos\/ficha-de-datos-de-seguridad\/\">Ficha de datos de seguridad (MSDS)<\/a><\/span><br \/>\nInforme de inspecci\u00f3n de tama\u00f1o<br \/>\nInformes de pruebas de terceros disponibles bajo petici\u00f3n<\/p>\n<h2><span style=\"font-size: 14pt;\">. \u00bfPor qu\u00e9 elegirnos?<\/span><\/h2>\n<p>No solo somos fabricantes de blancos de pulverizaci\u00f3n, sino tambi\u00e9n socios que le ofrecen soluciones para sus retos t\u00e9cnicos. Bas\u00e1ndonos en un profundo conocimiento de los procesos y un riguroso sistema de control de calidad, nos aseguramos de que cada blanco tenga un rendimiento superior y constante. Nos comprometemos a convertirnos en su socio de confianza a largo plazo con productos profesionales y fiables y servicios eficientes y flexibles, impulsando conjuntamente el avance de las tecnolog\u00edas de vanguardia.<\/p>\n","protected":false},"excerpt":{"rendered":"<p>Descripci\u00f3n general de los blancos de pulverizaci\u00f3n de siliciuro de hierro Los blancos de pulverizaci\u00f3n de siliciuro de hierro son un material clave para la preparaci\u00f3n de pel\u00edculas delgadas funcionales con excelentes propiedades optoelectr\u00f3nicas. Mediante procesos avanzados como la pulverizaci\u00f3n magnetr\u00f3nica, pueden formar pel\u00edculas delgadas semiconductoras como \u03b2-FeSi\u2082, que se utilizan ampliamente en dispositivos optoelectr\u00f3nicos, [&hellip;]<\/p>\n","protected":false},"featured_media":52711,"template":"","meta":{"_acf_changed":false},"product_brand":[132],"product_cat":[457],"product_tag":[392,7981],"class_list":{"0":"post-52710","1":"product","2":"type-product","3":"status-publish","4":"has-post-thumbnail","6":"product_brand-ulpmat","7":"product_cat-blanco-ceramico-para-sputtering","8":"product_tag-blanco-para-sputtering","9":"product_tag-blanco-para-sputtering-de-siliciuro-de-hierro","11":"first","12":"instock","13":"shipping-taxable","14":"product-type-variable"},"acf":[],"_links":{"self":[{"href":"https:\/\/ulpmat.com\/es\/wp-json\/wp\/v2\/product\/52710","targetHints":{"allow":["GET"]}}],"collection":[{"href":"https:\/\/ulpmat.com\/es\/wp-json\/wp\/v2\/product"}],"about":[{"href":"https:\/\/ulpmat.com\/es\/wp-json\/wp\/v2\/types\/product"}],"wp:featuredmedia":[{"embeddable":true,"href":"https:\/\/ulpmat.com\/es\/wp-json\/wp\/v2\/media\/52711"}],"wp:attachment":[{"href":"https:\/\/ulpmat.com\/es\/wp-json\/wp\/v2\/media?parent=52710"}],"wp:term":[{"taxonomy":"product_brand","embeddable":true,"href":"https:\/\/ulpmat.com\/es\/wp-json\/wp\/v2\/product_brand?post=52710"},{"taxonomy":"product_cat","embeddable":true,"href":"https:\/\/ulpmat.com\/es\/wp-json\/wp\/v2\/product_cat?post=52710"},{"taxonomy":"product_tag","embeddable":true,"href":"https:\/\/ulpmat.com\/es\/wp-json\/wp\/v2\/product_tag?post=52710"}],"curies":[{"name":"wp","href":"https:\/\/api.w.org\/{rel}","templated":true}]}}