{"id":52667,"date":"2026-01-05T10:37:16","date_gmt":"2026-01-05T02:37:16","guid":{"rendered":"https:\/\/ulpmat.com\/product\/hierro-silicio-boro\/"},"modified":"2026-01-05T10:37:16","modified_gmt":"2026-01-05T02:37:16","slug":"hierro-silicio-boro","status":"publish","type":"product","link":"https:\/\/ulpmat.com\/es\/producto\/hierro-silicio-boro\/","title":{"rendered":"Hierro Silicio Boro"},"content":{"rendered":"<h2><span style=\"font-size: 14pt;\">Objetivos de pulverizaci\u00f3n de hierro, silicio y boro Descripci\u00f3n general<\/span><\/h2>\n<p>Los objetivos de pulverizaci\u00f3n<br \/>\n<span style=\"color: #0000ff;\"><a style=\"color: #0000ff;\" href=\"https:\/\/ulpmat.com\/es\/buscar\/?type=name&#038;keyword=Iron+silicon+boron\">de hierro, silicio y boro<\/a><\/span><br \/>\nson un material clave utilizado en la deposici\u00f3n f\u00edsica de vapor (PVD) para preparar pel\u00edculas delgadas amorfas, nanocristalinas o funcionales especializadas. Debido a sus propiedades magn\u00e9ticas blandas \u00fanicas, su resistencia al desgaste y a la corrosi\u00f3n, y su efecto magnetostrictivo, estos materiales se utilizan ampliamente en campos de vanguardia como los dispositivos electr\u00f3nicos de precisi\u00f3n, los sensores, la eficiencia energ\u00e9tica y la protecci\u00f3n de superficies.<\/p>\n<p>Ofrecemos blancos de pulverizaci\u00f3n de hierro, silicio y boro de alta pureza y alta densidad, personalizables con diferentes proporciones de composici\u00f3n, tama\u00f1os y grados de pureza para satisfacer sus necesidades. Admitimos diversos procesos avanzados, como el prensado isost\u00e1tico en caliente y la fusi\u00f3n al vac\u00edo, para garantizar un rendimiento excelente y la estabilidad de los lotes. P\u00f3ngase <span style=\"color: #0000ff;\"><a style=\"color: #0000ff;\" href=\"https:\/\/ulpmat.com\/es\/contacto\/\">en contacto con nosotros<\/a><\/span><br \/>\npara obtener especificaciones detalladas del producto o los precios m\u00e1s recientes.<\/p>\n<h2><span style=\"font-size: 14pt;\">Caracter\u00edsticas destacadas del producto<\/span><\/h2>\n<p>Composici\u00f3n precisa, rendimiento ajustable.<br \/>\nAlta pureza, estricto control de impurezas.<br \/>\nAlta densidad, granos uniformes y finos.<br \/>\nVelocidad de pulverizaci\u00f3n estable, excelente calidad de la pel\u00edcula.<br \/>\nLarga vida \u00fatil, alta rentabilidad.<br \/>\nTama\u00f1os y formas personalizados<\/p>\n<h2><span style=\"font-size: 14pt;\">Aplicaciones de los blancos de pulverizaci\u00f3n de hierro-silicio-boro<\/span><\/h2>\n<p><strong>Sensores magn\u00e9ticos y componentes electr\u00f3nicos de alto rendimiento:<\/strong><br \/>\nse utilizan para preparar pel\u00edculas delgadas magn\u00e9ticas blandas amorfas o nanocristalinas. Estas pel\u00edculas poseen excelentes propiedades, como alta permeabilidad y baja p\u00e9rdida, lo que las convierte en capas funcionales fundamentales para la fabricaci\u00f3n de transformadores de alta frecuencia, inductores, sensores magn\u00e9ticos y sensores magnetostrictivos.<\/p>\n<p><strong>Recubrimientos protectores y de refuerzo de superficies:<\/strong><br \/>\nlos recubrimientos de pel\u00edcula delgada a base de hierro-silicio-boro formados por pulverizaci\u00f3n tienen una alta dureza, buena resistencia al desgaste y resistencia a la corrosi\u00f3n, lo que mejora significativamente la vida \u00fatil de las piezas de precisi\u00f3n, herramientas, moldes, etc., en entornos de alto desgaste o corrosivos.<\/p>\n<p><strong>Tecnolog\u00eda avanzada de almacenamiento y <span style=\"color: #0000ff;\"><a style=\"color: #0000ff;\" href=\"https:\/\/ulpmat.com\/es\/solicitud\/materiales-semiconductores\/\">semiconductores<\/a><\/span>:<\/strong><br \/>\ncon una composici\u00f3n y estructura espec\u00edficas, pueden utilizarse para desarrollar capas funcionales de pel\u00edcula delgada en nuevos soportes de grabaci\u00f3n magn\u00e9tica o dispositivos semiconductores, satisfaciendo los requisitos m\u00e1s exigentes en cuanto al rendimiento de los materiales en el campo de la tecnolog\u00eda de la informaci\u00f3n.<\/p>\n<p><strong>Investigaci\u00f3n cient\u00edfica de vanguardia y exploraci\u00f3n funcional:<\/strong><br \/>\ncomo material de investigaci\u00f3n importante, sirve para la investigaci\u00f3n cient\u00edfica fundamental y el desarrollo de aplicaciones innovadoras en nuevos materiales magn\u00e9ticos, espintr\u00f3nica, dispositivos termoel\u00e9ctricos y otros campos, proporcionando una base material para los avances tecnol\u00f3gicos.<\/p>\n<h2><span style=\"font-size: 14pt;\">Preguntas frecuentes<\/span><\/h2>\n<p>P1: \u00bfC\u00f3mo puedo determinar la composici\u00f3n y las especificaciones adecuadas del blanco de pulverizaci\u00f3n que necesito?<br \/>\nR1: La elecci\u00f3n espec\u00edfica del blanco depende principalmente de los requisitos finales de rendimiento de la pel\u00edcula delgada y del modelo de equipo de pulverizaci\u00f3n que vaya a utilizar. Nuestros ingenieros t\u00e9cnicos pueden recomendarle la composici\u00f3n y las especificaciones m\u00e1s adecuadas en funci\u00f3n de los objetivos de su aplicaci\u00f3n y las condiciones del proceso.<\/p>\n<p>P2: \u00bfCu\u00e1nto tiempo se tarda en personalizar un blanco con un tama\u00f1o o una composici\u00f3n especiales?<br \/>\nR2: El ciclo de personalizaci\u00f3n depende de la complejidad del proceso espec\u00edfico, normalmente varias semanas. Para ajustes en las composiciones de aleaciones est\u00e1ndar o modificaciones dimensionales, intentaremos acortar el plazo de entrega. Indique sus requisitos espec\u00edficos y los evaluaremos para proporcionarle una fecha de entrega precisa.<\/p>\n<p>P3: \u00bfC\u00f3mo garantizan la calidad y la consistencia de los lotes de sus blancos?<br \/>\nR3: Comenzamos con el control de las materias primas y empleamos procesos de producci\u00f3n y prueba estandarizados y precisos a lo largo de todo el proceso. Cada lote de blancos viene con un informe detallado de inspecci\u00f3n de calidad para garantizar que la composici\u00f3n qu\u00edmica, las propiedades f\u00edsicas y la microestructura cumplan con sus requisitos.<\/p>\n<p>P4: Adem\u00e1s del blanco de pulverizaci\u00f3n propiamente dicho, \u00bfpueden proporcionar instrucciones de uso relacionadas?<br \/>\nR4: S\u00ed. Podemos proporcionar directrices b\u00e1sicas de funcionamiento para la instalaci\u00f3n, limpieza y almacenamiento de los blancos de pulverizaci\u00f3n para ayudarle a optimizar sus procesos y utilizar mejor el producto.<\/p>\n<h2><span style=\"font-size: 14pt;\">Informes<\/span><\/h2>\n<p>Cada lote se suministra con:<br \/>\n<span style=\"color: #0000ff;\"><a style=\"color: #0000ff;\" href=\"https:\/\/ulpmat.com\/es\/documentos\/certificado-de-analisis\/\">Certificado de an\u00e1lisis (COA)<\/a><\/span><\/p>\n<p><span style=\"color: #0000ff;\"><a style=\"color: #0000ff;\" href=\"https:\/\/ulpmat.com\/es\/documentos\/ficha-tecnica\/\">Ficha t\u00e9cnica (TDS)<\/a><\/span><\/p>\n<p><span style=\"color: #0000ff;\"><a style=\"color: #0000ff;\" href=\"https:\/\/ulpmat.com\/es\/documentos\/ficha-de-datos-de-seguridad\/\">Ficha de datos de seguridad (MSDS)<\/a><\/span><br \/>\nInforme de inspecci\u00f3n de tama\u00f1o<br \/>\nInformes de pruebas de terceros disponibles bajo petici\u00f3n<\/p>\n<h2><span style=\"font-size: 14pt;\">\u00bfPor qu\u00e9 elegirnos?<\/span><\/h2>\n<p>Contamos con una amplia experiencia en el campo de los blancos de pulverizaci\u00f3n de alta gama, y poseemos no solo capacidades t\u00e9cnicas completas, desde el dise\u00f1o de materiales hasta la fabricaci\u00f3n de precisi\u00f3n, sino tambi\u00e9n un profundo conocimiento de la importancia de los materiales estables y fiables para la I+D y la producci\u00f3n de nuestros clientes. Nos comprometemos a proporcionarle blancos de pulverizaci\u00f3n de hierro-silicio-boro de alto rendimiento y gran consistencia mediante un riguroso control de los procesos y servicios t\u00e9cnicos profesionales, convirti\u00e9ndonos en su socio de confianza en materia de materiales.<\/p>\n","protected":false},"excerpt":{"rendered":"<p>Objetivos de pulverizaci\u00f3n de hierro, silicio y boro Descripci\u00f3n general Los objetivos de pulverizaci\u00f3n de hierro, silicio y boro son un material clave utilizado en la deposici\u00f3n f\u00edsica de vapor (PVD) para preparar pel\u00edculas delgadas amorfas, nanocristalinas o funcionales especializadas. Debido a sus propiedades magn\u00e9ticas blandas \u00fanicas, su resistencia al desgaste y a la corrosi\u00f3n, [&hellip;]<\/p>\n","protected":false},"featured_media":52668,"template":"","meta":{"_acf_changed":false},"product_brand":[132],"product_cat":[570],"product_tag":[392,7975],"class_list":{"0":"post-52667","1":"product","2":"type-product","3":"status-publish","4":"has-post-thumbnail","6":"product_brand-ulpmat","7":"product_cat-catodos-para-sputtering-de-aleaciones","8":"product_tag-blanco-para-sputtering","9":"product_tag-catodos-para-sputtering-de-hierro-silicio-y-boro","11":"first","12":"instock","13":"shipping-taxable","14":"product-type-variable"},"acf":[],"_links":{"self":[{"href":"https:\/\/ulpmat.com\/es\/wp-json\/wp\/v2\/product\/52667","targetHints":{"allow":["GET"]}}],"collection":[{"href":"https:\/\/ulpmat.com\/es\/wp-json\/wp\/v2\/product"}],"about":[{"href":"https:\/\/ulpmat.com\/es\/wp-json\/wp\/v2\/types\/product"}],"wp:featuredmedia":[{"embeddable":true,"href":"https:\/\/ulpmat.com\/es\/wp-json\/wp\/v2\/media\/52668"}],"wp:attachment":[{"href":"https:\/\/ulpmat.com\/es\/wp-json\/wp\/v2\/media?parent=52667"}],"wp:term":[{"taxonomy":"product_brand","embeddable":true,"href":"https:\/\/ulpmat.com\/es\/wp-json\/wp\/v2\/product_brand?post=52667"},{"taxonomy":"product_cat","embeddable":true,"href":"https:\/\/ulpmat.com\/es\/wp-json\/wp\/v2\/product_cat?post=52667"},{"taxonomy":"product_tag","embeddable":true,"href":"https:\/\/ulpmat.com\/es\/wp-json\/wp\/v2\/product_tag?post=52667"}],"curies":[{"name":"wp","href":"https:\/\/api.w.org\/{rel}","templated":true}]}}