{"id":52649,"date":"2026-01-05T10:37:17","date_gmt":"2026-01-05T02:37:17","guid":{"rendered":"https:\/\/ulpmat.com\/product\/oxido-de-hierro-y-titanio-ilemnita-2\/"},"modified":"2026-01-05T10:37:17","modified_gmt":"2026-01-05T02:37:17","slug":"oxido-de-hierro-y-titanio-ilemnita-2","status":"publish","type":"product","link":"https:\/\/ulpmat.com\/es\/producto\/oxido-de-hierro-y-titanio-ilemnita-2\/","title":{"rendered":"\u00d3xido de hierro y titanio (ilemnita)"},"content":{"rendered":"<h2><span style=\"font-size: 14pt;\">Descripci\u00f3n general del polvo de \u00f3xido <\/span><span style=\"font-size: 14pt;\">de hierro <\/span><span style=\"font-size: 14pt;\">y titanio<\/span><\/h2>\n<p>El polvo<br \/>\n<span style=\"color: #0000ff;\"><a style=\"color: #0000ff;\" href=\"https:\/\/ulpmat.com\/es\/buscar\/?type=name&#038;keyword=Iron+titanium+oxide\">de \u00f3xido de hierro y titanio<\/a><\/span><br \/>\nes una clase de materiales funcionales inorg\u00e1nicos compuestos por hierro, titanio y ox\u00edgeno. No solo es el componente principal de la ilmenita que se encuentra en la naturaleza, sino tambi\u00e9n un material clave en la industria moderna y la investigaci\u00f3n cient\u00edfica de vanguardia. Debido a su estructura \u00fanica, sus propiedades magn\u00e9ticas y sus caracter\u00edsticas catal\u00edticas, este polvo se utiliza ampliamente en la preparaci\u00f3n de pigmentos anticorrosivos de alto rendimiento, cer\u00e1micas avanzadas, electrodos de bater\u00edas de almacenamiento de energ\u00eda y fotocatalizadores eficientes.<\/p>\n<p>Nos centramos en proporcionar polvos de \u00f3xido de hierro y titanio de alta calidad en diversas especificaciones, y ofrecemos productos personalizados, desde grados industriales est\u00e1ndar hasta grados de investigaci\u00f3n de alta pureza, para satisfacer las estrictas necesidades de diferentes campos. P\u00f3ngase <span style=\"color: #0000ff;\"><a style=\"color: #0000ff;\" href=\"https:\/\/ulpmat.com\/es\/contacto\/\">en contacto con nosotros<\/a><\/span><br \/>\nsi tiene alguna pregunta sobre nuestros productos.<\/p>\n<h2><span style=\"font-size: 14pt;\">Caracter\u00edsticas destacadas del producto<\/span><\/h2>\n<p>M\u00faltiples fases y composiciones disponibles<br \/>\nAlta pureza, bajo contenido de impurezas<br \/>\nTama\u00f1o y morfolog\u00eda de las part\u00edculas controlables<br \/>\nExcelente estabilidad qu\u00edmica<br \/>\nRendimiento fotoelectrocatal\u00edtico \u00fanico<br \/>\nBuenas propiedades magn\u00e9ticas<\/p>\n<h2><span style=\"font-size: 14pt;\">Aplicaciones del <\/span><span style=\"font-size: 14pt;\">polvo de \u00f3xido <\/span><span style=\"font-size: 14pt;\">de<\/span><span style=\"font-size: 14pt;\"> <\/span><span style=\"font-size: 14pt;\">hierro <\/span><span style=\"font-size: 14pt;\">y titanio<\/span><\/h2>\n<p><strong>Pigmentos anticorrosivos de alto rendimiento:<\/strong><br \/>\ncomo componente principal de los pigmentos anticorrosivos respetuosos con el medio ambiente, puede sustituir eficazmente a los pigmentos tradicionales que contienen plomo. A trav\u00e9s de una densa capa de recubrimiento, a\u00edsla la humedad y el ox\u00edgeno, proporcionando una protecci\u00f3n a largo plazo para los sustratos de acero y mostrando una excelente resistencia a la niebla salina.<\/p>\n<p><strong>Almacenamiento y conversi\u00f3n de energ\u00eda:<\/strong><br \/>\nen campos como las bater\u00edas de ionen litio, los \u00f3xidos h\u00edbridos de titanio y hierro de tama\u00f1o nanom\u00e9trico pueden utilizarse como materiales de \u00e1nodo, lo que ayuda a mejorar el rendimiento del ciclo de la bater\u00eda y la capacidad reversible, demostrando su potencial en el nuevo campo de la energ\u00eda.<\/p>\n<p><strong>Purificaci\u00f3n fotocatal\u00edtica medioambiental:<\/strong><br \/>\nlos materiales compuestos de \u00f3xido de hierro y titanio dise\u00f1ados espec\u00edficamente poseen la capacidad de degradar eficazmente los contaminantes org\u00e1nicos bajo la luz visible y pueden utilizarse en campos de protecci\u00f3n medioambiental como el tratamiento de aguas residuales y la purificaci\u00f3n del aire.<\/p>\n<p><strong>Cer\u00e1micas y recubrimientos funcionales especiales:<\/strong><br \/>\nDebido a sus propiedades fisicoqu\u00edmicas estables, es una materia prima importante para la preparaci\u00f3n de cer\u00e1micas especiales, recubrimientos de alta gama y materiales compuestos, y se utiliza ampliamente en industrias, aeroespaciales y marinas con altos requisitos de resistencia a la corrosi\u00f3n.<\/p>\n<h2><span style=\"font-size: 14pt;\">Preguntas frecuentes<\/span><\/h2>\n<p>P1: \u00bfQu\u00e9 pureza y especificaciones de polvo de \u00f3xido de hierro y titanio pueden proporcionar?<br \/>\nR1: Ofrecemos una amplia gama de purezas de productos, que abarca desde el grado industrial hasta la alta pureza, y podemos personalizar diferentes tama\u00f1os de part\u00edculas y especificaciones de envasado seg\u00fan sus necesidades.<\/p>\n<p>P2: \u00bfC\u00f3mo puedo obtener los par\u00e1metros t\u00e9cnicos detallados y un presupuesto de los productos?<br \/>\nR2: Puede utilizar la funci\u00f3n \u00abConsulta en l\u00ednea\u00bb del sitio web o ponerse en contacto directamente con nuestro departamento de ventas. Indique el modelo espec\u00edfico del producto que le interesa o sus requisitos generales, y le proporcionaremos una ficha t\u00e9cnica detallada (TDS) y un presupuesto competitivo lo antes posible.<\/p>\n<p>P3: \u00bfExiste un requisito de cantidad m\u00ednima de pedido?<br \/>\nR3: Aceptamos tanto compras de lotes peque\u00f1os durante la fase de I+D como pedidos de producci\u00f3n a gran escala. La cantidad m\u00ednima de pedido depende del producto espec\u00edfico y de los requisitos de personalizaci\u00f3n. Consulte a nuestro representante de ventas para obtener m\u00e1s detalles.<\/p>\n<p>P4: \u00bfCu\u00e1l es el plazo de entrega aproximado para el \u00f3xido de hierro y titanio?<br \/>\nR4: Para los productos est\u00e1ndar, normalmente disponemos de existencias para una entrega r\u00e1pida. El ciclo de producci\u00f3n de los productos personalizados depende de la complejidad del proceso. Le proporcionaremos un calendario preciso una vez que confirme su pedido.<\/p>\n<h2><span style=\"font-size: 14pt;\">Informes<\/span><\/h2>\n<p>Cada lote se suministra con:<br \/>\n<span style=\"color: #0000ff;\"><a style=\"color: #0000ff;\" href=\"https:\/\/ulpmat.com\/es\/documentos\/certificado-de-analisis\/\">Certificado de an\u00e1lisis (COA)<\/a><\/span><\/p>\n<p><span style=\"color: #0000ff;\"><a style=\"color: #0000ff;\" href=\"https:\/\/ulpmat.com\/es\/documentos\/ficha-tecnica\/\">Ficha t\u00e9cnica (TDS)<\/a><\/span><\/p>\n<p><span style=\"color: #0000ff;\"><a style=\"color: #0000ff;\" href=\"https:\/\/ulpmat.com\/es\/documentos\/ficha-de-datos-de-seguridad\/\">Ficha de datos de seguridad (MSDS)<\/a><\/span><br \/>\nInformes de pruebas de terceros disponibles bajo petici\u00f3n<\/p>\n<h2><span style=\"font-size: 14pt;\">\u00bfPor qu\u00e9 elegirnos?<\/span><\/h2>\n<p>Elegirnos significa elegir no solo un proveedor, sino tambi\u00e9n un socio fiable comprometido con las soluciones de materiales. Aprovechando nuestro profundo conocimiento de los materiales de \u00f3xido de hierro y titanio y nuestro riguroso control del proceso de producci\u00f3n, nos aseguramos de que cada lote de productos ofrezca un rendimiento estable y datos fiables. Estamos comprometidos con un enfoque centrado en el cliente, proporcionando servicios integrales que van desde el asesoramiento profesional en la selecci\u00f3n hasta el apoyo a una cadena de suministro estable, ayudando a que sus proyectos tengan \u00e9xito desde la I+D hasta la producci\u00f3n en masa.<\/p>\n","protected":false},"excerpt":{"rendered":"<p>Descripci\u00f3n general del polvo de \u00f3xido de hierro y titanio El polvo de \u00f3xido de hierro y titanio es una clase de materiales funcionales inorg\u00e1nicos compuestos por hierro, titanio y ox\u00edgeno. No solo es el componente principal de la ilmenita que se encuentra en la naturaleza, sino tambi\u00e9n un material clave en la industria moderna [&hellip;]<\/p>\n","protected":false},"featured_media":52650,"template":"","meta":{"_acf_changed":false},"product_brand":[132],"product_cat":[1189],"product_tag":[7968,7969],"class_list":{"0":"post-52649","1":"product","2":"type-product","3":"status-publish","4":"has-post-thumbnail","6":"product_brand-ulpmat","7":"product_cat-otros-acidos","8":"product_tag-oxido-de-hierro-y-titanio-ilemnita-en-polvo","9":"product_tag-sal","11":"first","12":"instock","13":"shipping-taxable","14":"product-type-variable"},"acf":[],"_links":{"self":[{"href":"https:\/\/ulpmat.com\/es\/wp-json\/wp\/v2\/product\/52649","targetHints":{"allow":["GET"]}}],"collection":[{"href":"https:\/\/ulpmat.com\/es\/wp-json\/wp\/v2\/product"}],"about":[{"href":"https:\/\/ulpmat.com\/es\/wp-json\/wp\/v2\/types\/product"}],"wp:featuredmedia":[{"embeddable":true,"href":"https:\/\/ulpmat.com\/es\/wp-json\/wp\/v2\/media\/52650"}],"wp:attachment":[{"href":"https:\/\/ulpmat.com\/es\/wp-json\/wp\/v2\/media?parent=52649"}],"wp:term":[{"taxonomy":"product_brand","embeddable":true,"href":"https:\/\/ulpmat.com\/es\/wp-json\/wp\/v2\/product_brand?post=52649"},{"taxonomy":"product_cat","embeddable":true,"href":"https:\/\/ulpmat.com\/es\/wp-json\/wp\/v2\/product_cat?post=52649"},{"taxonomy":"product_tag","embeddable":true,"href":"https:\/\/ulpmat.com\/es\/wp-json\/wp\/v2\/product_tag?post=52649"}],"curies":[{"name":"wp","href":"https:\/\/api.w.org\/{rel}","templated":true}]}}