{"id":52631,"date":"2026-01-05T10:37:17","date_gmt":"2026-01-05T02:37:17","guid":{"rendered":"https:\/\/ulpmat.com\/product\/oxido-de-hierro-y-titanio-ilemnita\/"},"modified":"2026-01-05T10:37:17","modified_gmt":"2026-01-05T02:37:17","slug":"oxido-de-hierro-y-titanio-ilemnita","status":"publish","type":"product","link":"https:\/\/ulpmat.com\/es\/producto\/oxido-de-hierro-y-titanio-ilemnita\/","title":{"rendered":"\u00d3xido de hierro y titanio (ilemnita)"},"content":{"rendered":"<h2><span style=\"font-size: 14pt;\">Descripci\u00f3n general de <\/span><span style=\"font-size: 14pt;\">los blancos de pulverizaci\u00f3n de \u00f3xido <\/span><span style=\"font-size: 14pt;\">de hierro <\/span><span style=\"font-size: 14pt;\">y titanio<\/span><\/h2>\n<p>Los blancos de pulverizaci\u00f3n<br \/>\n<span style=\"color: #0000ff;\"><a style=\"color: #0000ff;\" href=\"https:\/\/ulpmat.com\/es\/buscar\/?type=name&#038;keyword=Iron+titanium+oxide\">de \u00f3xido de hierro y titanio<\/a><\/span><br \/>\nson blancos cer\u00e1micos clave que se utilizan en los procesos de deposici\u00f3n f\u00edsica de vapor (PVD). Mediante tecnolog\u00edas avanzadas como la pulverizaci\u00f3n cat\u00f3dica con magnetr\u00f3n, pueden depositar pel\u00edculas delgadas de \u00f3xido compuesto con una composici\u00f3n estable y uniforme sobre sustratos. Estas pel\u00edculas desempe\u00f1an importantes funciones en campos de alta tecnolog\u00eda como <span style=\"color: #0000ff;\"><a style=\"color: #0000ff;\" href=\"https:\/\/ulpmat.com\/es\/solicitud\/materiales-semiconductores\/\">los semiconductores<\/a><\/span><br \/>\n, los recubrimientos <span style=\"color: #0000ff;\"><a style=\"color: #0000ff;\" href=\"https:\/\/ulpmat.com\/es\/solicitud\/materiales-opticos\/\">\u00f3pticos<\/a><\/span><br \/>\n, los sensores y la ingenier\u00eda de superficies.<\/p>\n<p>Ofrecemos de forma profesional una serie de blancos de pulverizaci\u00f3n de \u00f3xido de hierro y titanio de alta pureza y alta densidad, que admiten la personalizaci\u00f3n en diversas especificaciones, incluidos <span style=\"color: #0000ff;\"><a style=\"color: #0000ff;\" href=\"https:\/\/ulpmat.com\/es\/product-category\/materiales-de-primera-calidad\/blancos-giratorios\/\">blancos<\/a><\/span><br \/>\nplanos y<span style=\"color: #0000ff;\"><a style=\"color: #0000ff;\" href=\"https:\/\/ulpmat.com\/es\/product-category\/materiales-de-primera-calidad\/blancos-giratorios\/\"> giratorios<\/a><\/span><br \/>\n, para satisfacer sus necesidades espec\u00edficas en diferentes escenarios de aplicaci\u00f3n y equipos de recubrimiento. P\u00f3ngase en contacto con nosotros si necesita una hoja de especificaciones detalladas del producto.<\/p>\n<h2><span style=\"font-size: 14pt;\">Caracter\u00edsticas destacadas del producto<\/span><\/h2>\n<p>Estequiometr\u00eda estrictamente controlada<br \/>\nPureza ultraalta, contenido de impurezas extremadamente bajo<br \/>\nAlta densidad y excelente uniformidad de la microestructura<br \/>\nRendimiento de pulverizaci\u00f3n y velocidad de formaci\u00f3n de pel\u00edculas estables<br \/>\nCompatible con procesos de pulverizaci\u00f3n reactiva y pulverizaci\u00f3n de frecuencia media<br \/>\nProporciona un control de calidad integral, desde las materias primas hasta los productos acabados<\/p>\n<h2><span style=\"font-size: 14pt;\">. Aplicaciones de los blancos de pulverizaci\u00f3n de \u00f3xido de hierro y titanio<\/span><\/h2>\n<p><strong>Recubrimiento <span style=\"color: #0000ff;\"><a style=\"color: #0000ff;\" href=\"https:\/\/ulpmat.com\/es\/solicitud\/materiales-opticos\/\">\u00f3ptico<\/a><\/span> avanzado:<\/strong><br \/>\nlos blancos se utilizan para depositar pel\u00edculas \u00f3pticas de alto rendimiento sobre sustratos como el vidrio, incluidas pel\u00edculas antirreflectantes, pel\u00edculas de baja emisividad (LOW-E) y pel\u00edculas de control solar. Estas regulan eficazmente la transmitancia y la reflectancia de la luz, mejorando el rendimiento del vidrio arquitect\u00f3nico y los componentes \u00f3pticos.<\/p>\n<p><strong><span style=\"color: #0000ff;\"><a style=\"color: #0000ff;\" href=\"https:\/\/ulpmat.com\/es\/solicitud\/materiales-semiconductores\/\">Semiconductores<\/a> <\/span>y dispositivos funcionales:<\/strong><br \/>\nlas pel\u00edculas delgadas de \u00f3xido de hierro y titanio depositadas pueden utilizarse para preparar capas funcionales espec\u00edficas, como capas diel\u00e9ctricas o sensibles en dispositivos semiconductores, aplicadas en los campos de la microelectr\u00f3nica y los sensores.<\/p>\n<p><strong>Recubrimientos de protecci\u00f3n y modificaci\u00f3n de superficies:<\/strong><br \/>\nmediante procesos de pulverizaci\u00f3n, se puede formar un recubrimiento protector de \u00f3xido denso y duro en la superficie de herramientas, moldes o componentes cr\u00edticos, lo que mejora significativamente su resistencia al desgaste, a la corrosi\u00f3n y su vida \u00fatil.<\/p>\n<p><strong>Investigaci\u00f3n cient\u00edfica de vanguardia y desarrollo de nuevos materiales:<\/strong><br \/>\ncomo materiales experimentales cruciales, sirven para la exploraci\u00f3n e investigaci\u00f3n de nuevas pel\u00edculas delgadas funcionales, materiales catal\u00edticos y materiales energ\u00e9ticos (como la fotoelectrocat\u00e1lisis), proporcionando una base material para la innovaci\u00f3n tecnol\u00f3gica.<\/p>\n<h2><span style=\"font-size: 14pt;\">Preguntas frecuentes<\/span><\/h2>\n<p>P1: \u00bfCu\u00e1l es el nivel de pureza t\u00edpico de los blancos de \u00f3xido de hierro y titanio?<br \/>\nR1: La pureza de nuestros productos se puede personalizar seg\u00fan los requisitos de la aplicaci\u00f3n, alcanzando hasta un 99,9 %. El contenido de los elementos de impureza clave se controla a niveles extremadamente bajos para cumplir con los estrictos requisitos de los procesos de recubrimiento \u00f3ptico o de semiconductores.<\/p>\n<p>P2: \u00bfC\u00f3mo selecciono el tama\u00f1o y la forma adecuados para mi equipo de recubrimiento?<br \/>\nR2: Ofrecemos una variedad de formas estandarizadas, incluyendo blancos planos y giratorios, y aceptamos tama\u00f1os personalizados. Solo tiene que proporcionarnos el modelo del equipo o los planos espec\u00edficos y los requisitos t\u00e9cnicos, y nuestro equipo t\u00e9cnico le recomendar\u00e1 o dise\u00f1ar\u00e1 la soluci\u00f3n de producto m\u00e1s adecuada para usted.<\/p>\n<p>P3: \u00bfCu\u00e1l es el ciclo de producci\u00f3n para pedir un blanco de composici\u00f3n no est\u00e1ndar o con especificaciones especiales?<br \/>\nR3: El ciclo de personalizaci\u00f3n depende de la complejidad de la formulaci\u00f3n y de la dificultad del procesamiento. Para los ajustes basados en procesos maduros, suele tardar varias semanas; para desarrollos completamente nuevos, necesitamos realizar una evaluaci\u00f3n del proceso. Una vez recibidos sus requisitos espec\u00edficos, le proporcionaremos un calendario detallado y un presupuesto lo antes posible.<\/p>\n<p>P4: \u00bfQu\u00e9 precauciones especiales se deben tomar al utilizar blancos de pulverizaci\u00f3n cer\u00e1micos para garantizar la estabilidad del proceso?<br \/>\nR4: Cuando utilice blancos de pulverizaci\u00f3n cer\u00e1micos, preste atenci\u00f3n a la instalaci\u00f3n adecuada y evite apretarlos en exceso para evitar grietas. Tambi\u00e9n se recomienda realizar una pulverizaci\u00f3n previa exhaustiva para limpiar la superficie del blanco. Para los procesos de pulverizaci\u00f3n reactiva, el control preciso de la presi\u00f3n parcial de ox\u00edgeno y el uso de una fuente de alimentaci\u00f3n de frecuencia media son cruciales para mantener la estabilidad de la pulverizaci\u00f3n y evitar el envenenamiento del blanco y la formaci\u00f3n de arcos el\u00e9ctricos.<\/p>\n<h2><span style=\"font-size: 14pt;\">Informes<\/span><\/h2>\n<p>Cada lote se suministra con:<br \/>\nCertificado de an\u00e1lisis (COA)<br \/>\nFicha t\u00e9cnica (TDS)<br \/>\nFicha de datos de seguridad (MSDS)<br \/>\nInforme de inspecci\u00f3n de tama\u00f1o<br \/>\nInformes de pruebas de terceros disponibles bajo petici\u00f3n<\/p>\n<h2><span style=\"font-size: 14pt;\">\u00bfPor qu\u00e9 elegirnos?<\/span><\/h2>\n<p>No solo somos fabricantes de blancos de pulverizaci\u00f3n, sino tambi\u00e9n socios que le ofrecen soluciones para sus retos t\u00e9cnicos. Bas\u00e1ndonos en un profundo conocimiento de las propiedades de los materiales \u00f3xidos y en un control estricto y preciso a lo largo de todo el proceso, garantizamos que cada blanco tenga un rendimiento excelente y constante. Nos comprometemos a convertirnos en su socio de confianza a largo plazo con productos profesionales y fiables y servicios eficientes y flexibles.<\/p>\n","protected":false},"excerpt":{"rendered":"<p>Descripci\u00f3n general de los blancos de pulverizaci\u00f3n de \u00f3xido de hierro y titanio Los blancos de pulverizaci\u00f3n de \u00f3xido de hierro y titanio son blancos cer\u00e1micos clave que se utilizan en los procesos de deposici\u00f3n f\u00edsica de vapor (PVD). Mediante tecnolog\u00edas avanzadas como la pulverizaci\u00f3n cat\u00f3dica con magnetr\u00f3n, pueden depositar pel\u00edculas delgadas de \u00f3xido compuesto [&hellip;]<\/p>\n","protected":false},"featured_media":52632,"template":"","meta":{"_acf_changed":false},"product_brand":[132],"product_cat":[457],"product_tag":[392,7957],"class_list":{"0":"post-52631","1":"product","2":"type-product","3":"status-publish","4":"has-post-thumbnail","6":"product_brand-ulpmat","7":"product_cat-blanco-ceramico-para-sputtering","8":"product_tag-blanco-para-sputtering","9":"product_tag-catodos-para-sputtering-de-oxido-de-hierro-y-titanio-ilemnita","11":"first","12":"instock","13":"shipping-taxable","14":"product-type-variable"},"acf":[],"_links":{"self":[{"href":"https:\/\/ulpmat.com\/es\/wp-json\/wp\/v2\/product\/52631","targetHints":{"allow":["GET"]}}],"collection":[{"href":"https:\/\/ulpmat.com\/es\/wp-json\/wp\/v2\/product"}],"about":[{"href":"https:\/\/ulpmat.com\/es\/wp-json\/wp\/v2\/types\/product"}],"wp:featuredmedia":[{"embeddable":true,"href":"https:\/\/ulpmat.com\/es\/wp-json\/wp\/v2\/media\/52632"}],"wp:attachment":[{"href":"https:\/\/ulpmat.com\/es\/wp-json\/wp\/v2\/media?parent=52631"}],"wp:term":[{"taxonomy":"product_brand","embeddable":true,"href":"https:\/\/ulpmat.com\/es\/wp-json\/wp\/v2\/product_brand?post=52631"},{"taxonomy":"product_cat","embeddable":true,"href":"https:\/\/ulpmat.com\/es\/wp-json\/wp\/v2\/product_cat?post=52631"},{"taxonomy":"product_tag","embeddable":true,"href":"https:\/\/ulpmat.com\/es\/wp-json\/wp\/v2\/product_tag?post=52631"}],"curies":[{"name":"wp","href":"https:\/\/api.w.org\/{rel}","templated":true}]}}