{"id":52613,"date":"2026-01-05T10:37:17","date_gmt":"2026-01-05T02:37:17","guid":{"rendered":"https:\/\/ulpmat.com\/product\/aleacion-de-hierro-y-circonio\/"},"modified":"2026-01-05T10:37:17","modified_gmt":"2026-01-05T02:37:17","slug":"aleacion-de-hierro-y-circonio","status":"publish","type":"product","link":"https:\/\/ulpmat.com\/es\/producto\/aleacion-de-hierro-y-circonio\/","title":{"rendered":"Aleaci\u00f3n de hierro y circonio"},"content":{"rendered":"<h2><span style=\"font-size: 14pt;\">Objetivos de pulverizaci\u00f3n de aleaci\u00f3n de hierro y circonio <\/span><span style=\"font-size: 14pt;\">Descripci\u00f3n general<\/span><\/h2>\n<p>Los objetivos de pulverizaci\u00f3n<br \/>\n<span style=\"color: #0000ff;\"><a style=\"color: #0000ff;\" href=\"https:\/\/ulpmat.com\/es\/buscar\/?type=name&#038;keyword=Iron+zirconium+Alloy\">de aleaci\u00f3n de hierro y circonio<\/a><\/span><br \/>\nson objetivos de aleaci\u00f3n clave utilizados en procesos de deposici\u00f3n f\u00edsica de vapor (PVD). Se utilizan principalmente para depositar pel\u00edculas delgadas de aleaci\u00f3n de circonio ferroso de alto rendimiento sobre diversos sustratos mediante pulverizaci\u00f3n cat\u00f3dica con magnetr\u00f3n. Estas pel\u00edculas, con su excelente fuerza de adhesi\u00f3n, su resistencia superior al desgaste y su buena estabilidad a altas temperaturas, tienen importantes aplicaciones en recubrimientos de herramientas, <span style=\"color: #0000ff;\"><a style=\"color: #0000ff;\" href=\"https:\/\/ulpmat.com\/es\/solicitud\/materiales-semiconductores\/\">semiconductores<\/a><\/span><br \/>\ny <span style=\"color: #0000ff;\"><a style=\"color: #0000ff;\" href=\"https:\/\/ulpmat.com\/es\/solicitud\/materiales-opticos\/\">\u00f3ptica<\/a><\/span><br \/>\nde precisi\u00f3n.<\/p>\n<p>Ofrecemos blancos de pulverizaci\u00f3n de aleaci\u00f3n de hierro y circonio de alta pureza y alta densidad. Podemos personalizar productos de diferentes tama\u00f1os y formas para satisfacer los requisitos de su equipo y proceso, garantizando una deposici\u00f3n de pel\u00edcula uniforme y consistente. P\u00f3ngase <span style=\"color: #0000ff;\"><a style=\"color: #0000ff;\" href=\"https:\/\/ulpmat.com\/es\/contacto\/\">en contacto con nosotros<\/a><\/span><br \/>\npara obtener especificaciones detalladas del producto.<\/p>\n<h2><span style=\"font-size: 14pt;\">Caracter\u00edsticas destacadas del producto<\/span><\/h2>\n<p>Composici\u00f3n de aleaci\u00f3n de alta pureza con un contenido de impurezas extremadamente bajo.<br \/>\nMicroestructura densa y uniforme.<br \/>\nExcelente resistencia al desgaste y a la corrosi\u00f3n.<br \/>\nAdhesi\u00f3n superior de la pel\u00edcula. Tama\u00f1o y forma<br \/>\n<span style=\"color: #0000ff;\"><a style=\"color: #0000ff;\" href=\"https:\/\/ulpmat.com\/es\/servicio\/personalizacion\/\">personalizables.<\/a><\/span><\/p>\n<p>Rendimiento de pulverizaci\u00f3n y calidad de la pel\u00edcula estables<\/p>\n<h2><span style=\"font-size: 14pt;\">.<br \/>\nAplicaciones de los blancos de pulverizaci\u00f3n de aleaci\u00f3n de hierro y circonio<\/span><\/h2>\n<p>Recubrimientos protectores resistentes al desgaste y a la corrosi\u00f3n: Las pel\u00edculas de aleaci\u00f3n de hierro y circonio, utilizadas como recubrimientos superficiales para herramientas, moldes y componentes cr\u00edticos, mejoran significativamente la dureza y aumentan la resistencia a entornos abrasivos y corrosivos, lo que prolonga en gran medida la vida \u00fatil.<\/p>\n<p>Microelectr\u00f3nica y <span style=\"color: #0000ff;\"><a style=\"color: #0000ff;\" href=\"https:\/\/ulpmat.com\/es\/solicitud\/materiales-semiconductores\/\">semiconductores<\/a><\/span><br \/>\n: En la fabricaci\u00f3n de semiconductores, esta pel\u00edcula puede servir como capa de metalizaci\u00f3n especial o capa de barrera, aplicada a electrodos de transistores o interconexiones de circuitos integrados, proporcionando un rendimiento el\u00e9ctrico estable y un bloqueo de difusi\u00f3n fiable.<\/p>\n<p>Dispositivos <span style=\"color: #0000ff;\"><a style=\"color: #0000ff;\" href=\"https:\/\/ulpmat.com\/es\/solicitud\/materiales-opticos\/\">\u00f3pticos<\/a><\/span><br \/>\navanzados: Las pel\u00edculas de aleaci\u00f3n de hierro y circonio depositadas en las superficies de lentes \u00f3pticas, espejos y otros componentes mejoran eficazmente la transmitancia, la reflectividad y la durabilidad ambiental de los sistemas \u00f3pticos, lo que garantiza la estabilidad a largo plazo del rendimiento \u00f3ptico.<\/p>\n<p>Componentes aeroespaciales: Debido a su excelente estabilidad y resistencia a altas temperaturas, las pel\u00edculas de aleaci\u00f3n de ferrozirconio son adecuadas para el refuerzo de la superficie de componentes de alta temperatura en motores aeron\u00e1uticos o materiales estructurales de aeronaves, cumpliendo los requisitos de rendimiento en entornos extremos.<\/p>\n<h2><span style=\"font-size: 14pt;\">Preguntas frecuentes<\/span><\/h2>\n<p>P1: \u00bfCu\u00e1l es la pureza del blanco de pulverizaci\u00f3n de aleaci\u00f3n de hierro y circonio? \u00bfCu\u00e1les son las principales especificaciones?<br \/>\nR1: Ofrecemos productos de alta pureza. Los grados de pureza espec\u00edficos y las proporciones de los elementos clave se pueden personalizar seg\u00fan los requisitos de la aplicaci\u00f3n. Las especificaciones del producto abarcan tama\u00f1os est\u00e1ndar y no est\u00e1ndar, y las formas incluyen blancos planos y giratorios.<\/p>\n<p>P2: \u00bfPuedo personalizar un blanco de un tama\u00f1o especial para mi equipo de recubrimiento? \u00bfCu\u00e1l es el proceso?<br \/>\nR2: Se admite la personalizaci\u00f3n. Solo tiene que proporcionar el modelo del equipo, el rendimiento de la pel\u00edcula del blanco o los requisitos espec\u00edficos del dibujo. Nuestro equipo t\u00e9cnico lo evaluar\u00e1 y le proporcionar\u00e1 una soluci\u00f3n adecuada, un presupuesto y un ciclo de producci\u00f3n.<\/p>\n<p>P3: \u00bfC\u00f3mo se garantiza la uniformidad de la composici\u00f3n y la estabilidad de los lotes del blanco de pulverizaci\u00f3n de aleaci\u00f3n?<br \/>\nR3: Garantizamos la consistencia de la composici\u00f3n qu\u00edmica y la microestructura de cada lote de blancos mediante una estricta selecci\u00f3n de las materias primas, procesos avanzados de fundici\u00f3n y conformado (como la metalurgia de polvos o el prensado isost\u00e1tico en caliente) y pruebas precisas a lo largo de todo el proceso.<\/p>\n<p>P4: Cuando se utilizan blancos de pulverizaci\u00f3n de aleaci\u00f3n, \u00bfc\u00f3mo se puede optimizar el proceso de pulverizaci\u00f3n para obtener una pel\u00edcula delgada ideal?<br \/>\nR4: Recomendamos consultar nuestras directrices de proceso, centr\u00e1ndose en par\u00e1metros clave como la potencia de pulverizaci\u00f3n, la presi\u00f3n del gas y la polarizaci\u00f3n del sustrato. Aumentar adecuadamente la potencia de pulverizaci\u00f3n suele ayudar a obtener pel\u00edculas m\u00e1s densas y de mayor rendimiento.<\/p>\n<h2><span style=\"font-size: 14pt;\">Informes<\/span><\/h2>\n<p>Cada lote se suministra con:<br \/>\n<span style=\"color: #0000ff;\"><a style=\"color: #0000ff;\" href=\"https:\/\/ulpmat.com\/es\/documentos\/certificado-de-analisis\/\">Certificado de an\u00e1lisis (COA)<\/a><\/span><\/p>\n<p><span style=\"color: #0000ff;\"><a style=\"color: #0000ff;\" href=\"https:\/\/ulpmat.com\/es\/documentos\/ficha-tecnica\/\">Ficha t\u00e9cnica (TDS)<\/a><\/span><\/p>\n<p><span style=\"color: #0000ff;\"><a style=\"color: #0000ff;\" href=\"https:\/\/ulpmat.com\/es\/documentos\/ficha-de-datos-de-seguridad\/\">Ficha de datos de seguridad (MSDS)<\/a><\/span><br \/>\nInforme de inspecci\u00f3n de tama\u00f1o<br \/>\nInformes de pruebas de terceros disponibles bajo petici\u00f3n<\/p>\n<h2><span style=\"font-size: 14pt;\">. \u00bfPor qu\u00e9 elegirnos?<\/span><\/h2>\n<p>No solo somos un fabricante de blancos de pulverizaci\u00f3n, sino tambi\u00e9n su socio t\u00e9cnico para soluciones de materiales. Entendemos profundamente los requisitos de aplicaci\u00f3n de las pel\u00edculas delgadas de aleaci\u00f3n y garantizamos un rendimiento fiable y datos transparentes para cada blanco de pulverizaci\u00f3n entregado mediante un control integral, desde el dise\u00f1o de la composici\u00f3n hasta la fabricaci\u00f3n de precisi\u00f3n. Apoyamos su innovaci\u00f3n y producci\u00f3n con productos y servicios profesionales.<\/p>\n","protected":false},"excerpt":{"rendered":"<p>Objetivos de pulverizaci\u00f3n de aleaci\u00f3n de hierro y circonio Descripci\u00f3n general Los objetivos de pulverizaci\u00f3n de aleaci\u00f3n de hierro y circonio son objetivos de aleaci\u00f3n clave utilizados en procesos de deposici\u00f3n f\u00edsica de vapor (PVD). Se utilizan principalmente para depositar pel\u00edculas delgadas de aleaci\u00f3n de circonio ferroso de alto rendimiento sobre diversos sustratos mediante pulverizaci\u00f3n [&hellip;]<\/p>\n","protected":false},"featured_media":52614,"template":"","meta":{"_acf_changed":false},"product_brand":[132],"product_cat":[570],"product_tag":[392,7951],"class_list":{"0":"post-52613","1":"product","2":"type-product","3":"status-publish","4":"has-post-thumbnail","6":"product_brand-ulpmat","7":"product_cat-catodos-para-sputtering-de-aleaciones","8":"product_tag-blanco-para-sputtering","9":"product_tag-catodos-para-sputtering-de-aleaciones-de-hierro-y-circonio","11":"first","12":"instock","13":"shipping-taxable","14":"product-type-variable"},"acf":[],"_links":{"self":[{"href":"https:\/\/ulpmat.com\/es\/wp-json\/wp\/v2\/product\/52613","targetHints":{"allow":["GET"]}}],"collection":[{"href":"https:\/\/ulpmat.com\/es\/wp-json\/wp\/v2\/product"}],"about":[{"href":"https:\/\/ulpmat.com\/es\/wp-json\/wp\/v2\/types\/product"}],"wp:featuredmedia":[{"embeddable":true,"href":"https:\/\/ulpmat.com\/es\/wp-json\/wp\/v2\/media\/52614"}],"wp:attachment":[{"href":"https:\/\/ulpmat.com\/es\/wp-json\/wp\/v2\/media?parent=52613"}],"wp:term":[{"taxonomy":"product_brand","embeddable":true,"href":"https:\/\/ulpmat.com\/es\/wp-json\/wp\/v2\/product_brand?post=52613"},{"taxonomy":"product_cat","embeddable":true,"href":"https:\/\/ulpmat.com\/es\/wp-json\/wp\/v2\/product_cat?post=52613"},{"taxonomy":"product_tag","embeddable":true,"href":"https:\/\/ulpmat.com\/es\/wp-json\/wp\/v2\/product_tag?post=52613"}],"curies":[{"name":"wp","href":"https:\/\/api.w.org\/{rel}","templated":true}]}}