{"id":52409,"date":"2026-01-05T15:50:48","date_gmt":"2026-01-05T07:50:48","guid":{"rendered":"https:\/\/ulpmat.com\/product\/boruro-de-manganeso\/"},"modified":"2026-01-05T15:50:48","modified_gmt":"2026-01-05T07:50:48","slug":"boruro-de-manganeso","status":"publish","type":"product","link":"https:\/\/ulpmat.com\/es\/producto\/boruro-de-manganeso\/","title":{"rendered":"Boruro de manganeso"},"content":{"rendered":"<h2><span style=\"font-size: 14pt;\">Descripci\u00f3n general del polvo de boruro de manganeso<\/span><\/h2>\n<p>El polvo<br \/>\n<span style=\"color: #0000ff;\"><a style=\"color: #0000ff;\" href=\"https:\/\/ulpmat.com\/es\/buscar\/?type=name&#038;keyword=Manganese+Boride\">de boruro de manganeso<\/a><\/span><br \/>\nes un compuesto inorg\u00e1nico de alta dureza compuesto por manganeso y boro, que se presenta en forma de polvo de color negro gris\u00e1ceo. Este material, con su excelente estabilidad t\u00e9rmica, dureza y propiedades magn\u00e9ticas potenciales, se utiliza en la industria aeroespacial, en nuevos materiales funcionales y en materiales compuestos resistentes al desgaste.<\/p>\n<p>Podemos proporcionar polvo de boruro de manganeso de alta pureza y tama\u00f1o de part\u00edcula controlable seg\u00fan los requisitos del cliente. P\u00f3ngase <span style=\"color: #0000ff;\"><a style=\"color: #0000ff;\" href=\"https:\/\/ulpmat.com\/es\/contacto\/\">en contacto con nosotros<\/a><\/span><br \/>\npara obtener soluciones t\u00e9cnicas e informaci\u00f3n sobre precios.<\/p>\n<h2><span style=\"font-size: 14pt;\">Caracter\u00edsticas destacadas del producto<\/span><\/h2>\n<p>Polvo de alta pureza.<br \/>\nTama\u00f1o de part\u00edcula controlable.<br \/>\nGran estabilidad t\u00e9rmica.<br \/>\nAlta dureza.<br \/>\nExcelente resistencia a la oxidaci\u00f3n.<br \/>\nAdecuado para materiales compuestos funcionales.<br \/>\nFavorece el endurecimiento de las aleaciones.<br \/>\nCumple con estrictos sistemas de control de calidad.<\/p>\n<h2><span style=\"font-size: 14pt;\">Aplicaciones del polvo de boruro de manganeso<\/span><\/h2>\n<p>Materiales aeroespaciales: este polvo se puede utilizar para preparar aleaciones y materiales estructurales de alta temperatura, lo que ayuda a mejorar la estabilidad y la vida \u00fatil de los componentes en condiciones de temperatura extrema.<\/p>\n<p>Materiales compuestos funcionales y resistentes al desgaste: se utiliza para desarrollar materiales compuestos de pulvimetalurgia de alta dureza y resistentes al desgaste, lo que mejora las propiedades mec\u00e1nicas generales y la durabilidad de los materiales.<\/p>\n<p>Componentes electr\u00f3nicos y <span style=\"color: #0000ff;\"><a style=\"color: #0000ff;\" href=\"https:\/\/ulpmat.com\/es\/solicitud\/materiales-semiconductores\/\">semiconductores<\/a><\/span><br \/>\n: como relleno funcional o aditivo, puede mejorar el rendimiento y las caracter\u00edsticas de disipaci\u00f3n del calor de los dispositivos electr\u00f3nicos y los materiales semiconductores.<\/p>\n<p>Construcci\u00f3n de materiales magn\u00e9ticos y novedosos: ciertos boruros de manganeso poseen propiedades magn\u00e9ticas y pueden utilizarse para desarrollar materiales magn\u00e9ticos, dispositivos sensores y sistemas de materiales compuestos novedosos.<\/p>\n<h2><span style=\"color: #0000ff;\"><a style=\"color: #0000ff;\" href=\"https:\/\/ulpmat.com\/es\/empresa\/preguntas-frecuentes\/\"><span style=\"font-size: 14pt;\">Preguntas frecuentes<\/span><\/a><\/span><\/h2>\n<p>P1: \u00bfCu\u00e1l es el compuesto principal del polvo de boruro de manganeso?<\/p>\n<p>R1: Este polvo es un compuesto formado por manganeso y boro. Ha llamado la atenci\u00f3n por su alta dureza y estabilidad t\u00e9rmica.<\/p>\n<p>P2: \u00bfSe puede utilizar este polvo en entornos de alta temperatura?<\/p>\n<p>R2: Debido al alto punto de fusi\u00f3n y la estabilidad t\u00e9rmica de los boruros de manganeso, es adecuado para sistemas de materiales de alta temperatura.<\/p>\n<p>P3: \u00bfSe puede personalizar el tama\u00f1o de las part\u00edculas del polvo de boruro de manganeso?<\/p>\n<p>R3: S\u00ed, se pueden proporcionar especificaciones de polvo con diferentes rangos de tama\u00f1o de part\u00edculas seg\u00fan los requisitos del proceso para adaptarse a diversas aplicaciones.<\/p>\n<p>P4: \u00bfEs habitual el tratamiento o la modificaci\u00f3n de la superficie de este polvo?<\/p>\n<p>R4: En la investigaci\u00f3n y el desarrollo de algunos materiales compuestos de alta gama, la superficie del polvo se funcionaliza a menudo para mejorar la dispersabilidad o la uni\u00f3n con el material de la matriz.<\/p>\n<h2><span style=\"font-size: 14pt;\">Informes<\/span><\/h2>\n<p>Cada lote se suministra con:<br \/>\n<span style=\"color: #0000ff;\"><a style=\"color: #0000ff;\" href=\"https:\/\/ulpmat.com\/es\/documentos\/certificado-de-analisis\/\">Certificado de an\u00e1lisis (COA)<\/a><\/span><\/p>\n<p><span style=\"color: #0000ff;\"><a style=\"color: #0000ff;\" href=\"https:\/\/ulpmat.com\/es\/documentos\/ficha-tecnica\/\">Ficha t\u00e9cnica (TDS)<\/a><\/span><\/p>\n<p><span style=\"color: #0000ff;\"><a style=\"color: #0000ff;\" href=\"https:\/\/ulpmat.com\/es\/documentos\/ficha-de-datos-de-seguridad\/\">Ficha de datos de seguridad (MSDS)<\/a><\/span><br \/>\nInformes de pruebas de terceros disponibles bajo petici\u00f3n<\/p>\n<h2><span style=\"font-size: 14pt;\">\u00bfPor qu\u00e9 elegirnos?<\/span><\/h2>\n<p>Contamos con un sistema maduro de preparaci\u00f3n y control de calidad de los materiales en polvo, lo que nos permite suministrar de forma estable polvo de boruro de manganeso de alta calidad en diversas especificaciones. Tambi\u00e9n proporcionamos a los clientes asistencia t\u00e9cnica profesional, soluciones personalizadas y <span style=\"color: #0000ff;\"><a style=\"color: #0000ff;\" href=\"https:\/\/ulpmat.com\/es\/servicio\/servicio-posventa\/\">un servicio posventa<\/a><\/span><br \/>\noportuno<span style=\"color: #0000ff;\"><a style=\"color: #0000ff;\" href=\"https:\/\/ulpmat.com\/es\/servicio\/servicio-posventa\/\">,<\/a><\/span><br \/>\nlo que les ayuda a optimizar el rendimiento de los productos y la eficiencia de la producci\u00f3n.<\/p>\n","protected":false},"excerpt":{"rendered":"<p>Descripci\u00f3n general del polvo de boruro de manganeso El polvo de boruro de manganeso es un compuesto inorg\u00e1nico de alta dureza compuesto por manganeso y boro, que se presenta en forma de polvo de color negro gris\u00e1ceo. Este material, con su excelente estabilidad t\u00e9rmica, dureza y propiedades magn\u00e9ticas potenciales, se utiliza en la industria aeroespacial, [&hellip;]<\/p>\n","protected":false},"featured_media":52410,"template":"","meta":{"_acf_changed":false},"product_brand":[132],"product_cat":[720],"product_tag":[7921],"class_list":{"0":"post-52409","1":"product","2":"type-product","3":"status-publish","4":"has-post-thumbnail","6":"product_brand-ulpmat","7":"product_cat-materiales-refractarios","8":"product_tag-boruro-de-manganeso-en-polvo","10":"first","11":"instock","12":"shipping-taxable","13":"product-type-variable"},"acf":[],"_links":{"self":[{"href":"https:\/\/ulpmat.com\/es\/wp-json\/wp\/v2\/product\/52409","targetHints":{"allow":["GET"]}}],"collection":[{"href":"https:\/\/ulpmat.com\/es\/wp-json\/wp\/v2\/product"}],"about":[{"href":"https:\/\/ulpmat.com\/es\/wp-json\/wp\/v2\/types\/product"}],"wp:featuredmedia":[{"embeddable":true,"href":"https:\/\/ulpmat.com\/es\/wp-json\/wp\/v2\/media\/52410"}],"wp:attachment":[{"href":"https:\/\/ulpmat.com\/es\/wp-json\/wp\/v2\/media?parent=52409"}],"wp:term":[{"taxonomy":"product_brand","embeddable":true,"href":"https:\/\/ulpmat.com\/es\/wp-json\/wp\/v2\/product_brand?post=52409"},{"taxonomy":"product_cat","embeddable":true,"href":"https:\/\/ulpmat.com\/es\/wp-json\/wp\/v2\/product_cat?post=52409"},{"taxonomy":"product_tag","embeddable":true,"href":"https:\/\/ulpmat.com\/es\/wp-json\/wp\/v2\/product_tag?post=52409"}],"curies":[{"name":"wp","href":"https:\/\/api.w.org\/{rel}","templated":true}]}}