{"id":52367,"date":"2026-01-05T15:50:49","date_gmt":"2026-01-05T07:50:49","guid":{"rendered":"https:\/\/ulpmat.com\/product\/aleacion-de-manganeso-y-cobalto\/"},"modified":"2026-01-05T15:50:49","modified_gmt":"2026-01-05T07:50:49","slug":"aleacion-de-manganeso-y-cobalto","status":"publish","type":"product","link":"https:\/\/ulpmat.com\/es\/producto\/aleacion-de-manganeso-y-cobalto\/","title":{"rendered":"Aleaci\u00f3n de manganeso y cobalto"},"content":{"rendered":"<h2><span style=\"font-size: 14pt;\">Objetivos de pulverizaci\u00f3n <span style=\"color: #0000ff;\"><a style=\"color: #0000ff;\" href=\"https:\/\/ulpmat.com\/es\/buscar\/?type=name&#038;keyword=Manganese+Cobalt+Alloy\">de aleaci\u00f3n de manganeso y cobalto<\/a><\/span><\/span><span style=\"font-size: 14pt;\"> Descripci\u00f3n general<\/span><\/h2>\n<p>Los objetivos de pulverizaci\u00f3n de aleaci\u00f3n de manganeso y cobalto son objetivos met\u00e1licos o de aleaci\u00f3n de alta pureza fabricados con manganeso (Mn) y cobalto (Co), dise\u00f1ados espec\u00edficamente para formar pel\u00edculas delgadas uniformes en sistemas de deposici\u00f3n f\u00edsica de vapor (PVD). Estos blancos de aleaci\u00f3n desempe\u00f1an un papel crucial en la fabricaci\u00f3n de materiales electr\u00f3nicos, magn\u00e9ticos y pel\u00edculas delgadas funcionales avanzadas, y pueden utilizarse en dispositivos semiconductores, almacenamiento magn\u00e9tico y otros procesos de recubrimiento de pel\u00edculas de precisi\u00f3n.<\/p>\n<p>Ofrecemos blancos de aleaci\u00f3n de manganeso y cobalto en diversas proporciones de composici\u00f3n y tama\u00f1os, y podemos personalizarlos para satisfacer los requisitos de su proceso. P\u00f3ngase <span style=\"color: #0000ff;\"><a style=\"color: #0000ff;\" href=\"https:\/\/ulpmat.com\/es\/contacto\/\">en contacto con nosotros<\/a><\/span><br \/>\n.<\/p>\n<h2><span style=\"font-size: 14pt;\">Caracter\u00edsticas destacadas del producto<\/span><\/h2>\n<p>Material de alta pureza<br \/>\nAleaci\u00f3n uniforme y densa<br \/>\nAdecuada para pulverizaci\u00f3n cat\u00f3dica de CC y RF Forma y<br \/>\n<span style=\"color: #0000ff;\"><a style=\"color: #0000ff;\" href=\"https:\/\/ulpmat.com\/es\/servicio\/personalizacion\/\">tama\u00f1o personalizables<\/a><\/span><\/p>\n<p>Excelente estabilidad t\u00e9rmica<br \/>\nAlta consistencia de la pel\u00edcula<br \/>\nAdecuada para sistemas complejos de recubrimiento de pel\u00edculas<br \/>\nSuministro estable por lotes.<\/p>\n<h2><span style=\"font-size: 14pt;\">Aplicaciones de los blancos de pulverizaci\u00f3n de aleaci\u00f3n de manganeso y cobalto<\/span><\/h2>\n<p>Fabricaci\u00f3n de pel\u00edculas delgadas<br \/>\n<span style=\"color: #0000ff;\"><a style=\"color: #0000ff;\" href=\"https:\/\/ulpmat.com\/es\/solicitud\/materiales-semiconductores\/\">semiconductoras<\/a><\/span><br \/>\n: los blancos de MnCo se utilizan en sistemas de pulverizaci\u00f3n cat\u00f3dica con magnetr\u00f3n para depositar pel\u00edculas delgadas de metal o aleaci\u00f3n, lo que proporciona una base de material estable para interconexiones de circuitos integrados, electrodos y capas funcionales.<\/p>\n<p>Dispositivos de almacenamiento magn\u00e9tico: este objetivo de aleaci\u00f3n se puede utilizar para fabricar componentes de pel\u00edcula delgada magn\u00e9tica, mejorando el rendimiento de la respuesta magn\u00e9tica y la estabilidad de los medios de almacenamiento de datos, lo que lo convierte en un material importante en la industria del almacenamiento magn\u00e9tico.<\/p>\n<p>Sensores y dispositivos microelectr\u00f3nicos: en la fabricaci\u00f3n de componentes microelectr\u00f3nicos, como sensores y MEMS, las pel\u00edculas funcionales depositadas con objetivos MnCo pueden optimizar la sensibilidad y el rendimiento el\u00e9ctrico de los dispositivos.<\/p>\n<p>Pel\u00edculas delgadas funcionales avanzadas y dispositivos optoelectr\u00f3nicos: se utilizan para preparar materiales de pel\u00edcula delgada con funciones el\u00e9ctricas, magn\u00e9ticas o qu\u00edmicas especiales, adecuados para aplicaciones de pel\u00edcula delgada en pantallas, optoelectr\u00f3nica y nuevos campos energ\u00e9ticos.<\/p>\n<h2><span style=\"color: #0000ff;\"><a style=\"color: #0000ff;\" href=\"https:\/\/ulpmat.com\/es\/empresa\/preguntas-frecuentes\/\"><span style=\"font-size: 14pt;\">Preguntas frecuentes<\/span><\/a><\/span><\/h2>\n<p>P1: \u00bfCu\u00e1les son las combinaciones de composici\u00f3n t\u00edpicas de los blancos de pulverizaci\u00f3n MnCo?<br \/>\nR1: Los blancos de MnCo suelen ser un sistema de aleaci\u00f3n de manganeso y cobalto. La proporci\u00f3n de los dos metales y la composici\u00f3n del blanco se pueden ajustar seg\u00fan los requisitos espec\u00edficos de la pel\u00edcula delgada.<\/p>\n<p>P2: \u00bfPara qu\u00e9 procesos de pulverizaci\u00f3n es adecuado este blanco?<br \/>\nR2: Es compatible con equipos de pulverizaci\u00f3n cat\u00f3dica por magnetr\u00f3n de CC y RF y es adecuado para diversos procesos de deposici\u00f3n por pulverizaci\u00f3n cat\u00f3dica PVD.<\/p>\n<p>P3: \u00bfSe pueden personalizar el tama\u00f1o y la forma del blanco?<br \/>\nR3: S\u00ed, los blancos se pueden personalizar en tama\u00f1os redondos, cuadrados o espec\u00edficos para satisfacer las necesidades de diferentes equipos y procesos.<\/p>\n<p>P4: \u00bfC\u00f3mo afecta la pureza de los blancos de aleaci\u00f3n al rendimiento de la deposici\u00f3n de la pel\u00edcula?<br \/>\nR4: Los blancos de alta pureza pueden reducir el contenido de impurezas en la pel\u00edcula, mejorar las propiedades el\u00e9ctricas y magn\u00e9ticas de la pel\u00edcula y mejorar la consistencia del producto.<\/p>\n<h2><span style=\"font-size: 14pt;\">Informes<\/span><\/h2>\n<p>Cada lote se suministra con:<br \/>\n<span style=\"color: #0000ff;\"><a style=\"color: #0000ff;\" href=\"https:\/\/ulpmat.com\/es\/documentos\/certificado-de-analisis\/\">Certificado de an\u00e1lisis (COA)<\/a><\/span><\/p>\n<p><span style=\"color: #0000ff;\"><a style=\"color: #0000ff;\" href=\"https:\/\/ulpmat.com\/es\/documentos\/ficha-tecnica\/\">Ficha t\u00e9cnica (TDS)<\/a><\/span><\/p>\n<p><span style=\"color: #0000ff;\"><a style=\"color: #0000ff;\" href=\"https:\/\/ulpmat.com\/es\/documentos\/ficha-de-datos-de-seguridad\/\">Ficha de datos de seguridad (MSDS)<\/a><\/span><br \/>\nInforme de inspecci\u00f3n de tama\u00f1o<br \/>\nInformes de pruebas de terceros disponibles bajo petici\u00f3n<\/p>\n<h2><span style=\"font-size: 14pt;\">\u00bfPor qu\u00e9 elegirnos?<\/span><\/h2>\n<p>Contamos con capacidades maduras de desarrollo y procesamiento de blancos, controlamos estrictamente la pureza y la consistencia estructural de los materiales y podemos personalizar las especificaciones de acuerdo con los requisitos de los equipos de los clientes. Proporcionamos <span style=\"color: #0000ff;\"><a style=\"color: #0000ff;\" href=\"https:\/\/ulpmat.com\/es\/servicio\/asistencia-tecnica\/\">asistencia t\u00e9cnica<\/a><\/span><br \/>\nprofesional y servicios de suministro r\u00e1pido, ofreciendo a los clientes una base de materiales fiable en el campo de la deposici\u00f3n de pel\u00edculas delgadas.<\/p>\n","protected":false},"excerpt":{"rendered":"<p>Objetivos de pulverizaci\u00f3n de aleaci\u00f3n de manganeso y cobalto Descripci\u00f3n general Los objetivos de pulverizaci\u00f3n de aleaci\u00f3n de manganeso y cobalto son objetivos met\u00e1licos o de aleaci\u00f3n de alta pureza fabricados con manganeso (Mn) y cobalto (Co), dise\u00f1ados espec\u00edficamente para formar pel\u00edculas delgadas uniformes en sistemas de deposici\u00f3n f\u00edsica de vapor (PVD). Estos blancos de [&hellip;]<\/p>\n","protected":false},"featured_media":52368,"template":"","meta":{"_acf_changed":false},"product_brand":[132],"product_cat":[570],"product_tag":[392,7909],"class_list":{"0":"post-52367","1":"product","2":"type-product","3":"status-publish","4":"has-post-thumbnail","6":"product_brand-ulpmat","7":"product_cat-catodos-para-sputtering-de-aleaciones","8":"product_tag-blanco-para-sputtering","9":"product_tag-catodos-para-sputtering-de-aleacion-de-manganeso-y-cobalto","11":"first","12":"instock","13":"shipping-taxable","14":"product-type-variable"},"acf":[],"_links":{"self":[{"href":"https:\/\/ulpmat.com\/es\/wp-json\/wp\/v2\/product\/52367","targetHints":{"allow":["GET"]}}],"collection":[{"href":"https:\/\/ulpmat.com\/es\/wp-json\/wp\/v2\/product"}],"about":[{"href":"https:\/\/ulpmat.com\/es\/wp-json\/wp\/v2\/types\/product"}],"wp:featuredmedia":[{"embeddable":true,"href":"https:\/\/ulpmat.com\/es\/wp-json\/wp\/v2\/media\/52368"}],"wp:attachment":[{"href":"https:\/\/ulpmat.com\/es\/wp-json\/wp\/v2\/media?parent=52367"}],"wp:term":[{"taxonomy":"product_brand","embeddable":true,"href":"https:\/\/ulpmat.com\/es\/wp-json\/wp\/v2\/product_brand?post=52367"},{"taxonomy":"product_cat","embeddable":true,"href":"https:\/\/ulpmat.com\/es\/wp-json\/wp\/v2\/product_cat?post=52367"},{"taxonomy":"product_tag","embeddable":true,"href":"https:\/\/ulpmat.com\/es\/wp-json\/wp\/v2\/product_tag?post=52367"}],"curies":[{"name":"wp","href":"https:\/\/api.w.org\/{rel}","templated":true}]}}