{"id":52097,"date":"2026-01-05T15:50:53","date_gmt":"2026-01-05T07:50:53","guid":{"rendered":"https:\/\/ulpmat.com\/product\/telururo-de-manganeso\/"},"modified":"2026-01-05T15:50:53","modified_gmt":"2026-01-05T07:50:53","slug":"telururo-de-manganeso","status":"publish","type":"product","link":"https:\/\/ulpmat.com\/es\/producto\/telururo-de-manganeso\/","title":{"rendered":"Telururo de manganeso"},"content":{"rendered":"<h2><span style=\"font-size: 14pt;\">Descripci\u00f3n general del polvo de telururo de manganeso<\/span><\/h2>\n<p>El polvo<br \/>\n<span style=\"color: #0000ff;\"><a style=\"color: #0000ff;\" href=\"https:\/\/ulpmat.com\/es\/buscar\/?type=name&#038;keyword=Manganese+Telluride\">de telururo de manganeso<\/a><\/span><br \/>\nes un compuesto formado por manganeso y teluro, que se utiliza habitualmente en los campos <span style=\"color: #0000ff;\"><a style=\"color: #0000ff;\" href=\"https:\/\/ulpmat.com\/es\/solicitud\/materiales-semiconductores\/\">de<\/a><\/span><br \/>\n<span style=\"color: #0000ff;\"><a style=\"color: #0000ff;\" href=\"https:\/\/ulpmat.com\/es\/solicitud\/materiales-semiconductores\/\">los semiconductores<\/a><\/span><br \/>\ny la optoelectr\u00f3nica. Presenta una excelente estabilidad t\u00e9rmica y conductividad el\u00e9ctrica, lo que lo hace ideal para la fabricaci\u00f3n de materiales y dispositivos de alto rendimiento.<\/p>\n<p>Ofrecemos polvo de MnTe de alta pureza con un tama\u00f1o de part\u00edcula uniforme, adecuado para m\u00faltiples aplicaciones industriales. Para obtener m\u00e1s detalles sobre el producto y servicios personalizados, no dude en <span style=\"color: #0000ff;\"><a style=\"color: #0000ff;\" href=\"https:\/\/ulpmat.com\/es\/contacto\/\">ponerse en contacto con nosotros<\/a><\/span><br \/>\n.<\/p>\n<h2><span style=\"font-size: 14pt;\">Caracter\u00edsticas destacadas del producto<\/span><\/h2>\n<p>Polvo de alta pureza.<br \/>\nExcelente estabilidad t\u00e9rmica.<br \/>\nBuena conductividad el\u00e9ctrica.<br \/>\nAdecuado para m\u00faltiples aplicaciones.<br \/>\nTama\u00f1o de part\u00edcula uniforme.<br \/>\nEstabilidad de los lotes.<br \/>\nEstricto control de calidad<br \/>\n<span style=\"color: #0000ff;\"><a style=\"color: #0000ff;\" href=\"https:\/\/ulpmat.com\/es\/servicio\/personalizacion\/\">. Personalizable<\/a><\/span><br \/>\nseg\u00fan sus necesidades<\/p>\n<h2><span style=\"font-size: 14pt;\">.<br \/>\nAplicaciones del polvo de telururo de manganeso<\/span><\/h2>\n<p>Materiales<br \/>\n<span style=\"color: #0000ff;\"><a style=\"color: #0000ff;\" href=\"https:\/\/ulpmat.com\/es\/solicitud\/materiales-semiconductores\/\">semiconductores<\/a><\/span><br \/>\n: Como material importante en la industria de los semiconductores, se utiliza ampliamente en la fabricaci\u00f3n de dispositivos optoelectr\u00f3nicos y c\u00e9lulas solares. Su excelente conductividad el\u00e9ctrica le permite desempe\u00f1ar un papel crucial en los dispositivos semiconductores de alta eficiencia. Dispositivos<\/p>\n<p><span style=\"color: #0000ff;\"><a style=\"color: #0000ff;\" href=\"https:\/\/ulpmat.com\/es\/solicitud\/materiales-opticos\/\">optoelectr\u00f3nicos<\/a><\/span><br \/>\n: Como material optoelectr\u00f3nico de alta eficiencia, el polvo de MnTe se utiliza com\u00fanmente en la fabricaci\u00f3n de fotodetectores y l\u00e1seres, lo que ayuda a mejorar el rendimiento y la estabilidad de los dispositivos, y se utiliza ampliamente en los campos de la comunicaci\u00f3n l\u00e1ser y los sensores de imagen.<\/p>\n<p>Materiales termoel\u00e9ctricos: El polvo de MnTe posee excelentes propiedades termoel\u00e9ctricas y se utiliza habitualmente en la fabricaci\u00f3n de materiales de refrigeraci\u00f3n termoel\u00e9ctrica y dispositivos de generaci\u00f3n de energ\u00eda termoel\u00e9ctrica, lo que le confiere amplias perspectivas de aplicaci\u00f3n en la recuperaci\u00f3n de energ\u00eda y la generaci\u00f3n de energ\u00eda termoel\u00e9ctrica.<\/p>\n<p>Aplicaciones catal\u00edticas: El polvo de MnTe muestra una importante actividad catal\u00edtica en determinadas reacciones catal\u00edticas y se utiliza con frecuencia en el procesamiento de gases y en reacciones org\u00e1nicas, proporcionando efectos catal\u00edticos de alta eficiencia.<\/p>\n<h2><span style=\"color: #0000ff;\"><a style=\"color: #0000ff;\" href=\"https:\/\/ulpmat.com\/es\/empresa\/preguntas-frecuentes\/\"><span style=\"font-size: 14pt;\">Preguntas frecuentes<\/span><\/a><\/span><\/h2>\n<p>P1: \u00bfCu\u00e1les son las principales aplicaciones de este polvo?<br \/>\nR1: Ampliamente utilizado en materiales semiconductores, dispositivos optoelectr\u00f3nicos, materiales termoel\u00e9ctricos y catalizadores, es una opci\u00f3n ideal para la fabricaci\u00f3n de materiales y dispositivos de alto rendimiento.<\/p>\n<p>P2: \u00bfCu\u00e1l es la funci\u00f3n del polvo de telururo de manganeso en el campo de los semiconductores?<br \/>\nR2: Como material electr\u00f3nico en el campo de los semiconductores, proporciona una excelente conductividad el\u00e9ctrica y se utiliza com\u00fanmente en la fabricaci\u00f3n de dispositivos optoelectr\u00f3nicos y c\u00e9lulas solares.<\/p>\n<p>P3: \u00bfC\u00f3mo afecta el polvo de telururo de manganeso al rendimiento de los materiales termoel\u00e9ctricos?<br \/>\nR3: Posee excelentes propiedades termoel\u00e9ctricas y se puede utilizar para fabricar materiales termoel\u00e9ctricos de refrigeraci\u00f3n y generaci\u00f3n de energ\u00eda, mejorando la eficiencia de los dispositivos termoel\u00e9ctricos.<\/p>\n<p>P4: \u00bfC\u00f3mo se selecciona la pureza?<br \/>\nR4: La pureza debe determinarse en funci\u00f3n de los requisitos de la aplicaci\u00f3n. Las aplicaciones semiconductoras y optoelectr\u00f3nicas suelen requerir una mayor pureza, mientras que otras aplicaciones industriales tienen requisitos de pureza relativamente m\u00e1s bajos.<\/p>\n<h2><span style=\"font-size: 14pt;\">Informes<\/span><\/h2>\n<p>Cada lote se suministra con:<br \/>\n<span style=\"color: #0000ff;\"><a style=\"color: #0000ff;\" href=\"https:\/\/ulpmat.com\/es\/documentos\/certificado-de-analisis\/\">Certificado de an\u00e1lisis (COA)<\/a><\/span><\/p>\n<p><span style=\"color: #0000ff;\"><a style=\"color: #0000ff;\" href=\"https:\/\/ulpmat.com\/es\/documentos\/ficha-tecnica\/\">Ficha t\u00e9cnica (TDS)<\/a><\/span><\/p>\n<p><span style=\"color: #0000ff;\"><a style=\"color: #0000ff;\" href=\"https:\/\/ulpmat.com\/es\/documentos\/ficha-de-datos-de-seguridad\/\">Ficha de datos de seguridad (MSDS)<\/a><\/span><br \/>\nInformes de pruebas de terceros disponibles bajo petici\u00f3n<\/p>\n<h2><span style=\"font-size: 14pt;\">\u00bfPor qu\u00e9 elegirnos?<\/span><\/h2>\n<p>Nos comprometemos a proporcionar polvo de MnTe de alta pureza y calidad. El estricto control de calidad y los avanzados procesos de producci\u00f3n garantizan la consistencia en cada lote. A trav\u00e9s de servicios personalizados y un completo soporte t\u00e9cnico, proporcionamos a los clientes las soluciones de productos m\u00e1s adecuadas para ayudarles a alcanzar un rendimiento \u00f3ptimo en diversas \u00e1reas de aplicaci\u00f3n.<\/p>\n","protected":false},"excerpt":{"rendered":"<p>Descripci\u00f3n general del polvo de telururo de manganeso El polvo de telururo de manganeso es un compuesto formado por manganeso y teluro, que se utiliza habitualmente en los campos de los semiconductores y la optoelectr\u00f3nica. Presenta una excelente estabilidad t\u00e9rmica y conductividad el\u00e9ctrica, lo que lo hace ideal para la fabricaci\u00f3n de materiales y dispositivos [&hellip;]<\/p>\n","protected":false},"featured_media":52098,"template":"","meta":{"_acf_changed":false},"product_brand":[132],"product_cat":[678,1102],"product_tag":[7867],"class_list":{"0":"post-52097","1":"product","2":"type-product","3":"status-publish","4":"has-post-thumbnail","6":"product_brand-ulpmat","7":"product_cat-materiales-calcogenuros","8":"product_cat-materiales-calcogenuros-es","9":"product_tag-polvo-de-telururo-de-manganeso","11":"first","12":"instock","13":"shipping-taxable","14":"product-type-variable"},"acf":[],"_links":{"self":[{"href":"https:\/\/ulpmat.com\/es\/wp-json\/wp\/v2\/product\/52097","targetHints":{"allow":["GET"]}}],"collection":[{"href":"https:\/\/ulpmat.com\/es\/wp-json\/wp\/v2\/product"}],"about":[{"href":"https:\/\/ulpmat.com\/es\/wp-json\/wp\/v2\/types\/product"}],"wp:featuredmedia":[{"embeddable":true,"href":"https:\/\/ulpmat.com\/es\/wp-json\/wp\/v2\/media\/52098"}],"wp:attachment":[{"href":"https:\/\/ulpmat.com\/es\/wp-json\/wp\/v2\/media?parent=52097"}],"wp:term":[{"taxonomy":"product_brand","embeddable":true,"href":"https:\/\/ulpmat.com\/es\/wp-json\/wp\/v2\/product_brand?post=52097"},{"taxonomy":"product_cat","embeddable":true,"href":"https:\/\/ulpmat.com\/es\/wp-json\/wp\/v2\/product_cat?post=52097"},{"taxonomy":"product_tag","embeddable":true,"href":"https:\/\/ulpmat.com\/es\/wp-json\/wp\/v2\/product_tag?post=52097"}],"curies":[{"name":"wp","href":"https:\/\/api.w.org\/{rel}","templated":true}]}}