{"id":52029,"date":"2026-01-06T11:35:34","date_gmt":"2026-01-06T03:35:34","guid":{"rendered":"https:\/\/ulpmat.com\/product\/cromo-metalico-5\/"},"modified":"2026-01-06T11:35:34","modified_gmt":"2026-01-06T03:35:34","slug":"cromo-metalico-5","status":"publish","type":"product","link":"https:\/\/ulpmat.com\/es\/producto\/cromo-metalico-5\/","title":{"rendered":"Cromo met\u00e1lico"},"content":{"rendered":"<h2><span style=\"font-size: 14pt;\">Descripci\u00f3n general de los gr\u00e1nulos de metal de cromo<\/span><\/h2>\n<p>Los gr\u00e1nulos<br \/>\n<span style=\"color: #0000ff;\"><a style=\"color: #0000ff;\" href=\"https:\/\/ulpmat.com\/es\/buscar\/?type=name&#038;keyword=Chromium+meta\">de met<span style=\"color: #0000ff;\">a<\/span><\/a>l <a style=\"color: #0000ff;\" href=\"https:\/\/ulpmat.com\/es\/buscar\/?type=name&#038;keyword=Chromium+meta\">de cromo<\/a><\/span><br \/>\nson un material con excelente resistencia a la corrosi\u00f3n y estabilidad a altas temperaturas. Se utilizan ampliamente en las industrias del acero, la fundici\u00f3n y las aleaciones, y son una materia prima importante para la fabricaci\u00f3n de aleaciones resistentes al desgaste y al calor.<\/p>\n<p>Ofrecemos gr\u00e1nulos de metal de cromo en diversas especificaciones y purezas para satisfacer las necesidades de diferentes aplicaciones industriales. <span style=\"color: #0000ff;\"><a style=\"color: #0000ff;\" href=\"https:\/\/ulpmat.com\/es\/contacto\/\">P\u00f3ngase en contacto con nosotros<\/a><\/span><br \/>\npara solicitar muestras.<\/p>\n<h2><span style=\"font-size: 14pt;\">Caracter\u00edsticas destacadas del producto<\/span><\/h2>\n<p>Gr\u00e1nulos de metal de alta pureza<br \/>\nExcelente resistencia a la corrosi\u00f3n<br \/>\nBuena estabilidad t\u00e9rmica<br \/>\nAmpliamente aplicables a entornos de alta temperatura<br \/>\nTama\u00f1o de part\u00edcula uniforme<br \/>\nGarant\u00eda de alta calidad<br \/>\n<span style=\"color: #0000ff;\"><a style=\"color: #0000ff;\" href=\"https:\/\/ulpmat.com\/es\/servicio\/personalizacion\/\">Servicio personalizable<\/a><\/span><\/p>\n<p>Suministro estable por lotes<\/p>\n<h2><span style=\"font-size: 14pt;\">Aplicaciones de los gr\u00e1nulos de metal de cromo<\/span><\/h2>\n<p><strong>Fabricaci\u00f3n de acero:<\/strong><br \/>\nlos gr\u00e1nulos de metal de cromo son un elemento aleante importante en la fabricaci\u00f3n de acero, ya que mejoran eficazmente la dureza, la resistencia al desgaste y la resistencia a la corrosi\u00f3n del acero. Desempe\u00f1an un papel crucial en la producci\u00f3n de acero inoxidable y acero de alta aleaci\u00f3n.<\/p>\n<p><strong>Industria de la fundici\u00f3n:<\/strong><br \/>\nEn la industria de la fundici\u00f3n, el cromo se utiliza com\u00fanmente para fabricar piezas fundidas de aleaci\u00f3n resistentes a altas temperaturas y a la corrosi\u00f3n. Su alto punto de fusi\u00f3n y su estabilidad qu\u00edmica hacen que las aleaciones de cromo sean el material preferido para piezas fundidas de alta gama.<\/p>\n<p><strong>Materiales resistentes al desgaste:<\/strong><br \/>\nEl cromo tiene amplias aplicaciones en la fabricaci\u00f3n de materiales resistentes al desgaste, especialmente en las industrias minera, metal\u00fargica y de la construcci\u00f3n. Su alta dureza lo convierte en una opci\u00f3n ideal para materiales de superficie resistentes al desgaste.<\/p>\n<p><strong>Industria de galvanoplastia:<\/strong><br \/>\nAmpliamente utilizado en la industria de la galvanoplastia como materia prima para la galvanoplastia de cromo, proporciona una excelente resistencia a la corrosi\u00f3n y dureza, y se utiliza ampliamente en el tratamiento de superficies de autom\u00f3viles, electrodom\u00e9sticos y herramientas.<\/p>\n<h2><span style=\"color: #0000ff;\"><a style=\"color: #0000ff;\" href=\"https:\/\/ulpmat.com\/es\/empresa\/preguntas-frecuentes\/\"><span style=\"font-size: 14pt;\">Preguntas frecuentes<\/span><\/a><\/span><\/h2>\n<p>P1: \u00bfCu\u00e1les son las principales \u00e1reas de aplicaci\u00f3n de las part\u00edculas met\u00e1licas de cromo?<br \/>\nR1: Ampliamente utilizado en la fabricaci\u00f3n de acero, fundici\u00f3n, materiales resistentes al desgaste e industrias de galvanoplastia, es un componente clave de los materiales de aleaci\u00f3n de alta gama.<\/p>\n<p>P2: \u00bfC\u00f3mo afecta la pureza de las part\u00edculas met\u00e1licas de cromo a las aplicaciones?<br \/>\nR2: Las part\u00edculas met\u00e1licas de cromo de alta pureza proporcionan mejores propiedades mec\u00e1nicas y resistencia a la corrosi\u00f3n, adecuadas para aplicaciones con requisitos de alta pureza, como la fabricaci\u00f3n de acero inoxidable y la producci\u00f3n de aleaciones de alta temperatura.<\/p>\n<p>P3: \u00bfC\u00f3mo se elige el tama\u00f1o de las part\u00edculas?<br \/>\nR3: La selecci\u00f3n del tama\u00f1o de las part\u00edculas debe basarse en los requisitos espec\u00edficos de la aplicaci\u00f3n. Las aplicaciones de fundici\u00f3n y galvanoplastia suelen requerir tama\u00f1os de part\u00edculas m\u00e1s finos, mientras que la fabricaci\u00f3n de acero y los materiales resistentes al desgaste seleccionan los tama\u00f1os de part\u00edculas adecuados en funci\u00f3n de los requisitos del proceso.<\/p>\n<p>P4: \u00bfCu\u00e1les son las condiciones de almacenamiento de las part\u00edculas de metal de cromo?<br \/>\nR4: Almacenar en un entorno seco y bien ventilado, evitando el contacto con la humedad para mantener la estabilidad de su calidad.<\/p>\n<h2><span style=\"font-size: 14pt;\">Informes<\/span><\/h2>\n<p>Cada lote se suministra con:<br \/>\n<span style=\"color: #0000ff;\"><a style=\"color: #0000ff;\" href=\"https:\/\/ulpmat.com\/es\/documentos\/certificado-de-analisis\/\"><u>Certificado de an\u00e1lisis (COA)<\/u><\/a><\/span><\/p>\n<p><span style=\"color: #0000ff;\"><a style=\"color: #0000ff;\" href=\"https:\/\/ulpmat.com\/es\/documentos\/ficha-tecnica\/\"><u>Ficha t\u00e9cnica (TDS)<\/u><\/a><\/span><\/p>\n<p><span style=\"color: #0000ff;\"><a style=\"color: #0000ff;\" href=\"https:\/\/ulpmat.com\/es\/documentos\/ficha-de-datos-de-seguridad\/\"><u>Ficha de datos de seguridad (MSDS)<\/u><\/a><\/span><br \/>\nInforme de inspecci\u00f3n del tama\u00f1o<br \/>\nInformes de pruebas de terceros disponibles bajo petici\u00f3n<\/p>\n<h2><span style=\"font-size: 14pt;\">\u00bfPor qu\u00e9 elegirnos?<\/span><\/h2>\n<p>Nos especializamos en la producci\u00f3n y el suministro de gr\u00e1nulos de cromo, y contamos con procesos de producci\u00f3n avanzados y un riguroso control de calidad para garantizar la estabilidad y la consistencia de cada lote. A trav\u00e9s de servicios personalizados y <span style=\"color: #0000ff;\"><a style=\"color: #0000ff;\" href=\"https:\/\/ulpmat.com\/es\/servicio\/asistencia-tecnica\/\">un<\/a><\/span><br \/>\ncompleto <span style=\"color: #0000ff;\"><a style=\"color: #0000ff;\" href=\"https:\/\/ulpmat.com\/es\/servicio\/asistencia-tecnica\/\">soporte t\u00e9cnico<\/a><\/span><br \/>\n, proporcionamos a nuestros clientes soluciones de producto \u00f3ptimas para ayudarles a tener \u00e9xito en diversas industrias.<\/p>\n","protected":false},"excerpt":{"rendered":"<p>Descripci\u00f3n general de los gr\u00e1nulos de metal de cromo Los gr\u00e1nulos de metal de cromo son un material con excelente resistencia a la corrosi\u00f3n y estabilidad a altas temperaturas. Se utilizan ampliamente en las industrias del acero, la fundici\u00f3n y las aleaciones, y son una materia prima importante para la fabricaci\u00f3n de aleaciones resistentes al [&hellip;]<\/p>\n","protected":false},"featured_media":52030,"template":"","meta":{"_acf_changed":false},"product_brand":[132],"product_cat":[340],"product_tag":[7849],"class_list":{"0":"post-52029","1":"product","2":"type-product","3":"status-publish","4":"has-post-thumbnail","6":"product_brand-ulpmat","7":"product_cat-materiales-de-evaporacion","8":"product_tag-cromo-metalico-granulos","10":"first","11":"instock","12":"shipping-taxable","13":"product-type-variable"},"acf":[],"_links":{"self":[{"href":"https:\/\/ulpmat.com\/es\/wp-json\/wp\/v2\/product\/52029","targetHints":{"allow":["GET"]}}],"collection":[{"href":"https:\/\/ulpmat.com\/es\/wp-json\/wp\/v2\/product"}],"about":[{"href":"https:\/\/ulpmat.com\/es\/wp-json\/wp\/v2\/types\/product"}],"wp:featuredmedia":[{"embeddable":true,"href":"https:\/\/ulpmat.com\/es\/wp-json\/wp\/v2\/media\/52030"}],"wp:attachment":[{"href":"https:\/\/ulpmat.com\/es\/wp-json\/wp\/v2\/media?parent=52029"}],"wp:term":[{"taxonomy":"product_brand","embeddable":true,"href":"https:\/\/ulpmat.com\/es\/wp-json\/wp\/v2\/product_brand?post=52029"},{"taxonomy":"product_cat","embeddable":true,"href":"https:\/\/ulpmat.com\/es\/wp-json\/wp\/v2\/product_cat?post=52029"},{"taxonomy":"product_tag","embeddable":true,"href":"https:\/\/ulpmat.com\/es\/wp-json\/wp\/v2\/product_tag?post=52029"}],"curies":[{"name":"wp","href":"https:\/\/api.w.org\/{rel}","templated":true}]}}