{"id":51984,"date":"2026-01-06T11:35:35","date_gmt":"2026-01-06T03:35:35","guid":{"rendered":"https:\/\/ulpmat.com\/product\/cromo-metalico-4\/"},"modified":"2026-01-06T11:35:35","modified_gmt":"2026-01-06T03:35:35","slug":"cromo-metalico-4","status":"publish","type":"product","link":"https:\/\/ulpmat.com\/es\/producto\/cromo-metalico-4\/","title":{"rendered":"Cromo met\u00e1lico"},"content":{"rendered":"<h2><span style=\"font-size: 14pt;\">Descripci\u00f3n general de las piezas met\u00e1licas de cromo<\/span><\/h2>\n<p>Las piezas<br \/>\n<span style=\"color: #0000ff;\"><a style=\"color: #0000ff;\" href=\"https:\/\/ulpmat.com\/es\/buscar\/?type=name&#038;keyword=Chromium+meta\">met\u00e1licas de cromo<\/a><\/span><br \/>\nson un material met\u00e1lico con una excelente resistencia a la corrosi\u00f3n y a las altas temperaturas, muy utilizado en diversos campos industriales. Sus buenas propiedades mec\u00e1nicas y su estabilidad qu\u00edmica lo hacen ideal para la fabricaci\u00f3n de aleaciones de alta durabilidad, componentes electr\u00f3nicos y mucho m\u00e1s.<\/p>\n<p>Ofrecemos l\u00e1minas de metal de cromo de alta calidad adecuadas para diferentes necesidades industriales, incluyendo especificaciones y tama\u00f1os personalizados. No dude en <span style=\"color: #0000ff;\"><a style=\"color: #0000ff;\" href=\"https:\/\/ulpmat.com\/es\/contacto\/\">ponerse en contacto con nosotros<\/a><\/span><br \/>\npara cualquier requisito <span style=\"color: #0000ff;\"><a style=\"color: #0000ff;\" href=\"https:\/\/ulpmat.com\/es\/servicio\/personalizacion\/\">de personalizaci\u00f3n<\/a><\/span><br \/>\no <span style=\"color: #0000ff;\"><a style=\"color: #0000ff;\" href=\"https:\/\/ulpmat.com\/es\/contacto\/\">consulta<\/a><\/span><br \/>\nsobre el producto.<\/p>\n<h2><span style=\"font-size: 14pt;\">Caracter\u00edsticas destacadas del producto<\/span><\/h2>\n<p>L\u00e1mina met\u00e1lica de alta pureza<br \/>\nResistencia a altas temperaturas<br \/>\nBuena resistencia a la corrosi\u00f3n<br \/>\nAlta resistencia mec\u00e1nica<br \/>\nAdecuado para diversas aplicaciones Especificaciones<br \/>\n<span style=\"color: #0000ff;\"><a style=\"color: #0000ff;\" href=\"https:\/\/ulpmat.com\/es\/servicio\/personalizacion\/\">personalizables<\/a><\/span><\/p>\n<p>Cadena de suministro estable<br \/>\nEstricto control de calidad<\/p>\n<h2><span style=\"font-size: 14pt;\">Aplicaciones de las piezas met\u00e1licas de cromo<\/span><\/h2>\n<p><strong>Fabricaci\u00f3n de aleaciones de alta temperatura:<\/strong><br \/>\nampliamente utilizado en la fabricaci\u00f3n de aleaciones de alta temperatura, especialmente en la industria aeroespacial y la maquinaria de alta gama. Su resistencia a altas temperaturas le permite mantener un rendimiento excelente en condiciones de temperatura extrema, lo que lo convierte en un material clave para la fabricaci\u00f3n de turbinas de gas y otros componentes de alta temperatura.<\/p>\n<p><strong>Componentes electr\u00f3nicos:<\/strong><br \/>\ntiene importantes aplicaciones en la industria electr\u00f3nica, especialmente en la fabricaci\u00f3n de bater\u00edas, interruptores, materiales de contacto conductivos, etc., ya que proporciona una conductividad y durabilidad fiables, lo que prolonga la vida \u00fatil de los dispositivos electr\u00f3nicos.<\/p>\n<p><strong>Equipos qu\u00edmicos:<\/strong><br \/>\nen la industria qu\u00edmica, se utiliza com\u00fanmente en la fabricaci\u00f3n de reactores, tuber\u00edas y contenedores. Su excelente resistencia a la corrosi\u00f3n y a las altas temperaturas lo convierten en un material ideal para el procesamiento petroqu\u00edmico y otros procesos qu\u00edmicos.<\/p>\n<p><strong>Tratamiento superficial resistente a la abrasi\u00f3n:<\/strong><br \/>\nDebido a su dureza y resistencia a la abrasi\u00f3n, la l\u00e1mina de cromo se utiliza ampliamente en el tratamiento superficial de materiales y herramientas resistentes a la abrasi\u00f3n, desempe\u00f1ando un papel crucial, especialmente en la fabricaci\u00f3n de herramientas de corte de alto rendimiento, abrasivos y equipos pesados.<\/p>\n<h2><span style=\"color: #0000ff;\"><a style=\"color: #0000ff;\" href=\"https:\/\/ulpmat.com\/es\/empresa\/preguntas-frecuentes\/\"><span style=\"font-size: 14pt;\">Preguntas frecuentes<\/span><\/a><\/span><\/h2>\n<p>P1: \u00bfCu\u00e1les son las principales \u00e1reas de aplicaci\u00f3n de la l\u00e1mina de cromo?<br \/>\nR1: Ampliamente utilizada en la fabricaci\u00f3n de aleaciones de alta temperatura, componentes electr\u00f3nicos, equipos qu\u00edmicos y tratamientos superficiales resistentes a la abrasi\u00f3n, es una materia prima clave en muchos sectores industriales.<\/p>\n<p>P2: \u00bfC\u00f3mo afecta la pureza de la l\u00e1mina de cromo a sus aplicaciones?<br \/>\nR2: La l\u00e1mina de cromo de alta pureza proporciona una mejor resistencia a la corrosi\u00f3n y estabilidad t\u00e9rmica, adecuada para aplicaciones con requisitos de alta pureza, como la industria aeroespacial, los componentes electr\u00f3nicos y los reactores qu\u00edmicos.<\/p>\n<p>P3: \u00bfCu\u00e1l es la funci\u00f3n de la l\u00e1mina de cromo en los componentes electr\u00f3nicos?<br \/>\nR3: Proporciona una excelente conductividad el\u00e9ctrica y resistencia a la corrosi\u00f3n en los componentes electr\u00f3nicos, y se utiliza ampliamente en componentes electr\u00f3nicos como bater\u00edas, materiales de contacto el\u00e9ctrico e interruptores, mejorando la durabilidad y la eficiencia de los dispositivos.<\/p>\n<p>P4: \u00bfCu\u00e1les son las condiciones de almacenamiento de las l\u00e1minas de metal de cromo?<br \/>\nR4: Deben almacenarse en un entorno seco y fresco, evitando el contacto con la humedad para mantener sus excelentes propiedades mec\u00e1nicas y estabilidad qu\u00edmica.<\/p>\n<h2><span style=\"font-size: 14pt;\">Informe<\/span><\/h2>\n<p>Cada lote se suministra con:<br \/>\n<span style=\"color: #0000ff;\"><a style=\"color: #0000ff;\" href=\"https:\/\/ulpmat.com\/es\/documentos\/certificado-de-analisis\/\"><u>Certificado de an\u00e1lisis (COA)<\/u><\/a><\/span><\/p>\n<p><span style=\"color: #0000ff;\"><a style=\"color: #0000ff;\" href=\"https:\/\/ulpmat.com\/es\/documentos\/ficha-tecnica\/\"><u>Ficha t\u00e9cnica (TDS)<\/u><\/a><\/span><\/p>\n<p><span style=\"color: #0000ff;\"><a style=\"color: #0000ff;\" href=\"https:\/\/ulpmat.com\/es\/documentos\/ficha-de-datos-de-seguridad\/\"><u>Ficha de datos de seguridad (MSDS)<\/u><\/a><\/span><br \/>\nInforme de inspecci\u00f3n de tama\u00f1o<br \/>\nInformes de pruebas de terceros disponibles bajo petici\u00f3n<\/p>\n<h2><span style=\"font-size: 14pt;\">. \u00bfPor qu\u00e9 elegirnos?<\/span><\/h2>\n<p>Proporcionamos l\u00e1minas de metal de cromo de alta pureza y calidad, lo que garantiza el rendimiento y la estabilidad de cada lote. Con una amplia experiencia en el sector y un riguroso sistema de control de calidad, podemos ofrecer servicios personalizados y ayudar a los clientes a mejorar el rendimiento de los productos mediante un completo servicio posventa. El\u00edjanos y recibir\u00e1 un suministro fiable y asistencia t\u00e9cnica.<\/p>\n","protected":false},"excerpt":{"rendered":"<p>Descripci\u00f3n general de las piezas met\u00e1licas de cromo Las piezas met\u00e1licas de cromo son un material met\u00e1lico con una excelente resistencia a la corrosi\u00f3n y a las altas temperaturas, muy utilizado en diversos campos industriales. Sus buenas propiedades mec\u00e1nicas y su estabilidad qu\u00edmica lo hacen ideal para la fabricaci\u00f3n de aleaciones de alta durabilidad, componentes [&hellip;]<\/p>\n","protected":false},"featured_media":51985,"template":"","meta":{"_acf_changed":false},"product_brand":[132],"product_cat":[340],"product_tag":[7843],"class_list":{"0":"post-51984","1":"product","2":"type-product","3":"status-publish","4":"has-post-thumbnail","6":"product_brand-ulpmat","7":"product_cat-materiales-de-evaporacion","8":"product_tag-cromo-metal-piezas","10":"first","11":"instock","12":"shipping-taxable","13":"product-type-variable"},"acf":[],"_links":{"self":[{"href":"https:\/\/ulpmat.com\/es\/wp-json\/wp\/v2\/product\/51984","targetHints":{"allow":["GET"]}}],"collection":[{"href":"https:\/\/ulpmat.com\/es\/wp-json\/wp\/v2\/product"}],"about":[{"href":"https:\/\/ulpmat.com\/es\/wp-json\/wp\/v2\/types\/product"}],"wp:featuredmedia":[{"embeddable":true,"href":"https:\/\/ulpmat.com\/es\/wp-json\/wp\/v2\/media\/51985"}],"wp:attachment":[{"href":"https:\/\/ulpmat.com\/es\/wp-json\/wp\/v2\/media?parent=51984"}],"wp:term":[{"taxonomy":"product_brand","embeddable":true,"href":"https:\/\/ulpmat.com\/es\/wp-json\/wp\/v2\/product_brand?post=51984"},{"taxonomy":"product_cat","embeddable":true,"href":"https:\/\/ulpmat.com\/es\/wp-json\/wp\/v2\/product_cat?post=51984"},{"taxonomy":"product_tag","embeddable":true,"href":"https:\/\/ulpmat.com\/es\/wp-json\/wp\/v2\/product_tag?post=51984"}],"curies":[{"name":"wp","href":"https:\/\/api.w.org\/{rel}","templated":true}]}}