{"id":51952,"date":"2026-01-06T11:35:36","date_gmt":"2026-01-06T03:35:36","guid":{"rendered":"https:\/\/ulpmat.com\/product\/cromo-metalico-3\/"},"modified":"2026-01-06T11:35:36","modified_gmt":"2026-01-06T03:35:36","slug":"cromo-metalico-3","status":"publish","type":"product","link":"https:\/\/ulpmat.com\/es\/producto\/cromo-metalico-3\/","title":{"rendered":"Cromo met\u00e1lico"},"content":{"rendered":"<h2><span style=\"font-size: 14pt;\">Descripci\u00f3n general del polvo met\u00e1lico de cromo<\/span><\/h2>\n<p>El polvo<br \/>\n<span style=\"color: #0000ff;\"><a style=\"color: #0000ff;\" href=\"https:\/\/ulpmat.com\/es\/buscar\/?type=name&#038;keyword=Chromium+metal\">met\u00e1lico de cromo<\/a><\/span><br \/>\nes un polvo met\u00e1lico con alta resistencia a la corrosi\u00f3n y buena estabilidad t\u00e9rmica, ampliamente utilizado en la fabricaci\u00f3n de aleaciones y recubrimientos de alta gama. Sus excelentes propiedades lo hacen esencial para aplicaciones en las industrias sider\u00fargica, electr\u00f3nica y qu\u00edmica.<\/p>\n<p>Ofrecemos polvos met\u00e1licos de cromo de diversos tama\u00f1os de part\u00edculas y purezas para satisfacer las necesidades de diversas aplicaciones industriales. P\u00f3ngase <span style=\"color: #0000ff;\"><a style=\"color: #0000ff;\" href=\"https:\/\/ulpmat.com\/es\/contacto\/\">en contacto con nosotros<\/a><\/span><br \/>\npara cualquier requisito <span style=\"color: #0000ff;\"><a style=\"color: #0000ff;\" href=\"https:\/\/ulpmat.com\/es\/servicio\/personalizacion\/\">de personalizaci\u00f3n<\/a><\/span><br \/>\no <span style=\"color: #0000ff;\"><a style=\"color: #0000ff;\" href=\"https:\/\/ulpmat.com\/es\/contacto\/\">consulta<\/a><\/span><br \/>\nsobre el producto.<\/p>\n<h2><span style=\"font-size: 14pt;\">Caracter\u00edsticas destacadas del producto<\/span><\/h2>\n<p>Polvo de alta pureza<br \/>\nExcelente resistencia a la corrosi\u00f3n<br \/>\nBuena estabilidad t\u00e9rmica<br \/>\nTama\u00f1o de part\u00edcula uniforme<br \/>\nAmplia gama de aplicaciones<br \/>\nGarant\u00eda de alta calidad Servicio<br \/>\n<span style=\"color: #0000ff;\"><a style=\"color: #0000ff;\" href=\"https:\/\/ulpmat.com\/es\/servicio\/personalizacion\/\">de personalizaci\u00f3n<\/a><\/span><\/p>\n<p>Suministro estable<\/p>\n<h2><span style=\"font-size: 14pt;\">Aplicaciones del polvo met\u00e1lico de cromo<\/span><\/h2>\n<p><strong>Fabricaci\u00f3n de aleaciones de alta temperatura<\/strong><br \/>\n: ampliamente utilizado en la producci\u00f3n de aleaciones de alta temperatura, especialmente en la industria aeroespacial, la metalurgia y la fabricaci\u00f3n de maquinaria de alta gama. Su resistencia a altas temperaturas le permite mantener buenas propiedades mec\u00e1nicas en entornos extremos, por lo que se utiliza ampliamente en la producci\u00f3n de \u00e1labes de turbinas, turbinas de gas y otros componentes de alta temperatura.<\/p>\n<p><strong>Industria de galvanoplastia:<\/strong><br \/>\nel polvo met\u00e1lico de cromo es una materia prima importante para la galvanoplastia de cromo, que se utiliza com\u00fanmente en la galvanoplastia de piezas de autom\u00f3viles, electrodom\u00e9sticos y herramientas. Su resistencia a la corrosi\u00f3n y su dureza confieren a la capa galvanizada una excelente calidad superficial y una gran durabilidad a largo plazo.<\/p>\n<p><strong>Fundici\u00f3n de hierro y acero:<\/strong><br \/>\nSe utiliza ampliamente en la fundici\u00f3n de hierro y acero, especialmente en la producci\u00f3n de acero inoxidable y acero de alta aleaci\u00f3n. Mejora significativamente la dureza, la resistencia al desgaste y la resistencia a la corrosi\u00f3n del acero, con un rendimiento especialmente bueno en aplicaciones industriales exigentes.<\/p>\n<p><strong>Reactores y equipos qu\u00edmicos:<\/strong><br \/>\nSe utiliza en la industria qu\u00edmica para fabricar reactores, tuber\u00edas y contenedores altamente resistentes a la corrosi\u00f3n. Presenta una gran resistencia a la corrosi\u00f3n en entornos qu\u00edmicos agresivos, lo que garantiza un funcionamiento estable a largo plazo.<\/p>\n<h2><span style=\"color: #0000ff;\"><a style=\"color: #0000ff;\" href=\"https:\/\/ulpmat.com\/es\/empresa\/preguntas-frecuentes\/\"><span style=\"font-size: 14pt;\">Preguntas frecuentes<\/span><\/a><\/span><\/h2>\n<p>P1: \u00bfCu\u00e1les son las principales \u00e1reas de aplicaci\u00f3n del polvo de cromo met\u00e1lico?<br \/>\nR1: Ampliamente utilizado en aleaciones de alta temperatura, fundici\u00f3n de hierro y acero, galvanoplastia y fabricaci\u00f3n de equipos qu\u00edmicos, es un componente importante de los materiales de alto rendimiento.<\/p>\n<p>P2: \u00bfC\u00f3mo afecta la pureza del polvo de cromo met\u00e1lico a las aplicaciones?<br \/>\nR2: El polvo de cromo met\u00e1lico de alta pureza proporciona una mejor resistencia a la corrosi\u00f3n y estabilidad t\u00e9rmica, lo que lo hace adecuado para aplicaciones que requieren alta pureza, como la fabricaci\u00f3n de equipos aeroespaciales y de alta temperatura.<\/p>\n<p>P3: \u00bfC\u00f3mo se debe seleccionar el tama\u00f1o de las part\u00edculas del polvo de cromo met\u00e1lico?<br \/>\nR3: La selecci\u00f3n del tama\u00f1o de las part\u00edculas debe basarse en los requisitos espec\u00edficos de la aplicaci\u00f3n. La fundici\u00f3n de hierro y acero y las aplicaciones de aleaciones de alta temperatura suelen requerir un polvo m\u00e1s grueso, mientras que la galvanoplastia y la fabricaci\u00f3n de precisi\u00f3n suelen requerir un polvo m\u00e1s fino.<\/p>\n<p>P4: \u00bfCu\u00e1les son las condiciones de almacenamiento del polvo met\u00e1lico de cromo?<br \/>\nR4: Debe almacenarse en un entorno seco y fresco, evitando el contacto con la humedad para mantener su excelente rendimiento y estabilidad.<\/p>\n<h2><span style=\"font-size: 14pt;\">Informes<\/span><\/h2>\n<p>Cada lote se suministra con:<br \/>\n<span style=\"color: #0000ff;\"><a style=\"color: #0000ff;\" href=\"https:\/\/ulpmat.com\/es\/documentos\/certificado-de-analisis\/\"><u>Certificado de an\u00e1lisis (COA)<\/u><\/a><\/span><\/p>\n<p><span style=\"color: #0000ff;\"><a style=\"color: #0000ff;\" href=\"https:\/\/ulpmat.com\/es\/documentos\/ficha-tecnica\/\"><u>Ficha t\u00e9cnica (TDS)<\/u><\/a><\/span><\/p>\n<p><span style=\"color: #0000ff;\"><a style=\"color: #0000ff;\" href=\"https:\/\/ulpmat.com\/es\/documentos\/ficha-de-datos-de-seguridad\/\"><u>Ficha de datos de seguridad (MSDS)<\/u><\/a><\/span><br \/>\nInformes de pruebas de terceros disponibles bajo petici\u00f3n<\/p>\n<h2><span style=\"font-size: 14pt;\">\u00bfPor qu\u00e9 elegirnos?<\/span><\/h2>\n<p>Nos centramos en proporcionar polvo de cromo met\u00e1lico de alta calidad, asegur\u00e1ndonos de que cada lote cumpla con estrictos est\u00e1ndares de calidad. Con a\u00f1os de experiencia en el sector y un completo sistema <span style=\"color: #0000ff;\"><a style=\"color: #0000ff;\" href=\"https:\/\/ulpmat.com\/es\/servicio\/asistencia-tecnica\/\">de asistencia t\u00e9cnica<\/a><\/span><br \/>\n, podemos ofrecer servicios <span style=\"color: #0000ff;\"><a style=\"color: #0000ff;\" href=\"https:\/\/ulpmat.com\/es\/servicio\/personalizacion\/\">personalizados<\/a><\/span><br \/>\npara ayudar a los clientes a mejorar el rendimiento de sus productos en diversos campos.<\/p>\n","protected":false},"excerpt":{"rendered":"<p>Descripci\u00f3n general del polvo met\u00e1lico de cromo El polvo met\u00e1lico de cromo es un polvo met\u00e1lico con alta resistencia a la corrosi\u00f3n y buena estabilidad t\u00e9rmica, ampliamente utilizado en la fabricaci\u00f3n de aleaciones y recubrimientos de alta gama. Sus excelentes propiedades lo hacen esencial para aplicaciones en las industrias sider\u00fargica, electr\u00f3nica y qu\u00edmica. Ofrecemos polvos [&hellip;]<\/p>\n","protected":false},"featured_media":51954,"template":"","meta":{"_acf_changed":false},"product_brand":[132],"product_cat":[338],"product_tag":[7837],"class_list":{"0":"post-51952","1":"product","2":"type-product","3":"status-publish","4":"has-post-thumbnail","6":"product_brand-ulpmat","7":"product_cat-metales-puros-y-aleaciones","8":"product_tag-cromo-metal-polvo","10":"first","11":"instock","12":"shipping-taxable","13":"product-type-variable"},"acf":[],"_links":{"self":[{"href":"https:\/\/ulpmat.com\/es\/wp-json\/wp\/v2\/product\/51952","targetHints":{"allow":["GET"]}}],"collection":[{"href":"https:\/\/ulpmat.com\/es\/wp-json\/wp\/v2\/product"}],"about":[{"href":"https:\/\/ulpmat.com\/es\/wp-json\/wp\/v2\/types\/product"}],"wp:featuredmedia":[{"embeddable":true,"href":"https:\/\/ulpmat.com\/es\/wp-json\/wp\/v2\/media\/51954"}],"wp:attachment":[{"href":"https:\/\/ulpmat.com\/es\/wp-json\/wp\/v2\/media?parent=51952"}],"wp:term":[{"taxonomy":"product_brand","embeddable":true,"href":"https:\/\/ulpmat.com\/es\/wp-json\/wp\/v2\/product_brand?post=51952"},{"taxonomy":"product_cat","embeddable":true,"href":"https:\/\/ulpmat.com\/es\/wp-json\/wp\/v2\/product_cat?post=51952"},{"taxonomy":"product_tag","embeddable":true,"href":"https:\/\/ulpmat.com\/es\/wp-json\/wp\/v2\/product_tag?post=51952"}],"curies":[{"name":"wp","href":"https:\/\/api.w.org\/{rel}","templated":true}]}}