{"id":51867,"date":"2026-01-06T11:35:37","date_gmt":"2026-01-06T03:35:37","guid":{"rendered":"https:\/\/ulpmat.com\/product\/cromo-metalico\/"},"modified":"2026-01-06T11:35:37","modified_gmt":"2026-01-06T03:35:37","slug":"cromo-metalico","status":"publish","type":"product","link":"https:\/\/ulpmat.com\/es\/producto\/cromo-metalico\/","title":{"rendered":"Cromo met\u00e1lico"},"content":{"rendered":"<h2><span style=\"font-size: 14pt;\">Descripci\u00f3n general del blanco de pulverizaci\u00f3n de metal de cromo<\/span><\/h2>\n<p>Los blancos de pulverizaci\u00f3n<br \/>\n<span style=\"color: #0000ff;\"><a style=\"color: #0000ff;\" href=\"https:\/\/ulpmat.com\/es\/buscar\/?type=name&#038;keyword=Chromium+metal\">de metal de cromo<\/a><\/span><br \/>\nson materiales de metal de cromo de alta pureza ampliamente utilizados en la deposici\u00f3n de pel\u00edculas delgadas y el tratamiento de superficies. Se encuentran com\u00fanmente en los procesos de producci\u00f3n de <span style=\"color: #0000ff;\"><a style=\"color: #0000ff;\" href=\"https:\/\/ulpmat.com\/es\/solicitud\/materiales-semiconductores\/\">semiconductores<\/a><\/span><br \/>\n, recubrimientos <span style=\"color: #0000ff;\"><a style=\"color: #0000ff;\" href=\"https:\/\/ulpmat.com\/es\/solicitud\/materiales-opticos\/\">\u00f3pticos<\/a><\/span><br \/>\ny recubrimientos anticorrosivos.<\/p>\n<p>Ofrecemos blancos de pulverizaci\u00f3n de metal de cromo de alta calidad para satisfacer las necesidades de diversas aplicaciones industriales. No dude en <span style=\"color: #0000ff;\"><a style=\"color: #0000ff;\" href=\"https:\/\/ulpmat.com\/es\/contacto\/\">ponerse en contacto con nosotros<\/a><\/span><br \/>\nsi tiene alg\u00fan requisito <span style=\"color: #0000ff;\"><a style=\"color: #0000ff;\" href=\"https:\/\/ulpmat.com\/es\/servicio\/personalizacion\/\">de personalizaci\u00f3n<\/a><\/span><br \/>\n.<\/p>\n<h2><span style=\"font-size: 14pt;\">Caracter\u00edsticas destacadas del producto<\/span><\/h2>\n<p>Alta pureza<br \/>\nExcelente rendimiento de pulverizaci\u00f3n<br \/>\nEstabilidad el\u00e9ctrica y qu\u00edmica<br \/>\nDimensiones y formas precisas Servicios<br \/>\n<span style=\"color: #0000ff;\"><a style=\"color: #0000ff;\" href=\"https:\/\/ulpmat.com\/es\/servicio\/personalizacion\/\">personalizables<\/a><\/span><\/p>\n<p><span style=\"color: #0000ff;\"><a style=\"color: #0000ff;\" href=\"https:\/\/ulpmat.com\/es\/servicio\/vinculacion-de-objetivos\/\">Uni\u00f3n<\/a><\/span><br \/>\ny placa base opcionales<br \/>\nEntrega r\u00e1pida y <span style=\"color: #0000ff;\"><a style=\"color: #0000ff;\" href=\"https:\/\/ulpmat.com\/es\/servicio\/asistencia-tecnica\/\">asistencia t\u00e9cnica<\/a><\/span><\/p>\n<h2><span style=\"font-size: 14pt;\">Aplicaciones de los blancos de pulverizaci\u00f3n de metal cromo<\/span><\/h2>\n<p><strong>Fabricaci\u00f3n <span style=\"color: #0000ff;\"><a style=\"color: #0000ff;\" href=\"https:\/\/ulpmat.com\/es\/solicitud\/materiales-semiconductores\/\">de semiconductores<\/a><\/span>:<\/strong><br \/>\nlos blancos de metal cromo se utilizan en los procesos de fabricaci\u00f3n de semiconductores para la galvanoplastia y la deposici\u00f3n de pel\u00edculas delgadas con el fin de mejorar el rendimiento de los chips.<br \/>\n<strong>Recubrimientos <span style=\"color: #0000ff;\"><a style=\"color: #0000ff;\" href=\"https:\/\/ulpmat.com\/es\/solicitud\/materiales-opticos\/\">\u00f3pticos<\/a><\/span>:<\/strong><br \/>\nse utilizan para recubrir lentes y filtros \u00f3pticos de alta precisi\u00f3n con el fin de garantizar un rendimiento \u00f3ptico estable.<br \/>\n<strong>Recubrimientos anticorrosi\u00f3n:<\/strong><br \/>\nforman una capa protectora anticorrosi\u00f3n resistente en la superficie de equipos y herramientas industriales, lo que prolonga su vida \u00fatil.<br \/>\n<strong>Materiales magn\u00e9ticos:<\/strong><br \/>\nlos blancos de pulverizaci\u00f3n de cromo met\u00e1lico se utilizan ampliamente en la fabricaci\u00f3n de materiales magn\u00e9ticos de pel\u00edcula fina para diversos sensores y dispositivos de almacenamiento.<\/p>\n<h2><span style=\"color: #0000ff;\"><a style=\"color: #0000ff;\" href=\"https:\/\/ulpmat.com\/es\/empresa\/preguntas-frecuentes\/\"><span style=\"font-size: 14pt;\">Preguntas frecuentes<\/span><\/a><\/span><\/h2>\n<p>P1: \u00bfCu\u00e1l es la pureza de sus blancos de cromo?<br \/>\nR1: Ofrecemos una pureza de hasta el 99,99 %, lo que garantiza un rendimiento superior en una amplia gama de aplicaciones.<\/p>\n<p>P2: \u00bfSon los blancos de pulverizaci\u00f3n de cromo adecuados para el recubrimiento de superficies y la fabricaci\u00f3n de pel\u00edculas delgadas?<br \/>\nR2: S\u00ed, los blancos de pulverizaci\u00f3n de cromo se utilizan ampliamente en el recubrimiento de superficies y la fabricaci\u00f3n de pel\u00edculas delgadas, especialmente en las industrias de semiconductores y \u00f3ptica.<\/p>\n<p>P3: \u00bfQu\u00e9 tama\u00f1os de blancos de cromo hay disponibles?<br \/>\nR3: Ofrecemos una variedad de tama\u00f1os est\u00e1ndar de blancos de cromo y podemos personalizar diferentes tama\u00f1os y formas seg\u00fan las necesidades del cliente.<\/p>\n<p>P4: \u00bfCu\u00e1l es el plazo de entrega habitual de los blancos de cromo?<br \/>\nR4: Por lo general, organizamos el env\u00edo lo antes posible tras recibir el pago, pero el plazo concreto depende de la cantidad del pedido.<\/p>\n<h2><span style=\"font-size: 14pt;\">Informes<\/span><\/h2>\n<p>Cada lote se suministra con:<br \/>\n<span style=\"color: #0000ff;\"><a style=\"color: #0000ff;\" href=\"https:\/\/ulpmat.com\/es\/documentos\/certificado-de-analisis\/\"><u>Certificado de an\u00e1lisis (COA)<\/u><\/a><\/span><\/p>\n<p><span style=\"color: #0000ff;\"><a style=\"color: #0000ff;\" href=\"https:\/\/ulpmat.com\/es\/documentos\/ficha-tecnica\/\"><u>Ficha t\u00e9cnica (TDS)<\/u><\/a><\/span><\/p>\n<p><span style=\"color: #0000ff;\"><a style=\"color: #0000ff;\" href=\"https:\/\/ulpmat.com\/es\/documentos\/ficha-de-datos-de-seguridad\/\"><u>Ficha de datos de seguridad (MSDS)<\/u><\/a><\/span><br \/>\nInforme de inspecci\u00f3n de tama\u00f1o<br \/>\nInformes de pruebas de terceros disponibles bajo petici\u00f3n<\/p>\n<h2><span style=\"font-size: 14pt;\">. \u00bfPor qu\u00e9 elegirnos?<\/span><\/h2>\n<p>Nuestra empresa cuenta con muchos a\u00f1os de experiencia en la producci\u00f3n de blancos de pulverizaci\u00f3n de metal de cromo, proporcionando productos de alta calidad y servicios personalizados, y haciendo hincapi\u00e9 en la entrega puntual y el soporte t\u00e9cnico para nuestros clientes. El\u00edjanos y disfrutar\u00e1 de una calidad de producto fiable y un servicio eficiente.<\/p>\n","protected":false},"excerpt":{"rendered":"<p>Descripci\u00f3n general del blanco de pulverizaci\u00f3n de metal de cromo Los blancos de pulverizaci\u00f3n de metal de cromo son materiales de metal de cromo de alta pureza ampliamente utilizados en la deposici\u00f3n de pel\u00edculas delgadas y el tratamiento de superficies. Se encuentran com\u00fanmente en los procesos de producci\u00f3n de semiconductores , recubrimientos \u00f3pticos y recubrimientos [&hellip;]<\/p>\n","protected":false},"featured_media":51868,"template":"","meta":{"_acf_changed":false},"product_brand":[132],"product_cat":[309],"product_tag":[7825],"class_list":{"0":"post-51867","1":"product","2":"type-product","3":"status-publish","4":"has-post-thumbnail","6":"product_brand-ulpmat","7":"product_cat-blanco-metalico-para-sputtering","8":"product_tag-blanco-para-sputtering-de-cromo-metalico","10":"first","11":"instock","12":"shipping-taxable","13":"product-type-variable"},"acf":[],"_links":{"self":[{"href":"https:\/\/ulpmat.com\/es\/wp-json\/wp\/v2\/product\/51867","targetHints":{"allow":["GET"]}}],"collection":[{"href":"https:\/\/ulpmat.com\/es\/wp-json\/wp\/v2\/product"}],"about":[{"href":"https:\/\/ulpmat.com\/es\/wp-json\/wp\/v2\/types\/product"}],"wp:featuredmedia":[{"embeddable":true,"href":"https:\/\/ulpmat.com\/es\/wp-json\/wp\/v2\/media\/51868"}],"wp:attachment":[{"href":"https:\/\/ulpmat.com\/es\/wp-json\/wp\/v2\/media?parent=51867"}],"wp:term":[{"taxonomy":"product_brand","embeddable":true,"href":"https:\/\/ulpmat.com\/es\/wp-json\/wp\/v2\/product_brand?post=51867"},{"taxonomy":"product_cat","embeddable":true,"href":"https:\/\/ulpmat.com\/es\/wp-json\/wp\/v2\/product_cat?post=51867"},{"taxonomy":"product_tag","embeddable":true,"href":"https:\/\/ulpmat.com\/es\/wp-json\/wp\/v2\/product_tag?post=51867"}],"curies":[{"name":"wp","href":"https:\/\/api.w.org\/{rel}","templated":true}]}}