{"id":51764,"date":"2026-01-06T11:35:38","date_gmt":"2026-01-06T03:35:38","guid":{"rendered":"https:\/\/ulpmat.com\/product\/nitrato-de-cromo-hidrato\/"},"modified":"2026-01-06T11:35:38","modified_gmt":"2026-01-06T03:35:38","slug":"nitrato-de-cromo-hidrato","status":"publish","type":"product","link":"https:\/\/ulpmat.com\/es\/producto\/nitrato-de-cromo-hidrato\/","title":{"rendered":"Nitrato de cromo hidrato"},"content":{"rendered":"<h2><span style=\"font-size: 14pt;\">Descripci\u00f3n general del polvo de nitrato de cromo hidratado<\/span><\/h2>\n<p>El polvo<br \/>\n<span style=\"color: #0000ff;\"><a style=\"color: #0000ff;\" href=\"https:\/\/ulpmat.com\/es\/buscar\/?type=name&#038;keyword=Chromium+nitrate+hydrate\">de nitrato de cromo hidratado<\/a><\/span><br \/>\nes un nitrato de cromo (III) hidratado ampliamente utilizado en an\u00e1lisis qu\u00edmicos y en la fabricaci\u00f3n de catalizadores. Desempe\u00f1a un papel fundamental en diversas aplicaciones industriales, especialmente en la ciencia de los materiales y la protecci\u00f3n del medio ambiente.<\/p>\n<p>Ofrecemos polvo de nitrato de cromo hidratado de alta pureza con propiedades qu\u00edmicas estables y excelente solubilidad, adecuado para diversas aplicaciones industriales y de investigaci\u00f3n. P\u00f3ngase <span style=\"color: #0000ff;\"><a style=\"color: #0000ff;\" href=\"https:\/\/ulpmat.com\/es\/contacto\/\">en contacto con nosotros<\/a><\/span><br \/>\npara solicitar muestras.<\/p>\n<h2><span style=\"font-size: 14pt;\">Caracter\u00edsticas destacadas del producto<\/span><\/h2>\n<p>Alta pureza<br \/>\nExcelente solubilidad y estabilidad<br \/>\nEmbalaje y env\u00edo seguros<br \/>\nAdecuado para la preparaci\u00f3n de catalizadores y la producci\u00f3n de colorantes<br \/>\nAdmite la producci\u00f3n personalizada de lotes peque\u00f1os<br \/>\nEntrega r\u00e1pida y excelente <span style=\"color: #0000ff;\"><a style=\"color: #0000ff;\" href=\"https:\/\/ulpmat.com\/es\/servicio\/asistencia-tecnica\/\">asistencia t\u00e9cnica<\/a><\/span><\/p>\n<h2><span style=\"font-size: 14pt;\">Aplicaciones del nitrato de cromo hidratado en polvo<\/span><\/h2>\n<p><strong>Fabricaci\u00f3n de catalizadores:<\/strong><br \/>\nEl Cr(NO3)3\u00b79H2O es una importante fuente de cromo en la s\u00edntesis de catalizadores, ampliamente utilizado en petroqu\u00edmica, reacciones qu\u00edmicas y otros campos para mejorar la eficiencia de las reacciones.<br \/>\n<strong>Ciencia de los materiales:<\/strong><br \/>\nse puede utilizar para crear recubrimientos y pel\u00edculas delgadas de alto rendimiento, desempe\u00f1ando un papel crucial, especialmente en la investigaci\u00f3n de materiales sint\u00e9ticos de alta temperatura.<br \/>\n<strong>Protecci\u00f3n del medio ambiente:<\/strong><br \/>\nse utiliza como catalizador en procesos de tratamiento de agua y gases residuales, ayudando a eliminar sustancias nocivas y purificar el medio ambiente.<br \/>\n<strong>Producci\u00f3n de tintes:<\/strong><br \/>\nEn la s\u00edntesis de tintes, el Cr(NO3)3\u00b79H2O se utiliza para fabricar tintes a base de cromo, adecuados para la industria textil y el te\u00f1ido de cuero.<\/p>\n<h2><span style=\"color: #0000ff;\"><a style=\"color: #0000ff;\" href=\"https:\/\/ulpmat.com\/es\/empresa\/preguntas-frecuentes\/\"><span style=\"font-size: 14pt;\">Preguntas frecuentes<\/span><\/a><\/span><\/h2>\n<p>P1: \u00bfCu\u00e1l es la pureza del polvo de Cr(NO3)3\u00b79H2O?<br \/>\nR1: El polvo que suministramos tiene una pureza del 99,5 %, lo que garantiza su eficacia en aplicaciones industriales y de investigaci\u00f3n.<\/p>\n<p>P2: \u00bfPara qu\u00e9 reacciones qu\u00edmicas es adecuado el polvo de nitrato de cromo hidratado?<br \/>\nR2: Se utiliza com\u00fanmente en reacciones catal\u00edticas y s\u00edntesis qu\u00edmicas, especialmente en reacciones org\u00e1nicas, s\u00edntesis de colorantes y fabricaci\u00f3n de catalizadores, donde muestra un excelente rendimiento catal\u00edtico.<\/p>\n<p>P3: \u00bfCu\u00e1l es la solubilidad del polvo de nitrato de cromo hidratado?<br \/>\nR3: Este producto tiene una excelente solubilidad, se disuelve r\u00e1pidamente en agua y es adecuado para diversas operaciones experimentales e industriales.<\/p>\n<p>P4: \u00bfCu\u00e1les son los requisitos de transporte de este producto?<br \/>\nR4: Nos aseguramos de que el embalaje del polvo cumpla con las normas internacionales de transporte, para entregarlo de forma segura y c\u00f3moda a nuestros clientes.<\/p>\n<h2><span style=\"font-size: 14pt;\">Informe<\/span><\/h2>\n<p>Cada lote se suministra con:<br \/>\n<span style=\"color: #0000ff;\"><a style=\"color: #0000ff;\" href=\"https:\/\/ulpmat.com\/es\/documentos\/certificado-de-analisis\/\"><u>Certificado de an\u00e1lisis (COA)<\/u><\/a><\/span><\/p>\n<p><span style=\"color: #0000ff;\"><a style=\"color: #0000ff;\" href=\"https:\/\/ulpmat.com\/es\/documentos\/ficha-tecnica\/\"><u>Ficha t\u00e9cnica (TDS)<\/u><\/a><\/span><\/p>\n<p><span style=\"color: #0000ff;\"><a style=\"color: #0000ff;\" href=\"https:\/\/ulpmat.com\/es\/documentos\/ficha-de-datos-de-seguridad\/\"><u>Ficha de datos de seguridad (MSDS)<\/u><\/a><\/span><br \/>\nInformes de pruebas de terceros disponibles bajo petici\u00f3n<\/p>\n<h2><span style=\"font-size: 14pt;\">\u00bfPor qu\u00e9 elegirnos?<\/span><\/h2>\n<p>Nuestra empresa cuenta con muchos a\u00f1os de experiencia en la producci\u00f3n de productos qu\u00edmicos y suministra polvo de Cr(NO3)3\u00b79H2O de alta pureza. Podemos personalizar los productos seg\u00fan las necesidades del cliente y proporcionar <span style=\"color: #0000ff;\"><a style=\"color: #0000ff;\" href=\"https:\/\/ulpmat.com\/es\/servicio\/asistencia-tecnica\/\">un soporte t\u00e9cnico<\/a><\/span><br \/>\ncompleto<span style=\"color: #0000ff;\"><a style=\"color: #0000ff;\" href=\"https:\/\/ulpmat.com\/es\/servicio\/asistencia-tecnica\/\">.<\/a><\/span><br \/>\nSi nos elige, obtendr\u00e1 productos y servicios eficientes y fiables que le ayudar\u00e1n a que sus proyectos tengan \u00e9xito.<\/p>\n","protected":false},"excerpt":{"rendered":"<p>Descripci\u00f3n general del polvo de nitrato de cromo hidratado El polvo de nitrato de cromo hidratado es un nitrato de cromo (III) hidratado ampliamente utilizado en an\u00e1lisis qu\u00edmicos y en la fabricaci\u00f3n de catalizadores. Desempe\u00f1a un papel fundamental en diversas aplicaciones industriales, especialmente en la ciencia de los materiales y la protecci\u00f3n del medio ambiente. [&hellip;]<\/p>\n","protected":false},"featured_media":51765,"template":"","meta":{"_acf_changed":false},"product_brand":[132],"product_cat":[1189],"product_tag":[7819],"class_list":{"0":"post-51764","1":"product","2":"type-product","3":"status-publish","4":"has-post-thumbnail","6":"product_brand-ulpmat","7":"product_cat-otros-acidos","8":"product_tag-nitrato-de-cromo-hidratado-polvo","10":"first","11":"instock","12":"shipping-taxable","13":"product-type-variable"},"acf":[],"_links":{"self":[{"href":"https:\/\/ulpmat.com\/es\/wp-json\/wp\/v2\/product\/51764","targetHints":{"allow":["GET"]}}],"collection":[{"href":"https:\/\/ulpmat.com\/es\/wp-json\/wp\/v2\/product"}],"about":[{"href":"https:\/\/ulpmat.com\/es\/wp-json\/wp\/v2\/types\/product"}],"wp:featuredmedia":[{"embeddable":true,"href":"https:\/\/ulpmat.com\/es\/wp-json\/wp\/v2\/media\/51765"}],"wp:attachment":[{"href":"https:\/\/ulpmat.com\/es\/wp-json\/wp\/v2\/media?parent=51764"}],"wp:term":[{"taxonomy":"product_brand","embeddable":true,"href":"https:\/\/ulpmat.com\/es\/wp-json\/wp\/v2\/product_brand?post=51764"},{"taxonomy":"product_cat","embeddable":true,"href":"https:\/\/ulpmat.com\/es\/wp-json\/wp\/v2\/product_cat?post=51764"},{"taxonomy":"product_tag","embeddable":true,"href":"https:\/\/ulpmat.com\/es\/wp-json\/wp\/v2\/product_tag?post=51764"}],"curies":[{"name":"wp","href":"https:\/\/api.w.org\/{rel}","templated":true}]}}