{"id":51653,"date":"2026-01-06T11:35:40","date_gmt":"2026-01-06T03:35:40","guid":{"rendered":"https:\/\/ulpmat.com\/product\/oxido-de-cromo-3\/"},"modified":"2026-01-06T11:35:40","modified_gmt":"2026-01-06T03:35:40","slug":"oxido-de-cromo-3","status":"publish","type":"product","link":"https:\/\/ulpmat.com\/es\/producto\/oxido-de-cromo-3\/","title":{"rendered":"\u00d3xido de cromo"},"content":{"rendered":"<h2><span style=\"font-size: 14pt;\">Descripci\u00f3n general de los gr\u00e1nulos de \u00f3xido de cromo<\/span><\/h2>\n<p>Los gr\u00e1nulos<br \/>\n<span style=\"color: #0000ff;\"><a style=\"color: #0000ff;\" href=\"https:\/\/ulpmat.com\/es\/buscar\/?type=name&#038;keyword=Chromium+Oxide\">de \u00f3xido de cromo<\/a><\/span><br \/>\nson part\u00edculas de \u00f3xido de cromo de alta pureza con una excelente resistencia a la abrasi\u00f3n y a la corrosi\u00f3n. Se utilizan ampliamente en recubrimientos, cer\u00e1mica, acero y fabricaci\u00f3n de catalizadores en reacciones qu\u00edmicas.<\/p>\n<p>Ofrecemos gr\u00e1nulos de \u00f3xido de cromo de alta calidad que cumplen con estrictos est\u00e1ndares de calidad y son adecuados para una variedad de aplicaciones industriales. No dude en <span style=\"color: #0000ff;\"><a style=\"color: #0000ff;\" href=\"https:\/\/ulpmat.com\/es\/contacto\/\">ponerse en contacto con nosotros<\/a><\/span><br \/>\nsi tiene alguna pregunta sobre el producto o necesita <span style=\"color: #0000ff;\"><a style=\"color: #0000ff;\" href=\"https:\/\/ulpmat.com\/es\/servicio\/personalizacion\/\">una personalizaci\u00f3n<\/a><\/span><br \/>\n.<\/p>\n<h2><span style=\"font-size: 14pt;\">Caracter\u00edsticas destacadas del producto<\/span><\/h2>\n<p>Alta pureza<br \/>\nExcelente resistencia a la abrasi\u00f3n y a la corrosi\u00f3n<br \/>\nPropiedades qu\u00edmicas estables<br \/>\nBuena estabilidad t\u00e9rmica Tama\u00f1o de part\u00edcula<br \/>\n<span style=\"color: #0000ff;\"><a style=\"color: #0000ff;\" href=\"https:\/\/ulpmat.com\/es\/servicio\/personalizacion\/\">personalizable<\/a><\/span><\/p>\n<p>Adecuado para m\u00faltiples aplicaciones industriales<\/p>\n<h2><span style=\"font-size: 14pt;\">Aplicaciones de los gr\u00e1nulos de \u00f3xido de cromo<\/span><\/h2>\n<p><strong>Recubrimientos y tintes:<\/strong><br \/>\nampliamente utilizados en la producci\u00f3n de recubrimientos y tintes ecol\u00f3gicos, proporcionan un color estable y un excelente poder cubriente, adecuados para la industria de los recubrimientos y la fabricaci\u00f3n de cer\u00e1mica.<br \/>\n<strong>Producci\u00f3n de cer\u00e1mica:<\/strong><br \/>\nen la industria cer\u00e1mica, las part\u00edculas de \u00f3xido de cromo, como aditivo, mejoran las propiedades f\u00edsicas de la cer\u00e1mica, aumentando la resistencia a altas temperaturas y la dureza del producto.<br \/>\n<strong>Fundici\u00f3n de acero:<\/strong><br \/>\nse utiliza en los procesos de desulfuraci\u00f3n y desoxidaci\u00f3n de la producci\u00f3n de acero, mejorando la calidad y la durabilidad del acero.<br \/>\n<strong>Fabricaci\u00f3n de catalizadores:<\/strong><br \/>\nse utiliza para mejorar la eficiencia de la reacci\u00f3n durante la producci\u00f3n de catalizadores, y se aplica ampliamente en reacciones catal\u00edticas en las industrias qu\u00edmica y petrolera.<\/p>\n<h2><span style=\"color: #0000ff;\"><a style=\"color: #0000ff;\" href=\"https:\/\/ulpmat.com\/es\/empresa\/preguntas-frecuentes\/\"><span style=\"font-size: 14pt;\">Preguntas frecuentes<\/span><\/a><\/span><\/h2>\n<p>P1: \u00bfCu\u00e1l es la pureza de los gr\u00e1nulos de \u00f3xido de cromo?<br \/>\nR1: Ofrecemos gr\u00e1nulos de \u00f3xido de cromo de alta pureza, con una pureza del 99,5 %, lo que garantiza un excelente rendimiento en diversas aplicaciones.<\/p>\n<p>P2: \u00bfSe puede personalizar el tama\u00f1o de las part\u00edculas de los gr\u00e1nulos de \u00f3xido de cromo?<br \/>\nR2: S\u00ed, ofrecemos gr\u00e1nulos de diferentes tama\u00f1os y podemos personalizarlos seg\u00fan las necesidades del cliente para garantizar que se cumplan los diferentes requisitos del proceso.<\/p>\n<p>P3: \u00bfQu\u00e9 resistencia a la corrosi\u00f3n tienen los gr\u00e1nulos de Cr2O3?<br \/>\nR3: Tienen una excelente resistencia a la corrosi\u00f3n y pueden utilizarse durante largos periodos de tiempo en diversos entornos \u00e1cidos y alcalinos, lo que los hace adecuados para las duras condiciones de la producci\u00f3n qu\u00edmica e industrial.<\/p>\n<p>P4: \u00bfPara qu\u00e9 industrias son adecuados los gr\u00e1nulos de \u00f3xido de cromo?<br \/>\nR4: Se utilizan ampliamente en recubrimientos, cer\u00e1mica, fundici\u00f3n de acero, fabricaci\u00f3n de catalizadores y muchas otras industrias, y son adecuados como aditivo en diversos procesos de producci\u00f3n industrial.<\/p>\n<h2><span style=\"font-size: 14pt;\">Informe<\/span><\/h2>\n<p>Cada lote se suministra con:<br \/>\n<span style=\"color: #0000ff;\"><a style=\"color: #0000ff;\" href=\"https:\/\/ulpmat.com\/es\/documentos\/certificado-de-analisis\/\"><u>Certificado de an\u00e1lisis (COA)<\/u><\/a><\/span><\/p>\n<p><span style=\"color: #0000ff;\"><a style=\"color: #0000ff;\" href=\"https:\/\/ulpmat.com\/es\/documentos\/ficha-tecnica\/\"><u>Ficha t\u00e9cnica (TDS)<\/u><\/a><\/span><\/p>\n<p><span style=\"color: #0000ff;\"><a style=\"color: #0000ff;\" href=\"https:\/\/ulpmat.com\/es\/documentos\/ficha-de-datos-de-seguridad\/\"><u>Ficha de datos de seguridad (MSDS)<\/u><\/a><\/span><br \/>\nInforme de inspecci\u00f3n de tama\u00f1o<br \/>\nInformes de pruebas de terceros disponibles bajo petici\u00f3n.<\/p>\n<h2><span style=\"font-size: 14pt;\">\u00bfPor qu\u00e9 elegirnos?<\/span><\/h2>\n<p>Nuestra empresa se centra en proporcionar gr\u00e1nulos de \u00f3xido de cromo de alta calidad, y cuenta con una avanzada tecnolog\u00eda de producci\u00f3n y una amplia experiencia en el sector. Si nos elige, le proporcionaremos productos estables y fiables, as\u00ed como <span style=\"color: #0000ff;\"><a style=\"color: #0000ff;\" href=\"https:\/\/ulpmat.com\/es\/servicio\/asistencia-tecnica\/\">asistencia t\u00e9cnica<\/a><\/span><br \/>\nprofesional, lo que le ayudar\u00e1 a mejorar la eficiencia de la producci\u00f3n y la calidad de los productos.<\/p>\n","protected":false},"excerpt":{"rendered":"<p>Descripci\u00f3n general de los gr\u00e1nulos de \u00f3xido de cromo Los gr\u00e1nulos de \u00f3xido de cromo son part\u00edculas de \u00f3xido de cromo de alta pureza con una excelente resistencia a la abrasi\u00f3n y a la corrosi\u00f3n. Se utilizan ampliamente en recubrimientos, cer\u00e1mica, acero y fabricaci\u00f3n de catalizadores en reacciones qu\u00edmicas. Ofrecemos gr\u00e1nulos de \u00f3xido de cromo [&hellip;]<\/p>\n","protected":false},"featured_media":51654,"template":"","meta":{"_acf_changed":false},"product_brand":[132],"product_cat":[340],"product_tag":[7795],"class_list":{"0":"post-51653","1":"product","2":"type-product","3":"status-publish","4":"has-post-thumbnail","6":"product_brand-ulpmat","7":"product_cat-materiales-de-evaporacion","8":"product_tag-oxido-de-cromo-en-granulos","10":"first","11":"instock","12":"shipping-taxable","13":"product-type-variable"},"acf":[],"_links":{"self":[{"href":"https:\/\/ulpmat.com\/es\/wp-json\/wp\/v2\/product\/51653","targetHints":{"allow":["GET"]}}],"collection":[{"href":"https:\/\/ulpmat.com\/es\/wp-json\/wp\/v2\/product"}],"about":[{"href":"https:\/\/ulpmat.com\/es\/wp-json\/wp\/v2\/types\/product"}],"wp:featuredmedia":[{"embeddable":true,"href":"https:\/\/ulpmat.com\/es\/wp-json\/wp\/v2\/media\/51654"}],"wp:attachment":[{"href":"https:\/\/ulpmat.com\/es\/wp-json\/wp\/v2\/media?parent=51653"}],"wp:term":[{"taxonomy":"product_brand","embeddable":true,"href":"https:\/\/ulpmat.com\/es\/wp-json\/wp\/v2\/product_brand?post=51653"},{"taxonomy":"product_cat","embeddable":true,"href":"https:\/\/ulpmat.com\/es\/wp-json\/wp\/v2\/product_cat?post=51653"},{"taxonomy":"product_tag","embeddable":true,"href":"https:\/\/ulpmat.com\/es\/wp-json\/wp\/v2\/product_tag?post=51653"}],"curies":[{"name":"wp","href":"https:\/\/api.w.org\/{rel}","templated":true}]}}