{"id":51628,"date":"2026-01-06T11:35:40","date_gmt":"2026-01-06T03:35:40","guid":{"rendered":"https:\/\/ulpmat.com\/product\/oxido-de-cromo-2\/"},"modified":"2026-01-06T11:35:40","modified_gmt":"2026-01-06T03:35:40","slug":"oxido-de-cromo-2","status":"publish","type":"product","link":"https:\/\/ulpmat.com\/es\/producto\/oxido-de-cromo-2\/","title":{"rendered":"\u00d3xido de cromo"},"content":{"rendered":"<h2><span style=\"font-size: 14pt;\">Descripci\u00f3n general del polvo de \u00f3xido de cromo<\/span><\/h2>\n<p>El polvo<br \/>\n<span style=\"color: #0000ff;\"><a style=\"color: #0000ff;\" href=\"https:\/\/ulpmat.com\/es\/buscar\/?type=name&#038;keyword=Chromium+oxide\">de \u00f3xido de cromo<\/a><\/span><br \/>\nes un polvo de \u00f3xido de cromo de alta pureza con una excelente estabilidad qu\u00edmica y resistencia a altas temperaturas. Se utiliza ampliamente en recubrimientos, cer\u00e1mica, tratamiento de superficies met\u00e1licas y fabricaci\u00f3n de catalizadores, entre otros campos.<\/p>\n<p>Ofrecemos polvo de Cr2O3 de alta calidad que cumple con estrictas normas industriales y se puede personalizar para satisfacer diferentes especificaciones seg\u00fan las necesidades del cliente. P\u00f3ngase <span style=\"color: #0000ff;\"><a style=\"color: #0000ff;\" href=\"https:\/\/ulpmat.com\/es\/contacto\/\">en contacto con nosotros<\/a><\/span><br \/>\nsi tiene alguna pregunta o requisito.<\/p>\n<h2><span style=\"font-size: 14pt;\">Caracter\u00edsticas destacadas del producto<\/span><\/h2>\n<p>Alta pureza<br \/>\nExcelente resistencia a altas temperaturas y estabilidad qu\u00edmica<br \/>\nControl del tama\u00f1o de las part\u00edculas finas<br \/>\nBuena estabilidad del color<br \/>\nAdecuado para m\u00faltiples aplicaciones industriales Servicios<br \/>\n<span style=\"color: #0000ff;\"><a style=\"color: #0000ff;\" href=\"https:\/\/ulpmat.com\/es\/servicio\/personalizacion\/\">de personalizaci\u00f3n<\/a><\/span><br \/>\ndisponibles<\/p>\n<h2><span style=\"font-size: 14pt;\">Aplicaciones del polvo de \u00f3xido de cromo<\/span><\/h2>\n<p><strong>Recubrimientos y tintes:<\/strong><br \/>\nEl polvo de \u00f3xido de cromo es una materia prima clave para la preparaci\u00f3n de recubrimientos y tintes ecol\u00f3gicos, ya que proporciona colores vivos y estables. Se utiliza ampliamente en cer\u00e1mica, pinturas, te\u00f1ido de cuero y otras industrias.<br \/>\n<strong>Producci\u00f3n de cer\u00e1mica:<\/strong><br \/>\nen la industria cer\u00e1mica, este polvo se utiliza como colorante para aumentar la dureza y la resistencia a altas temperaturas de la cer\u00e1mica, mejorando su calidad y rendimiento.<br \/>\n<strong>Tratamiento de superficies met\u00e1licas:<\/strong><br \/>\neste polvo mejora la resistencia a la corrosi\u00f3n y a la oxidaci\u00f3n en los procesos de tratamiento de superficies met\u00e1licas y se utiliza com\u00fanmente en la fabricaci\u00f3n aeroespacial y automotriz.<br \/>\n<strong>Catalizadores:<\/strong><br \/>\ndesempe\u00f1a un papel crucial en la fabricaci\u00f3n de catalizadores, especialmente en reacciones catal\u00edticas petroqu\u00edmicas y medioambientales, mejorando la eficiencia de la reacci\u00f3n y prolongando la vida \u00fatil del catalizador.<\/p>\n<h2><a href=\"https:\/\/ulpmat.com\/es\/empresa\/preguntas-frecuentes\/\"><span style=\"font-size: 14pt; color: #0000ff;\">Preguntas frecuentes<\/span><\/a><\/h2>\n<p>P1: \u00bfCu\u00e1l es la pureza del polvo de \u00f3xido de cromo?<br \/>\nR1: Nuestro polvo tiene una pureza de hasta el 99,95 %, lo que garantiza su estabilidad y alta eficiencia en aplicaciones industriales.<\/p>\n<p>P2: \u00bfC\u00f3mo se controla el tama\u00f1o de las part\u00edculas del polvo de \u00f3xido de cromo?<br \/>\nR2: Ofrecemos polvos en varios tama\u00f1os de part\u00edculas y podemos personalizar los tama\u00f1os de las part\u00edculas para satisfacer los diferentes requisitos de aplicaci\u00f3n.<\/p>\n<p>P3: \u00bfCu\u00e1l es la resistencia a la temperatura del polvo de \u00f3xido de cromo?<br \/>\nR3: Tiene una excelente resistencia a las altas temperaturas y se puede utilizar de forma estable a temperaturas de hasta 1000 \u00b0C, lo que lo hace adecuado para aplicaciones de procesamiento y recubrimiento a altas temperaturas.<\/p>\n<p>P4: \u00bfCu\u00e1les son los principales usos del polvo de \u00f3xido de cromo?<br \/>\nR4: Este polvo se utiliza principalmente en recubrimientos, cer\u00e1mica, tratamiento de superficies met\u00e1licas, fabricaci\u00f3n de catalizadores y otros campos, y se utiliza ampliamente en las industrias qu\u00edmica, electr\u00f3nica y aeroespacial.<\/p>\n<h2><span style=\"font-size: 14pt;\">Informe<\/span><\/h2>\n<p>Cada lote se suministra con: <span style=\"color: #0000ff;\"><a style=\"color: #0000ff;\" href=\"https:\/\/ulpmat.com\/es\/documentos\/certificado-de-analisis\/\"><u>Certificado de an\u00e1lisis (COA)<\/u><\/a><\/span><\/p>\n<p><span style=\"color: #0000ff;\"><a style=\"color: #0000ff;\" href=\"https:\/\/ulpmat.com\/es\/documentos\/ficha-tecnica\/\"><u>Ficha t\u00e9cnica (TDS)<\/u><\/a><\/span><\/p>\n<p><span style=\"color: #0000ff;\"><a style=\"color: #0000ff;\" href=\"https:\/\/ulpmat.com\/es\/documentos\/ficha-de-datos-de-seguridad\/\"><u>Ficha de datos de seguridad (MSDS)<\/u><\/a><\/span><br \/>\nInformes de pruebas de terceros disponibles bajo petici\u00f3n<\/p>\n<h2><span style=\"font-size: 14pt;\">\u00bfPor qu\u00e9 elegirnos?<\/span><\/h2>\n<p>Nuestra empresa se centra en la producci\u00f3n de polvo de \u00f3xido de cromo de alta calidad, empleando tecnolog\u00eda avanzada y un riguroso sistema de gesti\u00f3n de la calidad para garantizar un rendimiento estable y fiable del producto. Si nos elige, le ofreceremos un servicio personalizado, una entrega r\u00e1pida y asistencia t\u00e9cnica, lo que le ayudar\u00e1 a que sus proyectos avancen sin problemas.<\/p>\n","protected":false},"excerpt":{"rendered":"<p>Descripci\u00f3n general del polvo de \u00f3xido de cromo El polvo de \u00f3xido de cromo es un polvo de \u00f3xido de cromo de alta pureza con una excelente estabilidad qu\u00edmica y resistencia a altas temperaturas. Se utiliza ampliamente en recubrimientos, cer\u00e1mica, tratamiento de superficies met\u00e1licas y fabricaci\u00f3n de catalizadores, entre otros campos. Ofrecemos polvo de Cr2O3 [&hellip;]<\/p>\n","protected":false},"featured_media":51629,"template":"","meta":{"_acf_changed":false},"product_brand":[132],"product_cat":[438],"product_tag":[7789],"class_list":{"0":"post-51628","1":"product","2":"type-product","3":"status-publish","4":"has-post-thumbnail","6":"product_brand-ulpmat","7":"product_cat-oxidos","8":"product_tag-oxido-de-cromo-en-polvo","10":"first","11":"instock","12":"shipping-taxable","13":"product-type-variable"},"acf":[],"_links":{"self":[{"href":"https:\/\/ulpmat.com\/es\/wp-json\/wp\/v2\/product\/51628","targetHints":{"allow":["GET"]}}],"collection":[{"href":"https:\/\/ulpmat.com\/es\/wp-json\/wp\/v2\/product"}],"about":[{"href":"https:\/\/ulpmat.com\/es\/wp-json\/wp\/v2\/types\/product"}],"wp:featuredmedia":[{"embeddable":true,"href":"https:\/\/ulpmat.com\/es\/wp-json\/wp\/v2\/media\/51629"}],"wp:attachment":[{"href":"https:\/\/ulpmat.com\/es\/wp-json\/wp\/v2\/media?parent=51628"}],"wp:term":[{"taxonomy":"product_brand","embeddable":true,"href":"https:\/\/ulpmat.com\/es\/wp-json\/wp\/v2\/product_brand?post=51628"},{"taxonomy":"product_cat","embeddable":true,"href":"https:\/\/ulpmat.com\/es\/wp-json\/wp\/v2\/product_cat?post=51628"},{"taxonomy":"product_tag","embeddable":true,"href":"https:\/\/ulpmat.com\/es\/wp-json\/wp\/v2\/product_tag?post=51628"}],"curies":[{"name":"wp","href":"https:\/\/api.w.org\/{rel}","templated":true}]}}