{"id":51505,"date":"2026-01-06T11:35:42","date_gmt":"2026-01-06T03:35:42","guid":{"rendered":"https:\/\/ulpmat.com\/product\/carburo-de-cromo\/"},"modified":"2026-01-06T11:35:42","modified_gmt":"2026-01-06T03:35:42","slug":"carburo-de-cromo","status":"publish","type":"product","link":"https:\/\/ulpmat.com\/es\/producto\/carburo-de-cromo\/","title":{"rendered":"Carburo de cromo"},"content":{"rendered":"<h2><span style=\"font-size: 14pt;\">Descripci\u00f3n general del blanco de pulverizaci\u00f3n de carburo de cromo<\/span><\/h2>\n<p>Los blancos de pulverizaci\u00f3n<br \/>\n<span style=\"color: #0000ff;\"><a style=\"color: #0000ff;\" href=\"https:\/\/ulpmat.com\/es\/buscar\/?type=name&#038;keyword=Chromium+carbide\">de carburo de cromo<\/a><\/span><br \/>\nson blancos de carburo de cromo de alto rendimiento con una excelente resistencia al desgaste y a las altas temperaturas. Se utilizan ampliamente en recubrimientos de alta gama, materiales resistentes al desgaste y tratamiento de superficies de equipos mec\u00e1nicos.<\/p>\n<p>Ofrecemos blancos de pulverizaci\u00f3n de Cr3C2 de alta calidad, lo que garantiza su rendimiento superior en aplicaciones de deposici\u00f3n y recubrimiento de pel\u00edculas delgadas. No dude en <span style=\"color: #0000ff;\"><a style=\"color: #0000ff;\" href=\"https:\/\/ulpmat.com\/es\/contacto\/\">ponerse en contacto con nosotros<\/a><\/span><br \/>\npara cualquier necesidad <span style=\"color: #0000ff;\"><a style=\"color: #0000ff;\" href=\"https:\/\/ulpmat.com\/es\/servicio\/personalizacion\/\">de personalizaci\u00f3n<\/a><\/span><br \/>\no consulta t\u00e9cnica.<\/p>\n<h2><span style=\"font-size: 14pt;\">Caracter\u00edsticas destacadas del producto<\/span><\/h2>\n<p>Dureza y resistencia al desgaste extremadamente altas.<br \/>\nExcelente resistencia a la oxidaci\u00f3n.<br \/>\nBuena estabilidad a altas temperaturas.<br \/>\nDimensiones y formas precisas del blanco.<br \/>\nLarga vida \u00fatil. Servicios<br \/>\n<span style=\"color: #0000ff;\"><a style=\"color: #0000ff;\" href=\"https:\/\/ulpmat.com\/es\/servicio\/personalizacion\/\">de personalizaci\u00f3n<\/a><\/span><br \/>\ndisponibles.<\/p>\n<h2><span style=\"font-size: 14pt;\">Aplicaciones de los blancos de pulverizaci\u00f3n de carburo de cromo<\/span><\/h2>\n<p><strong>Recubrimientos resistentes al desgaste<\/strong><br \/>\n: ampliamente utilizados en aplicaciones de recubrimientos duros, especialmente en recubrimientos superficiales para piezas met\u00e1licas y mec\u00e1nicas, mejorando la resistencia al desgaste de los equipos y prolongando su vida \u00fatil.<\/p>\n<p><strong>Aleaciones de alta temperatura:<\/strong><br \/>\neste objetivo se utiliza ampliamente en la fabricaci\u00f3n de aleaciones de alta temperatura, mejorando su resistencia a altas temperaturas, especialmente adecuado para las industrias aeroespacial y metal\u00fargica.<\/p>\n<p><strong>Herramientas y componentes de m\u00e1quinas:<\/strong><br \/>\nproporciona una dureza y una resistencia al desgaste extremadamente altas en la fabricaci\u00f3n de herramientas de corte, brocas y otras herramientas resistentes al desgaste, ampliamente utilizadas en industrias como la petrolera y la minera.<\/p>\n<p><strong>Endurecimiento superficial:<\/strong><br \/>\nutilizados para tratamientos de endurecimiento superficial, los blancos de pulverizaci\u00f3n de Cr3C2 mejoran significativamente la dureza y la resistencia a la corrosi\u00f3n de las superficies met\u00e1licas, adecuados para equipos y componentes que requieren una alta resistencia al desgaste.<\/p>\n<h2><span style=\"color: #0000ff;\"><a style=\"color: #0000ff;\" href=\"https:\/\/ulpmat.com\/es\/empresa\/preguntas-frecuentes\/\"><span style=\"font-size: 14pt;\">Preguntas frecuentes<\/span><\/a><\/span><\/h2>\n<p>P1: \u00bfC\u00f3mo garantizan la pureza de sus blancos de pulverizaci\u00f3n de carburo de cromo?<br \/>\nR1: Nos aseguramos de que cada lote de blancos cumpla con altos est\u00e1ndares de pureza mediante procesos de producci\u00f3n avanzados y estrictos procedimientos de gesti\u00f3n de calidad, lo que garantiza su estabilidad y fiabilidad en aplicaciones de alta gama.<\/p>\n<p>P2: \u00bfCu\u00e1l es la eficiencia de pulverizaci\u00f3n de los blancos de pulverizaci\u00f3n de carburo de cromo?<br \/>\nR2: Los blancos tienen una excelente eficiencia de pulverizaci\u00f3n, lo que permite la deposici\u00f3n de pel\u00edculas delgadas de alta calidad en poco tiempo, lo que los hace ideales para la producci\u00f3n a gran escala.<\/p>\n<p>P3: \u00bfSon estos blancos adecuados para recubrimientos en entornos de alta temperatura?<br \/>\nR3: S\u00ed, los blancos tienen una excelente resistencia a las altas temperaturas, lo que permite un uso estable durante largos periodos de tiempo en entornos de alta temperatura, lo que los hace especialmente adecuados para operaciones a alta temperatura y aplicaciones de recubrimiento a alta temperatura.<\/p>\n<p>P4: \u00bfCu\u00e1l es la dureza de los blancos de pulverizaci\u00f3n de Cr3C2?<br \/>\nR4: Los blancos tienen una dureza extremadamente alta, lo que les confiere una excelente resistencia al desgaste y a la abrasi\u00f3n, por lo que son adecuados para el tratamiento de superficies en diversos entornos de alto desgaste.<\/p>\n<h2><span style=\"font-size: 14pt;\">Informes<\/span><\/h2>\n<p>Cada lote se suministra con:<br \/>\n<span style=\"color: #0000ff;\"><a style=\"color: #0000ff;\" href=\"https:\/\/ulpmat.com\/es\/documentos\/certificado-de-analisis\/\"><u>Certificado de an\u00e1lisis (COA)<\/u><\/a><\/span><\/p>\n<p><span style=\"color: #0000ff;\"><a style=\"color: #0000ff;\" href=\"https:\/\/ulpmat.com\/es\/documentos\/ficha-tecnica\/\"><u>Ficha t\u00e9cnica (TDS)<\/u><\/a><\/span><\/p>\n<p><span style=\"color: #0000ff;\"><a style=\"color: #0000ff;\" href=\"https:\/\/ulpmat.com\/es\/documentos\/ficha-de-datos-de-seguridad\/\"><u>Ficha de datos de seguridad (MSDS)<\/u><\/a><\/span><br \/>\nInforme de inspecci\u00f3n de tama\u00f1o<br \/>\nInformes de pruebas de terceros disponibles bajo petici\u00f3n<\/p>\n<h2><span style=\"font-size: 14pt;\">\u00bfPor qu\u00e9 elegirnos?<\/span><\/h2>\n<p>Nuestra empresa se especializa en la producci\u00f3n de blancos de pulverizaci\u00f3n Cr3C2 de alta calidad, y cuenta con una avanzada tecnolog\u00eda de fabricaci\u00f3n y un riguroso sistema de gesti\u00f3n de la calidad. Al elegirnos, se asegurar\u00e1 de recibir productos estables y fiables, una entrega r\u00e1pida y <span style=\"color: #0000ff;\"><a style=\"color: #0000ff;\" href=\"https:\/\/ulpmat.com\/es\/servicio\/asistencia-tecnica\/\">un soporte t\u00e9cnico<\/a><\/span><br \/>\ncompleto<span style=\"color: #0000ff;\"><a style=\"color: #0000ff;\" href=\"https:\/\/ulpmat.com\/es\/servicio\/asistencia-tecnica\/\">,<\/a><\/span><br \/>\nlo que garantizar\u00e1 el buen desarrollo de sus proyectos.<\/p>\n","protected":false},"excerpt":{"rendered":"<p>Descripci\u00f3n general del blanco de pulverizaci\u00f3n de carburo de cromo Los blancos de pulverizaci\u00f3n de carburo de cromo son blancos de carburo de cromo de alto rendimiento con una excelente resistencia al desgaste y a las altas temperaturas. Se utilizan ampliamente en recubrimientos de alta gama, materiales resistentes al desgaste y tratamiento de superficies de [&hellip;]<\/p>\n","protected":false},"featured_media":51506,"template":"","meta":{"_acf_changed":false},"product_brand":[132],"product_cat":[457],"product_tag":[],"class_list":{"0":"post-51505","1":"product","2":"type-product","3":"status-publish","4":"has-post-thumbnail","6":"product_brand-ulpmat","7":"product_cat-blanco-ceramico-para-sputtering","9":"first","10":"instock","11":"shipping-taxable","12":"product-type-variable"},"acf":[],"_links":{"self":[{"href":"https:\/\/ulpmat.com\/es\/wp-json\/wp\/v2\/product\/51505","targetHints":{"allow":["GET"]}}],"collection":[{"href":"https:\/\/ulpmat.com\/es\/wp-json\/wp\/v2\/product"}],"about":[{"href":"https:\/\/ulpmat.com\/es\/wp-json\/wp\/v2\/types\/product"}],"wp:featuredmedia":[{"embeddable":true,"href":"https:\/\/ulpmat.com\/es\/wp-json\/wp\/v2\/media\/51506"}],"wp:attachment":[{"href":"https:\/\/ulpmat.com\/es\/wp-json\/wp\/v2\/media?parent=51505"}],"wp:term":[{"taxonomy":"product_brand","embeddable":true,"href":"https:\/\/ulpmat.com\/es\/wp-json\/wp\/v2\/product_brand?post=51505"},{"taxonomy":"product_cat","embeddable":true,"href":"https:\/\/ulpmat.com\/es\/wp-json\/wp\/v2\/product_cat?post=51505"},{"taxonomy":"product_tag","embeddable":true,"href":"https:\/\/ulpmat.com\/es\/wp-json\/wp\/v2\/product_tag?post=51505"}],"curies":[{"name":"wp","href":"https:\/\/api.w.org\/{rel}","templated":true}]}}