{"id":51456,"date":"2026-01-06T11:35:43","date_gmt":"2026-01-06T03:35:43","guid":{"rendered":"https:\/\/ulpmat.com\/product\/aluminuro-de-cromo\/"},"modified":"2026-01-06T11:35:43","modified_gmt":"2026-01-06T03:35:43","slug":"aluminuro-de-cromo","status":"publish","type":"product","link":"https:\/\/ulpmat.com\/es\/producto\/aluminuro-de-cromo\/","title":{"rendered":"Aluminuro de cromo"},"content":{"rendered":"<h2><span style=\"font-size: 14pt;\">Objetivo de pulverizaci\u00f3n de aluminuro de cromo Descripci\u00f3n general<\/span><\/h2>\n<p>Los objetivos de pulverizaci\u00f3n<br \/>\n<span style=\"color: #0000ff;\"><a style=\"color: #0000ff;\" href=\"https:\/\/ulpmat.com\/es\/buscar\/?type=name&#038;keyword=Chromium+aluminide\">de aluminuro de cromo<\/a><\/span><br \/>\nofrecen una excelente resistencia al desgaste y estabilidad a altas temperaturas. Se utilizan ampliamente en la deposici\u00f3n de pel\u00edculas delgadas, recubrimientos electro\u00f3pticos y aleaciones de alta temperatura, y son especialmente adecuados para equipos industriales que requieren una alta resistencia al calor y a la corrosi\u00f3n.<\/p>\n<p>Ofrecemos blancos de pulverizaci\u00f3n de CrAl de alta calidad que cumplen con estrictas normas industriales y son adecuados para una variedad de aplicaciones de deposici\u00f3n de pel\u00edculas delgadas. No dude en <span style=\"color: #0000ff;\"><a style=\"color: #0000ff;\" href=\"https:\/\/ulpmat.com\/es\/contacto\/\">ponerse en contacto con nosotros<\/a><\/span><br \/>\npara cualquier necesidad <span style=\"color: #0000ff;\"><a style=\"color: #0000ff;\" href=\"https:\/\/ulpmat.com\/es\/servicio\/personalizacion\/\">de personalizaci\u00f3n<\/a><\/span><br \/>\no consulta t\u00e9cnica.<\/p>\n<h2><span style=\"font-size: 14pt;\">Caracter\u00edsticas destacadas del producto<\/span><\/h2>\n<p>Excelente resistencia a altas temperaturas.<br \/>\nExcelente resistencia a la corrosi\u00f3n.<br \/>\nFuerte resistencia al desgaste.<br \/>\nControl preciso del tama\u00f1o y la forma del blanco.<br \/>\nAlta eficiencia de pulverizaci\u00f3n.<br \/>\nServicios personalizables.<br \/>\n<span style=\"color: #0000ff;\"><a style=\"color: #0000ff;\" href=\"https:\/\/ulpmat.com\/es\/servicio\/vinculacion-de-objetivos\/\">Uni\u00f3n<\/a><\/span><br \/>\ny placa base personalizables<\/p>\n<h2><span style=\"font-size: 14pt;\">. Aplicaciones de los blancos de pulverizaci\u00f3n de aluminuro de cromo<\/span><\/h2>\n<p><strong>Deposici\u00f3n de pel\u00edculas finas:<\/strong><br \/>\nlos blancos se utilizan ampliamente en la deposici\u00f3n de pel\u00edculas finas en dispositivos optoelectr\u00f3nicos, la fabricaci\u00f3n de semiconductores y otros campos, proporcionando pel\u00edculas de alta calidad que mejoran el rendimiento y la estabilidad de los dispositivos.<\/p>\n<p><strong>Recubrimiento electro\u00f3ptico:<\/strong><br \/>\neste objetivo tiene importantes aplicaciones en recubrimientos \u00f3pticos y electro\u00f3pticos, mejorando significativamente la durabilidad de las lentes y los filtros, y mejorando su transmitancia de luz y sus propiedades antirreflectantes.<\/p>\n<p><strong>Aleaciones de alta temperatura:<\/strong><br \/>\nlos objetivos se utilizan en la producci\u00f3n de aleaciones de alta temperatura para mejorar su resistencia a la oxidaci\u00f3n y su estabilidad t\u00e9rmica. Se utilizan ampliamente en entornos de funcionamiento a alta temperatura en industrias como la aeroespacial y la petroqu\u00edmica.<\/p>\n<p><strong>Tratamiento de superficies:<\/strong><br \/>\nSe utilizan para el endurecimiento y la protecci\u00f3n contra la corrosi\u00f3n de superficies met\u00e1licas y aleaciones, especialmente adecuadas para entornos industriales que requieren una alta resistencia al desgaste y a la corrosi\u00f3n.<\/p>\n<h2><span style=\"color: #0000ff;\"><a style=\"color: #0000ff;\" href=\"https:\/\/ulpmat.com\/es\/empresa\/preguntas-frecuentes\/\"><span style=\"font-size: 14pt;\">Preguntas frecuentes<\/span><\/a><\/span><\/h2>\n<p>P1: \u00bfC\u00f3mo se envasan los blancos de pulverizaci\u00f3n de aluminuro de cromo?<br \/>\nR1: Utilizamos embalajes altamente sellados para nuestros blancos con el fin de garantizar que el producto est\u00e9 protegido de la humedad, la contaminaci\u00f3n o los da\u00f1os mec\u00e1nicos durante el transporte, manteniendo su estabilidad e integridad.<\/p>\n<p>P2: \u00bfCu\u00e1l es la eficiencia de pulverizaci\u00f3n de este blanco?<br \/>\nR2: El blanco tiene una eficiencia de pulverizaci\u00f3n muy alta, lo que permite una r\u00e1pida deposici\u00f3n de pel\u00edculas delgadas uniformes y estables, lo que lo hace especialmente adecuado para la producci\u00f3n a gran escala y los requisitos de deposici\u00f3n de alta eficiencia.<\/p>\n<p>P3: \u00bfSon los blancos de pulverizaci\u00f3n de aluminuro de cromo adecuados para recubrimientos en entornos de alta temperatura?<br \/>\nR3: S\u00ed, el blanco tiene una excelente resistencia a las altas temperaturas y puede funcionar de forma estable durante largos periodos de tiempo en entornos de alta temperatura, lo que lo hace especialmente adecuado para recubrimientos de alta temperatura y aplicaciones de pel\u00edculas finas.<\/p>\n<p>P4: \u00bfSe puede personalizar el tama\u00f1o de los blancos de pulverizaci\u00f3n de aluminuro de cromo?<br \/>\nR4: Ofrecemos blancos de pulverizaci\u00f3n en diversas especificaciones. Los clientes pueden personalizar el tama\u00f1o, la forma y otros par\u00e1metros t\u00e9cnicos de los blancos seg\u00fan sus necesidades para garantizar que cumplan los requisitos de la aplicaci\u00f3n.<\/p>\n<h2><span style=\"font-size: 14pt;\">Informes<\/span><\/h2>\n<p>Cada lote se suministra con:<br \/>\n<span style=\"color: #0000ff;\"><a style=\"color: #0000ff;\" href=\"https:\/\/ulpmat.com\/es\/documentos\/certificado-de-analisis\/\"><u>Certificado de an\u00e1lisis (COA)<\/u><\/a><\/span><\/p>\n<p><span style=\"color: #0000ff;\"><a style=\"color: #0000ff;\" href=\"https:\/\/ulpmat.com\/es\/documentos\/ficha-tecnica\/\"><u>Ficha t\u00e9cnica (TDS)<\/u><\/a><\/span><\/p>\n<p><span style=\"color: #0000ff;\"><a style=\"color: #0000ff;\" href=\"https:\/\/ulpmat.com\/es\/documentos\/ficha-de-datos-de-seguridad\/\"><u>Ficha de datos de seguridad (MSDS)<\/u><\/a><\/span><br \/>\nInforme de inspecci\u00f3n de tama\u00f1o<br \/>\nInformes de pruebas de terceros disponibles bajo petici\u00f3n<\/p>\n<h2><span style=\"font-size: 14pt;\">\u00bfPor qu\u00e9 elegirnos?<\/span><\/h2>\n<p>Nuestra empresa cuenta con muchos a\u00f1os de experiencia en el sector y se compromete a proporcionar blancos de pulverizaci\u00f3n CrAl de alta calidad y a ofrecer servicios de <span style=\"color: #0000ff;\"><a style=\"color: #0000ff;\" href=\"https:\/\/ulpmat.com\/es\/servicio\/personalizacion\/\">personalizaci\u00f3n<\/a><\/span><br \/>\n. Si nos elige, obtendr\u00e1 productos estables y fiables, entregas r\u00e1pidas y <span style=\"color: #0000ff;\"><a style=\"color: #0000ff;\" href=\"https:\/\/ulpmat.com\/es\/servicio\/asistencia-tecnica\/\">asistencia t\u00e9cnica<\/a><\/span><br \/>\ncompleta<span style=\"color: #0000ff;\"><a style=\"color: #0000ff;\" href=\"https:\/\/ulpmat.com\/es\/servicio\/asistencia-tecnica\/\">,<\/a><\/span><br \/>\nlo que le ayudar\u00e1 a que sus proyectos tengan \u00e9xito.<\/p>\n","protected":false},"excerpt":{"rendered":"<p>Objetivo de pulverizaci\u00f3n de aluminuro de cromo Descripci\u00f3n general Los objetivos de pulverizaci\u00f3n de aluminuro de cromo ofrecen una excelente resistencia al desgaste y estabilidad a altas temperaturas. Se utilizan ampliamente en la deposici\u00f3n de pel\u00edculas delgadas, recubrimientos electro\u00f3pticos y aleaciones de alta temperatura, y son especialmente adecuados para equipos industriales que requieren una alta [&hellip;]<\/p>\n","protected":false},"featured_media":51457,"template":"","meta":{"_acf_changed":false},"product_brand":[132],"product_cat":[570],"product_tag":[7765],"class_list":{"0":"post-51456","1":"product","2":"type-product","3":"status-publish","4":"has-post-thumbnail","6":"product_brand-ulpmat","7":"product_cat-catodos-para-sputtering-de-aleaciones","8":"product_tag-catodos-para-sputtering-de-aluminuro-de-cromo","10":"first","11":"instock","12":"shipping-taxable","13":"product-type-variable"},"acf":[],"_links":{"self":[{"href":"https:\/\/ulpmat.com\/es\/wp-json\/wp\/v2\/product\/51456","targetHints":{"allow":["GET"]}}],"collection":[{"href":"https:\/\/ulpmat.com\/es\/wp-json\/wp\/v2\/product"}],"about":[{"href":"https:\/\/ulpmat.com\/es\/wp-json\/wp\/v2\/types\/product"}],"wp:featuredmedia":[{"embeddable":true,"href":"https:\/\/ulpmat.com\/es\/wp-json\/wp\/v2\/media\/51457"}],"wp:attachment":[{"href":"https:\/\/ulpmat.com\/es\/wp-json\/wp\/v2\/media?parent=51456"}],"wp:term":[{"taxonomy":"product_brand","embeddable":true,"href":"https:\/\/ulpmat.com\/es\/wp-json\/wp\/v2\/product_brand?post=51456"},{"taxonomy":"product_cat","embeddable":true,"href":"https:\/\/ulpmat.com\/es\/wp-json\/wp\/v2\/product_cat?post=51456"},{"taxonomy":"product_tag","embeddable":true,"href":"https:\/\/ulpmat.com\/es\/wp-json\/wp\/v2\/product_tag?post=51456"}],"curies":[{"name":"wp","href":"https:\/\/api.w.org\/{rel}","templated":true}]}}