{"id":51358,"date":"2026-01-06T11:35:44","date_gmt":"2026-01-06T03:35:44","guid":{"rendered":"https:\/\/ulpmat.com\/product\/cloruro-de-cromo\/"},"modified":"2026-01-06T11:35:44","modified_gmt":"2026-01-06T03:35:44","slug":"cloruro-de-cromo","status":"publish","type":"product","link":"https:\/\/ulpmat.com\/es\/producto\/cloruro-de-cromo\/","title":{"rendered":"Cloruro de cromo"},"content":{"rendered":"<h2><span style=\"font-size: 14pt;\">Descripci\u00f3n general del cloruro de cromo en polvo<\/span><\/h2>\n<p><span style=\"color: #0000ff;\"><a style=\"color: #0000ff;\" href=\"https:\/\/ulpmat.com\/es\/buscar\/?type=name&#038;keyword=Chromium+Chloride\">El cloruro de cromo<\/a><\/span><br \/>\nen polvo es un polvo de cloruro de cromo de alta pureza con una excelente estabilidad qu\u00edmica y amplias perspectivas de aplicaci\u00f3n. Se utiliza ampliamente en la s\u00edntesis qu\u00edmica, las reacciones catal\u00edticas y las industrias de galvanoplastia, y es una materia prima importante para la fabricaci\u00f3n de diversos materiales a base de cromo.<\/p>\n<p>Ofrecemos polvo de CrCl3 de alta calidad adecuado para diversas aplicaciones industriales, lo que garantiza una calidad estable del producto y el cumplimiento de las normas internacionales. No dude en <span style=\"color: #0000ff;\"><a style=\"color: #0000ff;\" href=\"https:\/\/ulpmat.com\/es\/contacto\/\">ponerse en contacto con nosotros<\/a><\/span><br \/>\nsi tiene alguna pregunta o necesidad relacionada con nuestros productos.<\/p>\n<h2><span style=\"font-size: 14pt;\">Caracter\u00edsticas destacadas del producto<\/span><\/h2>\n<p>Alta pureza, buena estabilidad.<br \/>\nExcelente rendimiento catal\u00edtico.<br \/>\nFuerte actividad qu\u00edmica.<br \/>\nControl preciso del tama\u00f1o de las part\u00edculas.<br \/>\nAdecuado para diversas aplicaciones industriales<br \/>\n<span style=\"color: #0000ff;\"><a style=\"color: #0000ff;\" href=\"https:\/\/ulpmat.com\/es\/servicio\/personalizacion\/\">.<\/a><\/span><br \/>\nServicios<br \/>\n<span style=\"color: #0000ff;\"><a style=\"color: #0000ff;\" href=\"https:\/\/ulpmat.com\/es\/servicio\/personalizacion\/\">personalizados<\/a><\/span><br \/>\ndisponibles.<\/p>\n<h2><span style=\"font-size: 14pt;\">Aplicaciones del cloruro de cromo en polvo<\/span><\/h2>\n<p><strong>Reacciones catal\u00edticas:<\/strong><br \/>\nampliamente utilizado como catalizador en reacciones qu\u00edmicas, acelera eficazmente los procesos de reacci\u00f3n, especialmente adecuado para la fabricaci\u00f3n de productos petroqu\u00edmicos, pl\u00e1sticos y materiales sint\u00e9ticos.<\/p>\n<p><strong>Industria de galvanoplastia:<\/strong><br \/>\nSe utiliza como materia prima para la galvanoplastia de cromo, mejorando la adhesi\u00f3n y la resistencia a la corrosi\u00f3n de la capa galvanizada, ampliamente utilizado en el tratamiento de superficies de productos automotrices, maquinaria y productos electr\u00f3nicos.<\/p>\n<p><strong>S\u00edntesis qu\u00edmica:<\/strong><br \/>\nSe utiliza en s\u00edntesis qu\u00edmica, especialmente en reacciones de s\u00edntesis org\u00e1nica e inorg\u00e1nica, como intermediario o catalizador clave.<\/p>\n<p><strong> Producci\u00f3n de materiales a base de cromo:<\/strong><br \/>\ncomo materia prima b\u00e1sica para la producci\u00f3n de materiales a base de cromo (como aleaciones resistentes a la corrosi\u00f3n y aleaciones resistentes al calor), se utiliza ampliamente en metalurgia, aleaciones y fabricaci\u00f3n de materiales.<\/p>\n<h2><span style=\"color: #0000ff;\"><a style=\"color: #0000ff;\" href=\"https:\/\/ulpmat.com\/es\/empresa\/preguntas-frecuentes\/\"><span style=\"font-size: 14pt;\">Preguntas frecuentes<\/span><\/a><\/span><\/h2>\n<p>P1: \u00bfCu\u00e1les son los tama\u00f1os de part\u00edcula del cloruro de cromo en polvo?<br \/>\nR1: Ofrecemos polvo de CrCl3 en diferentes tama\u00f1os de part\u00edcula. Puede elegir el tama\u00f1o de part\u00edcula adecuado seg\u00fan las necesidades de su aplicaci\u00f3n para garantizar que el producto cumpla con sus requisitos t\u00e9cnicos.<\/p>\n<p>P2: \u00bfEn qu\u00e9 industrias se puede utilizar el cloruro de cromo en polvo?<br \/>\nR2: Se utiliza ampliamente en cat\u00e1lisis, s\u00edntesis qu\u00edmica, galvanoplastia y metalurgia, y es especialmente adecuado para campos industriales que requieren fuentes de cromo de alta pureza.<\/p>\n<p>P3: \u00bfC\u00f3mo se garantiza la estabilidad del cloruro de cromo en polvo?<br \/>\nR3: Garantizamos la estabilidad qu\u00edmica de cada lote de polvo de CrCl3 mediante un estricto proceso de control de calidad y, gracias a una tecnolog\u00eda de procesamiento y envasado de precisi\u00f3n, nos aseguramos de que el producto no se vea afectado durante el almacenamiento y el transporte.<\/p>\n<p>P4: \u00bfC\u00f3mo se envasa el polvo?<br \/>\nR4: Envasamos el polvo en bolsas selladas y a prueba de humedad, reforzadas con materiales protectores de alta resistencia, para garantizar la seguridad durante el transporte y la calidad constante del producto.<\/p>\n<h2><span style=\"font-size: 14pt;\">Informes<\/span><\/h2>\n<p>Cada lote se suministra con:<\/p>\n<p><span style=\"color: #0000ff;\"><a style=\"color: #0000ff;\" href=\"https:\/\/ulpmat.com\/es\/documentos\/certificado-de-analisis\/\"><u>Certificado de an\u00e1lisis (COA)<\/u><\/a><\/span><\/p>\n<p><span style=\"color: #0000ff;\"><a style=\"color: #0000ff;\" href=\"https:\/\/ulpmat.com\/es\/documentos\/ficha-tecnica\/\"><u>Ficha t\u00e9cnica (TDS)<\/u><\/a><\/span><\/p>\n<p><span style=\"color: #0000ff;\"><a style=\"color: #0000ff;\" href=\"https:\/\/ulpmat.com\/es\/documentos\/ficha-de-datos-de-seguridad\/\"><u>Ficha de datos de seguridad (MSDS)<\/u><\/a><\/span><br \/>\nInformes de pruebas de terceros disponibles bajo petici\u00f3n<\/p>\n<h2><span style=\"font-size: 14pt;\">\u00bfPor qu\u00e9 elegirnos?<\/span><\/h2>\n<p>Nuestra empresa se especializa en la producci\u00f3n de polvo de CrCl3 de alta calidad, empleando tecnolog\u00eda de producci\u00f3n avanzada y un riguroso control de calidad. Elegirnos le garantiza productos superiores, entrega r\u00e1pida y <span style=\"color: #0000ff;\"><a style=\"color: #0000ff;\" href=\"https:\/\/ulpmat.com\/es\/servicio\/asistencia-tecnica\/\">asistencia t\u00e9cnica<\/a><\/span><br \/>\ncompleta<span style=\"color: #0000ff;\"><a style=\"color: #0000ff;\" href=\"https:\/\/ulpmat.com\/es\/servicio\/asistencia-tecnica\/\">,<\/a><\/span><br \/>\nlo que asegura la implementaci\u00f3n fluida de sus proyectos.<\/p>\n","protected":false},"excerpt":{"rendered":"<p>Descripci\u00f3n general del cloruro de cromo en polvo El cloruro de cromo en polvo es un polvo de cloruro de cromo de alta pureza con una excelente estabilidad qu\u00edmica y amplias perspectivas de aplicaci\u00f3n. Se utiliza ampliamente en la s\u00edntesis qu\u00edmica, las reacciones catal\u00edticas y las industrias de galvanoplastia, y es una materia prima importante [&hellip;]<\/p>\n","protected":false},"featured_media":51359,"template":"","meta":{"_acf_changed":false},"product_brand":[132],"product_cat":[330],"product_tag":[7747],"class_list":{"0":"post-51358","1":"product","2":"type-product","3":"status-publish","4":"has-post-thumbnail","6":"product_brand-ulpmat","7":"product_cat-materiales-halogenados","8":"product_tag-cloruro-de-cromo-en-polvo","10":"first","11":"instock","12":"shipping-taxable","13":"product-type-variable"},"acf":[],"_links":{"self":[{"href":"https:\/\/ulpmat.com\/es\/wp-json\/wp\/v2\/product\/51358","targetHints":{"allow":["GET"]}}],"collection":[{"href":"https:\/\/ulpmat.com\/es\/wp-json\/wp\/v2\/product"}],"about":[{"href":"https:\/\/ulpmat.com\/es\/wp-json\/wp\/v2\/types\/product"}],"wp:featuredmedia":[{"embeddable":true,"href":"https:\/\/ulpmat.com\/es\/wp-json\/wp\/v2\/media\/51359"}],"wp:attachment":[{"href":"https:\/\/ulpmat.com\/es\/wp-json\/wp\/v2\/media?parent=51358"}],"wp:term":[{"taxonomy":"product_brand","embeddable":true,"href":"https:\/\/ulpmat.com\/es\/wp-json\/wp\/v2\/product_brand?post=51358"},{"taxonomy":"product_cat","embeddable":true,"href":"https:\/\/ulpmat.com\/es\/wp-json\/wp\/v2\/product_cat?post=51358"},{"taxonomy":"product_tag","embeddable":true,"href":"https:\/\/ulpmat.com\/es\/wp-json\/wp\/v2\/product_tag?post=51358"}],"curies":[{"name":"wp","href":"https:\/\/api.w.org\/{rel}","templated":true}]}}