{"id":51340,"date":"2026-01-06T11:35:46","date_gmt":"2026-01-06T03:35:46","guid":{"rendered":"https:\/\/ulpmat.com\/product\/cromoiii-fluoruro\/"},"modified":"2026-01-06T11:35:46","modified_gmt":"2026-01-06T03:35:46","slug":"cromoiii-fluoruro","status":"publish","type":"product","link":"https:\/\/ulpmat.com\/es\/producto\/cromoiii-fluoruro\/","title":{"rendered":"Cromo(III) Fluoruro"},"content":{"rendered":"<h2><span style=\"font-size: 14pt;\">Descripci\u00f3n general del polvo de fluoruro de cromo<\/span><\/h2>\n<p>El polvo<br \/>\n<span style=\"color: #0000ff;\"><a style=\"color: #0000ff;\" href=\"https:\/\/ulpmat.com\/es\/buscar\/?type=name&#038;keyword=Crf3\">de fluoruro de cromo<\/a><\/span><br \/>\nes un polvo de fluoruro de cromo de alta pureza con una excelente estabilidad qu\u00edmica y un amplio potencial de aplicaci\u00f3n. Tiene importantes aplicaciones en galvanoplastia, cat\u00e1lisis qu\u00edmica y materiales de alto rendimiento, especialmente en la mejora de la resistencia a la corrosi\u00f3n y a la oxidaci\u00f3n de los materiales.<\/p>\n<p>Ofrecemos polvo de CrF3 de alta calidad, lo que garantiza su rendimiento superior en diversas aplicaciones industriales. No dude en <span style=\"color: #0000ff;\"><a style=\"color: #0000ff;\" href=\"https:\/\/ulpmat.com\/es\/contacto\/\">ponerse en contacto con nosotros<\/a><\/span><br \/>\npara cualquier necesidad t\u00e9cnica o consulta sobre el producto.<\/p>\n<h2><span style=\"font-size: 14pt;\">Caracter\u00edsticas destacadas del producto<\/span><\/h2>\n<p>Alta pureza y buena estabilidad.<br \/>\nFuerte resistencia a la oxidaci\u00f3n.<br \/>\nReactividad qu\u00edmica altamente eficiente.<br \/>\nControl de part\u00edculas finas.<br \/>\nAdecuado para m\u00faltiples aplicaciones industriales. Servicios de producci\u00f3n<br \/>\n<span style=\"color: #0000ff;\"><a style=\"color: #0000ff;\" href=\"https:\/\/ulpmat.com\/es\/servicio\/personalizacion\/\">personalizados<\/a><\/span><br \/>\ndisponibles<\/p>\n<h2><span style=\"font-size: 14pt;\">.<br \/>\nAplicaciones del polvo de fluoruro de cromo<\/span><\/h2>\n<p><strong>Industria de galvanoplastia:<\/strong><br \/>\ncomo material fuente de cromo en el proceso de galvanoplastia, el polvo puede mejorar significativamente la adhesi\u00f3n y la resistencia a la corrosi\u00f3n de los recubrimientos, y se utiliza ampliamente en el tratamiento de superficies de piezas automotrices, aeroespaciales y mec\u00e1nicas.<br \/>\n<strong>Cat\u00e1lisis qu\u00edmica:<\/strong><br \/>\nel polvo tiene importantes aplicaciones en reacciones de cat\u00e1lisis qu\u00edmica, mejorando la actividad del catalizador y la eficiencia de la reacci\u00f3n, y es especialmente adecuado para reacciones petroqu\u00edmicas y de s\u00edntesis org\u00e1nica.<br \/>\n<strong>Producci\u00f3n de materiales de alto rendimiento:<\/strong><br \/>\nampliamente utilizado en la fabricaci\u00f3n de materiales resistentes a altas temperaturas y a la corrosi\u00f3n para mejorar su estabilidad t\u00e9rmica y qu\u00edmica, con aplicaciones en la industria aeroespacial y en la fabricaci\u00f3n de productos de alta gama.<br \/>\n<span style=\"color: #0000ff;\"><a style=\"color: #0000ff;\" href=\"https:\/\/ulpmat.com\/es\/product-category\/polveri-inorganiche-es\/materiales-halogenados\/\"><strong>S\u00edntesis de fluoruro:<\/strong><\/a><\/span><br \/>\ncomo materia prima importante en la s\u00edntesis de fluoruro, se utiliza ampliamente en la producci\u00f3n de productos de fluoruro, mostrando una alta actividad qu\u00edmica y reactividad.<\/p>\n<h2><span style=\"color: #0000ff;\"><a style=\"color: #0000ff;\" href=\"https:\/\/ulpmat.com\/es\/empresa\/preguntas-frecuentes\/\"><span style=\"font-size: 14pt;\">Preguntas frecuentes<\/span><\/a><\/span><\/h2>\n<p>P1: \u00bfCu\u00e1l es el tama\u00f1o de part\u00edcula del polvo de fluoruro de cromo (III)?<br \/>\nR1: Podemos proporcionar polvos de diferentes tama\u00f1os de part\u00edcula seg\u00fan las necesidades del cliente, que van desde micr\u00f3metros hasta nan\u00f3metros, lo que garantiza que se satisfagan las necesidades de los diferentes campos de aplicaci\u00f3n.<\/p>\n<p>P2: \u00bfCu\u00e1les son las propiedades \u00fanicas del polvo de fluoruro de cromo?<br \/>\nR2: El polvo tiene una excelente resistencia a la oxidaci\u00f3n y a la corrosi\u00f3n, y puede funcionar de forma estable durante mucho tiempo en entornos corrosivos y a altas temperaturas, lo que lo hace adecuado para aplicaciones que requieren una alta durabilidad y estabilidad.<\/p>\n<p>P3: \u00bfEs el polvo de fluoruro de cromo adecuado para reacciones catal\u00edticas?<br \/>\nR3: S\u00ed, tiene excelentes efectos catal\u00edticos en reacciones catal\u00edticas y se utiliza ampliamente en reacciones petroqu\u00edmicas y otras reacciones de s\u00edntesis org\u00e1nica, mejorando la eficiencia y la selectividad de la reacci\u00f3n.<\/p>\n<p>P4: \u00bfC\u00f3mo se envasa el polvo de fluoruro de cromo?<br \/>\nR4: Envasamos el polvo en bolsas selladas y a prueba de humedad, y luego en cajas resistentes para garantizar que el producto no se da\u00f1e durante el transporte y para mantener su estabilidad.<\/p>\n<h2><span style=\"font-size: 14pt;\">Informes<\/span><\/h2>\n<p>Cada lote se suministra con:<br \/>\n<span style=\"color: #0000ff;\"><a style=\"color: #0000ff;\" href=\"https:\/\/ulpmat.com\/es\/documentos\/certificado-de-analisis\/\">Certificado de an\u00e1lisis (COA)<\/a><\/span><\/p>\n<p><span style=\"color: #0000ff;\"><a style=\"color: #0000ff;\" href=\"https:\/\/ulpmat.com\/es\/documentos\/ficha-tecnica\/\">Ficha t\u00e9cnica (TDS)<\/a><\/span><\/p>\n<p><span style=\"color: #0000ff;\"><a style=\"color: #0000ff;\" href=\"https:\/\/ulpmat.com\/es\/documentos\/ficha-de-datos-de-seguridad\/\">Ficha de datos de seguridad (MSDS)<\/a><\/span><br \/>\nInformes de pruebas de terceros disponibles bajo petici\u00f3n<\/p>\n<h2><span style=\"font-size: 14pt;\">\u00bfPor qu\u00e9 elegirnos?<\/span><\/h2>\n<p>Nuestra empresa se compromete a proporcionar polvo de CrF3 de alta calidad, y cuenta con una tecnolog\u00eda de producci\u00f3n avanzada y un riguroso sistema de gesti\u00f3n de la calidad. Si nos elige, obtendr\u00e1 productos estables y fiables, entregas r\u00e1pidas y <span style=\"color: #0000ff;\"><a style=\"color: #0000ff;\" href=\"https:\/\/ulpmat.com\/es\/servicio\/asistencia-tecnica\/\">un<\/a><\/span><br \/>\ncompleto <span style=\"color: #0000ff;\"><a style=\"color: #0000ff;\" href=\"https:\/\/ulpmat.com\/es\/servicio\/asistencia-tecnica\/\">soporte t\u00e9cnico<\/a><\/span><br \/>\npara que sus proyectos se desarrollen sin problemas.<\/p>\n","protected":false},"excerpt":{"rendered":"<p>Descripci\u00f3n general del polvo de fluoruro de cromo El polvo de fluoruro de cromo es un polvo de fluoruro de cromo de alta pureza con una excelente estabilidad qu\u00edmica y un amplio potencial de aplicaci\u00f3n. Tiene importantes aplicaciones en galvanoplastia, cat\u00e1lisis qu\u00edmica y materiales de alto rendimiento, especialmente en la mejora de la resistencia a [&hellip;]<\/p>\n","protected":false},"featured_media":51341,"template":"","meta":{"_acf_changed":false},"product_brand":[132],"product_cat":[330],"product_tag":[7741],"class_list":{"0":"post-51340","1":"product","2":"type-product","3":"status-publish","4":"has-post-thumbnail","6":"product_brand-ulpmat","7":"product_cat-materiales-halogenados","8":"product_tag-fluoruro-de-cromo-iii-en-polvo","10":"first","11":"instock","12":"shipping-taxable","13":"product-type-variable"},"acf":[],"_links":{"self":[{"href":"https:\/\/ulpmat.com\/es\/wp-json\/wp\/v2\/product\/51340","targetHints":{"allow":["GET"]}}],"collection":[{"href":"https:\/\/ulpmat.com\/es\/wp-json\/wp\/v2\/product"}],"about":[{"href":"https:\/\/ulpmat.com\/es\/wp-json\/wp\/v2\/types\/product"}],"wp:featuredmedia":[{"embeddable":true,"href":"https:\/\/ulpmat.com\/es\/wp-json\/wp\/v2\/media\/51341"}],"wp:attachment":[{"href":"https:\/\/ulpmat.com\/es\/wp-json\/wp\/v2\/media?parent=51340"}],"wp:term":[{"taxonomy":"product_brand","embeddable":true,"href":"https:\/\/ulpmat.com\/es\/wp-json\/wp\/v2\/product_brand?post=51340"},{"taxonomy":"product_cat","embeddable":true,"href":"https:\/\/ulpmat.com\/es\/wp-json\/wp\/v2\/product_cat?post=51340"},{"taxonomy":"product_tag","embeddable":true,"href":"https:\/\/ulpmat.com\/es\/wp-json\/wp\/v2\/product_tag?post=51340"}],"curies":[{"name":"wp","href":"https:\/\/api.w.org\/{rel}","templated":true}]}}