{"id":51142,"date":"2026-01-06T11:35:50","date_gmt":"2026-01-06T03:35:50","guid":{"rendered":"https:\/\/ulpmat.com\/product\/siliciuro-de-cromo-3\/"},"modified":"2026-01-06T11:35:50","modified_gmt":"2026-01-06T03:35:50","slug":"siliciuro-de-cromo-3","status":"publish","type":"product","link":"https:\/\/ulpmat.com\/es\/producto\/siliciuro-de-cromo-3\/","title":{"rendered":"Siliciuro de cromo"},"content":{"rendered":"<h2><span style=\"font-size: 14pt;\">Descripci\u00f3n general de los gr\u00e1nulos de siliciuro de cromo<\/span><\/h2>\n<p>Los gr\u00e1nulos<br \/>\n<span style=\"color: #0000ff;\"><a style=\"color: #0000ff;\" href=\"https:\/\/ulpmat.com\/es\/buscar\/?type=name&#038;keyword=Chromium+Silicide\">de siliciuro de<\/a><\/span><\/p>\n<p><span style=\"color: #0000ff;\"><a style=\"color: #0000ff;\" href=\"https:\/\/ulpmat.com\/es\/buscar\/?type=name&#038;keyword=Chromium+Silicide\">cromo<\/a><\/span><br \/>\n, compuestos por cromo y silicio, poseen una excelente estabilidad a altas temperaturas y resistencia a la corrosi\u00f3n, y se utilizan ampliamente en la producci\u00f3n de materiales para altas temperaturas, componentes electr\u00f3nicos y aleaciones. No solo mejoran eficazmente el rendimiento del producto, sino que tambi\u00e9n mantienen la estabilidad en condiciones ambientales adversas.<\/p>\n<p>Ofrecemos gr\u00e1nulos de CrSi2 dise\u00f1ados espec\u00edficamente para aplicaciones de alta temperatura y alta resistencia para satisfacer sus requisitos t\u00e9cnicos. P\u00f3ngase <span style=\"color: #0000ff;\"><a style=\"color: #0000ff;\" href=\"https:\/\/ulpmat.com\/es\/contacto\/\">en contacto con nosotros<\/a><\/span><br \/>\nsi tiene alguna pregunta o necesidad <span style=\"color: #0000ff;\"><a style=\"color: #0000ff;\" href=\"https:\/\/ulpmat.com\/es\/servicio\/personalizacion\/\">de personalizaci\u00f3n<\/a><\/span><br \/>\n.<\/p>\n<h2><span style=\"font-size: 14pt;\">Caracter\u00edsticas destacadas del producto<\/span><\/h2>\n<p>Excelente estabilidad a altas temperaturas<br \/>\nExcelente resistencia a la corrosi\u00f3n<br \/>\nBuena resistencia mec\u00e1nica<br \/>\nResistencia al desgaste y a la oxidaci\u00f3n mejorada<br \/>\nConductividad t\u00e9rmica altamente eficiente<br \/>\nEspecificaciones personalizadas para satisfacer diversas necesidades<\/p>\n<h2><span style=\"font-size: 14pt;\">Aplicaciones de los gr\u00e1nulos de siliciuro de cromo<\/span><\/h2>\n<p><strong>Materiales de alta temperatura:<\/strong><br \/>\nestas part\u00edculas presentan una excelente estabilidad a altas temperaturas y se utilizan ampliamente en la producci\u00f3n de aleaciones de alta temperatura, manteniendo excelentes propiedades f\u00edsicas incluso a temperaturas extremas.<\/p>\n<p><strong>Componentes electr\u00f3nicos:<\/strong><br \/>\nestas part\u00edculas se utilizan com\u00fanmente en la fabricaci\u00f3n de componentes electr\u00f3nicos como materiales conductores o t\u00e9rmicamente conductores, mejorando la estabilidad t\u00e9rmica y el rendimiento de los dispositivos.<\/p>\n<p><strong>Recubrimientos resistentes al desgaste:<\/strong><br \/>\nampliamente utilizadas en la tecnolog\u00eda de recubrimientos, estas part\u00edculas mejoran la resistencia al desgaste y a la oxidaci\u00f3n de las superficies, lo que las hace adecuadas para piezas mec\u00e1nicas, herramientas y dispositivos aeroespaciales.<\/p>\n<p><strong>Industria metal\u00fargica:<\/strong><br \/>\ncomo aditivo en la industria metal\u00fargica, estos gr\u00e1nulos ayudan a mejorar la dureza y la resistencia a la corrosi\u00f3n de las aleaciones y se utilizan ampliamente en la producci\u00f3n de acero, aleaciones de aluminio, etc.<\/p>\n<h2><span style=\"color: #0000ff;\"><a style=\"color: #0000ff;\" href=\"https:\/\/ulpmat.com\/es\/empresa\/preguntas-frecuentes\/\"><span style=\"font-size: 14pt;\">Preguntas frecuentes<\/span><\/a><\/span><\/h2>\n<p>P1: \u00bfCu\u00e1les son los requisitos de embalaje y almacenamiento de los gr\u00e1nulos de siliciuro de cromo?<br \/>\nR1: Se utiliza un embalaje profesional para garantizar que no se produzcan da\u00f1os durante el transporte. Se recomienda almacenarlo en un entorno seco y fresco, evitando la humedad y las fuertes fluctuaciones de temperatura para garantizar que su calidad no se vea afectada.<\/p>\n<p>P2: \u00bfCu\u00e1les son las \u00e1reas de aplicaci\u00f3n de los gr\u00e1nulos de siliciuro de cromo?<br \/>\nR2: Se utilizan ampliamente en la fabricaci\u00f3n de aleaciones de alta temperatura, componentes electr\u00f3nicos, tecnolog\u00eda de recubrimiento y la industria metal\u00fargica, y son especialmente adecuados para su uso en entornos extremos.<\/p>\n<p>P3: \u00bfC\u00f3mo se garantiza la pureza y la calidad de los gr\u00e1nulos de siliciuro de cromo?<br \/>\nR3: Adoptamos un estricto sistema de control de calidad y realizamos rigurosas pruebas en todas las etapas, desde la adquisici\u00f3n de materias primas hasta la producci\u00f3n, para garantizar que la pureza y la calidad de los gr\u00e1nulos cumplan con los est\u00e1ndares.<\/p>\n<p>P4: \u00bfCu\u00e1les son las caracter\u00edsticas de rendimiento de los gr\u00e1nulos de CrSi2 a altas temperaturas?<br \/>\nR4: Presentan una excelente estabilidad y resistencia a la corrosi\u00f3n en entornos de alta temperatura, son capaces de soportar operaciones severas en condiciones de alta temperatura y son adecuados para aplicaciones de alta temperatura.<\/p>\n<h2><span style=\"font-size: 14pt;\">Informes<\/span><\/h2>\n<p>Cada lote se suministra con:<br \/>\n<span style=\"color: #0000ff;\"><a style=\"color: #0000ff;\" href=\"https:\/\/ulpmat.com\/es\/documentos\/certificado-de-analisis\/\"><u>Certificado de an\u00e1lisis (COA)<\/u><\/a><\/span><\/p>\n<p><span style=\"color: #0000ff;\"><a style=\"color: #0000ff;\" href=\"https:\/\/ulpmat.com\/es\/documentos\/ficha-tecnica\/\"><u>Ficha t\u00e9cnica (TDS)<\/u><\/a><\/span><\/p>\n<p><span style=\"color: #0000ff;\"><a style=\"color: #0000ff;\" href=\"https:\/\/ulpmat.com\/es\/documentos\/ficha-de-datos-de-seguridad\/\"><u>Ficha de datos de seguridad (MSDS)<\/u><\/a><\/span><br \/>\nInforme de inspecci\u00f3n de tama\u00f1o<br \/>\nInformes de pruebas de terceros disponibles bajo petici\u00f3n<\/p>\n<h2><span style=\"font-size: 14pt;\">. \u00bfPor qu\u00e9 elegirnos?<\/span><\/h2>\n<p>Nos especializamos en la producci\u00f3n de gr\u00e1nulos de CrSi2, contamos con procesos de producci\u00f3n avanzados y un riguroso sistema de control de calidad. Al elegirnos, obtendr\u00e1 productos de alta calidad y servicios personalizados, adem\u00e1s de disfrutar de <span style=\"color: #0000ff;\"><a style=\"color: #0000ff;\" href=\"https:\/\/ulpmat.com\/es\/servicio\/asistencia-tecnica\/\">un<\/a><\/span><br \/>\ncompleto <span style=\"color: #0000ff;\"><a style=\"color: #0000ff;\" href=\"https:\/\/ulpmat.com\/es\/servicio\/asistencia-tecnica\/\">soporte t\u00e9cnico<\/a><\/span><br \/>\nque le ayudar\u00e1 a que sus proyectos tengan \u00e9xito.<\/p>\n","protected":false},"excerpt":{"rendered":"<p>Descripci\u00f3n general de los gr\u00e1nulos de siliciuro de cromo Los gr\u00e1nulos de siliciuro de cromo , compuestos por cromo y silicio, poseen una excelente estabilidad a altas temperaturas y resistencia a la corrosi\u00f3n, y se utilizan ampliamente en la producci\u00f3n de materiales para altas temperaturas, componentes electr\u00f3nicos y aleaciones. No solo mejoran eficazmente el rendimiento [&hellip;]<\/p>\n","protected":false},"featured_media":51143,"template":"","meta":{"_acf_changed":false},"product_brand":[132],"product_cat":[340],"product_tag":[7681],"class_list":{"0":"post-51142","1":"product","2":"type-product","3":"status-publish","4":"has-post-thumbnail","6":"product_brand-ulpmat","7":"product_cat-materiales-de-evaporacion","8":"product_tag-siliciuro-de-cromo-en-granulos","10":"first","11":"instock","12":"shipping-taxable","13":"product-type-variable"},"acf":[],"_links":{"self":[{"href":"https:\/\/ulpmat.com\/es\/wp-json\/wp\/v2\/product\/51142","targetHints":{"allow":["GET"]}}],"collection":[{"href":"https:\/\/ulpmat.com\/es\/wp-json\/wp\/v2\/product"}],"about":[{"href":"https:\/\/ulpmat.com\/es\/wp-json\/wp\/v2\/types\/product"}],"wp:featuredmedia":[{"embeddable":true,"href":"https:\/\/ulpmat.com\/es\/wp-json\/wp\/v2\/media\/51143"}],"wp:attachment":[{"href":"https:\/\/ulpmat.com\/es\/wp-json\/wp\/v2\/media?parent=51142"}],"wp:term":[{"taxonomy":"product_brand","embeddable":true,"href":"https:\/\/ulpmat.com\/es\/wp-json\/wp\/v2\/product_brand?post=51142"},{"taxonomy":"product_cat","embeddable":true,"href":"https:\/\/ulpmat.com\/es\/wp-json\/wp\/v2\/product_cat?post=51142"},{"taxonomy":"product_tag","embeddable":true,"href":"https:\/\/ulpmat.com\/es\/wp-json\/wp\/v2\/product_tag?post=51142"}],"curies":[{"name":"wp","href":"https:\/\/api.w.org\/{rel}","templated":true}]}}