{"id":51016,"date":"2026-01-06T11:35:54","date_gmt":"2026-01-06T03:35:54","guid":{"rendered":"https:\/\/ulpmat.com\/product\/cromo-itrio\/"},"modified":"2026-01-06T11:35:54","modified_gmt":"2026-01-06T03:35:54","slug":"cromo-itrio","status":"publish","type":"product","link":"https:\/\/ulpmat.com\/es\/producto\/cromo-itrio\/","title":{"rendered":"Cromo Itrio"},"content":{"rendered":"<h2><span style=\"font-size: 14pt;\">Descripci\u00f3n general de los blancos de pulverizaci\u00f3n de cromo y itrio<\/span><\/h2>\n<p>Los blancos de pulverizaci\u00f3n<br \/>\n<span style=\"color: #0000ff;\"><a style=\"color: #0000ff;\" href=\"https:\/\/ulpmat.com\/es\/buscar\/?type=name&#038;keyword=Chromium+Yttrium\">de cromo y itrio<\/a><\/span><br \/>\nest\u00e1n compuestos por una aleaci\u00f3n de cromo e itrio, y presentan una excelente resistencia a las altas temperaturas, a la oxidaci\u00f3n y una gran resistencia mec\u00e1nica. Se utilizan ampliamente en los campos de la electr\u00f3nica, <span style=\"color: #0000ff;\"><a style=\"color: #0000ff;\" href=\"https:\/\/ulpmat.com\/es\/solicitud\/materiales-opticos\/\">la \u00f3ptica<\/a><\/span><br \/>\ny el tratamiento de superficies. Son adecuados para la deposici\u00f3n de pel\u00edculas delgadas de alta precisi\u00f3n y recubrimientos protectores de alta temperatura, y cumplen con diversos requisitos t\u00e9cnicos de alta gama.<\/p>\n<p>Ofrecemos blancos de pulverizaci\u00f3n de cromo y itrio de alta calidad adecuados para la deposici\u00f3n de pel\u00edculas delgadas en diversos entornos especiales y de alta temperatura. Si tiene alguna pregunta t\u00e9cnica o necesita <span style=\"color: #0000ff;\"><a style=\"color: #0000ff;\" href=\"https:\/\/ulpmat.com\/es\/servicio\/personalizacion\/\">personalizaci\u00f3n<\/a><\/span><br \/>\n, no dude en <span style=\"color: #0000ff;\"><a style=\"color: #0000ff;\" href=\"https:\/\/ulpmat.com\/es\/contacto\/\">ponerse en contacto con nosotros;<\/a><\/span><br \/>\nle proporcionaremos el servicio y la asistencia m\u00e1s profesionales.<\/p>\n<h2><span style=\"font-size: 14pt;\">Caracter\u00edsticas destacadas del producto<\/span><\/h2>\n<p>Excelente estabilidad a altas temperaturas<br \/>\nResistencia superior a la oxidaci\u00f3n y la corrosi\u00f3n<br \/>\nAlta eficiencia de pulverizaci\u00f3n y calidad estable de la pel\u00edcula<br \/>\nGran resistencia mec\u00e1nica y dureza<br \/>\nAltamente personalizable para satisfacer diversas necesidades de aplicaci\u00f3n<br \/>\nAdecuado para aplicaciones en entornos extremos<\/p>\n<h2><span style=\"font-size: 14pt;\">. Aplicaciones de los blancos de pulverizaci\u00f3n de cromo y itrio<\/span><\/h2>\n<p><strong>Deposici\u00f3n de pel\u00edculas delgadas:<\/strong><br \/>\nse utilizan en <span style=\"color: #0000ff;\"><a style=\"color: #0000ff;\" href=\"https:\/\/ulpmat.com\/es\/solicitud\/materiales-semiconductores\/\">semiconductores<\/a><\/span><br \/>\n, recubrimientos <span style=\"color: #0000ff;\"><a style=\"color: #0000ff;\" href=\"https:\/\/ulpmat.com\/es\/solicitud\/materiales-opticos\/\">\u00f3pticos<\/a><\/span><br \/>\ny otros campos, proporcionando pel\u00edculas uniformes y de alta calidad para satisfacer las necesidades de la tecnolog\u00eda de pel\u00edculas delgadas de precisi\u00f3n.<\/p>\n<p><strong>Recubrimientos <span style=\"color: #0000ff;\"><a style=\"color: #0000ff;\" href=\"https:\/\/ulpmat.com\/es\/solicitud\/materiales-opticos\/\">\u00f3pticos<\/a><\/span>:<\/strong><br \/>\nen el campo de los recubrimientos \u00f3pticos, los blancos de Cr-Y se utilizan para mejorar la reflectividad y la resistencia al desgaste, y se utilizan ampliamente en dispositivos como lentes, pantallas y l\u00e1seres.<\/p>\n<p><strong>Recubrimientos de alta temperatura:<\/strong><br \/>\neste objetivo presenta una excelente resistencia a las altas temperaturas y se utiliza com\u00fanmente en la industria aeroespacial, automotriz y otras industrias que requieren protecci\u00f3n contra altas temperaturas.<\/p>\n<p><em>Tratamiento de superficies:<\/em><br \/>\nlos objetivos CrY se utilizan para el tratamiento de superficies met\u00e1licas, mejorando la resistencia al desgaste y a la corrosi\u00f3n mediante la deposici\u00f3n de recubrimientos duros. Se utilizan ampliamente para la protecci\u00f3n de superficies de piezas mec\u00e1nicas y herramientas.<\/p>\n<h2><span style=\"color: #0000ff;\"><a style=\"color: #0000ff;\" href=\"https:\/\/ulpmat.com\/es\/empresa\/preguntas-frecuentes\/\"><span style=\"font-size: 14pt;\">Preguntas frecuentes<\/span><\/a><\/span><\/h2>\n<p>P1: \u00bfC\u00f3mo se realiza la pulverizaci\u00f3n de cromo y itrio?<br \/>\nR1: Los blancos se utilizan generalmente para la deposici\u00f3n de pel\u00edculas delgadas mediante tecnolog\u00eda de pulverizaci\u00f3n cat\u00f3dica con magnetr\u00f3n. Las pel\u00edculas delgadas de alta calidad se pulverizan en un entorno de vac\u00edo, com\u00fanmente utilizado en las industrias de semiconductores y \u00f3ptica.<\/p>\n<p>P2: \u00bfQu\u00e9 precauciones se deben tomar al utilizar blancos de pulverizaci\u00f3n de cromo y itrio?<br \/>\nR2: Durante su uso, es necesario garantizar un entorno de pulverizaci\u00f3n estable y evitar fluctuaciones excesivas de temperatura. La superficie del objetivo debe limpiarse con regularidad para evitar que los contaminantes afecten a la calidad de la pulverizaci\u00f3n.<\/p>\n<p>P3: \u00bfC\u00f3mo se realiza la uni\u00f3n entre la placa base y el objetivo de cromo y itrio? R3: La uni\u00f3n de la placa base al objetivo suele realizarse mediante t\u00e9cnicas de soldadura o adhesivos para garantizar que el objetivo quede firmemente fijado a la placa base y se garantice una pulverizaci\u00f3n estable.<\/p>\n<p>P4: \u00bfCu\u00e1les son las ventajas de los blancos de pulverizaci\u00f3n de cromo y itrio?<br \/>\nR4: Este blanco presenta una excelente resistencia a las altas temperaturas y a la oxidaci\u00f3n, lo que le permite mantener una alta eficiencia de pulverizaci\u00f3n incluso en entornos extremos, por lo que es adecuado para diversas aplicaciones de alta temperatura y alta intensidad.<\/p>\n<h2><span style=\"font-size: 14pt;\">Informes<\/span><\/h2>\n<p>Cada lote se suministra con:<br \/>\n<span style=\"color: #0000ff;\"><a style=\"color: #0000ff;\" href=\"https:\/\/ulpmat.com\/es\/documentos\/certificado-de-analisis\/\"><u>Certificado de an\u00e1lisis (COA)<\/u><\/a><\/span><\/p>\n<p><span style=\"color: #0000ff;\"><a style=\"color: #0000ff;\" href=\"https:\/\/ulpmat.com\/es\/documentos\/ficha-tecnica\/\"><u>Ficha t\u00e9cnica (TDS)<\/u><\/a><\/span><\/p>\n<p><span style=\"color: #0000ff;\"><a style=\"color: #0000ff;\" href=\"https:\/\/ulpmat.com\/es\/documentos\/ficha-de-datos-de-seguridad\/\"><u>Ficha de datos de seguridad (MSDS)<\/u><\/a><\/span><br \/>\nInforme de inspecci\u00f3n de tama\u00f1o<br \/>\nInformes de pruebas de terceros disponibles bajo petici\u00f3n<\/p>\n<h2><span style=\"font-size: 14pt;\">. \u00bfPor qu\u00e9 elegirnos?<\/span><\/h2>\n<p>Somos un fabricante especializado en blancos de pulverizaci\u00f3n de alto rendimiento, comprometido con proporcionar productos de alta calidad y soluciones personalizadas. Con procesos de fabricaci\u00f3n avanzados y un riguroso control de calidad, proporcionamos a los clientes blancos de pulverizaci\u00f3n estables y de alta calidad, ayud\u00e1ndoles a destacar en el competitivo mercado.<\/p>\n","protected":false},"excerpt":{"rendered":"<p>Descripci\u00f3n general de los blancos de pulverizaci\u00f3n de cromo y itrio Los blancos de pulverizaci\u00f3n de cromo y itrio est\u00e1n compuestos por una aleaci\u00f3n de cromo e itrio, y presentan una excelente resistencia a las altas temperaturas, a la oxidaci\u00f3n y una gran resistencia mec\u00e1nica. Se utilizan ampliamente en los campos de la electr\u00f3nica, la [&hellip;]<\/p>\n","protected":false},"featured_media":51020,"template":"","meta":{"_acf_changed":false},"product_brand":[132],"product_cat":[570],"product_tag":[7646],"class_list":{"0":"post-51016","1":"product","2":"type-product","3":"status-publish","4":"has-post-thumbnail","6":"product_brand-ulpmat","7":"product_cat-catodos-para-sputtering-de-aleaciones","8":"product_tag-catodos-para-sputtering-de-cromo-y-itrio","10":"first","11":"instock","12":"shipping-taxable","13":"product-type-variable"},"acf":[],"_links":{"self":[{"href":"https:\/\/ulpmat.com\/es\/wp-json\/wp\/v2\/product\/51016","targetHints":{"allow":["GET"]}}],"collection":[{"href":"https:\/\/ulpmat.com\/es\/wp-json\/wp\/v2\/product"}],"about":[{"href":"https:\/\/ulpmat.com\/es\/wp-json\/wp\/v2\/types\/product"}],"wp:featuredmedia":[{"embeddable":true,"href":"https:\/\/ulpmat.com\/es\/wp-json\/wp\/v2\/media\/51020"}],"wp:attachment":[{"href":"https:\/\/ulpmat.com\/es\/wp-json\/wp\/v2\/media?parent=51016"}],"wp:term":[{"taxonomy":"product_brand","embeddable":true,"href":"https:\/\/ulpmat.com\/es\/wp-json\/wp\/v2\/product_brand?post=51016"},{"taxonomy":"product_cat","embeddable":true,"href":"https:\/\/ulpmat.com\/es\/wp-json\/wp\/v2\/product_cat?post=51016"},{"taxonomy":"product_tag","embeddable":true,"href":"https:\/\/ulpmat.com\/es\/wp-json\/wp\/v2\/product_tag?post=51016"}],"curies":[{"name":"wp","href":"https:\/\/api.w.org\/{rel}","templated":true}]}}