{"id":50968,"date":"2026-01-08T14:45:05","date_gmt":"2026-01-08T06:45:05","guid":{"rendered":"https:\/\/ulpmat.com\/product\/vanadio-metalico-5\/"},"modified":"2026-01-08T14:45:05","modified_gmt":"2026-01-08T06:45:05","slug":"vanadio-metalico-5","status":"publish","type":"product","link":"https:\/\/ulpmat.com\/es\/producto\/vanadio-metalico-5\/","title":{"rendered":"Vanadio met\u00e1lico"},"content":{"rendered":"<h2><span style=\"font-size: 14pt;\">Descripci\u00f3n general de la l\u00e1mina met\u00e1lica de vanadio<\/span><\/h2>\n<p>La l\u00e1mina<br \/>\n<span style=\"color: #0000ff;\"><a style=\"color: #0000ff;\" href=\"https:\/\/ulpmat.com\/es\/buscar\/?type=name&#038;keyword=Vanadium+metal\">met\u00e1lica de vanadio<\/a><\/span><br \/>\nposee una excelente resistencia a la corrosi\u00f3n y una gran dureza, lo que la hace muy utilizada en la industria aeroespacial, en la fabricaci\u00f3n <span style=\"color: #0000ff;\"><a style=\"color: #0000ff;\" href=\"https:\/\/ulpmat.com\/es\/solicitud\/materiales-para-baterias\/\">de bater\u00edas<\/a><\/span><br \/>\ny en la producci\u00f3n de aleaciones para altas temperaturas. Su alta conductividad el\u00e9ctrica y su resistencia a altas temperaturas la hacen indispensable en campos de alta tecnolog\u00eda.<\/p>\n<p>Ofrecemos l\u00e1minas met\u00e1licas de vanadio personalizadas para satisfacer las diversas necesidades industriales. <span style=\"color: #0000ff;\"><a style=\"color: #0000ff;\" href=\"https:\/\/ulpmat.com\/es\/contacto\/\">P\u00f3ngase en contacto con nosotros<\/a><\/span><br \/>\npara obtener informaci\u00f3n detallada y <span style=\"color: #0000ff;\"><a style=\"color: #0000ff;\" href=\"https:\/\/ulpmat.com\/es\/servicio\/asistencia-tecnica\/\">asistencia t\u00e9cnica<\/a><\/span><br \/>\n.<\/p>\n<h2><span style=\"font-size: 14pt;\">Caracter\u00edsticas destacadas del producto<\/span><\/h2>\n<p>Excelente resistencia a la corrosi\u00f3n<br \/>\nAlta resistencia y dureza<br \/>\nBuena conductividad el\u00e9ctrica<br \/>\nResistencia a altas temperaturas<br \/>\nPropiedades mec\u00e1nicas estables Especificaciones<br \/>\n<span style=\"color: #0000ff;\"><a style=\"color: #0000ff;\" href=\"https:\/\/ulpmat.com\/es\/servicio\/personalizacion\/\">personalizables<\/a><\/span><br \/>\npara satisfacer diferentes necesidades<\/p>\n<h2><span style=\"font-size: 14pt;\">Aplicaciones de la l\u00e1mina met\u00e1lica de vanadio<\/span><\/h2>\n<p><strong>Aeroespacial:<\/strong><br \/>\nse utiliza en componentes estructurales para aviones y naves espaciales, proporcionando un rendimiento fiable a altas temperaturas y resistencia a la corrosi\u00f3n, lo que garantiza un funcionamiento estable a largo plazo de las aeronaves.<\/p>\n<p><strong>Fabricaci\u00f3n <span style=\"color: #0000ff;\"><a style=\"color: #0000ff;\" href=\"https:\/\/ulpmat.com\/es\/solicitud\/materiales-para-baterias\/\">de bater\u00edas<\/a><\/span>:<\/strong><br \/>\nla l\u00e1mina met\u00e1lica de vanadio desempe\u00f1a un papel crucial en las bater\u00edas de flujo redox de vanadio y las bater\u00edas de litio, proporcionando una mayor eficiencia energ\u00e9tica y vida \u00fatil de la bater\u00eda.<\/p>\n<p><strong>Producci\u00f3n de aleaciones de alta temperatura:<\/strong><br \/>\nse utiliza en la fabricaci\u00f3n de aleaciones de alta temperatura adecuadas para entornos de alta temperatura, como turbinas de gas, lo que ayuda a mejorar la vida \u00fatil y la estabilidad de los componentes mec\u00e1nicos.<\/p>\n<p><strong>Industria qu\u00edmica:<\/strong><br \/>\ndebido a la resistencia a la corrosi\u00f3n del vanadio, se utiliza en diversos reactores qu\u00edmicos y sistemas de procesamiento, lo que prolonga la vida \u00fatil de los equipos y mejora la eficiencia de la producci\u00f3n.<\/p>\n<h2><span style=\"color: #0000ff;\"><a style=\"color: #0000ff;\" href=\"https:\/\/ulpmat.com\/es\/empresa\/preguntas-frecuentes\/\"><span style=\"font-size: 14pt;\">Preguntas frecuentes<\/span><\/a><\/span><\/h2>\n<p>P1: \u00bfSe puede utilizar la l\u00e1mina de vanadio a temperaturas extremadamente altas?<br \/>\nR1: S\u00ed, la l\u00e1mina de vanadio tiene una resistencia a temperaturas extremadamente altas y puede funcionar de forma estable en entornos de hasta 1000 \u00b0C.<\/p>\n<p>P2: \u00bfEs la l\u00e1mina de vanadio adecuada para la fabricaci\u00f3n de bater\u00edas?<br \/>\nR2: S\u00ed, este material se utiliza en bater\u00edas de flujo y bater\u00edas de litio, mejorando la eficiencia y la vida \u00fatil de las bater\u00edas.<\/p>\n<p>P3: \u00bfC\u00f3mo es la resistencia a la corrosi\u00f3n de la l\u00e1mina de vanadio?<br \/>\nR3: Esta l\u00e1mina tiene una excelente resistencia a la corrosi\u00f3n y es especialmente adecuada para equipos que funcionan en entornos qu\u00edmicos y de alta humedad.<\/p>\n<p>P4: \u00bfSe puede suministrar la l\u00e1mina de vanadio con especificaciones personalizadas?<br \/>\nR4: S\u00ed, ofrecemos productos en varios grosores y tama\u00f1os para satisfacer las necesidades espec\u00edficas de los clientes.<\/p>\n<h2><span style=\"font-size: 14pt;\">Informes<\/span><\/h2>\n<p>Cada lote se suministra con:<br \/>\n<span style=\"color: #0000ff;\"><a style=\"color: #0000ff;\" href=\"https:\/\/ulpmat.com\/es\/documentos\/certificado-de-analisis\/\"><u>Certificado de an\u00e1lisis (COA)<\/u><\/a><\/span><\/p>\n<p><span style=\"color: #0000ff;\"><a style=\"color: #0000ff;\" href=\"https:\/\/ulpmat.com\/es\/documentos\/ficha-tecnica\/\"><u>Ficha t\u00e9cnica (TDS)<\/u><\/a><\/span><\/p>\n<p><span style=\"color: #0000ff;\"><a style=\"color: #0000ff;\" href=\"https:\/\/ulpmat.com\/es\/documentos\/ficha-de-datos-de-seguridad\/\"><u>Ficha de datos de seguridad (MSDS)<\/u><\/a><\/span><br \/>\nInforme de inspecci\u00f3n de tama\u00f1o<br \/>\nInformes de pruebas de terceros disponibles bajo petici\u00f3n.<\/p>\n<h2><span style=\"font-size: 14pt;\">\u00bfPor qu\u00e9 elegirnos?<\/span><\/h2>\n<p>Nos comprometemos a proporcionar productos de l\u00e1mina de vanadio personalizados y de alta calidad. Con a\u00f1os de experiencia en el sector, podemos ofrecer un soporte t\u00e9cnico preciso y soluciones adaptadas a las necesidades de nuestros clientes. Nuestros productos son de calidad estable y se entregan a tiempo, lo que nos ha valido la confianza y el elogio de numerosos clientes de diversos sectores.<\/p>\n","protected":false},"excerpt":{"rendered":"<p>Descripci\u00f3n general de la l\u00e1mina met\u00e1lica de vanadio La l\u00e1mina met\u00e1lica de vanadio posee una excelente resistencia a la corrosi\u00f3n y una gran dureza, lo que la hace muy utilizada en la industria aeroespacial, en la fabricaci\u00f3n de bater\u00edas y en la producci\u00f3n de aleaciones para altas temperaturas. Su alta conductividad el\u00e9ctrica y su resistencia [&hellip;]<\/p>\n","protected":false},"featured_media":50969,"template":"","meta":{"_acf_changed":false},"product_brand":[132],"product_cat":[408],"product_tag":[7633],"class_list":{"0":"post-50968","1":"product","2":"type-product","3":"status-publish","4":"has-post-thumbnail","6":"product_brand-ulpmat","7":"product_cat-otros-materiales","8":"product_tag-vanadio-metal-foil","10":"first","11":"instock","12":"shipping-taxable","13":"product-type-variable"},"acf":[],"_links":{"self":[{"href":"https:\/\/ulpmat.com\/es\/wp-json\/wp\/v2\/product\/50968","targetHints":{"allow":["GET"]}}],"collection":[{"href":"https:\/\/ulpmat.com\/es\/wp-json\/wp\/v2\/product"}],"about":[{"href":"https:\/\/ulpmat.com\/es\/wp-json\/wp\/v2\/types\/product"}],"wp:featuredmedia":[{"embeddable":true,"href":"https:\/\/ulpmat.com\/es\/wp-json\/wp\/v2\/media\/50969"}],"wp:attachment":[{"href":"https:\/\/ulpmat.com\/es\/wp-json\/wp\/v2\/media?parent=50968"}],"wp:term":[{"taxonomy":"product_brand","embeddable":true,"href":"https:\/\/ulpmat.com\/es\/wp-json\/wp\/v2\/product_brand?post=50968"},{"taxonomy":"product_cat","embeddable":true,"href":"https:\/\/ulpmat.com\/es\/wp-json\/wp\/v2\/product_cat?post=50968"},{"taxonomy":"product_tag","embeddable":true,"href":"https:\/\/ulpmat.com\/es\/wp-json\/wp\/v2\/product_tag?post=50968"}],"curies":[{"name":"wp","href":"https:\/\/api.w.org\/{rel}","templated":true}]}}