{"id":50919,"date":"2026-01-08T14:45:06","date_gmt":"2026-01-08T06:45:06","guid":{"rendered":"https:\/\/ulpmat.com\/product\/vanadio-metalico-4\/"},"modified":"2026-01-08T14:45:06","modified_gmt":"2026-01-08T06:45:06","slug":"vanadio-metalico-4","status":"publish","type":"product","link":"https:\/\/ulpmat.com\/es\/producto\/vanadio-metalico-4\/","title":{"rendered":"Vanadio met\u00e1lico"},"content":{"rendered":"<h2><span style=\"font-size: 14pt;\">Descripci\u00f3n general de los gr\u00e1nulos de metal de vanadio<\/span><\/h2>\n<p>Los gr\u00e1nulos<br \/>\n<span style=\"color: #0000ff;\"><a style=\"color: #0000ff;\" href=\"https:\/\/ulpmat.com\/es\/buscar\/?type=name&#038;keyword=Vanadium+metal\">de metal de vanadio<\/a><\/span><br \/>\nson una materia prima met\u00e1lica conocida por su alto punto de fusi\u00f3n, su gran resistencia y sus excelentes capacidades de aleaci\u00f3n. Se utilizan habitualmente en la preparaci\u00f3n de aleaciones de alto rendimiento y materiales funcionales. Entre sus aplicaciones se incluyen la preparaci\u00f3n de blancos de pulverizaci\u00f3n cat\u00f3dica, la fundici\u00f3n de aceros especiales, los materiales de almacenamiento de energ\u00eda y la investigaci\u00f3n y el desarrollo de materiales avanzados.<\/p>\n<p>Podemos suministrar de forma estable pellets de metal de vanadio de diversos tama\u00f1os de part\u00edcula seg\u00fan las necesidades del cliente, adecuados tanto para aplicaciones industriales como de investigaci\u00f3n. P\u00f3ngase <span style=\"color: #0000ff;\"><a style=\"color: #0000ff;\" href=\"https:\/\/ulpmat.com\/es\/contacto\/\">en contacto con nosotros<\/a><\/span><br \/>\npara obtener <span style=\"color: #0000ff;\"><a style=\"color: #0000ff;\" href=\"https:\/\/ulpmat.com\/es\/servicio\/asistencia-tecnica\/\">asistencia t\u00e9cnica<\/a><\/span><br \/>\ne informaci\u00f3n sobre muestras.<\/p>\n<h2><span style=\"font-size: 14pt;\">Caracter\u00edsticas destacadas del producto<\/span><\/h2>\n<p>Actividad met\u00e1lica estable<br \/>\nMorfolog\u00eda uniforme de las part\u00edculas<br \/>\nAlto punto de fusi\u00f3n y alta resistencia<br \/>\nAdecuado para la fusi\u00f3n secundaria y la aleaci\u00f3n<br \/>\nBuena adaptabilidad al proceso<br \/>\nSe puede utilizar para la preparaci\u00f3n de materias primas para pulverizaci\u00f3n cat\u00f3dica<\/p>\n<h2><span style=\"font-size: 14pt;\">Aplicaciones de los gr\u00e1nulos de metal de vanadio<\/span><\/h2>\n<p><strong>Preparaci\u00f3n de blancos de pulverizaci\u00f3n cat\u00f3dica:<\/strong><br \/>\nLos gr\u00e1nulos de metal de vanadio se pueden utilizar como materia prima para blancos de pulverizaci\u00f3n cat\u00f3dica. Mediante la fusi\u00f3n, la fundici\u00f3n y el mecanizado, se pueden convertir en blancos planos o giratorios para la deposici\u00f3n de pel\u00edculas delgadas funcionales.<\/p>\n<p><strong>Aditivos de aleaciones a base de vanadio y hierro:<\/strong><br \/>\nEn la producci\u00f3n de aceros especiales y aleaciones de alta temperatura, los pellets de vanadio se utilizan a menudo como aditivos de elementos de aleaci\u00f3n para refinar los granos y mejorar la resistencia y la resistencia al desgaste del material.<\/p>\n<p><strong>Investigaci\u00f3n sobre nuevos materiales energ\u00e9ticos y de almacenamiento de energ\u00eda:<\/strong><br \/>\nLos materiales relacionados con el vanadio tienen un valor significativo en las bater\u00edas de flujo y los sistemas de almacenamiento de energ\u00eda. Las part\u00edculas de metal de vanadio se utilizan com\u00fanmente en la s\u00edntesis de materiales experimentales o a escala piloto.<\/p>\n<p><strong>Investigaci\u00f3n cient\u00edfica y desarrollo de materiales:<\/strong><br \/>\nAdecuadas para departamentos <span style=\"color: #0000ff;\"><a style=\"color: #0000ff;\" href=\"https:\/\/ulpmat.com\/es\/empresa\/id\/\">de I+D<\/a><\/span><br \/>\nde universidades, institutos de investigaci\u00f3n y empresas para la investigaci\u00f3n b\u00e1sica de nuevos compuestos de vanadio, compuestos intermet\u00e1licos y materiales funcionales.<\/p>\n<h2><span style=\"color: #0000ff; font-size: 14pt;\"><a style=\"color: #0000ff;\" href=\"https:\/\/ulpmat.com\/es\/empresa\/preguntas-frecuentes\/\"><strong>Preguntas frecuentes<\/strong><\/a><\/span><\/h2>\n<p>P1: \u00bfSe pueden utilizar directamente las part\u00edculas met\u00e1licas de vanadio en procesos de pulverizaci\u00f3n cat\u00f3dica?<br \/>\nR1: Por lo general, no se utilizan directamente para la pulverizaci\u00f3n cat\u00f3dica. En su lugar, se utilizan como materia prima para la preparaci\u00f3n de blancos. Despu\u00e9s de fundirlas y procesarlas, se convierten en blancos de pulverizaci\u00f3n para su uso.<\/p>\n<p>P2: \u00bfQu\u00e9 precauciones se deben tomar al utilizar part\u00edculas de metal de vanadio?<br \/>\nR2: Se recomienda almacenarlas y manipularlas en un entorno seco, inerte o con bajo contenido de ox\u00edgeno, evitando la exposici\u00f3n prolongada al aire para reducir el impacto de la oxidaci\u00f3n superficial en los procesos posteriores.<\/p>\n<p>P3: \u00bfQu\u00e9 m\u00e9todos de fusi\u00f3n o procesamiento son adecuados para las part\u00edculas de metal de vanadio?<br \/>\nR3: Este producto es adecuado para procesos de fusi\u00f3n al vac\u00edo, fusi\u00f3n en atm\u00f3sfera protectora y metalurgia de polvos. El m\u00e9todo espec\u00edfico puede seleccionarse en funci\u00f3n de la aplicaci\u00f3n final.<\/p>\n<h2><span style=\"font-size: 14pt;\">Informes<\/span><\/h2>\n<p>Cada lote se suministra con:<br \/>\n<span style=\"color: #0000ff;\"><a style=\"color: #0000ff;\" href=\"https:\/\/ulpmat.com\/es\/documentos\/certificado-de-analisis\/\"><u>Certificado de an\u00e1lisis (COA)<\/u><\/a><\/span><\/p>\n<p><span style=\"color: #0000ff;\"><a style=\"color: #0000ff;\" href=\"https:\/\/ulpmat.com\/es\/documentos\/ficha-tecnica\/\"><u>Ficha t\u00e9cnica (TDS)<\/u><\/a><\/span><\/p>\n<p><span style=\"color: #0000ff;\"><a style=\"color: #0000ff;\" href=\"https:\/\/ulpmat.com\/es\/documentos\/ficha-de-datos-de-seguridad\/\"><u>Ficha de datos de seguridad (MSDS)<\/u><\/a><\/span><br \/>\nInforme de inspecci\u00f3n de tama\u00f1o<br \/>\nInformes de pruebas de terceros disponibles bajo petici\u00f3n<\/p>\n<h2><span style=\"font-size: 14pt;\">\u00bfPor qu\u00e9 elegirnos?<\/span><\/h2>\n<p>Nos especializamos en el suministro estable y a largo plazo de materias primas para metales y materiales inorg\u00e1nicos. Estamos familiarizados con las necesidades de aplicaci\u00f3n pr\u00e1ctica de los materiales de vanadio en pulverizaci\u00f3n, aleaci\u00f3n e investigaci\u00f3n cient\u00edfica. Podemos proporcionar una consistencia fiable del producto, documentaci\u00f3n t\u00e9cnica clara y un soporte <span style=\"color: #0000ff;\"><a style=\"color: #0000ff;\" href=\"https:\/\/ulpmat.com\/es\/servicio\/personalizacion\/\">de personalizaci\u00f3n<\/a><\/span><br \/>\nflexible para ayudar a que los proyectos de nuestros clientes avancen de manera eficiente.<\/p>\n","protected":false},"excerpt":{"rendered":"<p>Descripci\u00f3n general de los gr\u00e1nulos de metal de vanadio Los gr\u00e1nulos de metal de vanadio son una materia prima met\u00e1lica conocida por su alto punto de fusi\u00f3n, su gran resistencia y sus excelentes capacidades de aleaci\u00f3n. Se utilizan habitualmente en la preparaci\u00f3n de aleaciones de alto rendimiento y materiales funcionales. Entre sus aplicaciones se incluyen [&hellip;]<\/p>\n","protected":false},"featured_media":50920,"template":"","meta":{"_acf_changed":false},"product_brand":[132],"product_cat":[340],"product_tag":[7627],"class_list":{"0":"post-50919","1":"product","2":"type-product","3":"status-publish","4":"has-post-thumbnail","6":"product_brand-ulpmat","7":"product_cat-materiales-de-evaporacion","8":"product_tag-vanadio-metal-pellets","10":"first","11":"instock","12":"shipping-taxable","13":"product-type-variable"},"acf":[],"_links":{"self":[{"href":"https:\/\/ulpmat.com\/es\/wp-json\/wp\/v2\/product\/50919","targetHints":{"allow":["GET"]}}],"collection":[{"href":"https:\/\/ulpmat.com\/es\/wp-json\/wp\/v2\/product"}],"about":[{"href":"https:\/\/ulpmat.com\/es\/wp-json\/wp\/v2\/types\/product"}],"wp:featuredmedia":[{"embeddable":true,"href":"https:\/\/ulpmat.com\/es\/wp-json\/wp\/v2\/media\/50920"}],"wp:attachment":[{"href":"https:\/\/ulpmat.com\/es\/wp-json\/wp\/v2\/media?parent=50919"}],"wp:term":[{"taxonomy":"product_brand","embeddable":true,"href":"https:\/\/ulpmat.com\/es\/wp-json\/wp\/v2\/product_brand?post=50919"},{"taxonomy":"product_cat","embeddable":true,"href":"https:\/\/ulpmat.com\/es\/wp-json\/wp\/v2\/product_cat?post=50919"},{"taxonomy":"product_tag","embeddable":true,"href":"https:\/\/ulpmat.com\/es\/wp-json\/wp\/v2\/product_tag?post=50919"}],"curies":[{"name":"wp","href":"https:\/\/api.w.org\/{rel}","templated":true}]}}