{"id":50895,"date":"2026-01-08T14:45:06","date_gmt":"2026-01-08T06:45:06","guid":{"rendered":"https:\/\/ulpmat.com\/product\/vanadio-metalico-3\/"},"modified":"2026-01-08T14:45:06","modified_gmt":"2026-01-08T06:45:06","slug":"vanadio-metalico-3","status":"publish","type":"product","link":"https:\/\/ulpmat.com\/es\/producto\/vanadio-metalico-3\/","title":{"rendered":"Vanadio met\u00e1lico"},"content":{"rendered":"<h2><span style=\"font-size: 14pt;\">Descripci\u00f3n general del polvo met\u00e1lico de vanadio<\/span><\/h2>\n<p>El polvo<br \/>\n<span style=\"color: #0000ff;\"><a style=\"color: #0000ff;\" href=\"https:\/\/ulpmat.com\/es\/buscar\/?type=name&#038;keyword=Vanadium+metal\">met\u00e1lico de vanadio<\/a><\/span><br \/>\nes una materia prima met\u00e1lica b\u00e1sica con excelentes propiedades met\u00e1licas y facilidad de procesamiento, adecuada para diversos procesos de s\u00edntesis y formaci\u00f3n de materiales. Se utiliza com\u00fanmente en metalurgia de polvos, preparaci\u00f3n de aleaciones, investigaci\u00f3n de materiales funcionales y campos de investigaci\u00f3n industrial y cient\u00edfica relacionados.<\/p>\n<p>Podemos proporcionar un suministro estable de soluciones de polvo met\u00e1lico de vanadio para satisfacer diferentes necesidades de aplicaci\u00f3n. P\u00f3ngase <span style=\"color: #0000ff;\"><a style=\"color: #0000ff;\" href=\"https:\/\/ulpmat.com\/es\/contacto\/\">en contacto con nosotros<\/a><\/span><br \/>\npara obtener muestras e informaci\u00f3n t\u00e9cnica.<\/p>\n<h2><span style=\"font-size: 14pt;\">Caracter\u00edsticas destacadas del producto<\/span><\/h2>\n<p>Morfolog\u00eda uniforme del polvo.<br \/>\nF\u00e1cil de preparar y mezclar.<br \/>\nAdaptable a diversos procesos de conformaci\u00f3n.<br \/>\nPropiedades met\u00e1licas b\u00e1sicas estables.<br \/>\nAdecuado para el procesamiento secundario.<br \/>\nVers\u00e1til tanto para la investigaci\u00f3n como para la producci\u00f3n<\/p>\n<h2><span style=\"font-size: 14pt;\">. Aplicaciones del polvo met\u00e1lico de vanadio<\/span><\/h2>\n<p><strong>Preparaci\u00f3n de materiales para la metalurgia de polvos:<\/strong><br \/>\nEl polvo met\u00e1lico de vanadio es adecuado para procesos de metalurgia de polvos, como el prensado y la sinterizaci\u00f3n, y se puede utilizar para preparar materiales de alto rendimiento basados en vanadio o multimet\u00e1licos.<\/p>\n<p><strong>S\u00edntesis de aleaciones y materiales intermedios:<\/strong><br \/>\nen la investigaci\u00f3n y producci\u00f3n de aleaciones, el polvo met\u00e1lico de vanadio se puede utilizar como materia prima para mejorar las propiedades mec\u00e1nicas y estructurales de los materiales.<\/p>\n<p><strong>Investigaci\u00f3n de materiales funcionales y nuevos materiales:<\/strong><br \/>\neste polvo se utiliza ampliamente en laboratorios y etapas de investigaci\u00f3n para explorar el potencial de los materiales relacionados con el vanadio en t\u00e9rminos de estructura, propiedades y aplicaciones.<\/p>\n<p><strong>Aplicaciones industriales y de investigaci\u00f3n cient\u00edfica:<\/strong><br \/>\nadecuado para universidades, instituciones de investigaci\u00f3n y departamentos de I+D de empresas para la verificaci\u00f3n de procesos, experimentos a escala piloto y evaluaci\u00f3n del rendimiento de los materiales.<\/p>\n<h2><span style=\"color: #0000ff; font-size: 14pt;\"><a style=\"color: #0000ff;\" href=\"https:\/\/ulpmat.com\/es\/empresa\/preguntas-frecuentes\/\">Preguntas frecuentes<\/a><\/span><\/h2>\n<p>P1: \u00bfPara qu\u00e9 m\u00e9todos de procesamiento es adecuado el polvo met\u00e1lico de vanadio?<br \/>\nR1: Este producto se puede utilizar en diversos procesos, como prensado, sinterizaci\u00f3n y granulaci\u00f3n. El m\u00e9todo espec\u00edfico se puede seleccionar en funci\u00f3n de la aplicaci\u00f3n final.<\/p>\n<p>P2: \u00bfQu\u00e9 precauciones se deben tomar al almacenar el polvo met\u00e1lico de vanadio?<br \/>\nR2: Se recomienda almacenarlo en un entorno sellado y seco, evitando la humedad y la exposici\u00f3n prolongada al aire para mantener la estabilidad del polvo.<\/p>\n<p>P3: \u00bfEs el polvo met\u00e1lico de vanadio adecuado para la investigaci\u00f3n en laboratorio?<br \/>\nR3: S\u00ed, este producto tiene una buena aplicabilidad en el desarrollo de materiales, la verificaci\u00f3n de procesos y las pruebas de rendimiento.<\/p>\n<p>P4: \u00bfCu\u00e1les son las caracter\u00edsticas del polvo met\u00e1lico de vanadio en comparaci\u00f3n con los materiales a granel o granulares?<br \/>\nR4: La forma en polvo es m\u00e1s propicia para una mezcla uniforme y un dosificado fino, adecuada para aplicaciones que requieren un control preciso de la composici\u00f3n.<\/p>\n<h2><span style=\"font-size: 14pt;\">Informes<\/span><\/h2>\n<p>Cada lote se suministra con:<br \/>\n<span style=\"color: #0000ff;\"><a style=\"color: #0000ff;\" href=\"https:\/\/ulpmat.com\/es\/documentos\/certificado-de-analisis\/\"><u>Certificado de an\u00e1lisis (COA)<\/u><\/a><\/span><\/p>\n<p><span style=\"color: #0000ff;\"><a style=\"color: #0000ff;\" href=\"https:\/\/ulpmat.com\/es\/documentos\/ficha-tecnica\/\"><u>Ficha t\u00e9cnica (TDS)<\/u><\/a><\/span><\/p>\n<p><span style=\"color: #0000ff;\"><a style=\"color: #0000ff;\" href=\"https:\/\/ulpmat.com\/es\/documentos\/ficha-de-datos-de-seguridad\/\"><u>Ficha de datos de seguridad (MSDS)<\/u><\/a><\/span><br \/>\nInformes de pruebas de terceros disponibles bajo petici\u00f3n<\/p>\n<h2><span style=\"font-size: 14pt;\">\u00bfPor qu\u00e9 elegirnos?<\/span><\/h2>\n<p>Nos especializamos en el suministro a largo plazo de materias primas para metales y materiales inorg\u00e1nicos. Estamos familiarizados con las necesidades de aplicaci\u00f3n pr\u00e1ctica del polvo met\u00e1lico de vanadio en la investigaci\u00f3n cient\u00edfica y la industria, y podemos proporcionar una calidad de producto estable, documentaci\u00f3n t\u00e9cnica clara y un servicio de asistencia continuo para ayudar a nuestros clientes a reducir costes.<\/p>\n","protected":false},"excerpt":{"rendered":"<p>Descripci\u00f3n general del polvo met\u00e1lico de vanadio El polvo met\u00e1lico de vanadio es una materia prima met\u00e1lica b\u00e1sica con excelentes propiedades met\u00e1licas y facilidad de procesamiento, adecuada para diversos procesos de s\u00edntesis y formaci\u00f3n de materiales. Se utiliza com\u00fanmente en metalurgia de polvos, preparaci\u00f3n de aleaciones, investigaci\u00f3n de materiales funcionales y campos de investigaci\u00f3n industrial [&hellip;]<\/p>\n","protected":false},"featured_media":50897,"template":"","meta":{"_acf_changed":false},"product_brand":[132],"product_cat":[338],"product_tag":[7621],"class_list":{"0":"post-50895","1":"product","2":"type-product","3":"status-publish","4":"has-post-thumbnail","6":"product_brand-ulpmat","7":"product_cat-metales-puros-y-aleaciones","8":"product_tag-vanadio-metalico-polvo","10":"first","11":"instock","12":"shipping-taxable","13":"product-type-variable"},"acf":[],"_links":{"self":[{"href":"https:\/\/ulpmat.com\/es\/wp-json\/wp\/v2\/product\/50895","targetHints":{"allow":["GET"]}}],"collection":[{"href":"https:\/\/ulpmat.com\/es\/wp-json\/wp\/v2\/product"}],"about":[{"href":"https:\/\/ulpmat.com\/es\/wp-json\/wp\/v2\/types\/product"}],"wp:featuredmedia":[{"embeddable":true,"href":"https:\/\/ulpmat.com\/es\/wp-json\/wp\/v2\/media\/50897"}],"wp:attachment":[{"href":"https:\/\/ulpmat.com\/es\/wp-json\/wp\/v2\/media?parent=50895"}],"wp:term":[{"taxonomy":"product_brand","embeddable":true,"href":"https:\/\/ulpmat.com\/es\/wp-json\/wp\/v2\/product_brand?post=50895"},{"taxonomy":"product_cat","embeddable":true,"href":"https:\/\/ulpmat.com\/es\/wp-json\/wp\/v2\/product_cat?post=50895"},{"taxonomy":"product_tag","embeddable":true,"href":"https:\/\/ulpmat.com\/es\/wp-json\/wp\/v2\/product_tag?post=50895"}],"curies":[{"name":"wp","href":"https:\/\/api.w.org\/{rel}","templated":true}]}}