{"id":50864,"date":"2026-01-08T14:45:07","date_gmt":"2026-01-08T06:45:07","guid":{"rendered":"https:\/\/ulpmat.com\/product\/vanadio-metalico-2\/"},"modified":"2026-01-08T14:45:07","modified_gmt":"2026-01-08T06:45:07","slug":"vanadio-metalico-2","status":"publish","type":"product","link":"https:\/\/ulpmat.com\/es\/producto\/vanadio-metalico-2\/","title":{"rendered":"Vanadio met\u00e1lico"},"content":{"rendered":"<h2><span style=\"font-size: 14pt;\">Descripci\u00f3n general de los blancos de pulverizaci\u00f3n de metal de vanadio<\/span><\/h2>\n<p>Los blancos de pulverizaci\u00f3n<br \/>\n<span style=\"color: #000080;\"><a style=\"color: #000080;\" href=\"https:\/\/ulpmat.com\/es\/buscar\/?type=name&#038;keyword=Vanadium+metal\"><span style=\"color: #0000ff;\">de metal de vanadio<\/span><\/a><\/span><br \/>\nson materiales met\u00e1licos funcionales que se utilizan para la deposici\u00f3n de pel\u00edculas delgadas y que presentan una excelente estabilidad y un rendimiento de pulverizaci\u00f3n controlable. Estos productos se utilizan ampliamente en pel\u00edculas delgadas de semiconductores, recubrimientos funcionales, experimentos de investigaci\u00f3n cient\u00edfica y campos relacionados con la deposici\u00f3n al vac\u00edo.<\/p>\n<p>Ofrecemos blancos de pulverizaci\u00f3n de metal de vanadio en varios tama\u00f1os y estructuras, y admitimos el procesamiento personalizado. P\u00f3ngase<span style=\"color: #0000ff;\"><a style=\"color: #0000ff;\" href=\"https:\/\/ulpmat.com\/es\/contacto\/\"> en contacto con nosotros<\/a><\/span><br \/>\npara obtener soluciones t\u00e9cnicas.<\/p>\n<h2><span style=\"font-size: 14pt;\">Caracter\u00edsticas destacadas del producto<\/span><\/h2>\n<p>Composici\u00f3n met\u00e1lica uniforme.<br \/>\nProceso de pulverizaci\u00f3n estable.<br \/>\nAlta densidad del blanco.<br \/>\nCompatible con diversos equipos de vac\u00edo.<br \/>\nCapaz de <span style=\"color: #0000ff;\"><a style=\"color: #0000ff;\" href=\"https:\/\/ulpmat.com\/es\/servicio\/vinculacion-de-objetivos\/\">unirse a<\/a><\/span><br \/>\nla placa base. Se admiten tama\u00f1os personalizados<\/p>\n<h2><span style=\"font-size: 14pt;\">. Aplicaciones de los blancos de pulverizaci\u00f3n de metal de vanadio<\/span><\/h2>\n<p><strong>Pel\u00edculas delgadas <span style=\"color: #0000ff;\"><a style=\"color: #0000ff;\" href=\"https:\/\/ulpmat.com\/es\/solicitud\/materiales-semiconductores\/\">de semiconductores<\/a> <\/span>y microelectr\u00f3nicas:<\/strong><br \/>\nlos blancos de pulverizaci\u00f3n de metal de vanadio se pueden utilizar para depositar pel\u00edculas delgadas de metal de vanadio, adecuadas para la fabricaci\u00f3n de dispositivos microelectr\u00f3nicos y capas estructurales relacionadas.<\/p>\n<p><strong>Recubrimientos funcionales y modificaci\u00f3n de superficies:<\/strong><br \/>\nen el campo de los recubrimientos funcionales, este objetivo se utiliza a menudo para preparar pel\u00edculas delgadas de metal con resistencia al desgaste, conductividad o propiedades f\u00edsicas especiales.<\/p>\n<p><strong>Investigaci\u00f3n cient\u00edfica y estudios de pulverizaci\u00f3n en laboratorio:<\/strong><br \/>\nlos objetivos de vanadio se utilizan ampliamente en universidades e instituciones de investigaci\u00f3n para la exploraci\u00f3n de procesos y las pruebas de rendimiento de nuevos materiales de pel\u00edcula delgada.<\/p>\n<p><strong>Materiales especiales y desarrollo de procesos:<\/strong><br \/>\nLos blancos de pulverizaci\u00f3n de metal de vanadio constituyen una importante fuente de deposici\u00f3n de metal en el desarrollo de nuevos materiales y procesos.<\/p>\n<h2><span style=\"color: #0000ff;\"><a style=\"color: #0000ff;\" href=\"https:\/\/ulpmat.com\/es\/empresa\/preguntas-frecuentes\/\"><span style=\"font-size: 14pt;\">Preguntas frecuentes<\/span><\/a><\/span><\/h2>\n<p>P1: \u00bfQu\u00e9 m\u00e9todo de pulverizaci\u00f3n es adecuado para los blancos de pulverizaci\u00f3n de metal de vanadio?<br \/>\nR1: Estos blancos pueden utilizarse para la pulverizaci\u00f3n de CC o la pulverizaci\u00f3n de RF; el m\u00e9todo espec\u00edfico depende de la configuraci\u00f3n del equipo y de los requisitos del proceso.<\/p>\n<p>P2: \u00bfSon estables los blancos de vanadio durante la pulverizaci\u00f3n?<br \/>\nR2: Con los par\u00e1metros de proceso adecuados, los blancos de metal de vanadio muestran una buena estabilidad de pulverizaci\u00f3n, lo que ayuda a obtener pel\u00edculas delgadas uniformes.<\/p>\n<p>P3: \u00bfSe pueden unir los blancos de pulverizaci\u00f3n de metal de vanadio a una placa base?<br \/>\nR3: S\u00ed, dependiendo de los requisitos de la aplicaci\u00f3n, los blancos de vanadio se pueden unir a materiales como placas base de cobre para mejorar la disipaci\u00f3n del calor y la estabilidad de la instalaci\u00f3n.<\/p>\n<p>P4: \u00bfEs un blanco de vanadio adecuado para la investigaci\u00f3n o la producci\u00f3n en masa?<br \/>\nR4: Este producto es adecuado tanto para la verificaci\u00f3n de procesos en experimentos de investigaci\u00f3n cient\u00edfica como para escenarios de producci\u00f3n en lotes peque\u00f1os o personalizados.<\/p>\n<h2><span style=\"font-size: 14pt;\">Informes<\/span><\/h2>\n<p>Cada lote se suministra con:<br \/>\n<span style=\"color: #0000ff;\"><a style=\"color: #0000ff;\" href=\"https:\/\/ulpmat.com\/es\/documentos\/certificado-de-analisis\/\"><u>Certificado de an\u00e1lisis (COA)<\/u><\/a><\/span><\/p>\n<p><span style=\"color: #0000ff;\"><a style=\"color: #0000ff;\" href=\"https:\/\/ulpmat.com\/es\/documentos\/ficha-tecnica\/\"><u>Ficha t\u00e9cnica (TDS)<\/u><\/a><\/span><\/p>\n<p><span style=\"color: #0000ff;\"><a style=\"color: #0000ff;\" href=\"https:\/\/ulpmat.com\/es\/documentos\/ficha-de-datos-de-seguridad\/\"><u>Ficha de datos de seguridad (MSDS)<\/u><\/a><\/span><br \/>\nInforme de inspecci\u00f3n de tama\u00f1o<br \/>\nInformes de pruebas de terceros disponibles bajo petici\u00f3n<\/p>\n<h2><span style=\"font-size: 14pt;\">\u00bfPor qu\u00e9 elegirnos?<\/span><\/h2>\n<p>Llevamos mucho tiempo dedic\u00e1ndonos al suministro de blancos de pulverizaci\u00f3n y materiales met\u00e1licos relacionados. Estamos familiarizados con las caracter\u00edsticas de aplicaci\u00f3n del metal de vanadio en la deposici\u00f3n de pel\u00edculas delgadas y podemos proporcionar una calidad estable de los blancos, capacidades <span style=\"color: #0000ff;\"><a style=\"color: #0000ff;\" href=\"https:\/\/ulpmat.com\/es\/servicio\/personalizacion\/\">de personalizaci\u00f3n<\/a><\/span><br \/>\nflexibles y <span style=\"color: #0000ff;\"><a style=\"color: #0000ff;\" href=\"https:\/\/ulpmat.com\/es\/servicio\/asistencia-tecnica\/\">un<\/a><\/span><br \/>\nclaro <span style=\"color: #0000ff;\"><a style=\"color: #0000ff;\" href=\"https:\/\/ulpmat.com\/es\/servicio\/asistencia-tecnica\/\">soporte t\u00e9cnico<\/a><\/span><br \/>\npara ayudar a los clientes a avanzar sin problemas en sus proyectos de pulverizaci\u00f3n.<\/p>\n","protected":false},"excerpt":{"rendered":"<p>Descripci\u00f3n general de los blancos de pulverizaci\u00f3n de metal de vanadio Los blancos de pulverizaci\u00f3n de metal de vanadio son materiales met\u00e1licos funcionales que se utilizan para la deposici\u00f3n de pel\u00edculas delgadas y que presentan una excelente estabilidad y un rendimiento de pulverizaci\u00f3n controlable. Estos productos se utilizan ampliamente en pel\u00edculas delgadas de semiconductores, recubrimientos [&hellip;]<\/p>\n","protected":false},"featured_media":50865,"template":"","meta":{"_acf_changed":false},"product_brand":[132],"product_cat":[309],"product_tag":[7615],"class_list":{"0":"post-50864","1":"product","2":"type-product","3":"status-publish","4":"has-post-thumbnail","6":"product_brand-ulpmat","7":"product_cat-blanco-metalico-para-sputtering","8":"product_tag-blanco-para-sputtering-de-vanadio-metalico","10":"first","11":"instock","12":"shipping-taxable","13":"product-type-variable"},"acf":[],"_links":{"self":[{"href":"https:\/\/ulpmat.com\/es\/wp-json\/wp\/v2\/product\/50864","targetHints":{"allow":["GET"]}}],"collection":[{"href":"https:\/\/ulpmat.com\/es\/wp-json\/wp\/v2\/product"}],"about":[{"href":"https:\/\/ulpmat.com\/es\/wp-json\/wp\/v2\/types\/product"}],"wp:featuredmedia":[{"embeddable":true,"href":"https:\/\/ulpmat.com\/es\/wp-json\/wp\/v2\/media\/50865"}],"wp:attachment":[{"href":"https:\/\/ulpmat.com\/es\/wp-json\/wp\/v2\/media?parent=50864"}],"wp:term":[{"taxonomy":"product_brand","embeddable":true,"href":"https:\/\/ulpmat.com\/es\/wp-json\/wp\/v2\/product_brand?post=50864"},{"taxonomy":"product_cat","embeddable":true,"href":"https:\/\/ulpmat.com\/es\/wp-json\/wp\/v2\/product_cat?post=50864"},{"taxonomy":"product_tag","embeddable":true,"href":"https:\/\/ulpmat.com\/es\/wp-json\/wp\/v2\/product_tag?post=50864"}],"curies":[{"name":"wp","href":"https:\/\/api.w.org\/{rel}","templated":true}]}}