{"id":50804,"date":"2026-01-08T14:45:07","date_gmt":"2026-01-08T06:45:07","guid":{"rendered":"https:\/\/ulpmat.com\/product\/vanadio-metalico\/"},"modified":"2026-01-08T14:45:07","modified_gmt":"2026-01-08T06:45:07","slug":"vanadio-metalico","status":"publish","type":"product","link":"https:\/\/ulpmat.com\/es\/producto\/vanadio-metalico\/","title":{"rendered":"Vanadio met\u00e1lico"},"content":{"rendered":"<h2><span style=\"font-size: 14pt;\">Objetivo giratorio de metal de vanadio Descripci\u00f3n general<\/span><\/h2>\n<p><span style=\"color: #0000ff;\"><a style=\"color: #0000ff;\" href=\"https:\/\/ulpmat.com\/es\/product-category\/materiales-de-primera-calidad\/blancos-giratorios\/\">Los objetivos giratorios<\/a> <a style=\"color: #0000ff;\" href=\"https:\/\/ulpmat.com\/es\/buscar\/?type=name&#038;keyword=Vanadium+metal\">de metal de vanadio<\/a><\/span><br \/>\nson materiales de pulverizaci\u00f3n altamente eficientes para la deposici\u00f3n continua de pel\u00edculas delgadas, adecuados para un funcionamiento estable a largo plazo en procesos de recubrimiento al vac\u00edo. Este producto se utiliza principalmente en recubrimientos de grandes superficies, preparaci\u00f3n de pel\u00edculas delgadas funcionales y campos industriales y de investigaci\u00f3n con altos requisitos de consistencia de la pel\u00edcula.<\/p>\n<p>Podemos proporcionar objetivos giratorios de pulverizaci\u00f3n de metal de vanadio adaptados a diferentes especificaciones de equipos y admitimos estructuras y dimensiones personalizadas. P\u00f3ngase <span style=\"color: #0000ff;\"><a style=\"color: #0000ff;\" href=\"https:\/\/ulpmat.com\/es\/contacto\/\">en contacto con nosotros<\/a><\/span><br \/>\npara obtener <span style=\"color: #0000ff;\"><a style=\"color: #0000ff;\" href=\"https:\/\/ulpmat.com\/es\/servicio\/asistencia-tecnica\/\">asistencia t\u00e9cnica.<\/a><\/span><\/p>\n<h2><span style=\"font-size: 14pt;\">Caracter\u00edsticas destacadas del producto<\/span><\/h2>\n<p>Adecuado para procesos de pulverizaci\u00f3n cat\u00f3dica continuos.<br \/>\nAlta tasa de utilizaci\u00f3n del objetivo.<br \/>\nBuena uniformidad de la pel\u00edcula.<br \/>\nGran estabilidad estructural.<br \/>\nAdmite la uni\u00f3n del tubo posterior.<br \/>\nCompatible con los equipos de recubrimiento m\u00e1s habituales<\/p>\n<h2><span style=\"font-size: 14pt;\">. Aplicaciones del objetivo rotatorio de metal de vanadio<\/span><\/h2>\n<p><strong>Deposici\u00f3n de pel\u00edculas finas funcionales de gran superficie:<\/strong><br \/>\nlos objetivos rotatorios de metal de vanadio son adecuados para la pulverizaci\u00f3n cat\u00f3dica continua de sustratos de gran superficie, lo que mejora la eficiencia de la producci\u00f3n y mantiene la consistencia del espesor de la pel\u00edcula.<\/p>\n<p><strong>Producci\u00f3n industrial de recubrimientos al vac\u00edo:<\/strong><br \/>\nen las l\u00edneas de recubrimiento industrial, los blancos rotativos ayudan a prolongar el ciclo de uso \u00fanico, reducir el tiempo de inactividad para la sustituci\u00f3n y aumentar la capacidad general.<\/p>\n<p><strong>Recubrimiento <span style=\"color: #0000ff;\"><a style=\"color: #0000ff;\" href=\"https:\/\/ulpmat.com\/es\/solicitud\/materiales-semiconductores\/\">de semiconductores<\/a><\/span> y dispositivos electr\u00f3nicos:<\/strong><br \/>\neste material de blanco se puede utilizar para preparar pel\u00edculas finas relacionadas con el vanadio, cumpliendo los requisitos de estabilidad y repetibilidad de la pel\u00edcula de los dispositivos electr\u00f3nicos.<\/p>\n<p><strong>Investigaci\u00f3n y validaci\u00f3n de la ampliaci\u00f3n de procesos:<\/strong><br \/>\nlos blancos rotativos son adecuados para la ampliaci\u00f3n de procesos desde la fase experimental hasta la fase piloto, y se utilizan para evaluar el rendimiento de la deposici\u00f3n de pel\u00edculas finas de vanadio en diferentes condiciones de funcionamiento.<\/p>\n<h2><span style=\"color: #0000ff;\"><a style=\"color: #0000ff;\" href=\"https:\/\/ulpmat.com\/es\/empresa\/preguntas-frecuentes\/\"><span style=\"font-size: 14pt;\">Preguntas frecuentes<\/span><\/a><\/span><\/h2>\n<p>P1: \u00bfCu\u00e1les son las principales ventajas de un blanco rotativo de metal de vanadio en comparaci\u00f3n con un blanco plano?<br \/>\nR1: El blanco rotativo actualiza continuamente su superficie durante la pulverizaci\u00f3n, lo que ayuda a mejorar la utilizaci\u00f3n del blanco y la uniformidad de la pel\u00edcula.<\/p>\n<p>P2: \u00bfEs un blanco giratorio de vanadio adecuado para un funcionamiento continuo a largo plazo?<br \/>\nR2: S\u00ed, este producto est\u00e1 dise\u00f1ado para condiciones de pulverizaci\u00f3n continua y puede soportar un uso estable durante per\u00edodos prolongados.<\/p>\n<p>P3: \u00bfRequiere un blanco giratorio de metal de vanadio la uni\u00f3n a un tubo trasero?<br \/>\nR3: Normalmente s\u00ed. Dependiendo de los requisitos del equipo, el blanco de vanadio se unir\u00e1 a un tubo trasero met\u00e1lico para mejorar la disipaci\u00f3n del calor y la estabilidad mec\u00e1nica.<\/p>\n<p>P4: \u00bfPara qu\u00e9 tipos de equipos de recubrimiento es adecuado el blanco giratorio de vanadio?<br \/>\nR4: Este blanco es compatible con diversos equipos de recubrimiento industrial; las interfaces y dimensiones espec\u00edficas se pueden personalizar seg\u00fan los par\u00e1metros del equipo.<\/p>\n<h2><span style=\"font-size: 14pt;\">Informes<\/span><\/h2>\n<p>Cada lote se suministra con:<br \/>\n<span style=\"color: #0000ff;\"><a style=\"color: #0000ff;\" href=\"https:\/\/ulpmat.com\/es\/documentos\/certificado-de-analisis\/\"><u>Certificado de an\u00e1lisis (COA)<\/u><\/a><\/span><\/p>\n<p><span style=\"color: #0000ff;\"><a style=\"color: #0000ff;\" href=\"https:\/\/ulpmat.com\/es\/documentos\/ficha-tecnica\/\"><u>Ficha t\u00e9cnica (TDS)<\/u><\/a><\/span><\/p>\n<p><span style=\"color: #0000ff;\"><a style=\"color: #0000ff;\" href=\"https:\/\/ulpmat.com\/es\/documentos\/ficha-de-datos-de-seguridad\/\"><u>Ficha de datos de seguridad (MSDS)<\/u><\/a><\/span><br \/>\nInforme de inspecci\u00f3n de tama\u00f1o<br \/>\nInformes de pruebas de terceros disponibles bajo petici\u00f3n<\/p>\n<h2><span style=\"font-size: 14pt;\">\u00bfPor qu\u00e9 elegirnos?<\/span><\/h2>\n<p>Contamos con una amplia experiencia en blancos rotativos de pulverizaci\u00f3n y materiales met\u00e1licos relacionados, estamos familiarizados con las caracter\u00edsticas del proceso del metal vanadio en la pulverizaci\u00f3n continua y podemos ofrecer una consistencia fiable del producto, capacidades <span style=\"color: #0000ff;\"><a style=\"color: #0000ff;\" href=\"https:\/\/ulpmat.com\/es\/servicio\/personalizacion\/\">de personalizaci\u00f3n<\/a><\/span><br \/>\nflexibles y una comunicaci\u00f3n t\u00e9cnica clara para ayudar a los clientes a lograr una producci\u00f3n de pel\u00edculas delgadas estable y eficiente.<\/p>\n","protected":false},"excerpt":{"rendered":"<p>Objetivo giratorio de metal de vanadio Descripci\u00f3n general Los objetivos giratorios de metal de vanadio son materiales de pulverizaci\u00f3n altamente eficientes para la deposici\u00f3n continua de pel\u00edculas delgadas, adecuados para un funcionamiento estable a largo plazo en procesos de recubrimiento al vac\u00edo. Este producto se utiliza principalmente en recubrimientos de grandes superficies, preparaci\u00f3n de pel\u00edculas [&hellip;]<\/p>\n","protected":false},"featured_media":50805,"template":"","meta":{"_acf_changed":false},"product_brand":[132],"product_cat":[309,474],"product_tag":[7609],"class_list":{"0":"post-50804","1":"product","2":"type-product","3":"status-publish","4":"has-post-thumbnail","6":"product_brand-ulpmat","7":"product_cat-blanco-metalico-para-sputtering","8":"product_cat-blancos-giratorios","9":"product_tag-blanco-giratorio-de-vanadio-metalico","11":"first","12":"instock","13":"shipping-taxable","14":"product-type-variable"},"acf":[],"_links":{"self":[{"href":"https:\/\/ulpmat.com\/es\/wp-json\/wp\/v2\/product\/50804","targetHints":{"allow":["GET"]}}],"collection":[{"href":"https:\/\/ulpmat.com\/es\/wp-json\/wp\/v2\/product"}],"about":[{"href":"https:\/\/ulpmat.com\/es\/wp-json\/wp\/v2\/types\/product"}],"wp:featuredmedia":[{"embeddable":true,"href":"https:\/\/ulpmat.com\/es\/wp-json\/wp\/v2\/media\/50805"}],"wp:attachment":[{"href":"https:\/\/ulpmat.com\/es\/wp-json\/wp\/v2\/media?parent=50804"}],"wp:term":[{"taxonomy":"product_brand","embeddable":true,"href":"https:\/\/ulpmat.com\/es\/wp-json\/wp\/v2\/product_brand?post=50804"},{"taxonomy":"product_cat","embeddable":true,"href":"https:\/\/ulpmat.com\/es\/wp-json\/wp\/v2\/product_cat?post=50804"},{"taxonomy":"product_tag","embeddable":true,"href":"https:\/\/ulpmat.com\/es\/wp-json\/wp\/v2\/product_tag?post=50804"}],"curies":[{"name":"wp","href":"https:\/\/api.w.org\/{rel}","templated":true}]}}