{"id":50766,"date":"2026-01-08T14:45:08","date_gmt":"2026-01-08T06:45:08","guid":{"rendered":"https:\/\/ulpmat.com\/product\/oxido-de-vanadio-5\/"},"modified":"2026-01-08T14:45:08","modified_gmt":"2026-01-08T06:45:08","slug":"oxido-de-vanadio-5","status":"publish","type":"product","link":"https:\/\/ulpmat.com\/es\/producto\/oxido-de-vanadio-5\/","title":{"rendered":"\u00d3xido de vanadio"},"content":{"rendered":"<h2><span style=\"font-size: 14pt;\">Descripci\u00f3n general del polvo de \u00f3xido de vanadio<\/span><\/h2>\n<p>El polvo<br \/>\n<span style=\"color: #0000ff;\"><a style=\"color: #0000ff;\" href=\"https:\/\/ulpmat.com\/es\/buscar\/?type=name&#038;keyword=Vanadium+Oxide\">de \u00f3xido de vanadio<\/a><\/span><br \/>\nes un material t\u00edpico de \u00f3xido de metal de transici\u00f3n con propiedades el\u00e9ctricas y estructurales \u00fanicas, lo que lo hace valioso para aplicaciones en materiales funcionales e investigaciones relacionadas con la electr\u00f3nica. Se utiliza ampliamente en cer\u00e1micas funcionales, materiales electr\u00f3nicos e investigaciones fundamentales relacionadas.<\/p>\n<p>Ofrecemos polvo de V\u2082O\u2083 en diversas especificaciones y admitimos <span style=\"color: #0000ff;\"><a style=\"color: #0000ff;\" href=\"https:\/\/ulpmat.com\/es\/servicio\/personalizacion\/\">la personalizaci\u00f3n<\/a><\/span><br \/>\nen funci\u00f3n de las necesidades espec\u00edficas de cada aplicaci\u00f3n. Para aplicaciones que impliquen sinterizaci\u00f3n, moldeo o procesamiento posterior del objetivo, comun\u00edquenos sus requisitos t\u00e9cnicos con antelaci\u00f3n.<\/p>\n<h2><span style=\"font-size: 14pt;\">Caracter\u00edsticas destacadas del producto<\/span><\/h2>\n<p>\u00d3xido de metal de transici\u00f3n con caracter\u00edsticas de rendimiento distintivas.<br \/>\nMorfolog\u00eda del polvo que facilita la reacci\u00f3n y el moldeo.<br \/>\nAdecuado como materia prima para materiales funcionales y objetivos.<br \/>\nEstructura estable, adecuada para la investigaci\u00f3n cient\u00edfica e industrial.<br \/>\nPuede satisfacer las necesidades de diversos sistemas de materiales<\/p>\n<h2><span style=\"font-size: 14pt;\">. Aplicaciones del polvo de \u00f3xido de vanadio<\/span><\/h2>\n<p><strong>Cer\u00e1mica funcional y s\u00edntesis de materiales:<\/strong><br \/>\nSe puede utilizar en la preparaci\u00f3n de cer\u00e1micas funcionales o materiales compuestos, formando estructuras estables a trav\u00e9s de procesos como la sinterizaci\u00f3n.<br \/>\n<strong>Investigaci\u00f3n en electr\u00f3nica y materiales funcionales:<\/strong><br \/>\nEl tri\u00f3xido de vanadio se utiliza ampliamente en materiales electr\u00f3nicos y en la investigaci\u00f3n relacionada con la transici\u00f3n de fase debido a su comportamiento el\u00e9ctrico \u00fanico.<br \/>\n<strong>Investigaci\u00f3n en materiales de pel\u00edcula fina:<\/strong><br \/>\nEl polvo de V\u2082O\u2083 se puede utilizar como materia prima b\u00e1sica para blancos de pulverizaci\u00f3n o materiales de evaporaci\u00f3n en la investigaci\u00f3n de deposici\u00f3n de pel\u00edculas finas.<\/p>\n<h2><span style=\"color: #0000ff;\"><a style=\"color: #0000ff;\" href=\"https:\/\/ulpmat.com\/es\/empresa\/preguntas-frecuentes\/\"><span style=\"font-size: 14pt;\">Preguntas frecuentes<\/span><\/a><\/span><\/h2>\n<p>P1: \u00bfCu\u00e1les son las principales \u00e1reas de investigaci\u00f3n o aplicaci\u00f3n del polvo de \u00f3xido de vanadio?<br \/>\nR1: Se utiliza principalmente en la investigaci\u00f3n de materiales funcionales, materiales electr\u00f3nicos y comportamiento de transici\u00f3n de fase. Tambi\u00e9n se puede utilizar en sistemas de materiales cer\u00e1micos y compuestos.<\/p>\n<p>P2: \u00bfEs este polvo adecuado como materia prima para blancos de pulverizaci\u00f3n cat\u00f3dica?<br \/>\nR2: Se puede utilizar como materia prima b\u00e1sica para blancos de pulverizaci\u00f3n cat\u00f3dica o materiales de evaporaci\u00f3n. El m\u00e9todo de procesamiento espec\u00edfico depende de la estructura final del objetivo y de los requisitos del proceso.<\/p>\n<p>P3: \u00bfQu\u00e9 precauciones se deben tomar al almacenar el polvo de \u00f3xido de vanadio?<br \/>\nR3: Se recomienda almacenarlo en un entorno sellado, seco y protegido de la luz para evitar la humedad o la oxidaci\u00f3n y mantener la estabilidad del material.<\/p>\n<p>P4: \u00bfSe pueden personalizar las especificaciones del polvo?<br \/>\nR4: Se pueden proporcionar diferentes especificaciones o productos personalizados de acuerdo con los requisitos espec\u00edficos de aplicaci\u00f3n y proceso del cliente.<\/p>\n<h2><span style=\"font-size: 14pt;\">Informe<\/span><\/h2>\n<p>Cada lote se suministra con:<br \/>\n<span style=\"color: #0000ff;\"><a style=\"color: #0000ff;\" href=\"https:\/\/ulpmat.com\/es\/documentos\/certificado-de-analisis\/\"><u>Certificado de an\u00e1lisis (COA)<\/u><\/a><\/span><\/p>\n<p><span style=\"color: #0000ff;\"><a style=\"color: #0000ff;\" href=\"https:\/\/ulpmat.com\/es\/documentos\/ficha-tecnica\/\"><u>Ficha t\u00e9cnica (TDS)<\/u><\/a><\/span><\/p>\n<p><span style=\"color: #0000ff;\"><a style=\"color: #0000ff;\" href=\"https:\/\/ulpmat.com\/es\/documentos\/ficha-de-datos-de-seguridad\/\"><u>Ficha de datos de seguridad (MSDS)<\/u><\/a><\/span><br \/>\nInformes de pruebas de terceros disponibles bajo petici\u00f3n<\/p>\n<h2><span style=\"font-size: 14pt;\">\u00bfPor qu\u00e9 elegirnos?<\/span><\/h2>\n<p>Nos especializamos en el suministro de \u00f3xidos de metales de transici\u00f3n y materiales para la deposici\u00f3n de pel\u00edculas delgadas, contamos con una amplia experiencia en control de calidad y soporte de aplicaciones, y podemos proporcionar soluciones de polvo de V\u2082O\u2083 estables y fiables para clientes industriales y de investigaci\u00f3n.<\/p>\n","protected":false},"excerpt":{"rendered":"<p>Descripci\u00f3n general del polvo de \u00f3xido de vanadio El polvo de \u00f3xido de vanadio es un material t\u00edpico de \u00f3xido de metal de transici\u00f3n con propiedades el\u00e9ctricas y estructurales \u00fanicas, lo que lo hace valioso para aplicaciones en materiales funcionales e investigaciones relacionadas con la electr\u00f3nica. Se utiliza ampliamente en cer\u00e1micas funcionales, materiales electr\u00f3nicos e [&hellip;]<\/p>\n","protected":false},"featured_media":50769,"template":"","meta":{"_acf_changed":false},"product_brand":[132],"product_cat":[438],"product_tag":[7543],"class_list":{"0":"post-50766","1":"product","2":"type-product","3":"status-publish","4":"has-post-thumbnail","6":"product_brand-ulpmat","7":"product_cat-oxidos","8":"product_tag-oxido-de-vanadio-en-polvo","10":"first","11":"instock","12":"shipping-taxable","13":"product-type-variable"},"acf":[],"_links":{"self":[{"href":"https:\/\/ulpmat.com\/es\/wp-json\/wp\/v2\/product\/50766","targetHints":{"allow":["GET"]}}],"collection":[{"href":"https:\/\/ulpmat.com\/es\/wp-json\/wp\/v2\/product"}],"about":[{"href":"https:\/\/ulpmat.com\/es\/wp-json\/wp\/v2\/types\/product"}],"wp:featuredmedia":[{"embeddable":true,"href":"https:\/\/ulpmat.com\/es\/wp-json\/wp\/v2\/media\/50769"}],"wp:attachment":[{"href":"https:\/\/ulpmat.com\/es\/wp-json\/wp\/v2\/media?parent=50766"}],"wp:term":[{"taxonomy":"product_brand","embeddable":true,"href":"https:\/\/ulpmat.com\/es\/wp-json\/wp\/v2\/product_brand?post=50766"},{"taxonomy":"product_cat","embeddable":true,"href":"https:\/\/ulpmat.com\/es\/wp-json\/wp\/v2\/product_cat?post=50766"},{"taxonomy":"product_tag","embeddable":true,"href":"https:\/\/ulpmat.com\/es\/wp-json\/wp\/v2\/product_tag?post=50766"}],"curies":[{"name":"wp","href":"https:\/\/api.w.org\/{rel}","templated":true}]}}